{"id":82,"date":"2021-08-26T16:27:40","date_gmt":"2021-08-26T16:27:40","guid":{"rendered":"https:\/\/ehetovadnovenyeink.hu\/?page_id=82"},"modified":"2021-10-12T09:25:02","modified_gmt":"2021-10-12T09:25:02","slug":"vedett-fajok","status":"publish","type":"page","link":"https:\/\/ehetovadnovenyeink.hu\/index.php\/vedett-fajok\/","title":{"rendered":"V\u00e9dett fajok"},"content":{"rendered":"<p>&nbsp;<\/p>\n<table width=\"366\">\n<tbody>\n<tr>\n<td style=\"text-align: left;\" width=\"25\">8.<\/td>\n<td width=\"210\"><a href=\"https:\/\/ehetovadnovenyeink.hu\/index.php\/sempervivum-tectorum-hazi-kovirozsa\/\">Sempervivum tectorum<\/a><\/td>\n<td width=\"131\">h\u00e1zi k\u00f6vir\u00f3zsa<\/td>\n<\/tr>\n<tr>\n<td>29.<\/td>\n<td><a href=\"https:\/\/ehetovadnovenyeink.hu\/index.php\/crataegus-nigra-fekete-galagonya\/\">Crataegus nigra<\/a><\/td>\n<td>fekete galagonya<\/td>\n<\/tr>\n<tr>\n<td>51.<\/td>\n<td><a href=\"https:\/\/ehetovadnovenyeink.hu\/index.php\/vitis-sylvestris-ligeti-szolo\/\">Vitis sylvestris<\/a><\/td>\n<td>ligeti sz\u0151l\u0151<\/td>\n<\/tr>\n<tr>\n<td>62.<\/td>\n<td><a href=\"https:\/\/ehetovadnovenyeink.hu\/index.php\/sorbus-domestica-hazi-berkenye\/\">Sorbus domestica<\/a><\/td>\n<td>h\u00e1zi berkenye<\/td>\n<\/tr>\n<tr>\n<td>65.<\/td>\n<td><a href=\"https:\/\/ehetovadnovenyeink.hu\/index.php\/allium-victorialis-havasi-hagyma\/\">Allium victorialis<\/a><\/td>\n<td>havasi hagyma<\/td>\n<\/tr>\n<\/tbody>\n<\/table>\n<p>&nbsp;<\/p>\n<p><img loading=\"lazy\" decoding=\"async\" class=\"alignnone wp-image-253\" src=\"https:\/\/ehetovadnovenyeink.hu\/wp-content\/uploads\/2021\/10\/termved-cimer_kicsi-300x291.png\" alt=\"\" width=\"290\" height=\"281\" srcset=\"https:\/\/ehetovadnovenyeink.hu\/wp-content\/uploads\/2021\/10\/termved-cimer_kicsi-300x291.png 300w, https:\/\/ehetovadnovenyeink.hu\/wp-content\/uploads\/2021\/10\/termved-cimer_kicsi.png 432w\" sizes=\"(max-width: 290px) 100vw, 290px\" \/><\/p>\n<p>&nbsp;<\/p>\n<p>&nbsp;<\/p>\n","protected":false},"excerpt":{"rendered":"<p>&nbsp; 8. Sempervivum tectorum h\u00e1zi k\u00f6vir\u00f3zsa 29. Crataegus nigra fekete galagonya 51. Vitis sylvestris ligeti sz\u0151l\u0151 62. Sorbus domestica h\u00e1zi berkenye 65. Allium victorialis havasi hagyma &nbsp; &nbsp; &nbsp;<\/p>\n","protected":false},"author":1,"featured_media":0,"parent":0,"menu_order":0,"comment_status":"closed","ping_status":"closed","template":"","meta":{"_monsterinsights_skip_tracking":false,"_monsterinsights_sitenote_active":false,"_monsterinsights_sitenote_note":"","_monsterinsights_sitenote_category":0,"footnotes":""},"_links":{"self":[{"href":"https:\/\/ehetovadnovenyeink.hu\/index.php\/wp-json\/wp\/v2\/pages\/82"}],"collection":[{"href":"https:\/\/ehetovadnovenyeink.hu\/index.php\/wp-json\/wp\/v2\/pages"}],"about":[{"href":"https:\/\/ehetovadnovenyeink.hu\/index.php\/wp-json\/wp\/v2\/types\/page"}],"author":[{"embeddable":true,"href":"https:\/\/ehetovadnovenyeink.hu\/index.php\/wp-json\/wp\/v2\/users\/1"}],"replies":[{"embeddable":true,"href":"https:\/\/ehetovadnovenyeink.hu\/index.php\/wp-json\/wp\/v2\/comments?post=82"}],"version-history":[{"count":8,"href":"https:\/\/ehetovadnovenyeink.hu\/index.php\/wp-json\/wp\/v2\/pages\/82\/revisions"}],"predecessor-version":[{"id":562,"href":"https:\/\/ehetovadnovenyeink.hu\/index.php\/wp-json\/wp\/v2\/pages\/82\/revisions\/562"}],"wp:attachment":[{"href":"https:\/\/ehetovadnovenyeink.hu\/index.php\/wp-json\/wp\/v2\/media?parent=82"}],"curies":[{"name":"wp","href":"https:\/\/api.w.org\/{rel}","templated":true}]}}