{"id":80,"date":"2021-08-26T16:27:17","date_gmt":"2021-08-26T16:27:17","guid":{"rendered":"https:\/\/ehetovadnovenyeink.hu\/?page_id=80"},"modified":"2021-10-11T12:00:36","modified_gmt":"2021-10-11T12:00:36","slug":"tanosveny-allomasai-szerint","status":"publish","type":"page","link":"https:\/\/ehetovadnovenyeink.hu\/index.php\/tanosveny-allomasai-szerint\/","title":{"rendered":"Tan\u00f6sv\u00e9ny \u00e1llom\u00e1sai szerint"},"content":{"rendered":"<p>1. <a href=\"https:\/\/ehetovadnovenyeink.hu\/index.php\/1-allomas\/\">\u00c1llom\u00e1s<\/a><\/p>\n<p>2. <a href=\"https:\/\/ehetovadnovenyeink.hu\/index.php\/2-allomas\/\">\u00c1llom\u00e1s<\/a><\/p>\n<p>3. <a href=\"https:\/\/ehetovadnovenyeink.hu\/index.php\/3-allomas\/\">\u00c1llom\u00e1s<\/a><\/p>\n<p>4. <a href=\"https:\/\/ehetovadnovenyeink.hu\/index.php\/4-allomas\/\">\u00c1llom\u00e1s<\/a><\/p>\n<p>5. <a href=\"https:\/\/ehetovadnovenyeink.hu\/index.php\/5-allomas\/\">\u00c1llom\u00e1s<\/a><\/p>\n<p>6. <a href=\"https:\/\/ehetovadnovenyeink.hu\/index.php\/6-allomas\/\">\u00c1llom\u00e1s<\/a><\/p>\n<p>7. <a href=\"https:\/\/ehetovadnovenyeink.hu\/index.php\/7-allomas\/\">\u00c1llom\u00e1s<\/a><\/p>\n<p>8. <a href=\"https:\/\/ehetovadnovenyeink.hu\/index.php\/8-allomas\/\">\u00c1llom\u00e1s<\/a><\/p>\n<p>9. <a href=\"https:\/\/ehetovadnovenyeink.hu\/index.php\/9-allomas\/\">\u00c1llom\u00e1s<\/a><\/p>\n<p>10. <a href=\"https:\/\/ehetovadnovenyeink.hu\/index.php\/10-allomas\/\">\u00c1llom\u00e1s<\/a><\/p>\n<p>11. <a href=\"https:\/\/ehetovadnovenyeink.hu\/index.php\/11-allomas\/\">\u00c1llom\u00e1s<\/a><\/p>\n<p>12. <a href=\"https:\/\/ehetovadnovenyeink.hu\/index.php\/12-allomas\/\">\u00c1llom\u00e1s<\/a><\/p>\n<p>13. <a href=\"https:\/\/ehetovadnovenyeink.hu\/index.php\/13-allomas\/\">\u00c1llom\u00e1s<\/a><\/p>\n<p>14. <a href=\"https:\/\/ehetovadnovenyeink.hu\/index.php\/14-allomas\/\">\u00c1llom\u00e1s<\/a><\/p>\n<p>15. <a href=\"https:\/\/ehetovadnovenyeink.hu\/index.php\/15-allomas\/\">\u00c1llom\u00e1s<\/a><\/p>\n<p style=\"text-align: left;\">16. <a href=\"https:\/\/ehetovadnovenyeink.hu\/index.php\/16-allomas\/\">\u00c1llom\u00e1s<\/a><\/p>\n<p style=\"text-align: left;\">17. <a href=\"https:\/\/ehetovadnovenyeink.hu\/index.php\/17-allomas\/\">\u00c1llom\u00e1s<\/a><\/p>\n<p style=\"text-align: left;\">18. <a href=\"https:\/\/ehetovadnovenyeink.hu\/index.php\/18-allomas\/\">\u00c1llom\u00e1s<\/a><\/p>\n<p style=\"text-align: left;\">19. <a href=\"https:\/\/ehetovadnovenyeink.hu\/index.php\/19-allomas\/\">\u00c1llom\u00e1s<\/a><\/p>\n<p style=\"text-align: left;\">20. <a href=\"https:\/\/ehetovadnovenyeink.hu\/index.php\/20-allomas\/\">\u00c1llom\u00e1s<\/a><\/p>\n<p style=\"text-align: left;\">21. <a href=\"https:\/\/ehetovadnovenyeink.hu\/index.php\/21-allomas\/\">\u00c1llom\u00e1s<\/a><\/p>\n<p style=\"text-align: left;\">22. <a href=\"https:\/\/ehetovadnovenyeink.hu\/index.php\/22-allomas\/\">\u00c1llom\u00e1s<\/a><\/p>\n<p style=\"text-align: left;\">23. <a href=\"https:\/\/ehetovadnovenyeink.hu\/index.php\/23-allomas\/\">\u00c1llom\u00e1s<\/a><\/p>\n<p style=\"text-align: left;\">24. <a href=\"https:\/\/ehetovadnovenyeink.hu\/index.php\/24-allomas\/\">\u00c1llom\u00e1s<\/a><\/p>\n<p style=\"text-align: left;\">25. <a href=\"https:\/\/ehetovadnovenyeink.hu\/index.php\/25-allomas\/\">\u00c1llom\u00e1s<\/a><\/p>\n<p style=\"text-align: left;\">26. <a href=\"https:\/\/ehetovadnovenyeink.hu\/index.php\/26-allomas\/\">\u00c1llom\u00e1s<\/a><\/p>\n<p style=\"text-align: left;\">27. <a href=\"https:\/\/ehetovadnovenyeink.hu\/index.php\/27-allomas\/\">\u00c1llom\u00e1s<\/a><\/p>\n<p style=\"text-align: left;\">28. <a href=\"https:\/\/ehetovadnovenyeink.hu\/index.php\/28-allomas\/\">\u00c1llom\u00e1s<\/a><\/p>\n<p style=\"text-align: left;\">29. <a href=\"https:\/\/ehetovadnovenyeink.hu\/index.php\/29-allomas\/\">\u00c1llom\u00e1s<\/a><\/p>\n<p style=\"text-align: left;\">30. <a href=\"https:\/\/ehetovadnovenyeink.hu\/index.php\/30-allomas\/\">\u00c1llom\u00e1s<\/a><\/p>\n","protected":false},"excerpt":{"rendered":"<p>1. \u00c1llom\u00e1s 2. \u00c1llom\u00e1s 3. \u00c1llom\u00e1s 4. \u00c1llom\u00e1s 5. \u00c1llom\u00e1s 6. \u00c1llom\u00e1s 7. \u00c1llom\u00e1s 8. \u00c1llom\u00e1s 9. \u00c1llom\u00e1s 10. \u00c1llom\u00e1s 11. \u00c1llom\u00e1s 12. \u00c1llom\u00e1s 13. \u00c1llom\u00e1s 14. \u00c1llom\u00e1s 15. \u00c1llom\u00e1s 16. \u00c1llom\u00e1s 17. \u00c1llom\u00e1s 18. \u00c1llom\u00e1s 19. \u00c1llom\u00e1s 20. \u00c1llom\u00e1s 21. \u00c1llom\u00e1s 22. \u00c1llom\u00e1s 23. \u00c1llom\u00e1s 24. \u00c1llom\u00e1s 25. \u00c1llom\u00e1s 26. \u00c1llom\u00e1s 27. \u00c1llom\u00e1s 28. [&hellip;]<\/p>\n","protected":false},"author":1,"featured_media":0,"parent":0,"menu_order":0,"comment_status":"closed","ping_status":"closed","template":"","meta":{"_monsterinsights_skip_tracking":false,"_monsterinsights_sitenote_active":false,"_monsterinsights_sitenote_note":"","_monsterinsights_sitenote_category":0,"footnotes":""},"_links":{"self":[{"href":"https:\/\/ehetovadnovenyeink.hu\/index.php\/wp-json\/wp\/v2\/pages\/80"}],"collection":[{"href":"https:\/\/ehetovadnovenyeink.hu\/index.php\/wp-json\/wp\/v2\/pages"}],"about":[{"href":"https:\/\/ehetovadnovenyeink.hu\/index.php\/wp-json\/wp\/v2\/types\/page"}],"author":[{"embeddable":true,"href":"https:\/\/ehetovadnovenyeink.hu\/index.php\/wp-json\/wp\/v2\/users\/1"}],"replies":[{"embeddable":true,"href":"https:\/\/ehetovadnovenyeink.hu\/index.php\/wp-json\/wp\/v2\/comments?post=80"}],"version-history":[{"count":35,"href":"https:\/\/ehetovadnovenyeink.hu\/index.php\/wp-json\/wp\/v2\/pages\/80\/revisions"}],"predecessor-version":[{"id":447,"href":"https:\/\/ehetovadnovenyeink.hu\/index.php\/wp-json\/wp\/v2\/pages\/80\/revisions\/447"}],"wp:attachment":[{"href":"https:\/\/ehetovadnovenyeink.hu\/index.php\/wp-json\/wp\/v2\/media?parent=80"}],"curies":[{"name":"wp","href":"https:\/\/api.w.org\/{rel}","templated":true}]}}