{"id":77,"date":"2021-08-26T16:25:50","date_gmt":"2021-08-26T16:25:50","guid":{"rendered":"https:\/\/ehetovadnovenyeink.hu\/?page_id=77"},"modified":"2021-10-12T08:54:56","modified_gmt":"2021-10-12T08:54:56","slug":"mergezo-es-osszetevesztheto-fajok","status":"publish","type":"page","link":"https:\/\/ehetovadnovenyeink.hu\/index.php\/mergezo-es-osszetevesztheto-fajok\/","title":{"rendered":"M\u00e9rgez\u0151 \u00e9s \u00f6sszet\u00e9veszthet\u0151 fajok"},"content":{"rendered":"<table width=\"318\">\n<tbody>\n<tr>\n<td width=\"25\">35.<\/td>\n<td width=\"162\"><a href=\"https:\/\/ehetovadnovenyeink.hu\/index.php\/cotoneaster-spp-madarbirs-fajok\/\">Cotoneaster spp.\u00a0<\/a><\/td>\n<td width=\"131\">mad\u00e1rbirs fajok<\/td>\n<\/tr>\n<tr>\n<td>76.<\/td>\n<td><a href=\"https:\/\/ehetovadnovenyeink.hu\/index.php\/conium-maculatum-foltos-burok\/\">Conium maculatum\u00a0<\/a><\/td>\n<td>foltos b\u00fcr\u00f6k<\/td>\n<\/tr>\n<tr>\n<td>77.<\/td>\n<td><a href=\"https:\/\/ehetovadnovenyeink.hu\/index.php\/duchesnea-indica-diszeper\/\">Duchesnea indica<\/a><\/td>\n<td>d\u00edszeper, pimp\u00f3<\/td>\n<\/tr>\n<tr>\n<td>79.<\/td>\n<td><a href=\"https:\/\/ehetovadnovenyeink.hu\/index.php\/hyoscyamus-niger-bolondito-belendek\/\">Hyoscyamus niger\u00a0<\/a><\/td>\n<td>bolond\u00edt\u00f3 bel\u00e9ndek<\/td>\n<\/tr>\n<tr>\n<td>80.<\/td>\n<td><a href=\"https:\/\/ehetovadnovenyeink.hu\/index.php\/mandragora-officinarum-mandragora\/\">Mandragora officinarum\u00a0<\/a><\/td>\n<td>mandrag\u00f3ra<\/td>\n<\/tr>\n<tr>\n<td>81.<\/td>\n<td><a href=\"https:\/\/ehetovadnovenyeink.hu\/index.php\/convallaria-majalis-majusi-gyongyvirag\/\">Convallaria majalis\u00a0<\/a><\/td>\n<td>m\u00e1jusi gy\u00f6ngyvir\u00e1g<\/td>\n<\/tr>\n<\/tbody>\n<\/table>\n","protected":false},"excerpt":{"rendered":"<p>35. Cotoneaster spp.\u00a0 mad\u00e1rbirs fajok 76. Conium maculatum\u00a0 foltos b\u00fcr\u00f6k 77. Duchesnea indica d\u00edszeper, pimp\u00f3 79. Hyoscyamus niger\u00a0 bolond\u00edt\u00f3 bel\u00e9ndek 80. Mandragora officinarum\u00a0 mandrag\u00f3ra 81. Convallaria majalis\u00a0 m\u00e1jusi gy\u00f6ngyvir\u00e1g<\/p>\n","protected":false},"author":1,"featured_media":0,"parent":0,"menu_order":0,"comment_status":"closed","ping_status":"closed","template":"","meta":{"_monsterinsights_skip_tracking":false,"_monsterinsights_sitenote_active":false,"_monsterinsights_sitenote_note":"","_monsterinsights_sitenote_category":0,"footnotes":""},"_links":{"self":[{"href":"https:\/\/ehetovadnovenyeink.hu\/index.php\/wp-json\/wp\/v2\/pages\/77"}],"collection":[{"href":"https:\/\/ehetovadnovenyeink.hu\/index.php\/wp-json\/wp\/v2\/pages"}],"about":[{"href":"https:\/\/ehetovadnovenyeink.hu\/index.php\/wp-json\/wp\/v2\/types\/page"}],"author":[{"embeddable":true,"href":"https:\/\/ehetovadnovenyeink.hu\/index.php\/wp-json\/wp\/v2\/users\/1"}],"replies":[{"embeddable":true,"href":"https:\/\/ehetovadnovenyeink.hu\/index.php\/wp-json\/wp\/v2\/comments?post=77"}],"version-history":[{"count":7,"href":"https:\/\/ehetovadnovenyeink.hu\/index.php\/wp-json\/wp\/v2\/pages\/77\/revisions"}],"predecessor-version":[{"id":550,"href":"https:\/\/ehetovadnovenyeink.hu\/index.php\/wp-json\/wp\/v2\/pages\/77\/revisions\/550"}],"wp:attachment":[{"href":"https:\/\/ehetovadnovenyeink.hu\/index.php\/wp-json\/wp\/v2\/media?parent=77"}],"curies":[{"name":"wp","href":"https:\/\/api.w.org\/{rel}","templated":true}]}}