{"id":69,"date":"2021-08-26T15:48:51","date_gmt":"2021-08-26T15:48:51","guid":{"rendered":"https:\/\/ehetovadnovenyeink.hu\/?page_id=69"},"modified":"2021-11-01T21:02:18","modified_gmt":"2021-11-01T21:02:18","slug":"fajok-abc-sorrendben","status":"publish","type":"page","link":"https:\/\/ehetovadnovenyeink.hu\/index.php\/fajlista\/fajok-abc-sorrendben\/","title":{"rendered":"Fajok magyar ABC sorrendben"},"content":{"rendered":"<table width=\"318\">\n<tbody>\n<tr>\n<td width=\"142\"><a href=\"https:\/\/ehetovadnovenyeink.hu\/index.php\/ribes-aureum-aranyribiszke\/\">aranyribiszke<\/a><\/td>\n<td width=\"176\">Ribes aureum<\/td>\n<\/tr>\n<tr>\n<td width=\"142\"><a href=\"https:\/\/ehetovadnovenyeink.hu\/index.php\/lapsana-communis-bojtorjansalata\/\">bojtorj\u00e1nsal\u00e1ta<\/a><\/td>\n<td width=\"176\">Lapsana communis<\/td>\n<\/tr>\n<tr>\n<td width=\"142\"><a href=\"https:\/\/ehetovadnovenyeink.hu\/index.php\/eruca-versicaria-borsmustar-rukkola\/\">borsmust\u00e1r<\/a><\/td>\n<td width=\"176\">Eruca vesicaria<\/td>\n<\/tr>\n<tr>\n<td width=\"142\"><a href=\"https:\/\/ehetovadnovenyeink.hu\/index.php\/chaerophyllum-bulbosum-csemege-baraboly\/\">csemege baraboly<\/a><\/td>\n<td width=\"176\">Chaerophyllum bulbosum<\/td>\n<\/tr>\n<tr>\n<td width=\"142\"><a href=\"https:\/\/ehetovadnovenyeink.hu\/index.php\/prunus-fruticosa-csepleszmeggy\/\">csepleszmeggy<\/a><\/td>\n<td width=\"176\">Prunus fruticosa<\/td>\n<\/tr>\n<tr>\n<td width=\"142\"><a href=\"https:\/\/ehetovadnovenyeink.hu\/index.php\/helianthus-tuberosus-csicsoka\/\">csics\u00f3ka<\/a><\/td>\n<td width=\"176\">Helianthus tuberosus<\/td>\n<\/tr>\n<tr>\n<td width=\"142\"><a href=\"https:\/\/ehetovadnovenyeink.hu\/index.php\/corylus-maxima-csoves-mogyoro\/\">cs\u00f6ves mogyor\u00f3<\/a><\/td>\n<td width=\"176\">Corylus maxima<\/td>\n<\/tr>\n<tr>\n<td width=\"142\"><a href=\"https:\/\/ehetovadnovenyeink.hu\/index.php\/crataegus-monogyna-egybibes-galagonya\/\">egybib\u00e9s galagonya<\/a><\/td>\n<td width=\"176\">Crataegus monogyna<\/td>\n<\/tr>\n<tr>\n<td width=\"142\"><a href=\"https:\/\/ehetovadnovenyeink.hu\/index.php\/triticum-monococcum-egyszemu-buza\/\">egyszem\u0171 b\u00faza<\/a><\/td>\n<td width=\"176\">Triticum monococcum<\/td>\n<\/tr>\n<tr>\n<td width=\"142\"><a href=\"https:\/\/ehetovadnovenyeink.hu\/index.php\/rubus-idaeus-erdei-malna\/\">erdei m\u00e1lna<\/a><\/td>\n<td width=\"176\">Rubus idaeus<\/td>\n<\/tr>\n<tr>\n<td width=\"142\"><a href=\"https:\/\/ehetovadnovenyeink.hu\/index.php\/fragaria-vesca-erdei-szamoca\/\">erdei szam\u00f3ca<\/a><\/td>\n<td width=\"176\">Fragaria vesca<\/td>\n<\/tr>\n<tr>\n<td width=\"142\"><a href=\"https:\/\/ehetovadnovenyeink.hu\/index.php\/allium-oleraceum-erdes-hagyma\/\">\u00e9rdes hagyma<\/a><\/td>\n<td width=\"176\">Allium oleraceum<\/td>\n<\/tr>\n<tr>\n<td width=\"142\"><a href=\"https:\/\/ehetovadnovenyeink.hu\/index.php\/morus-alba-feher-eperfa\/\">feh\u00e9r eperfa<\/a><\/td>\n<td width=\"176\">Morus alba<\/td>\n<\/tr>\n<tr>\n<td width=\"142\"><a href=\"https:\/\/ehetovadnovenyeink.hu\/index.php\/aronia-melanocarpa-fekete-berkenye\/\">fekete berkenye<\/a><\/td>\n<td width=\"176\">Aronia melanocarpa<\/td>\n<\/tr>\n<tr>\n<td width=\"142\"><a href=\"https:\/\/ehetovadnovenyeink.hu\/index.php\/sambucus-nigra-fekete-bodza\/\">fekete bodza<\/a><\/td>\n<td width=\"176\">Sambucus nigra<\/td>\n<\/tr>\n<tr>\n<td width=\"142\"><a href=\"https:\/\/ehetovadnovenyeink.hu\/index.php\/crataegus-nigra-fekete-galagonya\/\">fekete galagonya<\/a><\/td>\n<td width=\"176\">Crataegus nigra<\/td>\n<\/tr>\n<tr>\n<td width=\"142\"><a href=\"https:\/\/ehetovadnovenyeink.hu\/index.php\/humulus-lupulus-felfuto-komlo\/\">felfut\u00f3 koml\u00f3<\/a><\/td>\n<td width=\"176\">Humulus lupulus<\/td>\n<\/tr>\n<tr>\n<td width=\"142\"><a href=\"https:\/\/ehetovadnovenyeink.hu\/index.php\/rubus-fruticosus-foldi-szeder\/\">f\u00f6ldi szeder<\/a><\/td>\n<td width=\"176\">Rubus fruticosus<\/td>\n<\/tr>\n<tr>\n<td width=\"142\"><a href=\"https:\/\/ehetovadnovenyeink.hu\/index.php\/lathyrus-tuberosus-gumos-lednek\/\">gum\u00f3s lednek<\/a><\/td>\n<td width=\"176\">Lathyrus tuberosus<\/td>\n<\/tr>\n<tr>\n<td width=\"142\"><a href=\"https:\/\/ehetovadnovenyeink.hu\/index.php\/rosa-canina-gyepurozsa\/\">gyep\u0171r\u00f3zsa<\/a><\/td>\n<td width=\"176\">Rosa canina<\/td>\n<\/tr>\n<tr>\n<td width=\"142\"><a href=\"https:\/\/ehetovadnovenyeink.hu\/index.php\/allium-spp-hagymafelek\/\">hagymaf\u00e9l\u00e9k<\/a><\/td>\n<td width=\"176\">Allium spp.<\/td>\n<\/tr>\n<tr>\n<td width=\"142\"><a href=\"https:\/\/ehetovadnovenyeink.hu\/index.php\/alliaria-petiolata-hagymaszagu-kanyazsombor\/\">hagymaszag\u00fa k\u00e1nyazsombor<\/a><\/td>\n<td width=\"176\">Alliaria petiolata<\/td>\n<\/tr>\n<tr>\n<td width=\"142\"><a href=\"https:\/\/ehetovadnovenyeink.hu\/index.php\/rubus-caesius-hamvas-szeder\/\">hamvas szeder<\/a><\/td>\n<td width=\"176\">Rubus caesius<\/td>\n<\/tr>\n<tr>\n<td width=\"142\"><a href=\"https:\/\/ehetovadnovenyeink.hu\/index.php\/viola-tricolor-haromszinu-arvacska\/\">h\u00e1romsz\u00edn\u0171 \u00e1rv\u00e1cska<\/a><\/td>\n<td width=\"176\">Viola tricolor<\/td>\n<\/tr>\n<tr>\n<td width=\"142\"><a href=\"https:\/\/ehetovadnovenyeink.hu\/index.php\/allium-victorialis-havasi-hagyma\/\">havasi hagyma<\/a><\/td>\n<td width=\"176\">Allium victorialis<\/td>\n<\/tr>\n<tr>\n<td width=\"142\"><a href=\"https:\/\/ehetovadnovenyeink.hu\/index.php\/sorbus-domestica-hazi-berkenye\/\">h\u00e1zi berkenye<\/a><\/td>\n<td width=\"176\">Sorbus domestica<\/td>\n<\/tr>\n<tr>\n<td width=\"142\"><a href=\"https:\/\/ehetovadnovenyeink.hu\/index.php\/sempervivum-tectorum-hazi-kovirozsa\/\">h\u00e1zi k\u00f6vir\u00f3zsa<\/a><\/td>\n<td width=\"176\">Sempervivum tectorum<\/td>\n<\/tr>\n<tr>\n<td width=\"142\"><a href=\"https:\/\/ehetovadnovenyeink.hu\/index.php\/allium-lusitanicum-hegyi-hagyma\/\">hegyi hagyma<\/a><\/td>\n<td width=\"176\">Allium lusitanicum<\/td>\n<\/tr>\n<tr>\n<td width=\"142\"><a href=\"https:\/\/ehetovadnovenyeink.hu\/index.php\/opuntia-humifusa\/\">hever\u0151 medvetalpkaktusz<\/a><\/td>\n<td width=\"176\">Opuntia humifusa<\/td>\n<\/tr>\n<tr>\n<td width=\"142\"><a href=\"https:\/\/ehetovadnovenyeink.hu\/index.php\/cornus-mas-husos-som\/\">h\u00fasos som<\/a><\/td>\n<td width=\"176\">Cornus mas<\/td>\n<\/tr>\n<tr>\n<td width=\"142\"><a href=\"https:\/\/ehetovadnovenyeink.hu\/index.php\/glycyrrhiza-glabra-igazi-edesgyoker\/\">igazi \u00e9desgy\u00f6k\u00e9r<\/a><\/td>\n<td width=\"176\">Glycyrrhiza glabra<\/td>\n<\/tr>\n<tr>\n<td width=\"142\"><a href=\"https:\/\/ehetovadnovenyeink.hu\/index.php\/viola-odorata-illatos-ibolya\/\">illatos ibolya<\/a><\/td>\n<td width=\"176\">Viola odorata<\/td>\n<\/tr>\n<tr>\n<td width=\"142\"><a href=\"https:\/\/ehetovadnovenyeink.hu\/index.php\/thymus-spp-kakukkfu-fajok\/\">kakukkf\u0171 fajok<\/a><\/td>\n<td width=\"176\">Thymus fajok<\/td>\n<\/tr>\n<tr>\n<td width=\"142\"><a href=\"https:\/\/ehetovadnovenyeink.hu\/index.php\/matricaria-recutita-kamilla\/\">kamilla<\/a><\/td>\n<td width=\"176\">Matricaria recutita<\/td>\n<\/tr>\n<tr>\n<td width=\"142\"><a href=\"https:\/\/ehetovadnovenyeink.hu\/index.php\/typha-angustifolia-keskenylevelu-gyekeny\/\">keskenylevel\u0171 gy\u00e9k\u00e9ny<\/a><\/td>\n<td width=\"176\">Typha angustifolia<\/td>\n<\/tr>\n<tr>\n<td width=\"142\"><a href=\"https:\/\/ehetovadnovenyeink.hu\/index.php\/pyrus-ussuriensis-kinai-korte\/\">k\u00ednai k\u00f6rte<\/a><\/td>\n<td width=\"176\">Pyrus ussuriensis<\/td>\n<\/tr>\n<tr>\n<td width=\"142\"><a href=\"https:\/\/ehetovadnovenyeink.hu\/index.php\/tilia-cordata-kislevelu-hars\/\">kislevel\u0171 h\u00e1rs<\/a><\/td>\n<td width=\"176\">Tilia cordata<\/td>\n<\/tr>\n<tr>\n<td width=\"142\"><a href=\"https:\/\/ehetovadnovenyeink.hu\/index.php\/opuntia-phaecantha\/\">kolor\u00e1d\u00f3i medvetalpkaktusz<\/a><\/td>\n<td width=\"176\">Opuntia phaeacantha<\/td>\n<\/tr>\n<tr>\n<td width=\"142\"><a href=\"https:\/\/ehetovadnovenyeink.hu\/index.php\/prunus-spinosa-kokeny\/\">k\u00f6k\u00e9ny<\/a><\/td>\n<td width=\"176\">Prunus spinosa<\/td>\n<\/tr>\n<tr>\n<td width=\"142\"><a href=\"https:\/\/ehetovadnovenyeink.hu\/index.php\/carum-carvi-komeny\/\">k\u00f6m\u00e9ny<\/a><\/td>\n<td width=\"176\">Carum carvi<\/td>\n<\/tr>\n<tr>\n<td width=\"142\"><a href=\"https:\/\/ehetovadnovenyeink.hu\/index.php\/portulaca-oleracea-kover-porcsin\/\">k\u00f6v\u00e9r porcsin<\/a><\/td>\n<td width=\"176\">Portulaca oleracea<\/td>\n<\/tr>\n<tr>\n<td width=\"142\"><a href=\"https:\/\/ehetovadnovenyeink.hu\/index.php\/tragopogon-orientalis-kozonseges-bakszakall\/\">k\u00f6z\u00f6ns\u00e9ges bakszak\u00e1ll<\/a><\/td>\n<td width=\"176\">Tragopogon orientalis<\/td>\n<\/tr>\n<tr>\n<td width=\"142\"><a href=\"https:\/\/ehetovadnovenyeink.hu\/index.php\/cydonia-oblonga-kozonseges-birs\/\">k\u00f6z\u00f6ns\u00e9ges birs<\/a><\/td>\n<td width=\"176\">Cydonia oblonga<\/td>\n<\/tr>\n<tr>\n<td width=\"142\"><a href=\"https:\/\/ehetovadnovenyeink.hu\/index.php\/juniperus-communis-kozonseges-boroka\/\">k\u00f6z\u00f6ns\u00e9ges bor\u00f3ka<\/a><\/td>\n<td width=\"176\">Juniperus communis<\/td>\n<\/tr>\n<tr>\n<td width=\"142\"><a href=\"https:\/\/ehetovadnovenyeink.hu\/index.php\/ficus-carica-kozonseges-fuge\/\">k\u00f6z\u00f6ns\u00e9ges f\u00fcge<\/a><\/td>\n<td width=\"176\">Ficus carica<\/td>\n<\/tr>\n<tr>\n<td width=\"142\"><a href=\"https:\/\/ehetovadnovenyeink.hu\/index.php\/picea-abies-kozonseges-lucfenyo\/\">k\u00f6z\u00f6ns\u00e9ges lucfeny\u0151<\/a><\/td>\n<td width=\"176\">Picea abies<\/td>\n<\/tr>\n<tr>\n<td width=\"142\"><a href=\"https:\/\/ehetovadnovenyeink.hu\/index.php\/corylus-avellana-kozonseges-mogyoro\/\">k\u00f6z\u00f6ns\u00e9ges mogyor\u00f3<\/a><\/td>\n<td width=\"176\">Corylus avellana<\/td>\n<\/tr>\n<tr>\n<td width=\"142\"><a href=\"https:\/\/ehetovadnovenyeink.hu\/index.php\/betula-pendula-kozonseges-nyir\/\">k\u00f6z\u00f6ns\u00e9ges ny\u00edr<\/a><\/td>\n<td width=\"176\">Betula pendula<\/td>\n<\/tr>\n<tr>\n<td width=\"142\"><a href=\"https:\/\/ehetovadnovenyeink.hu\/index.php\/syringa-vulgaris-kozonseges-orgona\/\">k\u00f6z\u00f6ns\u00e9ges orgona<\/a><\/td>\n<td width=\"176\">Syringa vulgaris<\/td>\n<\/tr>\n<tr>\n<td width=\"142\"><a href=\"https:\/\/ehetovadnovenyeink.hu\/index.php\/asparagus-officinalis\/\">k\u00f6z\u00f6ns\u00e9ges sp\u00e1rga<\/a><\/td>\n<td width=\"176\">Asparagus officinalis<\/td>\n<\/tr>\n<tr>\n<td width=\"142\"><a href=\"https:\/\/ehetovadnovenyeink.hu\/index.php\/stellaria-media-kozonseges-tyukhur\/\">k\u00f6z\u00f6ns\u00e9ges ty\u00fakh\u00far<\/a><\/td>\n<td width=\"176\">Stellaria media<\/td>\n<\/tr>\n<tr>\n<td width=\"142\"><a href=\"https:\/\/ehetovadnovenyeink.hu\/index.php\/malus-sylvestris-kozonseges-vadalma\/\">k\u00f6z\u00f6ns\u00e9ges vadalma<\/a><\/td>\n<td width=\"176\">Malus sylvestris<\/td>\n<\/tr>\n<tr>\n<td width=\"142\"><a href=\"https:\/\/ehetovadnovenyeink.hu\/index.php\/vitis-sylvestris-ligeti-szolo\/\">ligeti sz\u0151l\u0151<\/a><\/td>\n<td width=\"176\">Vitis sylvestris<\/td>\n<\/tr>\n<tr>\n<td width=\"142\"><a href=\"https:\/\/ehetovadnovenyeink.hu\/index.php\/tussilago-farfara-lokormu-martilapu\/\">l\u00f3k\u00f6rm\u0171 martilapu<\/a><\/td>\n<td width=\"176\">Tussilago farfara<\/td>\n<\/tr>\n<tr>\n<td width=\"142\"><a href=\"https:\/\/ehetovadnovenyeink.hu\/index.php\/pisum-elatius-magas-borso\/\">magas bors\u00f3<\/a><\/td>\n<td width=\"176\">Pisum elatius<\/td>\n<\/tr>\n<tr>\n<td width=\"142\"><a href=\"https:\/\/ehetovadnovenyeink.hu\/index.php\/allium-ursinum-medvehagyma\/\">medvehagyma<\/a><\/td>\n<td width=\"176\">Allium ursinum<\/td>\n<\/tr>\n<tr>\n<td width=\"142\"><a href=\"https:\/\/ehetovadnovenyeink.hu\/index.php\/cichorium-intybus-mezei-katangkoro\/\">mezei kat\u00e1ngk\u00f3r\u00f3<\/a><\/td>\n<td width=\"176\">Cichorium intybus<\/td>\n<\/tr>\n<tr>\n<td width=\"142\"><a href=\"https:\/\/ehetovadnovenyeink.hu\/index.php\/allium-ampeloprasum-nyari-hagyma\/\">ny\u00e1ri hagyma<\/a><\/td>\n<td width=\"176\">Allium ampeloprasum<\/td>\n<\/tr>\n<tr>\n<td width=\"142\"><a href=\"https:\/\/ehetovadnovenyeink.hu\/index.php\/vitis-riparia-parti-szolo\/\">parti sz\u0151l\u0151<\/a><\/td>\n<td width=\"176\">Vitis riparia<\/td>\n<\/tr>\n<tr>\n<td width=\"142\"><a href=\"https:\/\/ehetovadnovenyeink.hu\/index.php\/pastinaca-sativa-pasztinak\/\">pasztin\u00e1k<\/a><\/td>\n<td width=\"176\">Pastinaca sativa<\/td>\n<\/tr>\n<tr>\n<td width=\"142\"><a href=\"https:\/\/ehetovadnovenyeink.hu\/index.php\/vitis-labrusca-roka-szolo\/\">r\u00f3ka sz\u0151l\u0151<\/a><\/td>\n<td width=\"176\">Vitis labrusca<\/td>\n<\/tr>\n<tr>\n<td width=\"142\"><a href=\"https:\/\/ehetovadnovenyeink.hu\/index.php\/prunus-mahaleb-sajmeggy\/\">sajmeggy<\/a><\/td>\n<td width=\"176\">Prunus mahaleb<\/td>\n<\/tr>\n<tr>\n<td width=\"142\"><a href=\"https:\/\/ehetovadnovenyeink.hu\/index.php\/ficaria-verna-salataboglarka\/\">sal\u00e1tabogl\u00e1rka<\/a><\/td>\n<td width=\"176\">Ficaria verna<\/td>\n<\/tr>\n<tr>\n<td width=\"142\"><a href=\"https:\/\/ehetovadnovenyeink.hu\/index.php\/crataegus-crus-galli-sarkantyus-galagonya\/\">sarkanty\u00fas galagonya<\/a><\/td>\n<td width=\"176\">Crataegus crus-galli<\/td>\n<\/tr>\n<tr>\n<td width=\"142\"><a href=\"https:\/\/ehetovadnovenyeink.hu\/index.php\/berberis-vulgaris-soskaborbolya\/\">s\u00f3skaborbolya<\/a><\/td>\n<td width=\"176\">Berberis vulgaris<\/td>\n<\/tr>\n<tr>\n<td width=\"142\"><a href=\"https:\/\/ehetovadnovenyeink.hu\/index.php\/typha-latifolia-szeleslevelu-gyekeny\/\">sz\u00e9leslevel\u0171 gy\u00e9k\u00e9ny<\/a><\/td>\n<td width=\"176\">Typha latifolia<\/td>\n<\/tr>\n<tr>\n<td width=\"142\"><a href=\"https:\/\/ehetovadnovenyeink.hu\/index.php\/castanea-sativa-szelidgesztenye\/\">szel\u00eddgesztenye<\/a><\/td>\n<td width=\"176\">Castanea sativa<\/td>\n<\/tr>\n<tr>\n<td width=\"142\"><a href=\"https:\/\/ehetovadnovenyeink.hu\/index.php\/origanum-vulgare-szurokfu\/\">szurokf\u0171<\/a><\/td>\n<td width=\"176\">Origanum vulgare<\/td>\n<\/tr>\n<tr>\n<td width=\"142\"><a href=\"https:\/\/ehetovadnovenyeink.hu\/index.php\/galium-verum-tejolto-galaj\/\">tejolt\u00f3 galaj<\/a><\/td>\n<td width=\"176\">Galium verum<\/td>\n<\/tr>\n<tr>\n<td width=\"142\"><a href=\"https:\/\/ehetovadnovenyeink.hu\/index.php\/panicum-miliaceum-termesztett-koles\/\">termesztett k\u00f6les<\/a><\/td>\n<td width=\"176\">Panicum miliaceum<\/td>\n<\/tr>\n<tr>\n<td width=\"142\"><a href=\"https:\/\/ehetovadnovenyeink.hu\/index.php\/corylus-colurna-torok-mogyoro\/\">t\u00f6r\u00f6k mogyor\u00f3<\/a><\/td>\n<td width=\"176\">Corylus colurna<\/td>\n<\/tr>\n<tr>\n<td width=\"142\"><a href=\"https:\/\/ehetovadnovenyeink.hu\/index.php\/gleditsia-triacanthos\/\">t\u00f6vises lep\u00e9nyfa<\/a><\/td>\n<td width=\"176\">Gleditsia triacanthos<\/td>\n<\/tr>\n<tr>\n<td width=\"142\"><a href=\"https:\/\/ehetovadnovenyeink.hu\/index.php\/diplotaxis-tenuifolia-utszeli-kanyazsazsa\/\">\u00fatsz\u00e9li k\u00e1nyazs\u00e1zsa<\/a><\/td>\n<td width=\"176\">Diplotaxis tenuifolia<\/td>\n<\/tr>\n<tr>\n<td width=\"142\"><a href=\"https:\/\/ehetovadnovenyeink.hu\/index.php\/pyrus-pyraster-vadkorte\/\">vadk\u00f6rte<\/a><\/td>\n<td width=\"176\">Pyrus pyraster<\/td>\n<\/tr>\n<tr>\n<td width=\"142\"><a href=\"https:\/\/ehetovadnovenyeink.hu\/index.php\/mentha-aquatica-vizi-menta\/\">v\u00edzi menta<\/a><\/td>\n<td width=\"176\">Mentha aquatica<\/td>\n<\/tr>\n<\/tbody>\n<\/table>\n","protected":false},"excerpt":{"rendered":"<p>aranyribiszke Ribes aureum bojtorj\u00e1nsal\u00e1ta Lapsana communis borsmust\u00e1r Eruca vesicaria csemege baraboly Chaerophyllum bulbosum csepleszmeggy Prunus fruticosa csics\u00f3ka Helianthus tuberosus cs\u00f6ves mogyor\u00f3 Corylus maxima egybib\u00e9s galagonya Crataegus monogyna egyszem\u0171 b\u00faza Triticum monococcum erdei m\u00e1lna Rubus idaeus erdei szam\u00f3ca Fragaria vesca \u00e9rdes hagyma Allium oleraceum feh\u00e9r eperfa Morus alba fekete berkenye Aronia melanocarpa fekete bodza Sambucus nigra [&hellip;]<\/p>\n","protected":false},"author":1,"featured_media":0,"parent":59,"menu_order":1,"comment_status":"closed","ping_status":"closed","template":"","meta":{"_monsterinsights_skip_tracking":false,"_monsterinsights_sitenote_active":false,"_monsterinsights_sitenote_note":"","_monsterinsights_sitenote_category":0,"footnotes":""},"_links":{"self":[{"href":"https:\/\/ehetovadnovenyeink.hu\/index.php\/wp-json\/wp\/v2\/pages\/69"}],"collection":[{"href":"https:\/\/ehetovadnovenyeink.hu\/index.php\/wp-json\/wp\/v2\/pages"}],"about":[{"href":"https:\/\/ehetovadnovenyeink.hu\/index.php\/wp-json\/wp\/v2\/types\/page"}],"author":[{"embeddable":true,"href":"https:\/\/ehetovadnovenyeink.hu\/index.php\/wp-json\/wp\/v2\/users\/1"}],"replies":[{"embeddable":true,"href":"https:\/\/ehetovadnovenyeink.hu\/index.php\/wp-json\/wp\/v2\/comments?post=69"}],"version-history":[{"count":17,"href":"https:\/\/ehetovadnovenyeink.hu\/index.php\/wp-json\/wp\/v2\/pages\/69\/revisions"}],"predecessor-version":[{"id":1147,"href":"https:\/\/ehetovadnovenyeink.hu\/index.php\/wp-json\/wp\/v2\/pages\/69\/revisions\/1147"}],"up":[{"embeddable":true,"href":"https:\/\/ehetovadnovenyeink.hu\/index.php\/wp-json\/wp\/v2\/pages\/59"}],"wp:attachment":[{"href":"https:\/\/ehetovadnovenyeink.hu\/index.php\/wp-json\/wp\/v2\/media?parent=69"}],"curies":[{"name":"wp","href":"https:\/\/api.w.org\/{rel}","templated":true}]}}