{"id":59,"date":"2021-08-26T15:33:37","date_gmt":"2021-08-26T15:33:37","guid":{"rendered":"https:\/\/ehetovadnovenyeink.hu\/?page_id=59"},"modified":"2021-10-11T18:54:40","modified_gmt":"2021-10-11T18:54:40","slug":"fajlista","status":"publish","type":"page","link":"https:\/\/ehetovadnovenyeink.hu\/index.php\/fajlista\/","title":{"rendered":"Fajlista"},"content":{"rendered":"<ul class=\"sub-menu\">\n<li id=\"menu-item-97\" class=\"menu-item menu-item-type-post_type menu-item-object-page menu-item-97 hover\"><a href=\"https:\/\/ehetovadnovenyeink.hu\/index.php\/fajlista\/fajok-abc-sorrendben\/\">Fajok magyar ABC sorrendben<\/a><\/li>\n<li id=\"menu-item-135\" class=\"menu-item menu-item-type-post_type menu-item-object-page menu-item-135\"><a href=\"https:\/\/ehetovadnovenyeink.hu\/index.php\/fajok-latin-abc-sorrendben\/\">Fajok latin ABC sorrendben<\/a><\/li>\n<li id=\"menu-item-94\" class=\"menu-item menu-item-type-post_type menu-item-object-page menu-item-94\"><a href=\"https:\/\/ehetovadnovenyeink.hu\/index.php\/tanosveny-allomasai-szerint\/\">Tan\u00f6sv\u00e9ny \u00e1llom\u00e1sai szerint<\/a><\/li>\n<li id=\"menu-item-95\" class=\"menu-item menu-item-type-post_type menu-item-object-page menu-item-95\"><a href=\"https:\/\/ehetovadnovenyeink.hu\/index.php\/mergezo-es-osszetevesztheto-fajok\/\">M\u00e9rgez\u0151 \u00e9s \u00f6sszet\u00e9veszthet\u0151 fajok<\/a><\/li>\n<li id=\"menu-item-93\" class=\"menu-item menu-item-type-post_type menu-item-object-page menu-item-93\"><a href=\"https:\/\/ehetovadnovenyeink.hu\/index.php\/vedett-fajok\/\">V\u00e9dett fajok<\/a><\/li>\n<\/ul>\n","protected":false},"excerpt":{"rendered":"<p>Fajok magyar ABC sorrendben Fajok latin ABC sorrendben Tan\u00f6sv\u00e9ny \u00e1llom\u00e1sai szerint M\u00e9rgez\u0151 \u00e9s \u00f6sszet\u00e9veszthet\u0151 fajok V\u00e9dett fajok<\/p>\n","protected":false},"author":1,"featured_media":0,"parent":0,"menu_order":0,"comment_status":"closed","ping_status":"closed","template":"","meta":{"_monsterinsights_skip_tracking":false,"_monsterinsights_sitenote_active":false,"_monsterinsights_sitenote_note":"","_monsterinsights_sitenote_category":0,"footnotes":""},"_links":{"self":[{"href":"https:\/\/ehetovadnovenyeink.hu\/index.php\/wp-json\/wp\/v2\/pages\/59"}],"collection":[{"href":"https:\/\/ehetovadnovenyeink.hu\/index.php\/wp-json\/wp\/v2\/pages"}],"about":[{"href":"https:\/\/ehetovadnovenyeink.hu\/index.php\/wp-json\/wp\/v2\/types\/page"}],"author":[{"embeddable":true,"href":"https:\/\/ehetovadnovenyeink.hu\/index.php\/wp-json\/wp\/v2\/users\/1"}],"replies":[{"embeddable":true,"href":"https:\/\/ehetovadnovenyeink.hu\/index.php\/wp-json\/wp\/v2\/comments?post=59"}],"version-history":[{"count":4,"href":"https:\/\/ehetovadnovenyeink.hu\/index.php\/wp-json\/wp\/v2\/pages\/59\/revisions"}],"predecessor-version":[{"id":535,"href":"https:\/\/ehetovadnovenyeink.hu\/index.php\/wp-json\/wp\/v2\/pages\/59\/revisions\/535"}],"wp:attachment":[{"href":"https:\/\/ehetovadnovenyeink.hu\/index.php\/wp-json\/wp\/v2\/media?parent=59"}],"curies":[{"name":"wp","href":"https:\/\/api.w.org\/{rel}","templated":true}]}}