{"id":58,"date":"2021-08-26T15:33:37","date_gmt":"2021-08-26T15:33:37","guid":{"rendered":"https:\/\/ehetovadnovenyeink.hu\/?page_id=58"},"modified":"2021-10-29T10:35:07","modified_gmt":"2021-10-29T10:35:07","slug":"tanosveny-celja","status":"publish","type":"page","link":"https:\/\/ehetovadnovenyeink.hu\/index.php\/tanosveny-celja\/","title":{"rendered":"Tan\u00f6sv\u00e9ny c\u00e9lja"},"content":{"rendered":"<p>Kedves L\u00e1togat\u00f3!<\/p>\n<p>Ez a honlap a <a href=\"http:\/\/sorbotkert.hu\/\">Soroks\u00e1ri Botanikus Kert<\/a>ben \u00fajonnan l\u00e9tes\u00edtett, ehet\u0151 \u00e9s gy\u0171jthet\u0151 vadn\u00f6v\u00e9nyeket bemutat\u00f3 tan\u00f6sv\u00e9nyhez k\u00e9sz\u00fclt. Azzal a c\u00e9llal, hogy az egyetem hallgat\u00f3i valamint a term\u00e9szet ir\u00e1nt \u00e9rdekl\u0151k sz\u00e1m\u00e1ra is szakszer\u0171 lehet\u0151s\u00e9get biztos\u00edtson a vadon n\u00f6v\u0151 \u00e9s fogyaszthat\u00f3 n\u00f6v\u00e9nyfajok alaposabb megismer\u00e9s\u00e9hez.<\/p>\n<p>A l\u00e9tes\u00edtett tan\u00f6sv\u00e9ny keretein bel\u00fcl az \u00e9l\u0151 n\u00f6v\u00e9nyanyag megtekint\u00e9se \u00e1ltal biztons\u00e1gosan, szakmailag hiteles inform\u00e1ci\u00f3k megismer\u00e9s\u00e9vel mindenki gyarap\u00edthatja tud\u00e1s\u00e1t a haz\u00e1nk fl\u00f3r\u00e1j\u00e1ban tal\u00e1lhat\u00f3, \u00e9tkez\u00e9si c\u00e9lra alkalmas n\u00f6v\u00e9nyekkel kapcsolatba.<\/p>\n<p>Fontos! A n\u00f6v\u00e9nyfelismer\u00e9st mindenkinek szakmai seg\u00edts\u00e9ggel \u00e9s az \u00e9l\u0151 n\u00f6v\u00e9nyek megismer\u00e9s\u00e9vel kellene elsaj\u00e1t\u00edtania annak \u00e9rdek\u00e9ben, hogy biztons\u00e1gosan haszn\u00e1lhat\u00f3 tud\u00e1ssal rendelkezzen.<\/p>\n<p>L\u00e1togasson el a Soroks\u00e1ri Botanikus Kertbe, j\u00e1rja v\u00e9gig a tan\u00f6sv\u00e9nyt \u00e9s ismerje meg ezeket a n\u00f6v\u00e9nyeket.<\/p>\n<p>&nbsp;<\/p>\n<p><img loading=\"lazy\" decoding=\"async\" class=\"aligncenter wp-image-500 size-medium\" src=\"https:\/\/ehetovadnovenyeink.hu\/wp-content\/uploads\/2021\/10\/logo-png-277x300.png\" alt=\"\" width=\"277\" height=\"300\" srcset=\"https:\/\/ehetovadnovenyeink.hu\/wp-content\/uploads\/2021\/10\/logo-png-277x300.png 277w, https:\/\/ehetovadnovenyeink.hu\/wp-content\/uploads\/2021\/10\/logo-png-946x1024.png 946w, https:\/\/ehetovadnovenyeink.hu\/wp-content\/uploads\/2021\/10\/logo-png-768x831.png 768w, https:\/\/ehetovadnovenyeink.hu\/wp-content\/uploads\/2021\/10\/logo-png-1419x1536.png 1419w, https:\/\/ehetovadnovenyeink.hu\/wp-content\/uploads\/2021\/10\/logo-png-1892x2048.png 1892w\" sizes=\"(max-width: 277px) 100vw, 277px\" \/><\/p>\n<p>&nbsp;<\/p>\n","protected":false},"excerpt":{"rendered":"<p>Kedves L\u00e1togat\u00f3! Ez a honlap a Soroks\u00e1ri Botanikus Kertben \u00fajonnan l\u00e9tes\u00edtett, ehet\u0151 \u00e9s gy\u0171jthet\u0151 vadn\u00f6v\u00e9nyeket bemutat\u00f3 tan\u00f6sv\u00e9nyhez k\u00e9sz\u00fclt. Azzal a c\u00e9llal, hogy az egyetem hallgat\u00f3i valamint a term\u00e9szet ir\u00e1nt \u00e9rdekl\u0151k sz\u00e1m\u00e1ra is szakszer\u0171 lehet\u0151s\u00e9get biztos\u00edtson a vadon n\u00f6v\u0151 \u00e9s fogyaszthat\u00f3 n\u00f6v\u00e9nyfajok alaposabb megismer\u00e9s\u00e9hez. A l\u00e9tes\u00edtett tan\u00f6sv\u00e9ny keretein bel\u00fcl az \u00e9l\u0151 n\u00f6v\u00e9nyanyag megtekint\u00e9se \u00e1ltal biztons\u00e1gosan, szakmailag [&hellip;]<\/p>\n","protected":false},"author":1,"featured_media":0,"parent":0,"menu_order":0,"comment_status":"closed","ping_status":"closed","template":"","meta":{"_monsterinsights_skip_tracking":false,"_monsterinsights_sitenote_active":false,"_monsterinsights_sitenote_note":"","_monsterinsights_sitenote_category":0,"footnotes":""},"_links":{"self":[{"href":"https:\/\/ehetovadnovenyeink.hu\/index.php\/wp-json\/wp\/v2\/pages\/58"}],"collection":[{"href":"https:\/\/ehetovadnovenyeink.hu\/index.php\/wp-json\/wp\/v2\/pages"}],"about":[{"href":"https:\/\/ehetovadnovenyeink.hu\/index.php\/wp-json\/wp\/v2\/types\/page"}],"author":[{"embeddable":true,"href":"https:\/\/ehetovadnovenyeink.hu\/index.php\/wp-json\/wp\/v2\/users\/1"}],"replies":[{"embeddable":true,"href":"https:\/\/ehetovadnovenyeink.hu\/index.php\/wp-json\/wp\/v2\/comments?post=58"}],"version-history":[{"count":11,"href":"https:\/\/ehetovadnovenyeink.hu\/index.php\/wp-json\/wp\/v2\/pages\/58\/revisions"}],"predecessor-version":[{"id":1145,"href":"https:\/\/ehetovadnovenyeink.hu\/index.php\/wp-json\/wp\/v2\/pages\/58\/revisions\/1145"}],"wp:attachment":[{"href":"https:\/\/ehetovadnovenyeink.hu\/index.php\/wp-json\/wp\/v2\/media?parent=58"}],"curies":[{"name":"wp","href":"https:\/\/api.w.org\/{rel}","templated":true}]}}