{"id":490,"date":"2021-10-11T12:14:40","date_gmt":"2021-10-11T12:14:40","guid":{"rendered":"https:\/\/ehetovadnovenyeink.hu\/?page_id=490"},"modified":"2021-10-16T14:01:57","modified_gmt":"2021-10-16T14:01:57","slug":"mandragora-officinarum-mandragora","status":"publish","type":"page","link":"https:\/\/ehetovadnovenyeink.hu\/index.php\/mandragora-officinarum-mandragora\/","title":{"rendered":"Mandragora officinarum &#8211; mandrag\u00f3ra"},"content":{"rendered":"<p>80. Mandragora officinarum &#8211; mandrag\u00f3ra<\/p>\n<p>Haz\u00e1nkban nem honos n\u00f6v\u00e9ny, a F\u00f6ldk\u00f6zi-tenger partvid\u00e9ke \u00e9s Kis-\u00c1zsia k\u00f6z\u00f6tt \u00e9l vadon. A burgonyaf\u00e9l\u00e9k csal\u00e1dj\u00e1ba tartoz\u00f3, t\u0151lev\u00e9lr\u00f3zs\u00e1s n\u00f6v\u00e9ny, levelei 40-45 cm hossz\u00faak \u00e9s 10-15 cm sz\u00e9lesek, sz\u0151r\u00f6s fel\u00fclet\u0171ek, a talajon sz\u00e9tter\u00fclnek. Gy\u00f6kere emberi alakra eml\u00e9keztet\u0151, ami r\u00e9g\u00f3ta a term\u00e9kenys\u00e9g jelk\u00e9p\u00e9v\u00e9 v\u00e1lt, afrodizi\u00e1kumnak tekintett\u00e9k. A n\u00f6v\u00e9ny eg\u00e9sz\u00e9ben toxikus hat\u00e1s\u00fa trop\u00e1n-alkaloidok tal\u00e1lhat\u00f3k benne, p\u00e9ld\u00e1ul atropin, szkopolamin, mandragorin. T\u00e9l v\u00e9g\u00e9n kezd vir\u00e1gozni, hajt\u00e1scs\u00facson ny\u00edl\u00f3 vir\u00e1gai illatosak, 3 cm-n\u00e9l nem nagyobbak. A cs\u00e9sze \u00f6ttag\u00fa, z\u00f6ld sz\u00edn\u0171, a cimp\u00e1k h\u00e1romsz\u00f6g alak\u00faak. A p\u00e1rta forrt, harang alak\u00fa, a cs\u00e9sze m\u00e9ret\u00e9nek a dupl\u00e1ja, sz\u00edne s\u00e1rg\u00e1sz\u00f6ld vagy halv\u00e1nyk\u00e9k, 5 sz\u0151r\u00f6s porz\u00f3sz\u00e1l tal\u00e1lhat\u00f3 benne. Term\u00e9se l\u00e9d\u00fas sokmagv\u00fa, sz\u0151r\u00f6s, s\u00e1rg\u00e1sfeh\u00e9r sz\u00edn\u0171 bogy\u00f3.<\/p>\n<p>Mikor gy\u0171jthet\u0151: r\u00e9gi afrodizi\u00e1kum, mediterr\u00e1nban gy\u0171jthet\u0151<\/p>\n<p>&nbsp;<\/p>\n<p><img loading=\"lazy\" decoding=\"async\" class=\"alignnone size-full wp-image-287\" src=\"https:\/\/ehetovadnovenyeink.hu\/wp-content\/uploads\/2021\/10\/mergezo_piktogram.png\" alt=\"\" width=\"131\" height=\"130\" \/><\/p>\n<p>&nbsp;<\/p>\n<p><img loading=\"lazy\" decoding=\"async\" class=\"alignnone wp-image-814 size-large\" src=\"https:\/\/ehetovadnovenyeink.hu\/wp-content\/uploads\/2021\/10\/mandragora_officinarum-1200x797.jpg\" alt=\"\" width=\"1200\" height=\"797\" srcset=\"https:\/\/ehetovadnovenyeink.hu\/wp-content\/uploads\/2021\/10\/mandragora_officinarum-1200x797.jpg 1200w, https:\/\/ehetovadnovenyeink.hu\/wp-content\/uploads\/2021\/10\/mandragora_officinarum-300x199.jpg 300w, https:\/\/ehetovadnovenyeink.hu\/wp-content\/uploads\/2021\/10\/mandragora_officinarum-768x510.jpg 768w, https:\/\/ehetovadnovenyeink.hu\/wp-content\/uploads\/2021\/10\/mandragora_officinarum-1536x1020.jpg 1536w, https:\/\/ehetovadnovenyeink.hu\/wp-content\/uploads\/2021\/10\/mandragora_officinarum.jpg 2048w\" sizes=\"(max-width: 1200px) 100vw, 1200px\" \/><\/p>\n<p><a href=\"https:\/\/www.flickr.com\/photos\/28061028@N07\/40085159522\/in\/photolist-245bVo3-Kb3xQV-2i4Lq2u-2i4NMjZ-xJL97V-wVMq7T-xJazVn-xrxLzS-wMi3ak-oeUdnz-ow8k7x-odcLxz-otJTbb-ouzjVs-oeFNXK-ot8NPU-oxYGjr-oxS9kD-otsyuz-oxudMZ-oeK29R-ou9uYh-xA8shK-ovmeJB-oeHQcy-wxG5nL-xAa62T-odihqT-xBpAfY-odspt2-rpicUe-od7QEA-tDQXAM-ouMwX2-ounaUp-otsxYq-outxYf-otsrfG-x7uN9e-wEhHwa-ovsJis-ovMfiF-x9hZNW-ouQskZ-ow3KiY-ot4ath-wCvr9N-oeAsyM-odbR29-obGRtm\">Mandragora officinarum<\/a> &#8211; mandrag\u00f3ra<\/p>\n<p><img loading=\"lazy\" decoding=\"async\" class=\"alignnone wp-image-815 size-large\" src=\"https:\/\/ehetovadnovenyeink.hu\/wp-content\/uploads\/2021\/10\/mandragora_officinarum1-744x1200.jpg\" alt=\"\" width=\"744\" height=\"1200\" srcset=\"https:\/\/ehetovadnovenyeink.hu\/wp-content\/uploads\/2021\/10\/mandragora_officinarum1-744x1200.jpg 744w, https:\/\/ehetovadnovenyeink.hu\/wp-content\/uploads\/2021\/10\/mandragora_officinarum1-186x300.jpg 186w, https:\/\/ehetovadnovenyeink.hu\/wp-content\/uploads\/2021\/10\/mandragora_officinarum1-768x1239.jpg 768w, https:\/\/ehetovadnovenyeink.hu\/wp-content\/uploads\/2021\/10\/mandragora_officinarum1-952x1536.jpg 952w, https:\/\/ehetovadnovenyeink.hu\/wp-content\/uploads\/2021\/10\/mandragora_officinarum1.jpg 992w\" sizes=\"(max-width: 744px) 100vw, 744px\" \/><\/p>\n<p><a href=\"https:\/\/www.flickr.com\/photos\/swallowtailgardenseeds\/15590183021\/\">Mandragora officinarum<\/a> &#8211; mandrag\u00f3ra<\/p>\n","protected":false},"excerpt":{"rendered":"<p>80. Mandragora officinarum &#8211; mandrag\u00f3ra Haz\u00e1nkban nem honos n\u00f6v\u00e9ny, a F\u00f6ldk\u00f6zi-tenger partvid\u00e9ke \u00e9s Kis-\u00c1zsia k\u00f6z\u00f6tt \u00e9l vadon. A burgonyaf\u00e9l\u00e9k csal\u00e1dj\u00e1ba tartoz\u00f3, t\u0151lev\u00e9lr\u00f3zs\u00e1s n\u00f6v\u00e9ny, levelei 40-45 cm hossz\u00faak \u00e9s 10-15 cm sz\u00e9lesek, sz\u0151r\u00f6s fel\u00fclet\u0171ek, a talajon sz\u00e9tter\u00fclnek. Gy\u00f6kere emberi alakra eml\u00e9keztet\u0151, ami r\u00e9g\u00f3ta a term\u00e9kenys\u00e9g jelk\u00e9p\u00e9v\u00e9 v\u00e1lt, afrodizi\u00e1kumnak tekintett\u00e9k. A n\u00f6v\u00e9ny eg\u00e9sz\u00e9ben toxikus hat\u00e1s\u00fa trop\u00e1n-alkaloidok tal\u00e1lhat\u00f3k [&hellip;]<\/p>\n","protected":false},"author":1,"featured_media":0,"parent":0,"menu_order":0,"comment_status":"closed","ping_status":"closed","template":"","meta":{"_monsterinsights_skip_tracking":false,"_monsterinsights_sitenote_active":false,"_monsterinsights_sitenote_note":"","_monsterinsights_sitenote_category":0,"footnotes":""},"_links":{"self":[{"href":"https:\/\/ehetovadnovenyeink.hu\/index.php\/wp-json\/wp\/v2\/pages\/490"}],"collection":[{"href":"https:\/\/ehetovadnovenyeink.hu\/index.php\/wp-json\/wp\/v2\/pages"}],"about":[{"href":"https:\/\/ehetovadnovenyeink.hu\/index.php\/wp-json\/wp\/v2\/types\/page"}],"author":[{"embeddable":true,"href":"https:\/\/ehetovadnovenyeink.hu\/index.php\/wp-json\/wp\/v2\/users\/1"}],"replies":[{"embeddable":true,"href":"https:\/\/ehetovadnovenyeink.hu\/index.php\/wp-json\/wp\/v2\/comments?post=490"}],"version-history":[{"count":3,"href":"https:\/\/ehetovadnovenyeink.hu\/index.php\/wp-json\/wp\/v2\/pages\/490\/revisions"}],"predecessor-version":[{"id":817,"href":"https:\/\/ehetovadnovenyeink.hu\/index.php\/wp-json\/wp\/v2\/pages\/490\/revisions\/817"}],"wp:attachment":[{"href":"https:\/\/ehetovadnovenyeink.hu\/index.php\/wp-json\/wp\/v2\/media?parent=490"}],"curies":[{"name":"wp","href":"https:\/\/api.w.org\/{rel}","templated":true}]}}