{"id":484,"date":"2021-10-11T12:12:56","date_gmt":"2021-10-11T12:12:56","guid":{"rendered":"https:\/\/ehetovadnovenyeink.hu\/?page_id=484"},"modified":"2021-11-01T21:01:43","modified_gmt":"2021-11-01T21:01:43","slug":"eruca-versicaria-borsmustar-rukkola","status":"publish","type":"page","link":"https:\/\/ehetovadnovenyeink.hu\/index.php\/eruca-versicaria-borsmustar-rukkola\/","title":{"rendered":"Eruca vesicaria &#8211; borsmust\u00e1r, rukkola"},"content":{"rendered":"<p>78. Eruca vesicaria &#8211; borsmust\u00e1r, rukkola<\/p>\n<p>A keresztesvir\u00e1g\u00faak csal\u00e1dj\u00e1ba tartoz\u00f3 faj, mediterr\u00e1n eredet\u0171. Ritk\u00e1n termesztett, elvadul\u00e1sra hajlamos, vet\u00e9sek gyomt\u00e1rsul\u00e1saiban fordul el\u0151. Levelei lantosak, gy\u00e9ren sz\u0151r\u00f6z\u00f6ttek, a n\u00f6v\u00e9ny magass\u00e1ga 20-90 cm k\u00f6z\u00f6tti. A keresztesvir\u00e1g\u00faakra jellemz\u0151en a 4 szirm\u00fa vir\u00e1gok 15-24 mm hossz\u00faak, feh\u00e9res vagy s\u00e1rg\u00e1s sz\u00edn\u0171ek, ibolyasz\u00edn\u0171 erezettel. A term\u00e9s a vir\u00e1gzati tengelyhez simul\u00f3, felfel\u00e9 \u00e1ll\u00f3, r\u00f6vid kocs\u00e1ny\u00fa bec\u0151, amely 10-30 mm hossz\u00fa \u00e9s a k\u00f6zep\u00e9n 3-6 mm sz\u00e9les, cs\u00facs\u00e1n k\u00e9tkar\u00e9j\u00fa, 5-10 mm hossz\u00fa cs\u0151r tal\u00e1lhat\u00f3. A n\u00f6v\u00e9ny fiatal levelei enyh\u00e9n cs\u00edp\u0151s, borsos \u00edz\u0171ek.<\/p>\n<p>Mikor gy\u0171jthet\u0151: j\u00faniust\u00f3l<\/p>\n<p>&nbsp;<\/p>\n<p><img loading=\"lazy\" decoding=\"async\" class=\"alignnone size-full wp-image-744\" src=\"https:\/\/ehetovadnovenyeink.hu\/wp-content\/uploads\/2021\/10\/Eruca_versicaria-15_WEB0536.jpg\" alt=\"\" width=\"800\" height=\"1200\" srcset=\"https:\/\/ehetovadnovenyeink.hu\/wp-content\/uploads\/2021\/10\/Eruca_versicaria-15_WEB0536.jpg 800w, https:\/\/ehetovadnovenyeink.hu\/wp-content\/uploads\/2021\/10\/Eruca_versicaria-15_WEB0536-200x300.jpg 200w, https:\/\/ehetovadnovenyeink.hu\/wp-content\/uploads\/2021\/10\/Eruca_versicaria-15_WEB0536-768x1152.jpg 768w\" sizes=\"(max-width: 800px) 100vw, 800px\" \/> <img loading=\"lazy\" decoding=\"async\" class=\"alignnone size-full wp-image-745\" src=\"https:\/\/ehetovadnovenyeink.hu\/wp-content\/uploads\/2021\/10\/Eruca_versicaria-8_WEB0537.jpg\" alt=\"\" width=\"800\" height=\"1200\" srcset=\"https:\/\/ehetovadnovenyeink.hu\/wp-content\/uploads\/2021\/10\/Eruca_versicaria-8_WEB0537.jpg 800w, https:\/\/ehetovadnovenyeink.hu\/wp-content\/uploads\/2021\/10\/Eruca_versicaria-8_WEB0537-200x300.jpg 200w, https:\/\/ehetovadnovenyeink.hu\/wp-content\/uploads\/2021\/10\/Eruca_versicaria-8_WEB0537-768x1152.jpg 768w\" sizes=\"(max-width: 800px) 100vw, 800px\" \/> <img loading=\"lazy\" decoding=\"async\" class=\"alignnone size-full wp-image-746\" src=\"https:\/\/ehetovadnovenyeink.hu\/wp-content\/uploads\/2021\/10\/Eruca_versicaria-10_WEB0169.jpg\" alt=\"\" width=\"1200\" height=\"800\" srcset=\"https:\/\/ehetovadnovenyeink.hu\/wp-content\/uploads\/2021\/10\/Eruca_versicaria-10_WEB0169.jpg 1200w, https:\/\/ehetovadnovenyeink.hu\/wp-content\/uploads\/2021\/10\/Eruca_versicaria-10_WEB0169-300x200.jpg 300w, https:\/\/ehetovadnovenyeink.hu\/wp-content\/uploads\/2021\/10\/Eruca_versicaria-10_WEB0169-768x512.jpg 768w\" sizes=\"(max-width: 1200px) 100vw, 1200px\" \/> <img loading=\"lazy\" decoding=\"async\" class=\"alignnone size-full wp-image-747\" src=\"https:\/\/ehetovadnovenyeink.hu\/wp-content\/uploads\/2021\/10\/Eruca_versicaria-12_WEB0171.jpg\" alt=\"\" width=\"1200\" height=\"800\" srcset=\"https:\/\/ehetovadnovenyeink.hu\/wp-content\/uploads\/2021\/10\/Eruca_versicaria-12_WEB0171.jpg 1200w, https:\/\/ehetovadnovenyeink.hu\/wp-content\/uploads\/2021\/10\/Eruca_versicaria-12_WEB0171-300x200.jpg 300w, https:\/\/ehetovadnovenyeink.hu\/wp-content\/uploads\/2021\/10\/Eruca_versicaria-12_WEB0171-768x512.jpg 768w\" sizes=\"(max-width: 1200px) 100vw, 1200px\" \/><\/p>\n","protected":false},"excerpt":{"rendered":"<p>78. Eruca vesicaria &#8211; borsmust\u00e1r, rukkola A keresztesvir\u00e1g\u00faak csal\u00e1dj\u00e1ba tartoz\u00f3 faj, mediterr\u00e1n eredet\u0171. Ritk\u00e1n termesztett, elvadul\u00e1sra hajlamos, vet\u00e9sek gyomt\u00e1rsul\u00e1saiban fordul el\u0151. Levelei lantosak, gy\u00e9ren sz\u0151r\u00f6z\u00f6ttek, a n\u00f6v\u00e9ny magass\u00e1ga 20-90 cm k\u00f6z\u00f6tti. A keresztesvir\u00e1g\u00faakra jellemz\u0151en a 4 szirm\u00fa vir\u00e1gok 15-24 mm hossz\u00faak, feh\u00e9res vagy s\u00e1rg\u00e1s sz\u00edn\u0171ek, ibolyasz\u00edn\u0171 erezettel. A term\u00e9s a vir\u00e1gzati tengelyhez simul\u00f3, felfel\u00e9 \u00e1ll\u00f3, [&hellip;]<\/p>\n","protected":false},"author":1,"featured_media":0,"parent":0,"menu_order":0,"comment_status":"closed","ping_status":"closed","template":"","meta":{"_monsterinsights_skip_tracking":false,"_monsterinsights_sitenote_active":false,"_monsterinsights_sitenote_note":"","_monsterinsights_sitenote_category":0,"footnotes":""},"_links":{"self":[{"href":"https:\/\/ehetovadnovenyeink.hu\/index.php\/wp-json\/wp\/v2\/pages\/484"}],"collection":[{"href":"https:\/\/ehetovadnovenyeink.hu\/index.php\/wp-json\/wp\/v2\/pages"}],"about":[{"href":"https:\/\/ehetovadnovenyeink.hu\/index.php\/wp-json\/wp\/v2\/types\/page"}],"author":[{"embeddable":true,"href":"https:\/\/ehetovadnovenyeink.hu\/index.php\/wp-json\/wp\/v2\/users\/1"}],"replies":[{"embeddable":true,"href":"https:\/\/ehetovadnovenyeink.hu\/index.php\/wp-json\/wp\/v2\/comments?post=484"}],"version-history":[{"count":4,"href":"https:\/\/ehetovadnovenyeink.hu\/index.php\/wp-json\/wp\/v2\/pages\/484\/revisions"}],"predecessor-version":[{"id":1146,"href":"https:\/\/ehetovadnovenyeink.hu\/index.php\/wp-json\/wp\/v2\/pages\/484\/revisions\/1146"}],"wp:attachment":[{"href":"https:\/\/ehetovadnovenyeink.hu\/index.php\/wp-json\/wp\/v2\/media?parent=484"}],"curies":[{"name":"wp","href":"https:\/\/api.w.org\/{rel}","templated":true}]}}