{"id":469,"date":"2021-10-11T12:06:36","date_gmt":"2021-10-11T12:06:36","guid":{"rendered":"https:\/\/ehetovadnovenyeink.hu\/?page_id=469"},"modified":"2021-10-18T15:07:05","modified_gmt":"2021-10-18T15:07:05","slug":"glycyrrhiza-glabra-igazi-edesgyoker","status":"publish","type":"page","link":"https:\/\/ehetovadnovenyeink.hu\/index.php\/glycyrrhiza-glabra-igazi-edesgyoker\/","title":{"rendered":"Glycyrrhiza glabra &#8211; igazi \u00e9desgy\u00f6k\u00e9r"},"content":{"rendered":"<p>73. Glycyrrhiza glabra &#8211; igazi \u00e9desgy\u00f6k\u00e9r<\/p>\n<p>DK-eur\u00f3pai sz\u00e1rmaz\u00e1s\u00fa, n\u00e9hol termesztett faj, mely hajlamos az elvadul\u00e1sra. Termete 50-100 cm k\u00f6z\u00f6tti, t\u00f6ve er\u0151sen tarackol, \u00e9des \u00edz\u0171, r\u00e9gebben \u00e9des\u00edt\u0151szerk\u00e9nt, gyerekcsemegek\u00e9nt alkalmazt\u00e1k. Sz\u00e1ra magas, levelei p\u00e1ratlanul sz\u00e1rnyasan \u00f6sszetettek, a lev\u00e9lk\u00e9k \u00e9p sz\u00e9l\u0171ek, toj\u00e1sdad alak\u00faak, kics\u00edpett cs\u00facs\u00faak, nem sz\u00e1lkahegy\u0171ek. Vir\u00e1gzata laza f\u00fcrt, lil\u00e1s sz\u00edn\u0171 szirmokkal. Term\u00e9se 15-30 mm-es hossz\u00fak\u00e1s, kopasz, 3-5 magv\u00fa h\u00fcvely.<\/p>\n<p>Mikor gy\u0171jthet\u0151: lombos \u00e1llapot\u00e1ban ki\u00e1sott gy\u00f6kt\u00f6rzs\u00e9t \u00e9s le\u00e1gaz\u00f3 gy\u00f6kereit sz\u00e1r\u00edtj\u00e1k, a medvecukor \u00edzes\u00edt\u0151je<\/p>\n<p>&nbsp;<\/p>\n<p><img loading=\"lazy\" decoding=\"async\" class=\"alignnone wp-image-1009 size-large\" src=\"https:\/\/ehetovadnovenyeink.hu\/wp-content\/uploads\/2021\/10\/glycyrrhiza_glabra-787x1200.jpg\" alt=\"\" width=\"787\" height=\"1200\" srcset=\"https:\/\/ehetovadnovenyeink.hu\/wp-content\/uploads\/2021\/10\/glycyrrhiza_glabra-787x1200.jpg 787w, https:\/\/ehetovadnovenyeink.hu\/wp-content\/uploads\/2021\/10\/glycyrrhiza_glabra-197x300.jpg 197w, https:\/\/ehetovadnovenyeink.hu\/wp-content\/uploads\/2021\/10\/glycyrrhiza_glabra-768x1172.jpg 768w, https:\/\/ehetovadnovenyeink.hu\/wp-content\/uploads\/2021\/10\/glycyrrhiza_glabra-1007x1536.jpg 1007w, https:\/\/ehetovadnovenyeink.hu\/wp-content\/uploads\/2021\/10\/glycyrrhiza_glabra.jpg 1252w\" sizes=\"(max-width: 787px) 100vw, 787px\" \/><\/p>\n<p><a href=\"https:\/\/www.flickr.com\/photos\/biodivlibrary\/50087520852\/in\/photolist-2jj4CVJ-rmn8zJ-xrEbsu-ouBAYh-oxwKGv-wnu2Tk-odZJTd-wpXHtY-osRAUW-xP4S8q-xJqMpK-oeNgcp-xLoLnB-rpekdN-wMczQX-xUGQoL-tkVM4y-xiaw5X-xD4uGx-xHCP6u-xzf92y-xAegBe-xCCThK-v92uwm-x5nWAu-v9qzYC-xDEUm9-w5rPNd-x734c9-vNX8cr-xzkCXt-vNTZY4\">Glycyrrhiza glabra<\/a> &#8211; igazi \u00e9desgy\u00f6k\u00e9r<\/p>\n","protected":false},"excerpt":{"rendered":"<p>73. Glycyrrhiza glabra &#8211; igazi \u00e9desgy\u00f6k\u00e9r DK-eur\u00f3pai sz\u00e1rmaz\u00e1s\u00fa, n\u00e9hol termesztett faj, mely hajlamos az elvadul\u00e1sra. Termete 50-100 cm k\u00f6z\u00f6tti, t\u00f6ve er\u0151sen tarackol, \u00e9des \u00edz\u0171, r\u00e9gebben \u00e9des\u00edt\u0151szerk\u00e9nt, gyerekcsemegek\u00e9nt alkalmazt\u00e1k. Sz\u00e1ra magas, levelei p\u00e1ratlanul sz\u00e1rnyasan \u00f6sszetettek, a lev\u00e9lk\u00e9k \u00e9p sz\u00e9l\u0171ek, toj\u00e1sdad alak\u00faak, kics\u00edpett cs\u00facs\u00faak, nem sz\u00e1lkahegy\u0171ek. Vir\u00e1gzata laza f\u00fcrt, lil\u00e1s sz\u00edn\u0171 szirmokkal. Term\u00e9se 15-30 mm-es hossz\u00fak\u00e1s, kopasz, [&hellip;]<\/p>\n","protected":false},"author":1,"featured_media":0,"parent":0,"menu_order":0,"comment_status":"closed","ping_status":"closed","template":"","meta":{"_monsterinsights_skip_tracking":false,"_monsterinsights_sitenote_active":false,"_monsterinsights_sitenote_note":"","_monsterinsights_sitenote_category":0,"footnotes":""},"_links":{"self":[{"href":"https:\/\/ehetovadnovenyeink.hu\/index.php\/wp-json\/wp\/v2\/pages\/469"}],"collection":[{"href":"https:\/\/ehetovadnovenyeink.hu\/index.php\/wp-json\/wp\/v2\/pages"}],"about":[{"href":"https:\/\/ehetovadnovenyeink.hu\/index.php\/wp-json\/wp\/v2\/types\/page"}],"author":[{"embeddable":true,"href":"https:\/\/ehetovadnovenyeink.hu\/index.php\/wp-json\/wp\/v2\/users\/1"}],"replies":[{"embeddable":true,"href":"https:\/\/ehetovadnovenyeink.hu\/index.php\/wp-json\/wp\/v2\/comments?post=469"}],"version-history":[{"count":3,"href":"https:\/\/ehetovadnovenyeink.hu\/index.php\/wp-json\/wp\/v2\/pages\/469\/revisions"}],"predecessor-version":[{"id":1011,"href":"https:\/\/ehetovadnovenyeink.hu\/index.php\/wp-json\/wp\/v2\/pages\/469\/revisions\/1011"}],"wp:attachment":[{"href":"https:\/\/ehetovadnovenyeink.hu\/index.php\/wp-json\/wp\/v2\/media?parent=469"}],"curies":[{"name":"wp","href":"https:\/\/api.w.org\/{rel}","templated":true}]}}