{"id":462,"date":"2021-10-11T12:04:46","date_gmt":"2021-10-11T12:04:46","guid":{"rendered":"https:\/\/ehetovadnovenyeink.hu\/?page_id=462"},"modified":"2021-11-02T09:25:55","modified_gmt":"2021-11-02T09:25:55","slug":"lathyrus-tuberosus-gumos-lednek","status":"publish","type":"page","link":"https:\/\/ehetovadnovenyeink.hu\/index.php\/lathyrus-tuberosus-gumos-lednek\/","title":{"rendered":"Lathyrus tuberosus &#8211; gum\u00f3s lednek"},"content":{"rendered":"<p>71. Lathyrus tuberosus &#8211; gum\u00f3s lednek, mogyor\u00f3s lednek<\/p>\n<p>A pillang\u00f3svir\u00e1g\u00faak csal\u00e1dj\u00e1ba tartoz\u00f3 \u00e9vel\u0151 n\u00f6v\u00e9ny, \u00fatsz\u00e9leken, vet\u00e9sek k\u00f6zel\u00e9ben, sz\u00e1raz gyepeken \u00e9s gyomt\u00e1rsul\u00e1sokon fordul el\u0151. Termete 30-100 cm k\u00f6z\u00f6tti, talajfelsz\u00edn alatt elhelyezked\u0151 gy\u00f6kt\u00f6rzs\u00e9n h\u00fasos gum\u00f3k tal\u00e1lhat\u00f3k, melyek fogyaszthat\u00f3k. Levelei p\u00e1ratlanul sz\u00e1rnyasan \u00f6sszetettek, egy lev\u00e9lkep\u00e1rb\u00f3l \u00e1ll, a cs\u00facson tal\u00e1lhat\u00f3 lev\u00e9l kapaszkod\u00f3kaccs\u00e1 reduk\u00e1l\u00f3dott. A lev\u00e9lk\u00e9k 15-45 mm hossz\u00faak, 5-15 mm sz\u00e9lesek, vissz\u00e1s-toj\u00e1sdad vagy megny\u00falt-elliptikus form\u00e1j\u00faak. Vir\u00e1gzata 2-5 vir\u00e1gb\u00f3l \u00e1ll\u00f3 f\u00fcrt, melynek kocs\u00e1nya hossz\u00fa, a vir\u00e1gok b\u00edborpirosak, 12-20 mm hossz\u00faak \u00e9s illatosak. Term\u00e9se barna sz\u00edn\u0171, szinte hengeres h\u00fcvely.<\/p>\n<p>Mikor gy\u0171jthet\u0151: j\u00fanius-j\u00falius<\/p>\n<p>&nbsp;<\/p>\n<p><img loading=\"lazy\" decoding=\"async\" class=\"alignnone size-full wp-image-1154\" src=\"https:\/\/ehetovadnovenyeink.hu\/wp-content\/uploads\/2021\/11\/Lathyrus-tuberosus.jpg\" alt=\"\" width=\"1088\" height=\"1200\" srcset=\"https:\/\/ehetovadnovenyeink.hu\/wp-content\/uploads\/2021\/11\/Lathyrus-tuberosus.jpg 1088w, https:\/\/ehetovadnovenyeink.hu\/wp-content\/uploads\/2021\/11\/Lathyrus-tuberosus-272x300.jpg 272w, https:\/\/ehetovadnovenyeink.hu\/wp-content\/uploads\/2021\/11\/Lathyrus-tuberosus-768x847.jpg 768w\" sizes=\"(max-width: 1088px) 100vw, 1088px\" \/><\/p>\n<p><img loading=\"lazy\" decoding=\"async\" class=\"alignnone wp-image-808 size-large\" src=\"https:\/\/ehetovadnovenyeink.hu\/wp-content\/uploads\/2021\/10\/lathyrus_tuberosus-748x1200.jpg\" alt=\"\" width=\"748\" height=\"1200\" srcset=\"https:\/\/ehetovadnovenyeink.hu\/wp-content\/uploads\/2021\/10\/lathyrus_tuberosus-748x1200.jpg 748w, https:\/\/ehetovadnovenyeink.hu\/wp-content\/uploads\/2021\/10\/lathyrus_tuberosus-187x300.jpg 187w, https:\/\/ehetovadnovenyeink.hu\/wp-content\/uploads\/2021\/10\/lathyrus_tuberosus-768x1233.jpg 768w, https:\/\/ehetovadnovenyeink.hu\/wp-content\/uploads\/2021\/10\/lathyrus_tuberosus-957x1536.jpg 957w, https:\/\/ehetovadnovenyeink.hu\/wp-content\/uploads\/2021\/10\/lathyrus_tuberosus-1276x2048.jpg 1276w, https:\/\/ehetovadnovenyeink.hu\/wp-content\/uploads\/2021\/10\/lathyrus_tuberosus-scaled.jpg 1595w\" sizes=\"(max-width: 748px) 100vw, 748px\" \/><\/p>\n<p><a href=\"https:\/\/www.flickr.com\/photos\/internetarchivebookimages\/20377324921\/in\/photolist-Vk4mQq-o9CCsn-yr5XX9-xrH6pA-w9bfrR-ovVStF-oydqYD-yePs7M-wXoFMW-xhW4Bv-rpf36u-wPjggc-r7KREh-xhSSEn-xBMPQS-wXkBim-xRj1gP-wQEurD-xo8kFt-xS69Lf-wR6fVN-wajJnQ-x69J6m-x3F7Li-xDyppr-wPJ7Ty-xCoFSP-wGFNGT-xjguEZ-xjDsbA-xysaZ3-wa31Mr\">Lathyrus tuberosus<\/a> &#8211; gum\u00f3s lednek<\/p>\n<p>&nbsp;<\/p>\n","protected":false},"excerpt":{"rendered":"<p>71. Lathyrus tuberosus &#8211; gum\u00f3s lednek, mogyor\u00f3s lednek A pillang\u00f3svir\u00e1g\u00faak csal\u00e1dj\u00e1ba tartoz\u00f3 \u00e9vel\u0151 n\u00f6v\u00e9ny, \u00fatsz\u00e9leken, vet\u00e9sek k\u00f6zel\u00e9ben, sz\u00e1raz gyepeken \u00e9s gyomt\u00e1rsul\u00e1sokon fordul el\u0151. Termete 30-100 cm k\u00f6z\u00f6tti, talajfelsz\u00edn alatt elhelyezked\u0151 gy\u00f6kt\u00f6rzs\u00e9n h\u00fasos gum\u00f3k tal\u00e1lhat\u00f3k, melyek fogyaszthat\u00f3k. Levelei p\u00e1ratlanul sz\u00e1rnyasan \u00f6sszetettek, egy lev\u00e9lkep\u00e1rb\u00f3l \u00e1ll, a cs\u00facson tal\u00e1lhat\u00f3 lev\u00e9l kapaszkod\u00f3kaccs\u00e1 reduk\u00e1l\u00f3dott. A lev\u00e9lk\u00e9k 15-45 mm hossz\u00faak, 5-15 [&hellip;]<\/p>\n","protected":false},"author":1,"featured_media":0,"parent":0,"menu_order":0,"comment_status":"closed","ping_status":"closed","template":"","meta":{"_monsterinsights_skip_tracking":false,"_monsterinsights_sitenote_active":false,"_monsterinsights_sitenote_note":"","_monsterinsights_sitenote_category":0,"footnotes":""},"_links":{"self":[{"href":"https:\/\/ehetovadnovenyeink.hu\/index.php\/wp-json\/wp\/v2\/pages\/462"}],"collection":[{"href":"https:\/\/ehetovadnovenyeink.hu\/index.php\/wp-json\/wp\/v2\/pages"}],"about":[{"href":"https:\/\/ehetovadnovenyeink.hu\/index.php\/wp-json\/wp\/v2\/types\/page"}],"author":[{"embeddable":true,"href":"https:\/\/ehetovadnovenyeink.hu\/index.php\/wp-json\/wp\/v2\/users\/1"}],"replies":[{"embeddable":true,"href":"https:\/\/ehetovadnovenyeink.hu\/index.php\/wp-json\/wp\/v2\/comments?post=462"}],"version-history":[{"count":4,"href":"https:\/\/ehetovadnovenyeink.hu\/index.php\/wp-json\/wp\/v2\/pages\/462\/revisions"}],"predecessor-version":[{"id":1155,"href":"https:\/\/ehetovadnovenyeink.hu\/index.php\/wp-json\/wp\/v2\/pages\/462\/revisions\/1155"}],"wp:attachment":[{"href":"https:\/\/ehetovadnovenyeink.hu\/index.php\/wp-json\/wp\/v2\/media?parent=462"}],"curies":[{"name":"wp","href":"https:\/\/api.w.org\/{rel}","templated":true}]}}