{"id":459,"date":"2021-10-11T12:04:09","date_gmt":"2021-10-11T12:04:09","guid":{"rendered":"https:\/\/ehetovadnovenyeink.hu\/?page_id=459"},"modified":"2021-10-13T12:46:52","modified_gmt":"2021-10-13T12:46:52","slug":"alliaria-petiolata-hagymaszagu-kanyazsombor","status":"publish","type":"page","link":"https:\/\/ehetovadnovenyeink.hu\/index.php\/alliaria-petiolata-hagymaszagu-kanyazsombor\/","title":{"rendered":"Alliaria petiolata &#8211; hagymaszag\u00fa k\u00e1nyazsombor"},"content":{"rendered":"<p>70. Alliaria petiolata &#8211; hagymaszag\u00fa k\u00e1nyazsombor<\/p>\n<p>\u0150shonos, a keresztesvir\u00e1g\u00faak csal\u00e1dj\u00e1ba tartoz\u00f3 k\u00e9t\u00e9ves faj. T\u00f6lgyes erd\u0151k, \u00fcde gyomt\u00e1rsul\u00e1sok, ak\u00e1cosok, erd\u0151s\u00e1vok, v\u00e1g\u00e1sok n\u00f6v\u00e9nye. Termete 30-80 cm k\u00f6z\u00f6tti, sz\u00e1ra alul borzas sz\u0151r\u00f6s, fel\u00fcl kopasz. T\u0151levelei vese alak\u00faak, csipk\u00e9s-fogas sz\u00e9l\u0171ek \u00e9s hossz\u00fa nyel\u0171ek, sz\u00e1rlevelei r\u00f6vid nyel\u0171ek, h\u00e1romsz\u00f6g-toj\u00e1sdadok. A keresztes vir\u00e1ga 4 szirm\u00fa feh\u00e9r sz\u00edn\u0171, 4-7 mm hossz\u00fa. A term\u00e9s 2-7cm hossz\u00fa, el- vagy fel\u00e1ll\u00f3 bec\u0151. D\u00f6rzs\u00f6l\u00e9sre az eg\u00e9sz n\u00f6v\u00e9ny hagyma- illetve foghagyma szag\u00fa.<\/p>\n<p>Mikor gy\u0171jthet\u0151: M\u00e1just\u00f3l<\/p>\n<p>&nbsp;<\/p>\n<p>&nbsp;<\/p>\n<div class=\"mceTemp\"><\/div>\n<div class=\"mceTemp\"><\/div>\n<p><img loading=\"lazy\" decoding=\"async\" class=\"alignnone size-large wp-image-539\" src=\"https:\/\/ehetovadnovenyeink.hu\/wp-content\/uploads\/2021\/10\/alliaria_petiolata2-300x200.jpg\" alt=\"\" width=\"600\" height=\"400\" srcset=\"https:\/\/ehetovadnovenyeink.hu\/wp-content\/uploads\/2021\/10\/alliaria_petiolata2-300x200.jpg 300w, https:\/\/ehetovadnovenyeink.hu\/wp-content\/uploads\/2021\/10\/alliaria_petiolata2-1024x682.jpg 1024w, https:\/\/ehetovadnovenyeink.hu\/wp-content\/uploads\/2021\/10\/alliaria_petiolata2-768x512.jpg 768w, https:\/\/ehetovadnovenyeink.hu\/wp-content\/uploads\/2021\/10\/alliaria_petiolata2-1536x1024.jpg 1536w, https:\/\/ehetovadnovenyeink.hu\/wp-content\/uploads\/2021\/10\/alliaria_petiolata2-2048x1365.jpg 2048w\" sizes=\"(max-width: 600px) 100vw, 600px\" \/><\/p>\n<figure id=\"attachment_541\" aria-describedby=\"caption-attachment-541\" style=\"width: 675px\" class=\"wp-caption alignnone\"><img loading=\"lazy\" decoding=\"async\" class=\"size-medium wp-image-541\" src=\"https:\/\/ehetovadnovenyeink.hu\/wp-content\/uploads\/2021\/10\/alliaria_petiolata1-225x300.jpg\" alt=\"\" width=\"675\" height=\"900\" srcset=\"https:\/\/ehetovadnovenyeink.hu\/wp-content\/uploads\/2021\/10\/alliaria_petiolata1-225x300.jpg 225w, https:\/\/ehetovadnovenyeink.hu\/wp-content\/uploads\/2021\/10\/alliaria_petiolata1-768x1024.jpg 768w, https:\/\/ehetovadnovenyeink.hu\/wp-content\/uploads\/2021\/10\/alliaria_petiolata1-1152x1536.jpg 1152w, https:\/\/ehetovadnovenyeink.hu\/wp-content\/uploads\/2021\/10\/alliaria_petiolata1-1536x2048.jpg 1536w, https:\/\/ehetovadnovenyeink.hu\/wp-content\/uploads\/2021\/10\/alliaria_petiolata1.jpg 1725w\" sizes=\"(max-width: 675px) 100vw, 675px\" \/><figcaption id=\"caption-attachment-541\" class=\"wp-caption-text\"><a href=\"https:\/\/www.flickr.com\/photos\/natureserve\/8426571677\/\">Garlic mustard (<em>Alliaria petiolata<\/em>) in spring. Garlic mustard is a highly invasive non-native species that threatens the health of many natural communities in the U.S.<\/a><br \/>Photographer: Erin Jones, courtesy of NatureServe.<\/figcaption><\/figure>\n<figure id=\"attachment_540\" aria-describedby=\"caption-attachment-540\" style=\"width: 552px\" class=\"wp-caption alignnone\"><img loading=\"lazy\" decoding=\"async\" class=\"size-medium wp-image-540\" src=\"https:\/\/ehetovadnovenyeink.hu\/wp-content\/uploads\/2021\/10\/alliaria_petiolata-2-184x300.jpg\" alt=\"\" width=\"552\" height=\"900\" srcset=\"https:\/\/ehetovadnovenyeink.hu\/wp-content\/uploads\/2021\/10\/alliaria_petiolata-2-184x300.jpg 184w, https:\/\/ehetovadnovenyeink.hu\/wp-content\/uploads\/2021\/10\/alliaria_petiolata-2-628x1024.jpg 628w, https:\/\/ehetovadnovenyeink.hu\/wp-content\/uploads\/2021\/10\/alliaria_petiolata-2-768x1252.jpg 768w, https:\/\/ehetovadnovenyeink.hu\/wp-content\/uploads\/2021\/10\/alliaria_petiolata-2-942x1536.jpg 942w, https:\/\/ehetovadnovenyeink.hu\/wp-content\/uploads\/2021\/10\/alliaria_petiolata-2-1257x2048.jpg 1257w, https:\/\/ehetovadnovenyeink.hu\/wp-content\/uploads\/2021\/10\/alliaria_petiolata-2.jpg 1534w\" sizes=\"(max-width: 552px) 100vw, 552px\" \/><figcaption id=\"caption-attachment-540\" class=\"wp-caption-text\"><a href=\"https:\/\/www.biodiversitylibrary.org\/page\/10459234#page\/397\/mode\/1up\">Billeder af nordens flora. v.1<\/a><br \/>K\u00f8benhavn,G.E.C. Gad&#8217;s forlag,1917-1927.<br \/>http:\/\/biodiversitylibrary.org\/item\/39907<\/figcaption><\/figure>\n","protected":false},"excerpt":{"rendered":"<p>70. Alliaria petiolata &#8211; hagymaszag\u00fa k\u00e1nyazsombor \u0150shonos, a keresztesvir\u00e1g\u00faak csal\u00e1dj\u00e1ba tartoz\u00f3 k\u00e9t\u00e9ves faj. T\u00f6lgyes erd\u0151k, \u00fcde gyomt\u00e1rsul\u00e1sok, ak\u00e1cosok, erd\u0151s\u00e1vok, v\u00e1g\u00e1sok n\u00f6v\u00e9nye. Termete 30-80 cm k\u00f6z\u00f6tti, sz\u00e1ra alul borzas sz\u0151r\u00f6s, fel\u00fcl kopasz. T\u0151levelei vese alak\u00faak, csipk\u00e9s-fogas sz\u00e9l\u0171ek \u00e9s hossz\u00fa nyel\u0171ek, sz\u00e1rlevelei r\u00f6vid nyel\u0171ek, h\u00e1romsz\u00f6g-toj\u00e1sdadok. A keresztes vir\u00e1ga 4 szirm\u00fa feh\u00e9r sz\u00edn\u0171, 4-7 mm hossz\u00fa. A term\u00e9s [&hellip;]<\/p>\n","protected":false},"author":1,"featured_media":0,"parent":0,"menu_order":0,"comment_status":"closed","ping_status":"closed","template":"","meta":{"_monsterinsights_skip_tracking":false,"_monsterinsights_sitenote_active":false,"_monsterinsights_sitenote_note":"","_monsterinsights_sitenote_category":0,"footnotes":""},"_links":{"self":[{"href":"https:\/\/ehetovadnovenyeink.hu\/index.php\/wp-json\/wp\/v2\/pages\/459"}],"collection":[{"href":"https:\/\/ehetovadnovenyeink.hu\/index.php\/wp-json\/wp\/v2\/pages"}],"about":[{"href":"https:\/\/ehetovadnovenyeink.hu\/index.php\/wp-json\/wp\/v2\/types\/page"}],"author":[{"embeddable":true,"href":"https:\/\/ehetovadnovenyeink.hu\/index.php\/wp-json\/wp\/v2\/users\/1"}],"replies":[{"embeddable":true,"href":"https:\/\/ehetovadnovenyeink.hu\/index.php\/wp-json\/wp\/v2\/comments?post=459"}],"version-history":[{"count":9,"href":"https:\/\/ehetovadnovenyeink.hu\/index.php\/wp-json\/wp\/v2\/pages\/459\/revisions"}],"predecessor-version":[{"id":576,"href":"https:\/\/ehetovadnovenyeink.hu\/index.php\/wp-json\/wp\/v2\/pages\/459\/revisions\/576"}],"wp:attachment":[{"href":"https:\/\/ehetovadnovenyeink.hu\/index.php\/wp-json\/wp\/v2\/media?parent=459"}],"curies":[{"name":"wp","href":"https:\/\/api.w.org\/{rel}","templated":true}]}}