{"id":455,"date":"2021-10-11T12:02:51","date_gmt":"2021-10-11T12:02:51","guid":{"rendered":"https:\/\/ehetovadnovenyeink.hu\/?page_id=455"},"modified":"2021-10-26T08:45:22","modified_gmt":"2021-10-26T08:45:22","slug":"lapsana-communis-bojtorjansalata","status":"publish","type":"page","link":"https:\/\/ehetovadnovenyeink.hu\/index.php\/lapsana-communis-bojtorjansalata\/","title":{"rendered":"Lapsana communis &#8211; k\u00f6z\u00f6ns\u00e9ges bojtorj\u00e1nsal\u00e1ta"},"content":{"rendered":"<p>69. Lapsana communis &#8211; k\u00f6z\u00f6ns\u00e9ges bojtorj\u00e1nsal\u00e1ta<\/p>\n<p>\u0150shonos, k\u00e9t\u00e9ves vagy \u00e9vel\u0151, l\u00e1gysz\u00e1r\u00fa n\u00f6v\u00e9ny. Termete 30-120 cm k\u00f6z\u00f6tti, sz\u00e1ra el\u00e1gaz\u00f3, karcs\u00fa. \u00dcde erd\u0151k, cserj\u00e9sek, k\u00f6ves \u00e9s humuszban gazdag talajok, bolygat\u00e1sjelz\u0151 n\u00f6v\u00e9nye. T\u0151levelei lantosak, a sz\u00e1ron l\u00e9v\u0151 levelek \u00fcl\u0151k vagy r\u00f6vid nyel\u0171ek, kar\u00e9jos fogas vagy \u00e9p sz\u00e9l\u0171ek, toj\u00e1sdad alak\u00faak. A f\u00e9szekvir\u00e1gzat\u00faak csal\u00e1dj\u00e1ba tartoz\u00f3 n\u00f6v\u00e9ny, vir\u00e1gai halv\u00e1nys\u00e1rg\u00e1k. A f\u00e9szkek kicsik, 5-8mm hossz\u00faak, fel\u00e1ll\u00f3 s\u00e1toroz\u00f3 bug\u00e1ba rendez\u0151dnek. A f\u00e9szekt\u00e1ny\u00e9r fon\u00e1k\u00e1n 2 sorban \u00e1llnak a f\u00e9szekpikkelyek, melyekb\u0151l a k\u00fcls\u0151k apr\u00f3k. Vir\u00e1gz\u00e1s el\u0151tti fiatal levelei fogyaszthat\u00f3ak.<\/p>\n<p>Mikor gy\u0171jthet\u0151: k\u00e9s\u0151 ny\u00e1ron vir\u00e1gz\u00f3 faj, levelei el\u0151tte gy\u0171jthet\u0151k<\/p>\n<p>&nbsp;<\/p>\n<p><img loading=\"lazy\" decoding=\"async\" class=\"alignnone wp-image-803 size-large\" src=\"https:\/\/ehetovadnovenyeink.hu\/wp-content\/uploads\/2021\/10\/lapsana_communisII-1200x800.jpg\" alt=\"\" width=\"1200\" height=\"800\" srcset=\"https:\/\/ehetovadnovenyeink.hu\/wp-content\/uploads\/2021\/10\/lapsana_communisII-1200x800.jpg 1200w, https:\/\/ehetovadnovenyeink.hu\/wp-content\/uploads\/2021\/10\/lapsana_communisII-300x200.jpg 300w, https:\/\/ehetovadnovenyeink.hu\/wp-content\/uploads\/2021\/10\/lapsana_communisII-768x512.jpg 768w, https:\/\/ehetovadnovenyeink.hu\/wp-content\/uploads\/2021\/10\/lapsana_communisII.jpg 1500w\" sizes=\"(max-width: 1200px) 100vw, 1200px\" \/><\/p>\n<p><a href=\"https:\/\/www.flickr.com\/photos\/biodivlibrary\/6029272608\/in\/photolist-RZMfvs-GSWhRm-KgYSF6-abMAG1-wNvFw1-oyaziv-xV2mUP-xV2muF-owrDPU-eneqFA-xBKfiq-ouhPPs-xKtPqg-xyMwAb-wz9LfJ-r7UW6e-qsntBC-t4fWKu-r6252c-oeYxg1-xE9Qqr-xDxayT-xBs5gq-2gbhRz1-xszZ3L-xGRCQt-owqr7V-oeLHVD\">Lapsana communis<\/a> &#8211; bojtorj\u00e1nsal\u00e1ta<\/p>\n<figure id=\"attachment_801\" aria-describedby=\"caption-attachment-801\" style=\"width: 737px\" class=\"wp-caption alignnone\"><img loading=\"lazy\" decoding=\"async\" class=\"wp-image-801 size-large\" src=\"https:\/\/ehetovadnovenyeink.hu\/wp-content\/uploads\/2021\/10\/lapsana_communis-737x1200.jpg\" alt=\"\" width=\"737\" height=\"1200\" srcset=\"https:\/\/ehetovadnovenyeink.hu\/wp-content\/uploads\/2021\/10\/lapsana_communis-737x1200.jpg 737w, https:\/\/ehetovadnovenyeink.hu\/wp-content\/uploads\/2021\/10\/lapsana_communis-184x300.jpg 184w, https:\/\/ehetovadnovenyeink.hu\/wp-content\/uploads\/2021\/10\/lapsana_communis-768x1251.jpg 768w, https:\/\/ehetovadnovenyeink.hu\/wp-content\/uploads\/2021\/10\/lapsana_communis-943x1536.jpg 943w, https:\/\/ehetovadnovenyeink.hu\/wp-content\/uploads\/2021\/10\/lapsana_communis-1257x2048.jpg 1257w, https:\/\/ehetovadnovenyeink.hu\/wp-content\/uploads\/2021\/10\/lapsana_communis-scaled.jpg 1571w\" sizes=\"(max-width: 737px) 100vw, 737px\" \/><figcaption id=\"caption-attachment-801\" class=\"wp-caption-text\">Billeder af nordens flora. v.1<br \/>K\u00f8benhavn,G.E.C. Gad&#8217;s forlag,1917-1927.<br \/><a href=\"http:\/\/biodiversitylibrary.org\/item\/39907\">http:\/\/biodiversitylibrary.org\/item\/39907<\/a><\/figcaption><\/figure>\n","protected":false},"excerpt":{"rendered":"<p>69. Lapsana communis &#8211; k\u00f6z\u00f6ns\u00e9ges bojtorj\u00e1nsal\u00e1ta \u0150shonos, k\u00e9t\u00e9ves vagy \u00e9vel\u0151, l\u00e1gysz\u00e1r\u00fa n\u00f6v\u00e9ny. Termete 30-120 cm k\u00f6z\u00f6tti, sz\u00e1ra el\u00e1gaz\u00f3, karcs\u00fa. \u00dcde erd\u0151k, cserj\u00e9sek, k\u00f6ves \u00e9s humuszban gazdag talajok, bolygat\u00e1sjelz\u0151 n\u00f6v\u00e9nye. T\u0151levelei lantosak, a sz\u00e1ron l\u00e9v\u0151 levelek \u00fcl\u0151k vagy r\u00f6vid nyel\u0171ek, kar\u00e9jos fogas vagy \u00e9p sz\u00e9l\u0171ek, toj\u00e1sdad alak\u00faak. A f\u00e9szekvir\u00e1gzat\u00faak csal\u00e1dj\u00e1ba tartoz\u00f3 n\u00f6v\u00e9ny, vir\u00e1gai halv\u00e1nys\u00e1rg\u00e1k. A f\u00e9szkek [&hellip;]<\/p>\n","protected":false},"author":1,"featured_media":0,"parent":0,"menu_order":0,"comment_status":"closed","ping_status":"closed","template":"","meta":{"_monsterinsights_skip_tracking":false,"_monsterinsights_sitenote_active":false,"_monsterinsights_sitenote_note":"","_monsterinsights_sitenote_category":0,"footnotes":""},"_links":{"self":[{"href":"https:\/\/ehetovadnovenyeink.hu\/index.php\/wp-json\/wp\/v2\/pages\/455"}],"collection":[{"href":"https:\/\/ehetovadnovenyeink.hu\/index.php\/wp-json\/wp\/v2\/pages"}],"about":[{"href":"https:\/\/ehetovadnovenyeink.hu\/index.php\/wp-json\/wp\/v2\/types\/page"}],"author":[{"embeddable":true,"href":"https:\/\/ehetovadnovenyeink.hu\/index.php\/wp-json\/wp\/v2\/users\/1"}],"replies":[{"embeddable":true,"href":"https:\/\/ehetovadnovenyeink.hu\/index.php\/wp-json\/wp\/v2\/comments?post=455"}],"version-history":[{"count":6,"href":"https:\/\/ehetovadnovenyeink.hu\/index.php\/wp-json\/wp\/v2\/pages\/455\/revisions"}],"predecessor-version":[{"id":1135,"href":"https:\/\/ehetovadnovenyeink.hu\/index.php\/wp-json\/wp\/v2\/pages\/455\/revisions\/1135"}],"wp:attachment":[{"href":"https:\/\/ehetovadnovenyeink.hu\/index.php\/wp-json\/wp\/v2\/media?parent=455"}],"curies":[{"name":"wp","href":"https:\/\/api.w.org\/{rel}","templated":true}]}}