{"id":448,"date":"2021-10-11T12:01:10","date_gmt":"2021-10-11T12:01:10","guid":{"rendered":"https:\/\/ehetovadnovenyeink.hu\/?page_id=448"},"modified":"2021-10-15T12:46:27","modified_gmt":"2021-10-15T12:46:27","slug":"castanea-sativa-szelidgesztenye","status":"publish","type":"page","link":"https:\/\/ehetovadnovenyeink.hu\/index.php\/castanea-sativa-szelidgesztenye\/","title":{"rendered":"Castanea sativa &#8211; szel\u00eddgesztenye"},"content":{"rendered":"<p>67. Castanea sativa &#8211; szel\u00eddgesztenye<\/p>\n<p>Zal\u00e1ban \u00e9s Somogyban \u0151shonos, m\u00e1shol \u00fcltetett, d\u00e9l-eur\u00f3pai, szubmediterr\u00e1n faj. M\u00e9szker\u00fcl\u0151 erd\u0151k, gyerty\u00e1nos t\u00f6lgyesek, \u00fcde lomberd\u0151k n\u00f6v\u00e9nye. Termete 15-30 m k\u00f6z\u00f6tti, k\u00e9rge barn\u00e1s-sz\u00fcrk\u00e9s, hosszanti reped\u00e9sekkel. Levelei 12-25 cm hossz\u00faak, l\u00e1ndzs\u00e1sak, sz\u00e9l\u00fck durv\u00e1n, sz\u00e1lk\u00e1san fogas. \u0150szi lombsz\u00edne s\u00e1rga. A vir\u00e1gok egy- vagy k\u00e9tivar\u00fa, lev\u00e9lh\u00f3nalji, fel\u00e1ll\u00f3, \u00f6sszetett f\u00fcz\u00e9rekben ny\u00edlnak. Term\u00e9se z\u00e1rt kupacs\u00fa makk (gesztenye), a kupacs g\u00f6mb\u00f6lyded, 5-6 cm \u00e1tm\u00e9r\u0151j\u0171, fel\u00fclet\u00e9n t\u00fcsk\u00e9s, benne \u00e1ltal\u00e1ban 3 db, 2-3,5 cm hossz\u00fa makkal. Magja fogyaszthat\u00f3 s\u00fctve, f\u0151zve, nagyon fontos eg\u00e9szs\u00e9gmeg\u0151rz\u0151 anyagokat tartalmaz. M\u00e9ze is k\u00fcl\u00f6nleges, s\u00f6t\u00e9t sz\u00edn\u0171.<\/p>\n<p>Mikor gy\u0171jthet\u0151: \u0151sszel<\/p>\n<p>&nbsp;<\/p>\n<p><img loading=\"lazy\" decoding=\"async\" class=\"alignnone size-full wp-image-646\" src=\"https:\/\/ehetovadnovenyeink.hu\/wp-content\/uploads\/2021\/10\/Castanea_sativa-1_WEB0029.jpg\" alt=\"\" width=\"1200\" height=\"800\" srcset=\"https:\/\/ehetovadnovenyeink.hu\/wp-content\/uploads\/2021\/10\/Castanea_sativa-1_WEB0029.jpg 1200w, https:\/\/ehetovadnovenyeink.hu\/wp-content\/uploads\/2021\/10\/Castanea_sativa-1_WEB0029-300x200.jpg 300w, https:\/\/ehetovadnovenyeink.hu\/wp-content\/uploads\/2021\/10\/Castanea_sativa-1_WEB0029-768x512.jpg 768w\" sizes=\"(max-width: 1200px) 100vw, 1200px\" \/><\/p>\n<p><img loading=\"lazy\" decoding=\"async\" class=\"alignnone size-full wp-image-653\" src=\"https:\/\/ehetovadnovenyeink.hu\/wp-content\/uploads\/2021\/10\/Castanea_sativa-3_WEB0031.jpg\" alt=\"\" width=\"1200\" height=\"800\" srcset=\"https:\/\/ehetovadnovenyeink.hu\/wp-content\/uploads\/2021\/10\/Castanea_sativa-3_WEB0031.jpg 1200w, https:\/\/ehetovadnovenyeink.hu\/wp-content\/uploads\/2021\/10\/Castanea_sativa-3_WEB0031-300x200.jpg 300w, https:\/\/ehetovadnovenyeink.hu\/wp-content\/uploads\/2021\/10\/Castanea_sativa-3_WEB0031-768x512.jpg 768w\" sizes=\"(max-width: 1200px) 100vw, 1200px\" \/><\/p>\n<p><img loading=\"lazy\" decoding=\"async\" class=\"size-full wp-image-649\" src=\"https:\/\/ehetovadnovenyeink.hu\/wp-content\/uploads\/2021\/10\/Castanea0252.jpg\" alt=\"\" width=\"900\" height=\"1200\" srcset=\"https:\/\/ehetovadnovenyeink.hu\/wp-content\/uploads\/2021\/10\/Castanea0252.jpg 900w, https:\/\/ehetovadnovenyeink.hu\/wp-content\/uploads\/2021\/10\/Castanea0252-225x300.jpg 225w, https:\/\/ehetovadnovenyeink.hu\/wp-content\/uploads\/2021\/10\/Castanea0252-768x1024.jpg 768w\" sizes=\"(max-width: 900px) 100vw, 900px\" \/><\/p>\n<p><img loading=\"lazy\" decoding=\"async\" class=\"size-full wp-image-650\" src=\"https:\/\/ehetovadnovenyeink.hu\/wp-content\/uploads\/2021\/10\/Castanea0253.jpg\" alt=\"\" width=\"1200\" height=\"900\" srcset=\"https:\/\/ehetovadnovenyeink.hu\/wp-content\/uploads\/2021\/10\/Castanea0253.jpg 1200w, https:\/\/ehetovadnovenyeink.hu\/wp-content\/uploads\/2021\/10\/Castanea0253-300x225.jpg 300w, https:\/\/ehetovadnovenyeink.hu\/wp-content\/uploads\/2021\/10\/Castanea0253-768x576.jpg 768w\" sizes=\"(max-width: 1200px) 100vw, 1200px\" \/><\/p>\n<p><img loading=\"lazy\" decoding=\"async\" class=\"alignnone wp-image-648 size-large\" src=\"https:\/\/ehetovadnovenyeink.hu\/wp-content\/uploads\/2021\/10\/castanea_sativa-1024x1200.jpg\" alt=\"\" width=\"1024\" height=\"1200\" srcset=\"https:\/\/ehetovadnovenyeink.hu\/wp-content\/uploads\/2021\/10\/castanea_sativa-1024x1200.jpg 1024w, https:\/\/ehetovadnovenyeink.hu\/wp-content\/uploads\/2021\/10\/castanea_sativa-256x300.jpg 256w, https:\/\/ehetovadnovenyeink.hu\/wp-content\/uploads\/2021\/10\/castanea_sativa-768x900.jpg 768w, https:\/\/ehetovadnovenyeink.hu\/wp-content\/uploads\/2021\/10\/castanea_sativa-1311x1536.jpg 1311w, https:\/\/ehetovadnovenyeink.hu\/wp-content\/uploads\/2021\/10\/castanea_sativa-1748x2048.jpg 1748w\" sizes=\"(max-width: 1024px) 100vw, 1024px\" \/><\/p>\n<p><a href=\"https:\/\/www.flickr.com\/photos\/internetarchivebookimages\/14578842530\/in\/photolist-xr6tKY-odhnXY-x2uyHo-yqQUQV-ypvd8v-ow8Bhh-y8NaQG-x7CKBG-y8vp6J-xrUH4S-xtwH4g-vvmXd4-oePP87-ouN7Lz-otkqLD-owfvay-xr6Z3W-y8yXYS-xt4UtW-oc92od-oePnA6-otqnYA-otGT1y-qrTR26-ou99mK-xHvmk9-tMCubQ-xsejSo-y7EoM1-qBnn2D-ynXM8u-xJgGnZ-yomMnm-xStJVH-TP6BQj-xTuQjr-xfYMTL-xrAts7-wYEKQH-od8C9j-yfhktJ-owecV5-tDanS2-y8o9C9-xrLyFK-wMpqHK-tC5Deq-x3ockw-wwxqYt-x9hM9v\/\">Castanea sativa<\/a> &#8211; szel\u00eddgesztenye<\/p>\n","protected":false},"excerpt":{"rendered":"<p>67. Castanea sativa &#8211; szel\u00eddgesztenye Zal\u00e1ban \u00e9s Somogyban \u0151shonos, m\u00e1shol \u00fcltetett, d\u00e9l-eur\u00f3pai, szubmediterr\u00e1n faj. M\u00e9szker\u00fcl\u0151 erd\u0151k, gyerty\u00e1nos t\u00f6lgyesek, \u00fcde lomberd\u0151k n\u00f6v\u00e9nye. Termete 15-30 m k\u00f6z\u00f6tti, k\u00e9rge barn\u00e1s-sz\u00fcrk\u00e9s, hosszanti reped\u00e9sekkel. Levelei 12-25 cm hossz\u00faak, l\u00e1ndzs\u00e1sak, sz\u00e9l\u00fck durv\u00e1n, sz\u00e1lk\u00e1san fogas. \u0150szi lombsz\u00edne s\u00e1rga. A vir\u00e1gok egy- vagy k\u00e9tivar\u00fa, lev\u00e9lh\u00f3nalji, fel\u00e1ll\u00f3, \u00f6sszetett f\u00fcz\u00e9rekben ny\u00edlnak. Term\u00e9se z\u00e1rt kupacs\u00fa makk [&hellip;]<\/p>\n","protected":false},"author":1,"featured_media":0,"parent":0,"menu_order":0,"comment_status":"closed","ping_status":"closed","template":"","meta":{"_monsterinsights_skip_tracking":false,"_monsterinsights_sitenote_active":false,"_monsterinsights_sitenote_note":"","_monsterinsights_sitenote_category":0,"footnotes":""},"_links":{"self":[{"href":"https:\/\/ehetovadnovenyeink.hu\/index.php\/wp-json\/wp\/v2\/pages\/448"}],"collection":[{"href":"https:\/\/ehetovadnovenyeink.hu\/index.php\/wp-json\/wp\/v2\/pages"}],"about":[{"href":"https:\/\/ehetovadnovenyeink.hu\/index.php\/wp-json\/wp\/v2\/types\/page"}],"author":[{"embeddable":true,"href":"https:\/\/ehetovadnovenyeink.hu\/index.php\/wp-json\/wp\/v2\/users\/1"}],"replies":[{"embeddable":true,"href":"https:\/\/ehetovadnovenyeink.hu\/index.php\/wp-json\/wp\/v2\/comments?post=448"}],"version-history":[{"count":8,"href":"https:\/\/ehetovadnovenyeink.hu\/index.php\/wp-json\/wp\/v2\/pages\/448\/revisions"}],"predecessor-version":[{"id":731,"href":"https:\/\/ehetovadnovenyeink.hu\/index.php\/wp-json\/wp\/v2\/pages\/448\/revisions\/731"}],"wp:attachment":[{"href":"https:\/\/ehetovadnovenyeink.hu\/index.php\/wp-json\/wp\/v2\/media?parent=448"}],"curies":[{"name":"wp","href":"https:\/\/api.w.org\/{rel}","templated":true}]}}