{"id":441,"date":"2021-10-11T11:59:00","date_gmt":"2021-10-11T11:59:00","guid":{"rendered":"https:\/\/ehetovadnovenyeink.hu\/?page_id=441"},"modified":"2021-10-18T15:17:49","modified_gmt":"2021-10-18T15:17:49","slug":"allium-ampeloprasum-nyari-hagyma","status":"publish","type":"page","link":"https:\/\/ehetovadnovenyeink.hu\/index.php\/allium-ampeloprasum-nyari-hagyma\/","title":{"rendered":"Allium ampeloprasum \u2013 ny\u00e1ri hagyma"},"content":{"rendered":"<p>66. Allium ampeloprasum \u2013 ny\u00e1ri hagyma<\/p>\n<p>D\u00e9lnyugat- eur\u00f3pai eredet\u0171 faj, t\u00f6bb fajt\u00e1j\u00e1t termesztik konyhakerti n\u00f6v\u00e9nyk\u00e9nt. Termete a 150 cm is el\u00e9rheti, hagym\u00e1ja \u00e1tm\u00e9r\u0151je 2-6 cm k\u00f6z\u00f6tti, szinte g\u00f6mb\u00f6ly\u0171. Levelei 50 cm hossz\u00faak, 5-40 mm sz\u00e9lesek lehetnek, \u00fcregesek, keskeny, lapos form\u00e1j\u00faak. Vir\u00e1gzata d\u00fas, g\u00f6mb alak\u00fa, ak\u00e1r t\u00f6bb sz\u00e1z vir\u00e1got is tartalmazhat, 5-9 cm \u00e1tm\u00e9r\u0151j\u0171, a lepel sz\u00edne pirosl\u00f3.<\/p>\n<p>Mikor gy\u0171jthet\u0151: z\u00f6ld levelei eg\u00e9sz \u00e9vben gy\u0171jthet\u0151k<\/p>\n<p>&nbsp;<\/p>\n<p><img loading=\"lazy\" decoding=\"async\" class=\"alignnone wp-image-1014 size-large\" src=\"https:\/\/ehetovadnovenyeink.hu\/wp-content\/uploads\/2021\/10\/allium_ampeloprasum-690x1200.jpg\" alt=\"\" width=\"690\" height=\"1200\" srcset=\"https:\/\/ehetovadnovenyeink.hu\/wp-content\/uploads\/2021\/10\/allium_ampeloprasum-690x1200.jpg 690w, https:\/\/ehetovadnovenyeink.hu\/wp-content\/uploads\/2021\/10\/allium_ampeloprasum-172x300.jpg 172w, https:\/\/ehetovadnovenyeink.hu\/wp-content\/uploads\/2021\/10\/allium_ampeloprasum-768x1336.jpg 768w, https:\/\/ehetovadnovenyeink.hu\/wp-content\/uploads\/2021\/10\/allium_ampeloprasum-883x1536.jpg 883w, https:\/\/ehetovadnovenyeink.hu\/wp-content\/uploads\/2021\/10\/allium_ampeloprasum-1178x2048.jpg 1178w, https:\/\/ehetovadnovenyeink.hu\/wp-content\/uploads\/2021\/10\/allium_ampeloprasum-scaled.jpg 1472w\" sizes=\"(max-width: 690px) 100vw, 690px\" \/><\/p>\n<p><a href=\"https:\/\/www.flickr.com\/photos\/biodivlibrary\/35186836335\/in\/photolist-2j8HybQ-cXgDum-r45Cbg-rtq1qE-xBkXwa-2j8Hyjq-2j9hdxR-GCeCVd-rnRLiJ-VBkJxZ-VojdKD-f9kMNW-f9kNRL-wEjVhb-xA4Ztm-oeMHHc-oueLnJ\/\">Allium ampeloprasum<\/a> \u2013 ny\u00e1ri hagyma<\/p>\n","protected":false},"excerpt":{"rendered":"<p>66. Allium ampeloprasum \u2013 ny\u00e1ri hagyma D\u00e9lnyugat- eur\u00f3pai eredet\u0171 faj, t\u00f6bb fajt\u00e1j\u00e1t termesztik konyhakerti n\u00f6v\u00e9nyk\u00e9nt. Termete a 150 cm is el\u00e9rheti, hagym\u00e1ja \u00e1tm\u00e9r\u0151je 2-6 cm k\u00f6z\u00f6tti, szinte g\u00f6mb\u00f6ly\u0171. Levelei 50 cm hossz\u00faak, 5-40 mm sz\u00e9lesek lehetnek, \u00fcregesek, keskeny, lapos form\u00e1j\u00faak. Vir\u00e1gzata d\u00fas, g\u00f6mb alak\u00fa, ak\u00e1r t\u00f6bb sz\u00e1z vir\u00e1got is tartalmazhat, 5-9 cm \u00e1tm\u00e9r\u0151j\u0171, a lepel [&hellip;]<\/p>\n","protected":false},"author":1,"featured_media":0,"parent":0,"menu_order":0,"comment_status":"closed","ping_status":"closed","template":"","meta":{"_monsterinsights_skip_tracking":false,"_monsterinsights_sitenote_active":false,"_monsterinsights_sitenote_note":"","_monsterinsights_sitenote_category":0,"footnotes":""},"_links":{"self":[{"href":"https:\/\/ehetovadnovenyeink.hu\/index.php\/wp-json\/wp\/v2\/pages\/441"}],"collection":[{"href":"https:\/\/ehetovadnovenyeink.hu\/index.php\/wp-json\/wp\/v2\/pages"}],"about":[{"href":"https:\/\/ehetovadnovenyeink.hu\/index.php\/wp-json\/wp\/v2\/types\/page"}],"author":[{"embeddable":true,"href":"https:\/\/ehetovadnovenyeink.hu\/index.php\/wp-json\/wp\/v2\/users\/1"}],"replies":[{"embeddable":true,"href":"https:\/\/ehetovadnovenyeink.hu\/index.php\/wp-json\/wp\/v2\/comments?post=441"}],"version-history":[{"count":2,"href":"https:\/\/ehetovadnovenyeink.hu\/index.php\/wp-json\/wp\/v2\/pages\/441\/revisions"}],"predecessor-version":[{"id":1015,"href":"https:\/\/ehetovadnovenyeink.hu\/index.php\/wp-json\/wp\/v2\/pages\/441\/revisions\/1015"}],"wp:attachment":[{"href":"https:\/\/ehetovadnovenyeink.hu\/index.php\/wp-json\/wp\/v2\/media?parent=441"}],"curies":[{"name":"wp","href":"https:\/\/api.w.org\/{rel}","templated":true}]}}