{"id":418,"date":"2021-10-11T11:51:11","date_gmt":"2021-10-11T11:51:11","guid":{"rendered":"https:\/\/ehetovadnovenyeink.hu\/?page_id=418"},"modified":"2021-10-23T14:07:30","modified_gmt":"2021-10-23T14:07:30","slug":"cydonia-oblonga-kozonseges-birs","status":"publish","type":"page","link":"https:\/\/ehetovadnovenyeink.hu\/index.php\/cydonia-oblonga-kozonseges-birs\/","title":{"rendered":"Cydonia oblonga \u2013 k\u00f6z\u00f6ns\u00e9ges birs"},"content":{"rendered":"<p>63. Cydonia oblonga \u2013 k\u00f6z\u00f6ns\u00e9ges birs<\/p>\n<p>DNy- \u00e9s k\u00f6z\u00e9p-\u00e1zsiai sz\u00e1rmaz\u00e1s\u00fa, 2-6 m magasra n\u00f6v\u0151 termesztett cserje vagy kisebb fa, mely ritk\u00e1n elvadul. Fiatal hajt\u00e1sain marad\u00f3an nemezes, levelei kerekded vagy toj\u00e1sdad alak\u00faak, \u00e9p sz\u00e9l\u0171ek, 5-10 cm hossz\u00faak, a fon\u00e1kjukon sz\u00fcrk\u00e9n molyhosak, p\u00e1lhalevelei nagy m\u00e9ret\u0171ek, lomblev\u00e9lszer\u0171ek. Vir\u00e1gai 4-5 cm \u00e1tm\u00e9r\u0151j\u0171ek, mag\u00e1nyosan \u00e1llnak, a szirmok feh\u00e9rek vagy r\u00f3zsasz\u00edn\u0171ek, a cs\u00e9sze molyhos, \u00e9p sz\u00e9l\u0171, a term\u00e9s\u00e9r\u00e9sig marad\u00f3. Term\u00e9se lehet alma vagy k\u00f6rte alak\u00fa, amely \u00e9retten s\u00e1rga, illatos \u00e9s fel\u00fclet\u00e9n er\u0151sen molyhos. K\u00e9sz\u00edthet\u0151 bel\u0151le lekv\u00e1r, birsalmasajt, p\u00e1linka<\/p>\n<p>Mikor gy\u0171jthet\u0151: \u0151sszel: szeptember<\/p>\n<p>&nbsp;<\/p>\n<p><img loading=\"lazy\" decoding=\"async\" class=\"alignnone size-full wp-image-1096\" src=\"https:\/\/ehetovadnovenyeink.hu\/wp-content\/uploads\/2021\/10\/cydonia_oblonga._WEB.jpg\" alt=\"\" width=\"1200\" height=\"900\" srcset=\"https:\/\/ehetovadnovenyeink.hu\/wp-content\/uploads\/2021\/10\/cydonia_oblonga._WEB.jpg 1200w, https:\/\/ehetovadnovenyeink.hu\/wp-content\/uploads\/2021\/10\/cydonia_oblonga._WEB-300x225.jpg 300w, https:\/\/ehetovadnovenyeink.hu\/wp-content\/uploads\/2021\/10\/cydonia_oblonga._WEB-768x576.jpg 768w\" sizes=\"(max-width: 1200px) 100vw, 1200px\" \/><\/p>\n<p><img loading=\"lazy\" decoding=\"async\" class=\"alignnone size-full wp-image-722\" src=\"https:\/\/ehetovadnovenyeink.hu\/wp-content\/uploads\/2021\/10\/cydonia_oblonga-5_WEB0159.jpg\" alt=\"\" width=\"1200\" height=\"800\" srcset=\"https:\/\/ehetovadnovenyeink.hu\/wp-content\/uploads\/2021\/10\/cydonia_oblonga-5_WEB0159.jpg 1200w, https:\/\/ehetovadnovenyeink.hu\/wp-content\/uploads\/2021\/10\/cydonia_oblonga-5_WEB0159-300x200.jpg 300w, https:\/\/ehetovadnovenyeink.hu\/wp-content\/uploads\/2021\/10\/cydonia_oblonga-5_WEB0159-768x512.jpg 768w\" sizes=\"(max-width: 1200px) 100vw, 1200px\" \/> <img loading=\"lazy\" decoding=\"async\" class=\"alignnone size-full wp-image-723\" src=\"https:\/\/ehetovadnovenyeink.hu\/wp-content\/uploads\/2021\/10\/cydonia_oblonga-1_WEB0155.jpg\" alt=\"\" width=\"1200\" height=\"800\" srcset=\"https:\/\/ehetovadnovenyeink.hu\/wp-content\/uploads\/2021\/10\/cydonia_oblonga-1_WEB0155.jpg 1200w, https:\/\/ehetovadnovenyeink.hu\/wp-content\/uploads\/2021\/10\/cydonia_oblonga-1_WEB0155-300x200.jpg 300w, https:\/\/ehetovadnovenyeink.hu\/wp-content\/uploads\/2021\/10\/cydonia_oblonga-1_WEB0155-768x512.jpg 768w\" sizes=\"(max-width: 1200px) 100vw, 1200px\" \/> <img loading=\"lazy\" decoding=\"async\" class=\"alignnone size-full wp-image-724\" src=\"https:\/\/ehetovadnovenyeink.hu\/wp-content\/uploads\/2021\/10\/cydonia_oblonga-2_WEB0156.jpg\" alt=\"\" width=\"1200\" height=\"800\" srcset=\"https:\/\/ehetovadnovenyeink.hu\/wp-content\/uploads\/2021\/10\/cydonia_oblonga-2_WEB0156.jpg 1200w, https:\/\/ehetovadnovenyeink.hu\/wp-content\/uploads\/2021\/10\/cydonia_oblonga-2_WEB0156-300x200.jpg 300w, https:\/\/ehetovadnovenyeink.hu\/wp-content\/uploads\/2021\/10\/cydonia_oblonga-2_WEB0156-768x512.jpg 768w\" sizes=\"(max-width: 1200px) 100vw, 1200px\" \/><\/p>\n","protected":false},"excerpt":{"rendered":"<p>63. Cydonia oblonga \u2013 k\u00f6z\u00f6ns\u00e9ges birs DNy- \u00e9s k\u00f6z\u00e9p-\u00e1zsiai sz\u00e1rmaz\u00e1s\u00fa, 2-6 m magasra n\u00f6v\u0151 termesztett cserje vagy kisebb fa, mely ritk\u00e1n elvadul. Fiatal hajt\u00e1sain marad\u00f3an nemezes, levelei kerekded vagy toj\u00e1sdad alak\u00faak, \u00e9p sz\u00e9l\u0171ek, 5-10 cm hossz\u00faak, a fon\u00e1kjukon sz\u00fcrk\u00e9n molyhosak, p\u00e1lhalevelei nagy m\u00e9ret\u0171ek, lomblev\u00e9lszer\u0171ek. Vir\u00e1gai 4-5 cm \u00e1tm\u00e9r\u0151j\u0171ek, mag\u00e1nyosan \u00e1llnak, a szirmok feh\u00e9rek vagy r\u00f3zsasz\u00edn\u0171ek, [&hellip;]<\/p>\n","protected":false},"author":1,"featured_media":0,"parent":0,"menu_order":0,"comment_status":"closed","ping_status":"closed","template":"","meta":{"_monsterinsights_skip_tracking":false,"_monsterinsights_sitenote_active":false,"_monsterinsights_sitenote_note":"","_monsterinsights_sitenote_category":0,"footnotes":""},"_links":{"self":[{"href":"https:\/\/ehetovadnovenyeink.hu\/index.php\/wp-json\/wp\/v2\/pages\/418"}],"collection":[{"href":"https:\/\/ehetovadnovenyeink.hu\/index.php\/wp-json\/wp\/v2\/pages"}],"about":[{"href":"https:\/\/ehetovadnovenyeink.hu\/index.php\/wp-json\/wp\/v2\/types\/page"}],"author":[{"embeddable":true,"href":"https:\/\/ehetovadnovenyeink.hu\/index.php\/wp-json\/wp\/v2\/users\/1"}],"replies":[{"embeddable":true,"href":"https:\/\/ehetovadnovenyeink.hu\/index.php\/wp-json\/wp\/v2\/comments?post=418"}],"version-history":[{"count":3,"href":"https:\/\/ehetovadnovenyeink.hu\/index.php\/wp-json\/wp\/v2\/pages\/418\/revisions"}],"predecessor-version":[{"id":1097,"href":"https:\/\/ehetovadnovenyeink.hu\/index.php\/wp-json\/wp\/v2\/pages\/418\/revisions\/1097"}],"wp:attachment":[{"href":"https:\/\/ehetovadnovenyeink.hu\/index.php\/wp-json\/wp\/v2\/media?parent=418"}],"curies":[{"name":"wp","href":"https:\/\/api.w.org\/{rel}","templated":true}]}}