{"id":388,"date":"2021-10-11T11:40:55","date_gmt":"2021-10-11T11:40:55","guid":{"rendered":"https:\/\/ehetovadnovenyeink.hu\/?page_id=388"},"modified":"2021-10-16T14:20:56","modified_gmt":"2021-10-16T14:20:56","slug":"mentha-aquatica-vizi-menta","status":"publish","type":"page","link":"https:\/\/ehetovadnovenyeink.hu\/index.php\/mentha-aquatica-vizi-menta\/","title":{"rendered":"Mentha aquatica &#8211; v\u00edzi menta"},"content":{"rendered":"<p>56. Mentha aquatica &#8211; v\u00edzi menta<\/p>\n<p>\u0150shonos, \u00e9vel\u0151, f\u00f6ldalatti hajt\u00e1sm\u00f3dosulatokkal, \u00fan. szt\u00f3l\u00f3val terjed. V\u00edzpartok, mocsarak, nedves r\u00e9tek, liget- \u00e9s l\u00e1perd\u0151k n\u00f6v\u00e9nye. Sz\u00e1ra n\u00e9gy\u00e9l\u0171, termete 20-90 cm k\u00f6z\u00f6tti, levelei keresztben \u00e1tellenesen \u00e1llnak. A sz\u00e1rlevelek toj\u00e1sdad vagy toj\u00e1sdad-l\u00e1ndzs\u00e1s alak\u00faak, apr\u00f3n fogasak, sz\u00edves vagy lev\u00e1gott v\u00e1ll\u00faak. Vir\u00e1gai \u00e1l\u00f6rv\u00f6kben \u00e1llnak, az \u00e1l\u00f6rv\u00f6k a sz\u00e1r \u00e9s az oldal\u00e1gak cs\u00facs\u00e1n \u00e1ltal\u00e1ban g\u00f6mb\u00f6ly\u0171, t\u00f6m\u00f6tt fejecsk\u00e9t alkotnak. A p\u00e1rta vil\u00e1gos lila, r\u00f3zsasz\u00edn\u0171 vagy feh\u00e9r, 5-7 mm hossz\u00fa. A n\u00f6v\u00e9ny lehet kopasz vagy sz\u0151r\u00f6s-molyhos, gyakran v\u00f6r\u00f6ses sz\u00edn\u0171, er\u0151sen mentolos illat\u00fa. Vir\u00e1gz\u00e1skor gy\u0171jt\u00f6tt f\u00f6ld feletti r\u00e9szeib\u0151l tea k\u00e9sz\u00edthet\u0151.<\/p>\n<p>Mikor gy\u0171jthet\u0151: J\u00faliust\u00f3l szeptemberig<\/p>\n<p>&nbsp;<\/p>\n<p><img loading=\"lazy\" decoding=\"async\" class=\"alignnone size-full wp-image-823\" src=\"https:\/\/ehetovadnovenyeink.hu\/wp-content\/uploads\/2021\/10\/Menthaaqu2636.jpg\" alt=\"\" width=\"1200\" height=\"900\" srcset=\"https:\/\/ehetovadnovenyeink.hu\/wp-content\/uploads\/2021\/10\/Menthaaqu2636.jpg 1200w, https:\/\/ehetovadnovenyeink.hu\/wp-content\/uploads\/2021\/10\/Menthaaqu2636-300x225.jpg 300w, https:\/\/ehetovadnovenyeink.hu\/wp-content\/uploads\/2021\/10\/Menthaaqu2636-768x576.jpg 768w\" sizes=\"(max-width: 1200px) 100vw, 1200px\" \/> <img loading=\"lazy\" decoding=\"async\" class=\"alignnone size-full wp-image-824\" src=\"https:\/\/ehetovadnovenyeink.hu\/wp-content\/uploads\/2021\/10\/Mentha_aquatica-3_WEB0238.jpg\" alt=\"\" width=\"1200\" height=\"800\" srcset=\"https:\/\/ehetovadnovenyeink.hu\/wp-content\/uploads\/2021\/10\/Mentha_aquatica-3_WEB0238.jpg 1200w, https:\/\/ehetovadnovenyeink.hu\/wp-content\/uploads\/2021\/10\/Mentha_aquatica-3_WEB0238-300x200.jpg 300w, https:\/\/ehetovadnovenyeink.hu\/wp-content\/uploads\/2021\/10\/Mentha_aquatica-3_WEB0238-768x512.jpg 768w\" sizes=\"(max-width: 1200px) 100vw, 1200px\" \/> <img loading=\"lazy\" decoding=\"async\" class=\"alignnone size-full wp-image-825\" src=\"https:\/\/ehetovadnovenyeink.hu\/wp-content\/uploads\/2021\/10\/Mentha_aquatica-7_WEB0242.jpg\" alt=\"\" width=\"1200\" height=\"800\" srcset=\"https:\/\/ehetovadnovenyeink.hu\/wp-content\/uploads\/2021\/10\/Mentha_aquatica-7_WEB0242.jpg 1200w, https:\/\/ehetovadnovenyeink.hu\/wp-content\/uploads\/2021\/10\/Mentha_aquatica-7_WEB0242-300x200.jpg 300w, https:\/\/ehetovadnovenyeink.hu\/wp-content\/uploads\/2021\/10\/Mentha_aquatica-7_WEB0242-768x512.jpg 768w\" sizes=\"(max-width: 1200px) 100vw, 1200px\" \/><img loading=\"lazy\" decoding=\"async\" class=\"alignnone size-full wp-image-826\" src=\"https:\/\/ehetovadnovenyeink.hu\/wp-content\/uploads\/2021\/10\/Mentha_aquatica-4_WEB0239.jpg\" alt=\"\" width=\"1200\" height=\"800\" srcset=\"https:\/\/ehetovadnovenyeink.hu\/wp-content\/uploads\/2021\/10\/Mentha_aquatica-4_WEB0239.jpg 1200w, https:\/\/ehetovadnovenyeink.hu\/wp-content\/uploads\/2021\/10\/Mentha_aquatica-4_WEB0239-300x200.jpg 300w, https:\/\/ehetovadnovenyeink.hu\/wp-content\/uploads\/2021\/10\/Mentha_aquatica-4_WEB0239-768x512.jpg 768w\" sizes=\"(max-width: 1200px) 100vw, 1200px\" \/><\/p>\n","protected":false},"excerpt":{"rendered":"<p>56. Mentha aquatica &#8211; v\u00edzi menta \u0150shonos, \u00e9vel\u0151, f\u00f6ldalatti hajt\u00e1sm\u00f3dosulatokkal, \u00fan. szt\u00f3l\u00f3val terjed. V\u00edzpartok, mocsarak, nedves r\u00e9tek, liget- \u00e9s l\u00e1perd\u0151k n\u00f6v\u00e9nye. Sz\u00e1ra n\u00e9gy\u00e9l\u0171, termete 20-90 cm k\u00f6z\u00f6tti, levelei keresztben \u00e1tellenesen \u00e1llnak. A sz\u00e1rlevelek toj\u00e1sdad vagy toj\u00e1sdad-l\u00e1ndzs\u00e1s alak\u00faak, apr\u00f3n fogasak, sz\u00edves vagy lev\u00e1gott v\u00e1ll\u00faak. Vir\u00e1gai \u00e1l\u00f6rv\u00f6kben \u00e1llnak, az \u00e1l\u00f6rv\u00f6k a sz\u00e1r \u00e9s az oldal\u00e1gak cs\u00facs\u00e1n \u00e1ltal\u00e1ban [&hellip;]<\/p>\n","protected":false},"author":1,"featured_media":0,"parent":0,"menu_order":0,"comment_status":"closed","ping_status":"closed","template":"","meta":{"_monsterinsights_skip_tracking":false,"_monsterinsights_sitenote_active":false,"_monsterinsights_sitenote_note":"","_monsterinsights_sitenote_category":0,"footnotes":""},"_links":{"self":[{"href":"https:\/\/ehetovadnovenyeink.hu\/index.php\/wp-json\/wp\/v2\/pages\/388"}],"collection":[{"href":"https:\/\/ehetovadnovenyeink.hu\/index.php\/wp-json\/wp\/v2\/pages"}],"about":[{"href":"https:\/\/ehetovadnovenyeink.hu\/index.php\/wp-json\/wp\/v2\/types\/page"}],"author":[{"embeddable":true,"href":"https:\/\/ehetovadnovenyeink.hu\/index.php\/wp-json\/wp\/v2\/users\/1"}],"replies":[{"embeddable":true,"href":"https:\/\/ehetovadnovenyeink.hu\/index.php\/wp-json\/wp\/v2\/comments?post=388"}],"version-history":[{"count":3,"href":"https:\/\/ehetovadnovenyeink.hu\/index.php\/wp-json\/wp\/v2\/pages\/388\/revisions"}],"predecessor-version":[{"id":827,"href":"https:\/\/ehetovadnovenyeink.hu\/index.php\/wp-json\/wp\/v2\/pages\/388\/revisions\/827"}],"wp:attachment":[{"href":"https:\/\/ehetovadnovenyeink.hu\/index.php\/wp-json\/wp\/v2\/media?parent=388"}],"curies":[{"name":"wp","href":"https:\/\/api.w.org\/{rel}","templated":true}]}}