{"id":372,"date":"2021-10-11T11:35:38","date_gmt":"2021-10-11T11:35:38","guid":{"rendered":"https:\/\/ehetovadnovenyeink.hu\/?page_id=372"},"modified":"2021-10-18T14:59:12","modified_gmt":"2021-10-18T14:59:12","slug":"cornus-mas-husos-som","status":"publish","type":"page","link":"https:\/\/ehetovadnovenyeink.hu\/index.php\/cornus-mas-husos-som\/","title":{"rendered":"Cornus mas &#8211; h\u00fasos som"},"content":{"rendered":"<p>52. Cornus mas &#8211; h\u00fasos som<\/p>\n<p>\u0150shonos, DK\u2013k\u00f6z\u00e9p-eur\u00f3pai\u2013pontuszi faj, m\u00e9szkedvel\u0151 \u00e9s melegkedvel\u0151 n\u00f6v\u00e9ny. \u00c9l\u0151helye bokorerd\u0151k, cseres-t\u00f6lgyesek, napos melegebb sziklaerd\u0151k. Termete 2-6 m k\u00f6z\u00f6tti, lombfakad\u00e1s el\u0151tt, szinte els\u0151k\u00e9nt vir\u00e1gz\u00f3 kisebb fa. Levelei toj\u00e1sdad vagy l\u00e1ndzs\u00e1s- toj\u00e1sdad alak\u00faak, 4-10 cm hossz\u00faak, fon\u00e1k\u00e1n az \u00e9rzugokban feh\u00e9ren szak\u00e1llasan sz\u0151r\u00f6s. Erny\u0151 vir\u00e1gzata van, a p\u00e1rta s\u00e1rga sz\u00edn\u0171. Term\u00e9se cs\u00fcng\u0151, elliptikus, skarl\u00e1tpiros, 15-20 mm hossz\u00fa, C-vitaminban gazdag vadgy\u00fcm\u00f6lcs. Term\u00e9se fogyaszthat\u00f3 nyersen, lekv\u00e1rnak, aszalva vagy sz\u00f6rpnek.<\/p>\n<p>Mikor gy\u0171jthet\u0151: Augusztus-szeptember<\/p>\n<p>&nbsp;<\/p>\n<p><img loading=\"lazy\" decoding=\"async\" class=\"alignnone wp-image-1006\" src=\"https:\/\/ehetovadnovenyeink.hu\/wp-content\/uploads\/2021\/10\/PICT7403.jpg\" alt=\"\" width=\"1067\" height=\"800\" srcset=\"https:\/\/ehetovadnovenyeink.hu\/wp-content\/uploads\/2021\/10\/PICT7403.jpg 1200w, https:\/\/ehetovadnovenyeink.hu\/wp-content\/uploads\/2021\/10\/PICT7403-300x225.jpg 300w, https:\/\/ehetovadnovenyeink.hu\/wp-content\/uploads\/2021\/10\/PICT7403-768x576.jpg 768w\" sizes=\"(max-width: 1067px) 100vw, 1067px\" \/><\/p>\n<p><img loading=\"lazy\" decoding=\"async\" class=\"alignnone size-full wp-image-667\" src=\"https:\/\/ehetovadnovenyeink.hu\/wp-content\/uploads\/2021\/10\/Cornus_mas-4_WEB0519.jpg\" alt=\"\" width=\"800\" height=\"1200\" srcset=\"https:\/\/ehetovadnovenyeink.hu\/wp-content\/uploads\/2021\/10\/Cornus_mas-4_WEB0519.jpg 800w, https:\/\/ehetovadnovenyeink.hu\/wp-content\/uploads\/2021\/10\/Cornus_mas-4_WEB0519-200x300.jpg 200w, https:\/\/ehetovadnovenyeink.hu\/wp-content\/uploads\/2021\/10\/Cornus_mas-4_WEB0519-768x1152.jpg 768w\" sizes=\"(max-width: 800px) 100vw, 800px\" \/> <img loading=\"lazy\" decoding=\"async\" class=\"alignnone size-full wp-image-668\" src=\"https:\/\/ehetovadnovenyeink.hu\/wp-content\/uploads\/2021\/10\/Cornus_mas-6_WEB0521.jpg\" alt=\"\" width=\"800\" height=\"1200\" srcset=\"https:\/\/ehetovadnovenyeink.hu\/wp-content\/uploads\/2021\/10\/Cornus_mas-6_WEB0521.jpg 800w, https:\/\/ehetovadnovenyeink.hu\/wp-content\/uploads\/2021\/10\/Cornus_mas-6_WEB0521-200x300.jpg 200w, https:\/\/ehetovadnovenyeink.hu\/wp-content\/uploads\/2021\/10\/Cornus_mas-6_WEB0521-768x1152.jpg 768w\" sizes=\"(max-width: 800px) 100vw, 800px\" \/> <img loading=\"lazy\" decoding=\"async\" class=\"alignnone size-full wp-image-669\" src=\"https:\/\/ehetovadnovenyeink.hu\/wp-content\/uploads\/2021\/10\/Cornus_mas-8_WEB0061.jpg\" alt=\"\" width=\"1200\" height=\"800\" srcset=\"https:\/\/ehetovadnovenyeink.hu\/wp-content\/uploads\/2021\/10\/Cornus_mas-8_WEB0061.jpg 1200w, https:\/\/ehetovadnovenyeink.hu\/wp-content\/uploads\/2021\/10\/Cornus_mas-8_WEB0061-300x200.jpg 300w, https:\/\/ehetovadnovenyeink.hu\/wp-content\/uploads\/2021\/10\/Cornus_mas-8_WEB0061-768x512.jpg 768w\" sizes=\"(max-width: 1200px) 100vw, 1200px\" \/> <img loading=\"lazy\" decoding=\"async\" class=\"alignnone size-full wp-image-672\" src=\"https:\/\/ehetovadnovenyeink.hu\/wp-content\/uploads\/2021\/10\/Cornus_mas-3_WEB0059.jpg\" alt=\"\" width=\"1200\" height=\"800\" srcset=\"https:\/\/ehetovadnovenyeink.hu\/wp-content\/uploads\/2021\/10\/Cornus_mas-3_WEB0059.jpg 1200w, https:\/\/ehetovadnovenyeink.hu\/wp-content\/uploads\/2021\/10\/Cornus_mas-3_WEB0059-300x200.jpg 300w, https:\/\/ehetovadnovenyeink.hu\/wp-content\/uploads\/2021\/10\/Cornus_mas-3_WEB0059-768x512.jpg 768w\" sizes=\"(max-width: 1200px) 100vw, 1200px\" \/><\/p>\n<p><img loading=\"lazy\" decoding=\"async\" class=\"alignnone wp-image-670 size-large\" src=\"https:\/\/ehetovadnovenyeink.hu\/wp-content\/uploads\/2021\/10\/cornus_mas-781x1200.jpg\" alt=\"\" width=\"781\" height=\"1200\" srcset=\"https:\/\/ehetovadnovenyeink.hu\/wp-content\/uploads\/2021\/10\/cornus_mas-781x1200.jpg 781w, https:\/\/ehetovadnovenyeink.hu\/wp-content\/uploads\/2021\/10\/cornus_mas-195x300.jpg 195w, https:\/\/ehetovadnovenyeink.hu\/wp-content\/uploads\/2021\/10\/cornus_mas-768x1179.jpg 768w, https:\/\/ehetovadnovenyeink.hu\/wp-content\/uploads\/2021\/10\/cornus_mas-1000x1536.jpg 1000w, https:\/\/ehetovadnovenyeink.hu\/wp-content\/uploads\/2021\/10\/cornus_mas-1334x2048.jpg 1334w, https:\/\/ehetovadnovenyeink.hu\/wp-content\/uploads\/2021\/10\/cornus_mas-scaled.jpg 1667w\" sizes=\"(max-width: 781px) 100vw, 781px\" \/><\/p>\n<p><a href=\"https:\/\/www.flickr.com\/photos\/biodivlibrary\/7982407952\/in\/photolist-H4Pw8m-danVMj-2iVnG7w-aACmy3-GGzSu1-GWUtNu-kWiF94-aNKHsK-ae6Yhg-aACm5A\">Cornus mas<\/a> &#8211; h\u00fasos som<\/p>\n","protected":false},"excerpt":{"rendered":"<p>52. Cornus mas &#8211; h\u00fasos som \u0150shonos, DK\u2013k\u00f6z\u00e9p-eur\u00f3pai\u2013pontuszi faj, m\u00e9szkedvel\u0151 \u00e9s melegkedvel\u0151 n\u00f6v\u00e9ny. \u00c9l\u0151helye bokorerd\u0151k, cseres-t\u00f6lgyesek, napos melegebb sziklaerd\u0151k. Termete 2-6 m k\u00f6z\u00f6tti, lombfakad\u00e1s el\u0151tt, szinte els\u0151k\u00e9nt vir\u00e1gz\u00f3 kisebb fa. Levelei toj\u00e1sdad vagy l\u00e1ndzs\u00e1s- toj\u00e1sdad alak\u00faak, 4-10 cm hossz\u00faak, fon\u00e1k\u00e1n az \u00e9rzugokban feh\u00e9ren szak\u00e1llasan sz\u0151r\u00f6s. Erny\u0151 vir\u00e1gzata van, a p\u00e1rta s\u00e1rga sz\u00edn\u0171. Term\u00e9se cs\u00fcng\u0151, elliptikus, [&hellip;]<\/p>\n","protected":false},"author":1,"featured_media":0,"parent":0,"menu_order":0,"comment_status":"closed","ping_status":"closed","template":"","meta":{"_monsterinsights_skip_tracking":false,"_monsterinsights_sitenote_active":false,"_monsterinsights_sitenote_note":"","_monsterinsights_sitenote_category":0,"footnotes":""},"_links":{"self":[{"href":"https:\/\/ehetovadnovenyeink.hu\/index.php\/wp-json\/wp\/v2\/pages\/372"}],"collection":[{"href":"https:\/\/ehetovadnovenyeink.hu\/index.php\/wp-json\/wp\/v2\/pages"}],"about":[{"href":"https:\/\/ehetovadnovenyeink.hu\/index.php\/wp-json\/wp\/v2\/types\/page"}],"author":[{"embeddable":true,"href":"https:\/\/ehetovadnovenyeink.hu\/index.php\/wp-json\/wp\/v2\/users\/1"}],"replies":[{"embeddable":true,"href":"https:\/\/ehetovadnovenyeink.hu\/index.php\/wp-json\/wp\/v2\/comments?post=372"}],"version-history":[{"count":7,"href":"https:\/\/ehetovadnovenyeink.hu\/index.php\/wp-json\/wp\/v2\/pages\/372\/revisions"}],"predecessor-version":[{"id":1008,"href":"https:\/\/ehetovadnovenyeink.hu\/index.php\/wp-json\/wp\/v2\/pages\/372\/revisions\/1008"}],"wp:attachment":[{"href":"https:\/\/ehetovadnovenyeink.hu\/index.php\/wp-json\/wp\/v2\/media?parent=372"}],"curies":[{"name":"wp","href":"https:\/\/api.w.org\/{rel}","templated":true}]}}