{"id":369,"date":"2021-10-11T11:34:32","date_gmt":"2021-10-11T11:34:32","guid":{"rendered":"https:\/\/ehetovadnovenyeink.hu\/?page_id=369"},"modified":"2021-11-02T09:31:31","modified_gmt":"2021-11-02T09:31:31","slug":"vitis-sylvestris-ligeti-szolo","status":"publish","type":"page","link":"https:\/\/ehetovadnovenyeink.hu\/index.php\/vitis-sylvestris-ligeti-szolo\/","title":{"rendered":"Vitis sylvestris &#8211; ligeti sz\u0151l\u0151"},"content":{"rendered":"<p>51. Vitis sylvestris &#8211; ligeti sz\u0151l\u0151<\/p>\n<p>\u0150shonos, val\u00f3sz\u00edn\u0171s\u00edthet\u0151en a borterm\u0151 sz\u0151l\u0151 vad \u0151se. Kem\u00e9nyf\u00e1s ligeterd\u0151k, \u00e9gerligetek, b\u00fckk\u00f6s\u00f6k, gyerty\u00e1nos-t\u00f6lgyesek v\u00e9dett faja. A n\u00f6v\u00e9ny \u00e1ltal\u00e1ban k\u00e9tlaki, a porz\u00f3s egyedek levelei hasadtak vagy osztottak, a term\u0151 egyedek levelei kar\u00e9josak. A lev\u00e9l sz\u00edne kopasz vagy gyeng\u00e9n sz\u0151r\u00f6s, fon\u00e1ka az \u00e9rz\u00fagokban hossz\u00fa g\u00f6nd\u00f6r sz\u0151r\u00f6kkel fedett. \u0150szi lombsz\u00edne pirosl\u00f3. A vir\u00e1gok egyivar\u00faak, a term\u00e9ses f\u00fcrt 3-12 cm hossz\u00fa, a bogy\u00f3 k\u00e9kesfekete, ritk\u00e1n z\u00f6ldes, 6-10 mm \u00e1tm\u00e9r\u0151j\u0171. V\u00e9dett n\u00f6v\u00e9ny!<\/p>\n<p>Mikor gy\u0171jthet\u0151: V\u00e9dett n\u00f6v\u00e9ny, nem gy\u0171jthet\u0151 haz\u00e1nkban.<\/p>\n<p>&nbsp;<\/p>\n<p><img loading=\"lazy\" decoding=\"async\" class=\"alignnone wp-image-253\" src=\"https:\/\/ehetovadnovenyeink.hu\/wp-content\/uploads\/2021\/10\/termved-cimer_kicsi-300x291.png\" alt=\"\" width=\"206\" height=\"200\" srcset=\"https:\/\/ehetovadnovenyeink.hu\/wp-content\/uploads\/2021\/10\/termved-cimer_kicsi-300x291.png 300w, https:\/\/ehetovadnovenyeink.hu\/wp-content\/uploads\/2021\/10\/termved-cimer_kicsi.png 432w\" sizes=\"(max-width: 206px) 100vw, 206px\" \/><\/p>\n<p>&nbsp;<\/p>\n<p><img loading=\"lazy\" decoding=\"async\" class=\"alignnone wp-image-1163 size-full\" src=\"https:\/\/ehetovadnovenyeink.hu\/wp-content\/uploads\/2021\/11\/Vitissylvestris_Rad.jpg\" alt=\"\" width=\"900\" height=\"1200\" srcset=\"https:\/\/ehetovadnovenyeink.hu\/wp-content\/uploads\/2021\/11\/Vitissylvestris_Rad.jpg 900w, https:\/\/ehetovadnovenyeink.hu\/wp-content\/uploads\/2021\/11\/Vitissylvestris_Rad-225x300.jpg 225w, https:\/\/ehetovadnovenyeink.hu\/wp-content\/uploads\/2021\/11\/Vitissylvestris_Rad-768x1024.jpg 768w\" sizes=\"(max-width: 900px) 100vw, 900px\" \/><\/p>\n<p><img loading=\"lazy\" decoding=\"async\" class=\"alignnone size-full wp-image-1165\" src=\"https:\/\/ehetovadnovenyeink.hu\/wp-content\/uploads\/2021\/11\/Vitis-sylvestris2.jpg\" alt=\"\" width=\"827\" height=\"1101\" srcset=\"https:\/\/ehetovadnovenyeink.hu\/wp-content\/uploads\/2021\/11\/Vitis-sylvestris2.jpg 827w, https:\/\/ehetovadnovenyeink.hu\/wp-content\/uploads\/2021\/11\/Vitis-sylvestris2-225x300.jpg 225w, https:\/\/ehetovadnovenyeink.hu\/wp-content\/uploads\/2021\/11\/Vitis-sylvestris2-768x1022.jpg 768w\" sizes=\"(max-width: 827px) 100vw, 827px\" \/> <img loading=\"lazy\" decoding=\"async\" class=\"alignnone size-full wp-image-1166\" src=\"https:\/\/ehetovadnovenyeink.hu\/wp-content\/uploads\/2021\/11\/Vitis-sylvestris3.jpg\" alt=\"\" width=\"900\" height=\"1198\" srcset=\"https:\/\/ehetovadnovenyeink.hu\/wp-content\/uploads\/2021\/11\/Vitis-sylvestris3.jpg 900w, https:\/\/ehetovadnovenyeink.hu\/wp-content\/uploads\/2021\/11\/Vitis-sylvestris3-225x300.jpg 225w, https:\/\/ehetovadnovenyeink.hu\/wp-content\/uploads\/2021\/11\/Vitis-sylvestris3-768x1022.jpg 768w\" sizes=\"(max-width: 900px) 100vw, 900px\" \/><\/p>\n","protected":false},"excerpt":{"rendered":"<p>51. Vitis sylvestris &#8211; ligeti sz\u0151l\u0151 \u0150shonos, val\u00f3sz\u00edn\u0171s\u00edthet\u0151en a borterm\u0151 sz\u0151l\u0151 vad \u0151se. Kem\u00e9nyf\u00e1s ligeterd\u0151k, \u00e9gerligetek, b\u00fckk\u00f6s\u00f6k, gyerty\u00e1nos-t\u00f6lgyesek v\u00e9dett faja. A n\u00f6v\u00e9ny \u00e1ltal\u00e1ban k\u00e9tlaki, a porz\u00f3s egyedek levelei hasadtak vagy osztottak, a term\u0151 egyedek levelei kar\u00e9josak. A lev\u00e9l sz\u00edne kopasz vagy gyeng\u00e9n sz\u0151r\u00f6s, fon\u00e1ka az \u00e9rz\u00fagokban hossz\u00fa g\u00f6nd\u00f6r sz\u0151r\u00f6kkel fedett. \u0150szi lombsz\u00edne pirosl\u00f3. A vir\u00e1gok [&hellip;]<\/p>\n","protected":false},"author":1,"featured_media":0,"parent":0,"menu_order":0,"comment_status":"closed","ping_status":"closed","template":"","meta":{"_monsterinsights_skip_tracking":false,"_monsterinsights_sitenote_active":false,"_monsterinsights_sitenote_note":"","_monsterinsights_sitenote_category":0,"footnotes":""},"_links":{"self":[{"href":"https:\/\/ehetovadnovenyeink.hu\/index.php\/wp-json\/wp\/v2\/pages\/369"}],"collection":[{"href":"https:\/\/ehetovadnovenyeink.hu\/index.php\/wp-json\/wp\/v2\/pages"}],"about":[{"href":"https:\/\/ehetovadnovenyeink.hu\/index.php\/wp-json\/wp\/v2\/types\/page"}],"author":[{"embeddable":true,"href":"https:\/\/ehetovadnovenyeink.hu\/index.php\/wp-json\/wp\/v2\/users\/1"}],"replies":[{"embeddable":true,"href":"https:\/\/ehetovadnovenyeink.hu\/index.php\/wp-json\/wp\/v2\/comments?post=369"}],"version-history":[{"count":4,"href":"https:\/\/ehetovadnovenyeink.hu\/index.php\/wp-json\/wp\/v2\/pages\/369\/revisions"}],"predecessor-version":[{"id":1167,"href":"https:\/\/ehetovadnovenyeink.hu\/index.php\/wp-json\/wp\/v2\/pages\/369\/revisions\/1167"}],"wp:attachment":[{"href":"https:\/\/ehetovadnovenyeink.hu\/index.php\/wp-json\/wp\/v2\/media?parent=369"}],"curies":[{"name":"wp","href":"https:\/\/api.w.org\/{rel}","templated":true}]}}