{"id":366,"date":"2021-10-11T11:33:30","date_gmt":"2021-10-11T11:33:30","guid":{"rendered":"https:\/\/ehetovadnovenyeink.hu\/?page_id=366"},"modified":"2021-10-20T18:08:33","modified_gmt":"2021-10-20T18:08:33","slug":"ficus-carica-kozonseges-fuge","status":"publish","type":"page","link":"https:\/\/ehetovadnovenyeink.hu\/index.php\/ficus-carica-kozonseges-fuge\/","title":{"rendered":"Ficus carica &#8211; k\u00f6z\u00f6ns\u00e9ges f\u00fcge"},"content":{"rendered":"<p>50. Ficus carica &#8211; k\u00f6z\u00f6ns\u00e9ges f\u00fcge<\/p>\n<p>Kelet-Mediterr\u00e1n sz\u00e1rmaz\u00e1s\u00fa, terpedt f\u00e9lg\u00f6mb alak\u00fa cserje vagy kisebb fa. \u0150si kult\u00farn\u00f6v\u00e9ny, gy\u00fcm\u00f6lcs\u00e9nek fogyaszt\u00e1sa a mediterr\u00e1n ter\u00fcleteken elterjedt, haz\u00e1nkban is egyre kedveltebb, de fagy\u00e9rz\u00e9keny, hideg teleken t\u00f6vig is visszafagyhat. Fogyasztott r\u00e9sze, a k\u00f6rte alak\u00fa, 5-8 cm hossz\u00fa z\u00f6ldes vagy barn\u00e1slila sz\u00edn\u0171 f\u00fcgeterm\u00e9s, botanikailag a n\u00f6v\u00e9ny vir\u00e1gzata, ami egy z\u00e1rt serlegvir\u00e1gzat. A n\u00f6v\u00e9ny hajt\u00e1sai tejnedvet tartalmaznak, levelei nagyok 10-20 cm sz\u00e9lesek \u00e9s hossz\u00faak, m\u00e9lyen 3-5 kar\u00e9josan-osztottak. A lev\u00e9l sz\u00edne \u00e9rdes, fon\u00e1ka molyhos tapint\u00e1s\u00fa.<\/p>\n<p>Mikor gy\u0171jthet\u0151: J\u00faniust\u00f3l okt\u00f3berig<\/p>\n<p>&nbsp;<\/p>\n<p><img loading=\"lazy\" decoding=\"async\" class=\"alignnone size-full wp-image-1042\" src=\"https:\/\/ehetovadnovenyeink.hu\/wp-content\/uploads\/2021\/10\/ficus_carica-2_web.jpg\" alt=\"\" width=\"1200\" height=\"800\" srcset=\"https:\/\/ehetovadnovenyeink.hu\/wp-content\/uploads\/2021\/10\/ficus_carica-2_web.jpg 1200w, https:\/\/ehetovadnovenyeink.hu\/wp-content\/uploads\/2021\/10\/ficus_carica-2_web-300x200.jpg 300w, https:\/\/ehetovadnovenyeink.hu\/wp-content\/uploads\/2021\/10\/ficus_carica-2_web-768x512.jpg 768w\" sizes=\"(max-width: 1200px) 100vw, 1200px\" \/><\/p>\n<p><img loading=\"lazy\" decoding=\"async\" class=\"alignnone size-full wp-image-1041\" src=\"https:\/\/ehetovadnovenyeink.hu\/wp-content\/uploads\/2021\/10\/ficus_carica-1_web.jpg\" alt=\"\" width=\"1200\" height=\"800\" srcset=\"https:\/\/ehetovadnovenyeink.hu\/wp-content\/uploads\/2021\/10\/ficus_carica-1_web.jpg 1200w, https:\/\/ehetovadnovenyeink.hu\/wp-content\/uploads\/2021\/10\/ficus_carica-1_web-300x200.jpg 300w, https:\/\/ehetovadnovenyeink.hu\/wp-content\/uploads\/2021\/10\/ficus_carica-1_web-768x512.jpg 768w\" sizes=\"(max-width: 1200px) 100vw, 1200px\" \/><\/p>\n<p><img loading=\"lazy\" decoding=\"async\" class=\"alignnone size-full wp-image-755\" src=\"https:\/\/ehetovadnovenyeink.hu\/wp-content\/uploads\/2021\/10\/Fuge0663.jpg\" alt=\"\" width=\"675\" height=\"900\" srcset=\"https:\/\/ehetovadnovenyeink.hu\/wp-content\/uploads\/2021\/10\/Fuge0663.jpg 675w, https:\/\/ehetovadnovenyeink.hu\/wp-content\/uploads\/2021\/10\/Fuge0663-225x300.jpg 225w\" sizes=\"(max-width: 675px) 100vw, 675px\" \/><\/p>\n<p><img loading=\"lazy\" decoding=\"async\" class=\"alignnone wp-image-753 size-large\" src=\"https:\/\/ehetovadnovenyeink.hu\/wp-content\/uploads\/2021\/10\/ficus_carica-954x1200.jpg\" alt=\"\" width=\"954\" height=\"1200\" srcset=\"https:\/\/ehetovadnovenyeink.hu\/wp-content\/uploads\/2021\/10\/ficus_carica-954x1200.jpg 954w, https:\/\/ehetovadnovenyeink.hu\/wp-content\/uploads\/2021\/10\/ficus_carica-238x300.jpg 238w, https:\/\/ehetovadnovenyeink.hu\/wp-content\/uploads\/2021\/10\/ficus_carica-768x966.jpg 768w, https:\/\/ehetovadnovenyeink.hu\/wp-content\/uploads\/2021\/10\/ficus_carica-1221x1536.jpg 1221w, https:\/\/ehetovadnovenyeink.hu\/wp-content\/uploads\/2021\/10\/ficus_carica.jpg 1316w\" sizes=\"(max-width: 954px) 100vw, 954px\" \/><\/p>\n<p><a href=\"https:\/\/www.flickr.com\/photos\/biodivlibrary\/29681468605\/\">Ficus carica<\/a> &#8211; k\u00f6z\u00f6ns\u00e9ges f\u00fcge<\/p>\n","protected":false},"excerpt":{"rendered":"<p>50. Ficus carica &#8211; k\u00f6z\u00f6ns\u00e9ges f\u00fcge Kelet-Mediterr\u00e1n sz\u00e1rmaz\u00e1s\u00fa, terpedt f\u00e9lg\u00f6mb alak\u00fa cserje vagy kisebb fa. \u0150si kult\u00farn\u00f6v\u00e9ny, gy\u00fcm\u00f6lcs\u00e9nek fogyaszt\u00e1sa a mediterr\u00e1n ter\u00fcleteken elterjedt, haz\u00e1nkban is egyre kedveltebb, de fagy\u00e9rz\u00e9keny, hideg teleken t\u00f6vig is visszafagyhat. Fogyasztott r\u00e9sze, a k\u00f6rte alak\u00fa, 5-8 cm hossz\u00fa z\u00f6ldes vagy barn\u00e1slila sz\u00edn\u0171 f\u00fcgeterm\u00e9s, botanikailag a n\u00f6v\u00e9ny vir\u00e1gzata, ami egy z\u00e1rt serlegvir\u00e1gzat. [&hellip;]<\/p>\n","protected":false},"author":1,"featured_media":0,"parent":0,"menu_order":0,"comment_status":"closed","ping_status":"closed","template":"","meta":{"_monsterinsights_skip_tracking":false,"_monsterinsights_sitenote_active":false,"_monsterinsights_sitenote_note":"","_monsterinsights_sitenote_category":0,"footnotes":""},"_links":{"self":[{"href":"https:\/\/ehetovadnovenyeink.hu\/index.php\/wp-json\/wp\/v2\/pages\/366"}],"collection":[{"href":"https:\/\/ehetovadnovenyeink.hu\/index.php\/wp-json\/wp\/v2\/pages"}],"about":[{"href":"https:\/\/ehetovadnovenyeink.hu\/index.php\/wp-json\/wp\/v2\/types\/page"}],"author":[{"embeddable":true,"href":"https:\/\/ehetovadnovenyeink.hu\/index.php\/wp-json\/wp\/v2\/users\/1"}],"replies":[{"embeddable":true,"href":"https:\/\/ehetovadnovenyeink.hu\/index.php\/wp-json\/wp\/v2\/comments?post=366"}],"version-history":[{"count":5,"href":"https:\/\/ehetovadnovenyeink.hu\/index.php\/wp-json\/wp\/v2\/pages\/366\/revisions"}],"predecessor-version":[{"id":1043,"href":"https:\/\/ehetovadnovenyeink.hu\/index.php\/wp-json\/wp\/v2\/pages\/366\/revisions\/1043"}],"wp:attachment":[{"href":"https:\/\/ehetovadnovenyeink.hu\/index.php\/wp-json\/wp\/v2\/media?parent=366"}],"curies":[{"name":"wp","href":"https:\/\/api.w.org\/{rel}","templated":true}]}}