{"id":359,"date":"2021-10-11T11:30:53","date_gmt":"2021-10-11T11:30:53","guid":{"rendered":"https:\/\/ehetovadnovenyeink.hu\/?page_id=359"},"modified":"2021-10-18T14:46:02","modified_gmt":"2021-10-18T14:46:02","slug":"viola-tricolor-haromszinu-arvacska","status":"publish","type":"page","link":"https:\/\/ehetovadnovenyeink.hu\/index.php\/viola-tricolor-haromszinu-arvacska\/","title":{"rendered":"Viola tricolor &#8211; h\u00e1romsz\u00edn\u0171 \u00e1rv\u00e1cska"},"content":{"rendered":"<p>49. Viola tricolor &#8211; h\u00e1romsz\u00edn\u0171 \u00e1rv\u00e1cska<\/p>\n<p>A Viola tricolor sziklagyepeken, sztyeppr\u00e9teken el\u0151fordul\u00f3 faj, termete 10-40 cm k\u00f6z\u00f6tti, a levelei toj\u00e1sdad vagy l\u00e1ndzs\u00e1s alak\u00faak. Vir\u00e1gszirmai, mint ahogy neve is mutatja, h\u00e1rom sz\u00edn\u0171ek lehetnek, egyszerre s\u00e1rga, feh\u00e9r \u00e9s k\u00e9k. Mindk\u00e9t faj elterjedt d\u00edszn\u00f6v\u00e9ny de vir\u00e1gaikkal sal\u00e1t\u00e1k, tort\u00e1k d\u00edsz\u00edthet\u0151k.<\/p>\n<p>Mikor gy\u0171jthet\u0151: \u00e1prilist\u00f3l j\u00faniusig<\/p>\n<p>&nbsp;<\/p>\n<p><img loading=\"lazy\" decoding=\"async\" class=\"alignnone size-full wp-image-980\" src=\"https:\/\/ehetovadnovenyeink.hu\/wp-content\/uploads\/2021\/10\/Violatric0232.jpg\" alt=\"\" width=\"900\" height=\"1200\" srcset=\"https:\/\/ehetovadnovenyeink.hu\/wp-content\/uploads\/2021\/10\/Violatric0232.jpg 900w, https:\/\/ehetovadnovenyeink.hu\/wp-content\/uploads\/2021\/10\/Violatric0232-225x300.jpg 225w, https:\/\/ehetovadnovenyeink.hu\/wp-content\/uploads\/2021\/10\/Violatric0232-768x1024.jpg 768w\" sizes=\"(max-width: 900px) 100vw, 900px\" \/> <img loading=\"lazy\" decoding=\"async\" class=\"alignnone size-full wp-image-979\" src=\"https:\/\/ehetovadnovenyeink.hu\/wp-content\/uploads\/2021\/10\/Violatric0226.jpg\" alt=\"\" width=\"900\" height=\"1200\" srcset=\"https:\/\/ehetovadnovenyeink.hu\/wp-content\/uploads\/2021\/10\/Violatric0226.jpg 900w, https:\/\/ehetovadnovenyeink.hu\/wp-content\/uploads\/2021\/10\/Violatric0226-225x300.jpg 225w, https:\/\/ehetovadnovenyeink.hu\/wp-content\/uploads\/2021\/10\/Violatric0226-768x1024.jpg 768w\" sizes=\"(max-width: 900px) 100vw, 900px\" \/><\/p>\n","protected":false},"excerpt":{"rendered":"<p>49. Viola tricolor &#8211; h\u00e1romsz\u00edn\u0171 \u00e1rv\u00e1cska A Viola tricolor sziklagyepeken, sztyeppr\u00e9teken el\u0151fordul\u00f3 faj, termete 10-40 cm k\u00f6z\u00f6tti, a levelei toj\u00e1sdad vagy l\u00e1ndzs\u00e1s alak\u00faak. Vir\u00e1gszirmai, mint ahogy neve is mutatja, h\u00e1rom sz\u00edn\u0171ek lehetnek, egyszerre s\u00e1rga, feh\u00e9r \u00e9s k\u00e9k. Mindk\u00e9t faj elterjedt d\u00edszn\u00f6v\u00e9ny de vir\u00e1gaikkal sal\u00e1t\u00e1k, tort\u00e1k d\u00edsz\u00edthet\u0151k. Mikor gy\u0171jthet\u0151: \u00e1prilist\u00f3l j\u00faniusig &nbsp;<\/p>\n","protected":false},"author":1,"featured_media":0,"parent":0,"menu_order":0,"comment_status":"closed","ping_status":"closed","template":"","meta":{"_monsterinsights_skip_tracking":false,"_monsterinsights_sitenote_active":false,"_monsterinsights_sitenote_note":"","_monsterinsights_sitenote_category":0,"footnotes":""},"_links":{"self":[{"href":"https:\/\/ehetovadnovenyeink.hu\/index.php\/wp-json\/wp\/v2\/pages\/359"}],"collection":[{"href":"https:\/\/ehetovadnovenyeink.hu\/index.php\/wp-json\/wp\/v2\/pages"}],"about":[{"href":"https:\/\/ehetovadnovenyeink.hu\/index.php\/wp-json\/wp\/v2\/types\/page"}],"author":[{"embeddable":true,"href":"https:\/\/ehetovadnovenyeink.hu\/index.php\/wp-json\/wp\/v2\/users\/1"}],"replies":[{"embeddable":true,"href":"https:\/\/ehetovadnovenyeink.hu\/index.php\/wp-json\/wp\/v2\/comments?post=359"}],"version-history":[{"count":2,"href":"https:\/\/ehetovadnovenyeink.hu\/index.php\/wp-json\/wp\/v2\/pages\/359\/revisions"}],"predecessor-version":[{"id":1005,"href":"https:\/\/ehetovadnovenyeink.hu\/index.php\/wp-json\/wp\/v2\/pages\/359\/revisions\/1005"}],"wp:attachment":[{"href":"https:\/\/ehetovadnovenyeink.hu\/index.php\/wp-json\/wp\/v2\/media?parent=359"}],"curies":[{"name":"wp","href":"https:\/\/api.w.org\/{rel}","templated":true}]}}