{"id":356,"date":"2021-10-11T11:29:19","date_gmt":"2021-10-11T11:29:19","guid":{"rendered":"https:\/\/ehetovadnovenyeink.hu\/?page_id=356"},"modified":"2021-10-23T14:15:09","modified_gmt":"2021-10-23T14:15:09","slug":"viola-odorata-illatos-ibolya","status":"publish","type":"page","link":"https:\/\/ehetovadnovenyeink.hu\/index.php\/viola-odorata-illatos-ibolya\/","title":{"rendered":"Viola odorata &#8211; illatos ibolya"},"content":{"rendered":"<p>48. Viola odorata &#8211; illatos ibolya<\/p>\n<p>A Viola odorata cserj\u00e9sek, \u00fcde erd\u0151k, erd\u0151szeg\u00e9lyek, kult\u00fargyepek n\u00f6v\u00e9nye. Termete 5-15 cm k\u00f6z\u00f6tti, ind\u00e1i keskenyek, hossz\u00faak. Levelei sz\u00e9les toj\u00e1sdad alak\u00faak, cs\u00facsuk tompa vagy lekerek\u00edtett, sz\u00edves, m\u00e9ly \u00f6bl\u0171 v\u00e1llal. P\u00e1lhalevelei toj\u00e1sdad alak\u00faak, viszonylag r\u00f6vid rojtokkal. Vir\u00e1gai kb. 1 cm \u00e1tm\u00e9r\u0151j\u0171ek, nagyon illatosak, ibolyasz\u00edn\u0171ek, ritk\u00e1bban feh\u00e9rek, r\u00f3zsasz\u00edn\u0171ek.<\/p>\n<p>Mikor gy\u0171jthet\u0151: febru\u00e1rt\u00f3l m\u00e1jusig<\/p>\n<p>&nbsp;<\/p>\n<p><img loading=\"lazy\" decoding=\"async\" class=\"alignnone wp-image-1118 size-full\" src=\"https:\/\/ehetovadnovenyeink.hu\/wp-content\/uploads\/2021\/10\/Viola_odorata-1_WEB.jpg\" alt=\"\" width=\"1200\" height=\"900\" srcset=\"https:\/\/ehetovadnovenyeink.hu\/wp-content\/uploads\/2021\/10\/Viola_odorata-1_WEB.jpg 1200w, https:\/\/ehetovadnovenyeink.hu\/wp-content\/uploads\/2021\/10\/Viola_odorata-1_WEB-300x225.jpg 300w, https:\/\/ehetovadnovenyeink.hu\/wp-content\/uploads\/2021\/10\/Viola_odorata-1_WEB-768x576.jpg 768w\" sizes=\"(max-width: 1200px) 100vw, 1200px\" \/><\/p>\n<p><img loading=\"lazy\" decoding=\"async\" class=\"alignnone wp-image-1116 size-full\" src=\"https:\/\/ehetovadnovenyeink.hu\/wp-content\/uploads\/2021\/10\/Viola_odorata-2_WEB.jpg\" alt=\"\" width=\"1200\" height=\"900\" srcset=\"https:\/\/ehetovadnovenyeink.hu\/wp-content\/uploads\/2021\/10\/Viola_odorata-2_WEB.jpg 1200w, https:\/\/ehetovadnovenyeink.hu\/wp-content\/uploads\/2021\/10\/Viola_odorata-2_WEB-300x225.jpg 300w, https:\/\/ehetovadnovenyeink.hu\/wp-content\/uploads\/2021\/10\/Viola_odorata-2_WEB-768x576.jpg 768w\" sizes=\"(max-width: 1200px) 100vw, 1200px\" \/><\/p>\n<p><img loading=\"lazy\" decoding=\"async\" class=\"alignnone size-full wp-image-1117\" src=\"https:\/\/ehetovadnovenyeink.hu\/wp-content\/uploads\/2021\/10\/Viola_odorata-3_WEB.jpg\" alt=\"\" width=\"1200\" height=\"900\" srcset=\"https:\/\/ehetovadnovenyeink.hu\/wp-content\/uploads\/2021\/10\/Viola_odorata-3_WEB.jpg 1200w, https:\/\/ehetovadnovenyeink.hu\/wp-content\/uploads\/2021\/10\/Viola_odorata-3_WEB-300x225.jpg 300w, https:\/\/ehetovadnovenyeink.hu\/wp-content\/uploads\/2021\/10\/Viola_odorata-3_WEB-768x576.jpg 768w\" sizes=\"(max-width: 1200px) 100vw, 1200px\" \/><\/p>\n<figure id=\"attachment_1017\" aria-describedby=\"caption-attachment-1017\" style=\"width: 737px\" class=\"wp-caption alignnone\"><img loading=\"lazy\" decoding=\"async\" class=\"wp-image-1017 size-large\" src=\"https:\/\/ehetovadnovenyeink.hu\/wp-content\/uploads\/2021\/10\/viola_odorata-737x1200.jpg\" alt=\"\" width=\"737\" height=\"1200\" srcset=\"https:\/\/ehetovadnovenyeink.hu\/wp-content\/uploads\/2021\/10\/viola_odorata-737x1200.jpg 737w, https:\/\/ehetovadnovenyeink.hu\/wp-content\/uploads\/2021\/10\/viola_odorata-184x300.jpg 184w, https:\/\/ehetovadnovenyeink.hu\/wp-content\/uploads\/2021\/10\/viola_odorata-768x1251.jpg 768w, https:\/\/ehetovadnovenyeink.hu\/wp-content\/uploads\/2021\/10\/viola_odorata-943x1536.jpg 943w, https:\/\/ehetovadnovenyeink.hu\/wp-content\/uploads\/2021\/10\/viola_odorata-1257x2048.jpg 1257w, https:\/\/ehetovadnovenyeink.hu\/wp-content\/uploads\/2021\/10\/viola_odorata-scaled.jpg 1571w\" sizes=\"(max-width: 737px) 100vw, 737px\" \/><figcaption id=\"caption-attachment-1017\" class=\"wp-caption-text\">Billeder af nordens flora. v.1<br \/>K\u00f8benhavn,G.E.C. Gad&#8217;s forlag,1917-1927.<br \/><a href=\"http:\/\/biodiversitylibrary.org\/item\/39907\">http:\/\/biodiversitylibrary.org\/item\/39907<\/a><\/figcaption><\/figure>\n","protected":false},"excerpt":{"rendered":"<p>48. Viola odorata &#8211; illatos ibolya A Viola odorata cserj\u00e9sek, \u00fcde erd\u0151k, erd\u0151szeg\u00e9lyek, kult\u00fargyepek n\u00f6v\u00e9nye. Termete 5-15 cm k\u00f6z\u00f6tti, ind\u00e1i keskenyek, hossz\u00faak. Levelei sz\u00e9les toj\u00e1sdad alak\u00faak, cs\u00facsuk tompa vagy lekerek\u00edtett, sz\u00edves, m\u00e9ly \u00f6bl\u0171 v\u00e1llal. P\u00e1lhalevelei toj\u00e1sdad alak\u00faak, viszonylag r\u00f6vid rojtokkal. Vir\u00e1gai kb. 1 cm \u00e1tm\u00e9r\u0151j\u0171ek, nagyon illatosak, ibolyasz\u00edn\u0171ek, ritk\u00e1bban feh\u00e9rek, r\u00f3zsasz\u00edn\u0171ek. Mikor gy\u0171jthet\u0151: febru\u00e1rt\u00f3l m\u00e1jusig [&hellip;]<\/p>\n","protected":false},"author":1,"featured_media":0,"parent":0,"menu_order":0,"comment_status":"closed","ping_status":"closed","template":"","meta":{"_monsterinsights_skip_tracking":false,"_monsterinsights_sitenote_active":false,"_monsterinsights_sitenote_note":"","_monsterinsights_sitenote_category":0,"footnotes":""},"_links":{"self":[{"href":"https:\/\/ehetovadnovenyeink.hu\/index.php\/wp-json\/wp\/v2\/pages\/356"}],"collection":[{"href":"https:\/\/ehetovadnovenyeink.hu\/index.php\/wp-json\/wp\/v2\/pages"}],"about":[{"href":"https:\/\/ehetovadnovenyeink.hu\/index.php\/wp-json\/wp\/v2\/types\/page"}],"author":[{"embeddable":true,"href":"https:\/\/ehetovadnovenyeink.hu\/index.php\/wp-json\/wp\/v2\/users\/1"}],"replies":[{"embeddable":true,"href":"https:\/\/ehetovadnovenyeink.hu\/index.php\/wp-json\/wp\/v2\/comments?post=356"}],"version-history":[{"count":5,"href":"https:\/\/ehetovadnovenyeink.hu\/index.php\/wp-json\/wp\/v2\/pages\/356\/revisions"}],"predecessor-version":[{"id":1119,"href":"https:\/\/ehetovadnovenyeink.hu\/index.php\/wp-json\/wp\/v2\/pages\/356\/revisions\/1119"}],"wp:attachment":[{"href":"https:\/\/ehetovadnovenyeink.hu\/index.php\/wp-json\/wp\/v2\/media?parent=356"}],"curies":[{"name":"wp","href":"https:\/\/api.w.org\/{rel}","templated":true}]}}