{"id":353,"date":"2021-10-11T11:27:39","date_gmt":"2021-10-11T11:27:39","guid":{"rendered":"https:\/\/ehetovadnovenyeink.hu\/?page_id=353"},"modified":"2021-10-14T20:29:23","modified_gmt":"2021-10-14T20:29:23","slug":"corylus-maxima-csoves-mogyoro","status":"publish","type":"page","link":"https:\/\/ehetovadnovenyeink.hu\/index.php\/corylus-maxima-csoves-mogyoro\/","title":{"rendered":"Corylus maxima &#8211; cs\u00f6ves mogyor\u00f3"},"content":{"rendered":"<p>47. Corylus maxima &#8211; cs\u00f6ves mogyor\u00f3<\/p>\n<p>Balk\u00e1ni eredet\u0171 kisfa vagy nagyobb cserje, amelyet d\u00edsznek \u00e9s ehet\u0151 magj\u00e1\u00e9rt termesztenek. Levelei toj\u00e1sdadok 5-12 cm hossz\u00faak, 4-10 cm sz\u00e9lesek, sz\u00e9l\u00fck k\u00e9tszeresen f\u0171r\u00e9szes. Gyakori a v\u00f6r\u00f6ses level\u0171 v\u00e1ltozat. A makkterm\u00e9s kupacsa cs\u00f6ves, a makk f\u00f6l\u00f6tt \u00f6sszesz\u0171k\u00fcl\u0151, hegyes-fogasan kar\u00e9jos cs\u00facs\u00fa.<\/p>\n<p>Mikor gy\u0171jthet\u0151: \u0151sz elej\u00e9n<\/p>\n<p>&nbsp;<\/p>\n<p><img loading=\"lazy\" decoding=\"async\" class=\"alignnone size-full wp-image-682\" src=\"https:\/\/ehetovadnovenyeink.hu\/wp-content\/uploads\/2021\/10\/corylus_maxima_purpurea-5_WEB0098.jpg\" alt=\"\" width=\"1200\" height=\"800\" srcset=\"https:\/\/ehetovadnovenyeink.hu\/wp-content\/uploads\/2021\/10\/corylus_maxima_purpurea-5_WEB0098.jpg 1200w, https:\/\/ehetovadnovenyeink.hu\/wp-content\/uploads\/2021\/10\/corylus_maxima_purpurea-5_WEB0098-300x200.jpg 300w, https:\/\/ehetovadnovenyeink.hu\/wp-content\/uploads\/2021\/10\/corylus_maxima_purpurea-5_WEB0098-768x512.jpg 768w\" sizes=\"(max-width: 1200px) 100vw, 1200px\" \/> <img loading=\"lazy\" decoding=\"async\" class=\"alignnone size-full wp-image-683\" src=\"https:\/\/ehetovadnovenyeink.hu\/wp-content\/uploads\/2021\/10\/corylus_maxima_purpurea-1_WEB0527.jpg\" alt=\"\" width=\"800\" height=\"1200\" srcset=\"https:\/\/ehetovadnovenyeink.hu\/wp-content\/uploads\/2021\/10\/corylus_maxima_purpurea-1_WEB0527.jpg 800w, https:\/\/ehetovadnovenyeink.hu\/wp-content\/uploads\/2021\/10\/corylus_maxima_purpurea-1_WEB0527-200x300.jpg 200w, https:\/\/ehetovadnovenyeink.hu\/wp-content\/uploads\/2021\/10\/corylus_maxima_purpurea-1_WEB0527-768x1152.jpg 768w\" sizes=\"(max-width: 800px) 100vw, 800px\" \/> <img loading=\"lazy\" decoding=\"async\" class=\"alignnone size-full wp-image-684\" src=\"https:\/\/ehetovadnovenyeink.hu\/wp-content\/uploads\/2021\/10\/corylus_maxima_purpurea-3_WEB0096.jpg\" alt=\"\" width=\"1200\" height=\"800\" srcset=\"https:\/\/ehetovadnovenyeink.hu\/wp-content\/uploads\/2021\/10\/corylus_maxima_purpurea-3_WEB0096.jpg 1200w, https:\/\/ehetovadnovenyeink.hu\/wp-content\/uploads\/2021\/10\/corylus_maxima_purpurea-3_WEB0096-300x200.jpg 300w, https:\/\/ehetovadnovenyeink.hu\/wp-content\/uploads\/2021\/10\/corylus_maxima_purpurea-3_WEB0096-768x512.jpg 768w\" sizes=\"(max-width: 1200px) 100vw, 1200px\" \/> <img loading=\"lazy\" decoding=\"async\" class=\"alignnone size-full wp-image-685\" src=\"https:\/\/ehetovadnovenyeink.hu\/wp-content\/uploads\/2021\/10\/corylus_maxima_purpurea-4_WEB0097.jpg\" alt=\"\" width=\"1200\" height=\"800\" srcset=\"https:\/\/ehetovadnovenyeink.hu\/wp-content\/uploads\/2021\/10\/corylus_maxima_purpurea-4_WEB0097.jpg 1200w, https:\/\/ehetovadnovenyeink.hu\/wp-content\/uploads\/2021\/10\/corylus_maxima_purpurea-4_WEB0097-300x200.jpg 300w, https:\/\/ehetovadnovenyeink.hu\/wp-content\/uploads\/2021\/10\/corylus_maxima_purpurea-4_WEB0097-768x512.jpg 768w\" sizes=\"(max-width: 1200px) 100vw, 1200px\" \/><\/p>\n","protected":false},"excerpt":{"rendered":"<p>47. Corylus maxima &#8211; cs\u00f6ves mogyor\u00f3 Balk\u00e1ni eredet\u0171 kisfa vagy nagyobb cserje, amelyet d\u00edsznek \u00e9s ehet\u0151 magj\u00e1\u00e9rt termesztenek. Levelei toj\u00e1sdadok 5-12 cm hossz\u00faak, 4-10 cm sz\u00e9lesek, sz\u00e9l\u00fck k\u00e9tszeresen f\u0171r\u00e9szes. Gyakori a v\u00f6r\u00f6ses level\u0171 v\u00e1ltozat. A makkterm\u00e9s kupacsa cs\u00f6ves, a makk f\u00f6l\u00f6tt \u00f6sszesz\u0171k\u00fcl\u0151, hegyes-fogasan kar\u00e9jos cs\u00facs\u00fa. Mikor gy\u0171jthet\u0151: \u0151sz elej\u00e9n &nbsp;<\/p>\n","protected":false},"author":1,"featured_media":0,"parent":0,"menu_order":0,"comment_status":"closed","ping_status":"closed","template":"","meta":{"_monsterinsights_skip_tracking":false,"_monsterinsights_sitenote_active":false,"_monsterinsights_sitenote_note":"","_monsterinsights_sitenote_category":0,"footnotes":""},"_links":{"self":[{"href":"https:\/\/ehetovadnovenyeink.hu\/index.php\/wp-json\/wp\/v2\/pages\/353"}],"collection":[{"href":"https:\/\/ehetovadnovenyeink.hu\/index.php\/wp-json\/wp\/v2\/pages"}],"about":[{"href":"https:\/\/ehetovadnovenyeink.hu\/index.php\/wp-json\/wp\/v2\/types\/page"}],"author":[{"embeddable":true,"href":"https:\/\/ehetovadnovenyeink.hu\/index.php\/wp-json\/wp\/v2\/users\/1"}],"replies":[{"embeddable":true,"href":"https:\/\/ehetovadnovenyeink.hu\/index.php\/wp-json\/wp\/v2\/comments?post=353"}],"version-history":[{"count":3,"href":"https:\/\/ehetovadnovenyeink.hu\/index.php\/wp-json\/wp\/v2\/pages\/353\/revisions"}],"predecessor-version":[{"id":686,"href":"https:\/\/ehetovadnovenyeink.hu\/index.php\/wp-json\/wp\/v2\/pages\/353\/revisions\/686"}],"wp:attachment":[{"href":"https:\/\/ehetovadnovenyeink.hu\/index.php\/wp-json\/wp\/v2\/media?parent=353"}],"curies":[{"name":"wp","href":"https:\/\/api.w.org\/{rel}","templated":true}]}}