{"id":350,"date":"2021-10-11T11:26:56","date_gmt":"2021-10-11T11:26:56","guid":{"rendered":"https:\/\/ehetovadnovenyeink.hu\/?page_id=350"},"modified":"2021-10-14T20:33:18","modified_gmt":"2021-10-14T20:33:18","slug":"corylus-avellana-kozonseges-mogyoro","status":"publish","type":"page","link":"https:\/\/ehetovadnovenyeink.hu\/index.php\/corylus-avellana-kozonseges-mogyoro\/","title":{"rendered":"Corylus avellana &#8211; k\u00f6z\u00f6ns\u00e9ges mogyor\u00f3"},"content":{"rendered":"<p>46. Corylus avellana &#8211; k\u00f6z\u00f6ns\u00e9ges mogyor\u00f3<\/p>\n<p>\u0150shonos eur\u00f3pai faj, termete 2-10 m k\u00f6z\u00f6tti, z\u00e1rt, \u00e1rnyas, \u00e1ltal\u00e1ban \u00fcde erd\u0151k t\u00f6bbt\u00f6rzs\u0171, magas cserj\u00e9je. Vessz\u0151i barn\u00e1ssz\u00fcrk\u00e9k, vil\u00e1gos sz\u00edn\u0171 paraszem\u00f6lcs\u00f6kkel bor\u00edtottak. Levelei 6-12 cm hossz\u00faak, 5-10 cm sz\u00e9lesek, k\u00e9tszeresen f\u0171r\u00e9szes sz\u00e9l\u0171ek, 6-7 oldal\u00e9rp\u00e1rral. A lev\u00e9lv\u00e1ll sz\u00edves, a lev\u00e9lny\u00e9l 1-2 cm hossz\u00fa er\u0151sen sertesz\u0151r\u00f6s. A mogyor\u00f3k lombfakad\u00e1s el\u0151tt vir\u00e1gzanak, a barka 4-6 cm, a portokok s\u00e1rg\u00e1k. A term\u00e9s sallangos kupacs\u00fa makk, melynek kupacsa kb. k\u00f6zep\u00e9ig hasogatott, a makk k\u00f6ld\u00f6ke legfeljebb a makk 1\/3-\u00e1t teszi ki. A term\u00e9sek 1-4-es\u00e9vel fejl\u0151dnek.<\/p>\n<p>Mikor gy\u0171jthet\u0151: \u0151sszel<\/p>\n<p>&nbsp;<\/p>\n<p><img loading=\"lazy\" decoding=\"async\" class=\"alignnone size-full wp-image-690\" src=\"https:\/\/ehetovadnovenyeink.hu\/wp-content\/uploads\/2021\/10\/corylus_avellana-1_WEB0063.jpg\" alt=\"\" width=\"1200\" height=\"800\" srcset=\"https:\/\/ehetovadnovenyeink.hu\/wp-content\/uploads\/2021\/10\/corylus_avellana-1_WEB0063.jpg 1200w, https:\/\/ehetovadnovenyeink.hu\/wp-content\/uploads\/2021\/10\/corylus_avellana-1_WEB0063-300x200.jpg 300w, https:\/\/ehetovadnovenyeink.hu\/wp-content\/uploads\/2021\/10\/corylus_avellana-1_WEB0063-768x512.jpg 768w\" sizes=\"(max-width: 1200px) 100vw, 1200px\" \/> <img loading=\"lazy\" decoding=\"async\" class=\"alignnone size-full wp-image-689\" src=\"https:\/\/ehetovadnovenyeink.hu\/wp-content\/uploads\/2021\/10\/corylus_avellana-7_WEB0068.jpg\" alt=\"\" width=\"1200\" height=\"800\" srcset=\"https:\/\/ehetovadnovenyeink.hu\/wp-content\/uploads\/2021\/10\/corylus_avellana-7_WEB0068.jpg 1200w, https:\/\/ehetovadnovenyeink.hu\/wp-content\/uploads\/2021\/10\/corylus_avellana-7_WEB0068-300x200.jpg 300w, https:\/\/ehetovadnovenyeink.hu\/wp-content\/uploads\/2021\/10\/corylus_avellana-7_WEB0068-768x512.jpg 768w\" sizes=\"(max-width: 1200px) 100vw, 1200px\" \/> <img loading=\"lazy\" decoding=\"async\" class=\"alignnone size-full wp-image-688\" src=\"https:\/\/ehetovadnovenyeink.hu\/wp-content\/uploads\/2021\/10\/corylus_avellana-6_WEB0067.jpg\" alt=\"\" width=\"1200\" height=\"800\" srcset=\"https:\/\/ehetovadnovenyeink.hu\/wp-content\/uploads\/2021\/10\/corylus_avellana-6_WEB0067.jpg 1200w, https:\/\/ehetovadnovenyeink.hu\/wp-content\/uploads\/2021\/10\/corylus_avellana-6_WEB0067-300x200.jpg 300w, https:\/\/ehetovadnovenyeink.hu\/wp-content\/uploads\/2021\/10\/corylus_avellana-6_WEB0067-768x512.jpg 768w\" sizes=\"(max-width: 1200px) 100vw, 1200px\" \/> <img loading=\"lazy\" decoding=\"async\" class=\"alignnone size-full wp-image-687\" src=\"https:\/\/ehetovadnovenyeink.hu\/wp-content\/uploads\/2021\/10\/corylus_avellana-3_WEB0064.jpg\" alt=\"\" width=\"1200\" height=\"800\" srcset=\"https:\/\/ehetovadnovenyeink.hu\/wp-content\/uploads\/2021\/10\/corylus_avellana-3_WEB0064.jpg 1200w, https:\/\/ehetovadnovenyeink.hu\/wp-content\/uploads\/2021\/10\/corylus_avellana-3_WEB0064-300x200.jpg 300w, https:\/\/ehetovadnovenyeink.hu\/wp-content\/uploads\/2021\/10\/corylus_avellana-3_WEB0064-768x512.jpg 768w\" sizes=\"(max-width: 1200px) 100vw, 1200px\" \/><\/p>\n","protected":false},"excerpt":{"rendered":"<p>46. Corylus avellana &#8211; k\u00f6z\u00f6ns\u00e9ges mogyor\u00f3 \u0150shonos eur\u00f3pai faj, termete 2-10 m k\u00f6z\u00f6tti, z\u00e1rt, \u00e1rnyas, \u00e1ltal\u00e1ban \u00fcde erd\u0151k t\u00f6bbt\u00f6rzs\u0171, magas cserj\u00e9je. Vessz\u0151i barn\u00e1ssz\u00fcrk\u00e9k, vil\u00e1gos sz\u00edn\u0171 paraszem\u00f6lcs\u00f6kkel bor\u00edtottak. Levelei 6-12 cm hossz\u00faak, 5-10 cm sz\u00e9lesek, k\u00e9tszeresen f\u0171r\u00e9szes sz\u00e9l\u0171ek, 6-7 oldal\u00e9rp\u00e1rral. A lev\u00e9lv\u00e1ll sz\u00edves, a lev\u00e9lny\u00e9l 1-2 cm hossz\u00fa er\u0151sen sertesz\u0151r\u00f6s. A mogyor\u00f3k lombfakad\u00e1s el\u0151tt vir\u00e1gzanak, a [&hellip;]<\/p>\n","protected":false},"author":1,"featured_media":0,"parent":0,"menu_order":0,"comment_status":"closed","ping_status":"closed","template":"","meta":{"_monsterinsights_skip_tracking":false,"_monsterinsights_sitenote_active":false,"_monsterinsights_sitenote_note":"","_monsterinsights_sitenote_category":0,"footnotes":""},"_links":{"self":[{"href":"https:\/\/ehetovadnovenyeink.hu\/index.php\/wp-json\/wp\/v2\/pages\/350"}],"collection":[{"href":"https:\/\/ehetovadnovenyeink.hu\/index.php\/wp-json\/wp\/v2\/pages"}],"about":[{"href":"https:\/\/ehetovadnovenyeink.hu\/index.php\/wp-json\/wp\/v2\/types\/page"}],"author":[{"embeddable":true,"href":"https:\/\/ehetovadnovenyeink.hu\/index.php\/wp-json\/wp\/v2\/users\/1"}],"replies":[{"embeddable":true,"href":"https:\/\/ehetovadnovenyeink.hu\/index.php\/wp-json\/wp\/v2\/comments?post=350"}],"version-history":[{"count":3,"href":"https:\/\/ehetovadnovenyeink.hu\/index.php\/wp-json\/wp\/v2\/pages\/350\/revisions"}],"predecessor-version":[{"id":692,"href":"https:\/\/ehetovadnovenyeink.hu\/index.php\/wp-json\/wp\/v2\/pages\/350\/revisions\/692"}],"wp:attachment":[{"href":"https:\/\/ehetovadnovenyeink.hu\/index.php\/wp-json\/wp\/v2\/media?parent=350"}],"curies":[{"name":"wp","href":"https:\/\/api.w.org\/{rel}","templated":true}]}}