{"id":340,"date":"2021-10-11T11:23:40","date_gmt":"2021-10-11T11:23:40","guid":{"rendered":"https:\/\/ehetovadnovenyeink.hu\/?page_id=340"},"modified":"2021-10-23T08:48:11","modified_gmt":"2021-10-23T08:48:11","slug":"allium-lusitanicum-hegyi-hagyma","status":"publish","type":"page","link":"https:\/\/ehetovadnovenyeink.hu\/index.php\/allium-lusitanicum-hegyi-hagyma\/","title":{"rendered":"Allium lusitanicum &#8211; hegyi hagyma"},"content":{"rendered":"<p>44. Allium lusitanicum &#8211; hegyi hagyma<\/p>\n<p>\u0150shonos \u00e9vel\u0151 faj, mely a telet f\u00f6ldfelsz\u00edn alatti \u00e1ttelel\u0151 szervvel, a hagymatesttel v\u00e9szeli \u00e1t. Sziklagyepek, sziklahasad\u00e9k-gyepek n\u00f6v\u00e9nye. A hagyma kb. 1 cm \u00e1tm\u00e9r\u0151j\u0171, keskeny-hengeres, ors\u00f3 alak\u00fa. Sz\u00e1ra 10-30 cm hossz\u00fa, levele lapos, 1,5-8 mm sz\u00e9les, t\u00f6bb\u00e9-kev\u00e9sb\u00e9 hi\u00e1nyzik a lev\u00e9l k\u00f6z\u00e9pere, fon\u00e1ka nem orm\u00f3s. A lepellev\u00e9l tomp\u00e1s. A vir\u00e1gzat 2-5 cm \u00e1tm\u00e9r\u0151j\u0171, a portok \u00e1ltal\u00e1ban teljesen ki\u00e1ll a lepelb\u0151l. A lepel k\u00e9kes-ibolya vagy s\u00f6t\u00e9t r\u00f3zsasz\u00edn\u0171, 5-6 mm hossz\u00fa.<\/p>\n<p>Mikor gy\u0171jthet\u0151: z\u00f6ld leveles \u00e1llapotban kihajt\u00e1st\u00f3l a fagyokig gy\u0171jthet\u0151<\/p>\n<p>&nbsp;<\/p>\n<p><img loading=\"lazy\" decoding=\"async\" class=\"alignnone wp-image-1074 size-large\" src=\"https:\/\/ehetovadnovenyeink.hu\/wp-content\/uploads\/2021\/10\/allium_lusitanicum_flickr-1200x900.jpg\" alt=\"\" width=\"1200\" height=\"900\" srcset=\"https:\/\/ehetovadnovenyeink.hu\/wp-content\/uploads\/2021\/10\/allium_lusitanicum_flickr-1200x900.jpg 1200w, https:\/\/ehetovadnovenyeink.hu\/wp-content\/uploads\/2021\/10\/allium_lusitanicum_flickr-300x225.jpg 300w, https:\/\/ehetovadnovenyeink.hu\/wp-content\/uploads\/2021\/10\/allium_lusitanicum_flickr-768x576.jpg 768w, https:\/\/ehetovadnovenyeink.hu\/wp-content\/uploads\/2021\/10\/allium_lusitanicum_flickr-1536x1152.jpg 1536w, https:\/\/ehetovadnovenyeink.hu\/wp-content\/uploads\/2021\/10\/allium_lusitanicum_flickr.jpg 2048w\" sizes=\"(max-width: 1200px) 100vw, 1200px\" \/><\/p>\n<p><a href=\"https:\/\/www.flickr.com\/photos\/96064256@N04\/29131736105\/\">Allium lusitanicum<\/a> &#8211; hegyi hagyma<\/p>\n","protected":false},"excerpt":{"rendered":"<p>44. Allium lusitanicum &#8211; hegyi hagyma \u0150shonos \u00e9vel\u0151 faj, mely a telet f\u00f6ldfelsz\u00edn alatti \u00e1ttelel\u0151 szervvel, a hagymatesttel v\u00e9szeli \u00e1t. Sziklagyepek, sziklahasad\u00e9k-gyepek n\u00f6v\u00e9nye. A hagyma kb. 1 cm \u00e1tm\u00e9r\u0151j\u0171, keskeny-hengeres, ors\u00f3 alak\u00fa. Sz\u00e1ra 10-30 cm hossz\u00fa, levele lapos, 1,5-8 mm sz\u00e9les, t\u00f6bb\u00e9-kev\u00e9sb\u00e9 hi\u00e1nyzik a lev\u00e9l k\u00f6z\u00e9pere, fon\u00e1ka nem orm\u00f3s. A lepellev\u00e9l tomp\u00e1s. A vir\u00e1gzat 2-5 [&hellip;]<\/p>\n","protected":false},"author":1,"featured_media":0,"parent":0,"menu_order":0,"comment_status":"closed","ping_status":"closed","template":"","meta":{"_monsterinsights_skip_tracking":false,"_monsterinsights_sitenote_active":false,"_monsterinsights_sitenote_note":"","_monsterinsights_sitenote_category":0,"footnotes":""},"_links":{"self":[{"href":"https:\/\/ehetovadnovenyeink.hu\/index.php\/wp-json\/wp\/v2\/pages\/340"}],"collection":[{"href":"https:\/\/ehetovadnovenyeink.hu\/index.php\/wp-json\/wp\/v2\/pages"}],"about":[{"href":"https:\/\/ehetovadnovenyeink.hu\/index.php\/wp-json\/wp\/v2\/types\/page"}],"author":[{"embeddable":true,"href":"https:\/\/ehetovadnovenyeink.hu\/index.php\/wp-json\/wp\/v2\/users\/1"}],"replies":[{"embeddable":true,"href":"https:\/\/ehetovadnovenyeink.hu\/index.php\/wp-json\/wp\/v2\/comments?post=340"}],"version-history":[{"count":2,"href":"https:\/\/ehetovadnovenyeink.hu\/index.php\/wp-json\/wp\/v2\/pages\/340\/revisions"}],"predecessor-version":[{"id":1075,"href":"https:\/\/ehetovadnovenyeink.hu\/index.php\/wp-json\/wp\/v2\/pages\/340\/revisions\/1075"}],"wp:attachment":[{"href":"https:\/\/ehetovadnovenyeink.hu\/index.php\/wp-json\/wp\/v2\/media?parent=340"}],"curies":[{"name":"wp","href":"https:\/\/api.w.org\/{rel}","templated":true}]}}