{"id":333,"date":"2021-10-11T11:20:51","date_gmt":"2021-10-11T11:20:51","guid":{"rendered":"https:\/\/ehetovadnovenyeink.hu\/?page_id=333"},"modified":"2021-10-18T14:41:16","modified_gmt":"2021-10-18T14:41:16","slug":"thymus-spp-kakukkfu-fajok","status":"publish","type":"page","link":"https:\/\/ehetovadnovenyeink.hu\/index.php\/thymus-spp-kakukkfu-fajok\/","title":{"rendered":"Thymus spp. &#8211; kakukkf\u0171 fajok"},"content":{"rendered":"<p>43. Thymus spp. &#8211; kakukkf\u0171 fajok<\/p>\n<p>Thymus vulgaris &#8211; kerti kakukkf\u0171; Thymus serpyllum &#8211; keskenylevel\u0171 kakukkf\u0171; Thymus glabrescens &#8211; k\u00f6z\u00f6ns\u00e9ges kakukkf\u0171; Thymus pannonicus &#8211; magyar kakukkf\u0171<\/p>\n<p>Magyarorssz\u00e1g ter\u00fclet\u00e9n napos sziklagyepeken, sztyeppr\u00e9teken, erd\u0151sz\u00e9leken megtal\u00e1lhat\u00f3 n\u00f6v\u00e9nyek. A kerti kakukkf\u0171 (Th. vulgaris) kiv\u00e9tel\u00e9vel a t\u00f6bbi faj honos haz\u00e1nkban, de a Ny-Mediterr\u00e1n eredet\u0171 kerti kakukkf\u0171 is kisz\u00f6khet az \u00fcltetett ter\u00fcletekr\u0151l \u00e9s megtelepedhet. Az ajakosok csal\u00e1dj\u00e1ba tartoz\u00f3 t\u00f6rpecserj\u00e9k sz\u00e1ra n\u00e9gy\u00e9l\u0171, leveleik keresztben \u00e1tellenesen \u00e1llnak, egyszer\u0171ek, \u00e9p sz\u00e9l\u0171ek, a vir\u00e1gok sziromleveleik \u00f6sszen\u00f6v\u00e9s\u00e9vel ajak form\u00e1j\u00faak, lila sz\u00edn\u0171ek. Term\u00e9s\u00fck n\u00e9gy makkocska, mely a marad\u00f3 cs\u00e9sz\u00e9ben tal\u00e1lhat\u00f3. Az \u00f6sszes faj tartalmaz j\u00f3t\u00e9kony ill\u00f3olajokat, ezek a n\u00f6v\u00e9ny szinte minden f\u00f6ldfeletti szerv\u00e9n l\u00e9v\u0151 mirigysz\u0151r\u00f6kben termel\u0151dnek. Alkalmazhatjuk teak\u00e9nt, f\u0171szerk\u00e9nt. Frissen is, nem csak sz\u00e1r\u00edtva alkalmasak te\u00e1nak.<\/p>\n<p>Mikor gy\u0171jthet\u0151: m\u00e1just\u00f3l kezd\u0151d\u0151en, vir\u00e1gz\u00e1si id\u0151ben<\/p>\n<p>&nbsp;<\/p>\n<p><img loading=\"lazy\" decoding=\"async\" class=\"alignnone size-full wp-image-975\" src=\"https:\/\/ehetovadnovenyeink.hu\/wp-content\/uploads\/2021\/10\/Thymus2052.jpg\" alt=\"\" width=\"1200\" height=\"900\" srcset=\"https:\/\/ehetovadnovenyeink.hu\/wp-content\/uploads\/2021\/10\/Thymus2052.jpg 1200w, https:\/\/ehetovadnovenyeink.hu\/wp-content\/uploads\/2021\/10\/Thymus2052-300x225.jpg 300w, https:\/\/ehetovadnovenyeink.hu\/wp-content\/uploads\/2021\/10\/Thymus2052-768x576.jpg 768w\" sizes=\"(max-width: 1200px) 100vw, 1200px\" \/><\/p>\n<p><img loading=\"lazy\" decoding=\"async\" class=\"alignnone size-full wp-image-960\" src=\"https:\/\/ehetovadnovenyeink.hu\/wp-content\/uploads\/2021\/10\/thymus_serpyllum-4_WEB0451.jpg\" alt=\"\" width=\"1200\" height=\"800\" srcset=\"https:\/\/ehetovadnovenyeink.hu\/wp-content\/uploads\/2021\/10\/thymus_serpyllum-4_WEB0451.jpg 1200w, https:\/\/ehetovadnovenyeink.hu\/wp-content\/uploads\/2021\/10\/thymus_serpyllum-4_WEB0451-300x200.jpg 300w, https:\/\/ehetovadnovenyeink.hu\/wp-content\/uploads\/2021\/10\/thymus_serpyllum-4_WEB0451-768x512.jpg 768w\" sizes=\"(max-width: 1200px) 100vw, 1200px\" \/><\/p>\n<p>Thymus serpillum &#8211; keskenylevel\u0171 kakukkf\u0171<\/p>\n<figure id=\"attachment_958\" aria-describedby=\"caption-attachment-958\" style=\"width: 737px\" class=\"wp-caption alignnone\"><img loading=\"lazy\" decoding=\"async\" class=\"wp-image-958 size-large\" src=\"https:\/\/ehetovadnovenyeink.hu\/wp-content\/uploads\/2021\/10\/thymus_serpyllum-737x1200.jpg\" alt=\"\" width=\"737\" height=\"1200\" srcset=\"https:\/\/ehetovadnovenyeink.hu\/wp-content\/uploads\/2021\/10\/thymus_serpyllum-737x1200.jpg 737w, https:\/\/ehetovadnovenyeink.hu\/wp-content\/uploads\/2021\/10\/thymus_serpyllum-184x300.jpg 184w, https:\/\/ehetovadnovenyeink.hu\/wp-content\/uploads\/2021\/10\/thymus_serpyllum-768x1251.jpg 768w, https:\/\/ehetovadnovenyeink.hu\/wp-content\/uploads\/2021\/10\/thymus_serpyllum-943x1536.jpg 943w, https:\/\/ehetovadnovenyeink.hu\/wp-content\/uploads\/2021\/10\/thymus_serpyllum-1257x2048.jpg 1257w, https:\/\/ehetovadnovenyeink.hu\/wp-content\/uploads\/2021\/10\/thymus_serpyllum-scaled.jpg 1571w\" sizes=\"(max-width: 737px) 100vw, 737px\" \/><figcaption id=\"caption-attachment-958\" class=\"wp-caption-text\">Billeder af nordens flora. v.1<br \/>K\u00f8benhavn,G.E.C. Gad&#8217;s forlag,1917-1927.<br \/><a href=\"http:\/\/biodiversitylibrary.org\/item\/39907\">http:\/\/biodiversitylibrary.org\/item\/39907<\/a><\/figcaption><\/figure>\n<p><img loading=\"lazy\" decoding=\"async\" class=\"alignnone wp-image-959 size-large\" src=\"https:\/\/ehetovadnovenyeink.hu\/wp-content\/uploads\/2021\/10\/thymus_vulgaris-849x1200.jpg\" alt=\"\" width=\"849\" height=\"1200\" srcset=\"https:\/\/ehetovadnovenyeink.hu\/wp-content\/uploads\/2021\/10\/thymus_vulgaris-849x1200.jpg 849w, https:\/\/ehetovadnovenyeink.hu\/wp-content\/uploads\/2021\/10\/thymus_vulgaris-212x300.jpg 212w, https:\/\/ehetovadnovenyeink.hu\/wp-content\/uploads\/2021\/10\/thymus_vulgaris-768x1085.jpg 768w, https:\/\/ehetovadnovenyeink.hu\/wp-content\/uploads\/2021\/10\/thymus_vulgaris-1087x1536.jpg 1087w, https:\/\/ehetovadnovenyeink.hu\/wp-content\/uploads\/2021\/10\/thymus_vulgaris.jpg 1423w\" sizes=\"(max-width: 849px) 100vw, 849px\" \/><\/p>\n<p><a href=\"https:\/\/www.flickr.com\/photos\/biodivlibrary\/7118326849\/in\/photolist-bR2hzg-xkxrQq-y3HwYt-odkXX2-wM6CyG-x6YQ75-xfLF4k-x3WmYd-wZ2CZc-ys2kXX-odoTzF-y31stL-xjTamZ-wpXCqb-spaQpe-w8mTee-t4wK1K-wZyq1k-wp6xKi-xmtpxk-wZ29nx-wWHJwJ-w8d2AU-woh5Ac-wWHEvN-owqX9q-xf9PF9-xwqNu5-wGx2Kk-spatxp-wRjw7h-oeZip1-tkZJpk-wRusvt-wSbZ42-u4PQA3-xiHoYZ-tm1nhD-yo7jM5-xm6DKg-oeTXWU-xt7uXS-xrUg5M-vdWfHJ-ypn9rW-wXRPqU-y8Mobd-xMXwhG-xjtdAX-y2M1mS\">Thymus vulgaris<\/a> &#8211; kerti kakukkf\u0171<\/p>\n","protected":false},"excerpt":{"rendered":"<p>43. Thymus spp. &#8211; kakukkf\u0171 fajok Thymus vulgaris &#8211; kerti kakukkf\u0171; Thymus serpyllum &#8211; keskenylevel\u0171 kakukkf\u0171; Thymus glabrescens &#8211; k\u00f6z\u00f6ns\u00e9ges kakukkf\u0171; Thymus pannonicus &#8211; magyar kakukkf\u0171 Magyarorssz\u00e1g ter\u00fclet\u00e9n napos sziklagyepeken, sztyeppr\u00e9teken, erd\u0151sz\u00e9leken megtal\u00e1lhat\u00f3 n\u00f6v\u00e9nyek. A kerti kakukkf\u0171 (Th. vulgaris) kiv\u00e9tel\u00e9vel a t\u00f6bbi faj honos haz\u00e1nkban, de a Ny-Mediterr\u00e1n eredet\u0171 kerti kakukkf\u0171 is kisz\u00f6khet az \u00fcltetett [&hellip;]<\/p>\n","protected":false},"author":1,"featured_media":0,"parent":0,"menu_order":0,"comment_status":"closed","ping_status":"closed","template":"","meta":{"_monsterinsights_skip_tracking":false,"_monsterinsights_sitenote_active":false,"_monsterinsights_sitenote_note":"","_monsterinsights_sitenote_category":0,"footnotes":""},"_links":{"self":[{"href":"https:\/\/ehetovadnovenyeink.hu\/index.php\/wp-json\/wp\/v2\/pages\/333"}],"collection":[{"href":"https:\/\/ehetovadnovenyeink.hu\/index.php\/wp-json\/wp\/v2\/pages"}],"about":[{"href":"https:\/\/ehetovadnovenyeink.hu\/index.php\/wp-json\/wp\/v2\/types\/page"}],"author":[{"embeddable":true,"href":"https:\/\/ehetovadnovenyeink.hu\/index.php\/wp-json\/wp\/v2\/users\/1"}],"replies":[{"embeddable":true,"href":"https:\/\/ehetovadnovenyeink.hu\/index.php\/wp-json\/wp\/v2\/comments?post=333"}],"version-history":[{"count":6,"href":"https:\/\/ehetovadnovenyeink.hu\/index.php\/wp-json\/wp\/v2\/pages\/333\/revisions"}],"predecessor-version":[{"id":1004,"href":"https:\/\/ehetovadnovenyeink.hu\/index.php\/wp-json\/wp\/v2\/pages\/333\/revisions\/1004"}],"wp:attachment":[{"href":"https:\/\/ehetovadnovenyeink.hu\/index.php\/wp-json\/wp\/v2\/media?parent=333"}],"curies":[{"name":"wp","href":"https:\/\/api.w.org\/{rel}","templated":true}]}}