{"id":324,"date":"2021-10-11T11:18:05","date_gmt":"2021-10-11T11:18:05","guid":{"rendered":"https:\/\/ehetovadnovenyeink.hu\/?page_id=324"},"modified":"2021-10-23T14:13:44","modified_gmt":"2021-10-23T14:13:44","slug":"ribes-aureum-aranyribiszke","status":"publish","type":"page","link":"https:\/\/ehetovadnovenyeink.hu\/index.php\/ribes-aureum-aranyribiszke\/","title":{"rendered":"Ribes aureum &#8211; aranyribiszke"},"content":{"rendered":"<p>41. Ribes aureum &#8211; aranyribiszke<\/p>\n<p>Ny-\u00c9 amerikai sz\u00e1rmaz\u00e1s\u00fa, n\u00e1lunk advent\u00edv cserjefaj. Termete 1-2 m k\u00f6z\u00f6tti, s\u00f6v\u00e9nynek \u00fcltetik, de alanyk\u00e9nt is alkalmazott a nemes ribizke olt\u00e1sakor. Gyakran elvadul \u00e9s meghonosodhat. Hajt\u00e1sa v\u00f6r\u00f6sesbarna, legfeljebb sz\u00f3rtan sz\u0151r\u00f6s-pelyhes, levelei 3-8 cm sz\u00e9lesek, 3-5 has\u00e1b\u00faak, a has\u00e1bok sz\u00e9le csak a cs\u00facs k\u00f6zel\u00e9ben fogas. Vir\u00e1gai 5-15 vir\u00e1g\u00fa f\u00fcrtben ny\u00edlnak, a vacokkehely \u00e9s a cs\u00e9sze \u00e9l\u00e9nks\u00e1rga, az apr\u00f3 szirmok s\u00e1rg\u00e1k vagy b\u00edborosak. A f\u00fcrt lehajl\u00f3, a vir\u00e1gok felt\u0171n\u0151en illatosak, a vacok keskeny, megny\u00falt cs\u00f6v\u0171, cs\u0151szer\u0171 r\u00e9sze 6-10 mm hossz\u00fa. Term\u00e9se fekete, 6-8 mm \u00e1tm\u00e9r\u0151j\u0171, elk\u00e9sz\u00edtve fogyaszthat\u00f3. Alf\u00f6ld\u00f6n narancssz\u00edn\u0171 term\u00e9ses v\u00e1ltozata is ismert.<\/p>\n<p>Mikor gy\u0171jthet\u0151: j\u00falius<\/p>\n<p>&nbsp;<\/p>\n<p><img loading=\"lazy\" decoding=\"async\" class=\"alignnone size-full wp-image-982\" src=\"https:\/\/ehetovadnovenyeink.hu\/wp-content\/uploads\/2021\/10\/Ribesaur1848-1.jpg\" alt=\"\" width=\"1200\" height=\"900\" srcset=\"https:\/\/ehetovadnovenyeink.hu\/wp-content\/uploads\/2021\/10\/Ribesaur1848-1.jpg 1200w, https:\/\/ehetovadnovenyeink.hu\/wp-content\/uploads\/2021\/10\/Ribesaur1848-1-300x225.jpg 300w, https:\/\/ehetovadnovenyeink.hu\/wp-content\/uploads\/2021\/10\/Ribesaur1848-1-768x576.jpg 768w\" sizes=\"(max-width: 1200px) 100vw, 1200px\" \/><\/p>\n<p><img loading=\"lazy\" decoding=\"async\" class=\"alignnone size-full wp-image-1114\" src=\"https:\/\/ehetovadnovenyeink.hu\/wp-content\/uploads\/2021\/10\/ribes_aureum_WEB.jpg\" alt=\"\" width=\"1200\" height=\"900\" srcset=\"https:\/\/ehetovadnovenyeink.hu\/wp-content\/uploads\/2021\/10\/ribes_aureum_WEB.jpg 1200w, https:\/\/ehetovadnovenyeink.hu\/wp-content\/uploads\/2021\/10\/ribes_aureum_WEB-300x225.jpg 300w, https:\/\/ehetovadnovenyeink.hu\/wp-content\/uploads\/2021\/10\/ribes_aureum_WEB-768x576.jpg 768w\" sizes=\"(max-width: 1200px) 100vw, 1200px\" \/><\/p>\n<figure id=\"attachment_898\" aria-describedby=\"caption-attachment-898\" style=\"width: 1079px\" class=\"wp-caption alignnone\"><img loading=\"lazy\" decoding=\"async\" class=\"wp-image-898 size-full\" src=\"https:\/\/ehetovadnovenyeink.hu\/wp-content\/uploads\/2021\/10\/ribes_aureum.jpg\" alt=\"\" width=\"1079\" height=\"963\" srcset=\"https:\/\/ehetovadnovenyeink.hu\/wp-content\/uploads\/2021\/10\/ribes_aureum.jpg 1079w, https:\/\/ehetovadnovenyeink.hu\/wp-content\/uploads\/2021\/10\/ribes_aureum-300x268.jpg 300w, https:\/\/ehetovadnovenyeink.hu\/wp-content\/uploads\/2021\/10\/ribes_aureum-768x685.jpg 768w\" sizes=\"(max-width: 1079px) 100vw, 1079px\" \/><figcaption id=\"caption-attachment-898\" class=\"wp-caption-text\"><a href=\"https:\/\/www.flickr.com\/photos\/160831427@N06\/38880940461\/\">7\/8\/07; Ribes aureum; golden currant; Columbus; Montana<\/a><\/figcaption><\/figure>\n<p><img loading=\"lazy\" decoding=\"async\" class=\"alignnone size-full wp-image-899\" src=\"https:\/\/ehetovadnovenyeink.hu\/wp-content\/uploads\/2021\/10\/ribes_aureum-1_WEB0355.jpg\" alt=\"\" width=\"1200\" height=\"800\" srcset=\"https:\/\/ehetovadnovenyeink.hu\/wp-content\/uploads\/2021\/10\/ribes_aureum-1_WEB0355.jpg 1200w, https:\/\/ehetovadnovenyeink.hu\/wp-content\/uploads\/2021\/10\/ribes_aureum-1_WEB0355-300x200.jpg 300w, https:\/\/ehetovadnovenyeink.hu\/wp-content\/uploads\/2021\/10\/ribes_aureum-1_WEB0355-768x512.jpg 768w\" sizes=\"(max-width: 1200px) 100vw, 1200px\" \/> <img loading=\"lazy\" decoding=\"async\" class=\"alignnone size-full wp-image-900\" src=\"https:\/\/ehetovadnovenyeink.hu\/wp-content\/uploads\/2021\/10\/ribes_aureum-3_WEB0357.jpg\" alt=\"\" width=\"1200\" height=\"800\" srcset=\"https:\/\/ehetovadnovenyeink.hu\/wp-content\/uploads\/2021\/10\/ribes_aureum-3_WEB0357.jpg 1200w, https:\/\/ehetovadnovenyeink.hu\/wp-content\/uploads\/2021\/10\/ribes_aureum-3_WEB0357-300x200.jpg 300w, https:\/\/ehetovadnovenyeink.hu\/wp-content\/uploads\/2021\/10\/ribes_aureum-3_WEB0357-768x512.jpg 768w\" sizes=\"(max-width: 1200px) 100vw, 1200px\" \/><\/p>\n","protected":false},"excerpt":{"rendered":"<p>41. Ribes aureum &#8211; aranyribiszke Ny-\u00c9 amerikai sz\u00e1rmaz\u00e1s\u00fa, n\u00e1lunk advent\u00edv cserjefaj. Termete 1-2 m k\u00f6z\u00f6tti, s\u00f6v\u00e9nynek \u00fcltetik, de alanyk\u00e9nt is alkalmazott a nemes ribizke olt\u00e1sakor. Gyakran elvadul \u00e9s meghonosodhat. Hajt\u00e1sa v\u00f6r\u00f6sesbarna, legfeljebb sz\u00f3rtan sz\u0151r\u00f6s-pelyhes, levelei 3-8 cm sz\u00e9lesek, 3-5 has\u00e1b\u00faak, a has\u00e1bok sz\u00e9le csak a cs\u00facs k\u00f6zel\u00e9ben fogas. Vir\u00e1gai 5-15 vir\u00e1g\u00fa f\u00fcrtben ny\u00edlnak, a vacokkehely [&hellip;]<\/p>\n","protected":false},"author":1,"featured_media":0,"parent":0,"menu_order":0,"comment_status":"closed","ping_status":"closed","template":"","meta":{"_monsterinsights_skip_tracking":false,"_monsterinsights_sitenote_active":false,"_monsterinsights_sitenote_note":"","_monsterinsights_sitenote_category":0,"footnotes":""},"_links":{"self":[{"href":"https:\/\/ehetovadnovenyeink.hu\/index.php\/wp-json\/wp\/v2\/pages\/324"}],"collection":[{"href":"https:\/\/ehetovadnovenyeink.hu\/index.php\/wp-json\/wp\/v2\/pages"}],"about":[{"href":"https:\/\/ehetovadnovenyeink.hu\/index.php\/wp-json\/wp\/v2\/types\/page"}],"author":[{"embeddable":true,"href":"https:\/\/ehetovadnovenyeink.hu\/index.php\/wp-json\/wp\/v2\/users\/1"}],"replies":[{"embeddable":true,"href":"https:\/\/ehetovadnovenyeink.hu\/index.php\/wp-json\/wp\/v2\/comments?post=324"}],"version-history":[{"count":5,"href":"https:\/\/ehetovadnovenyeink.hu\/index.php\/wp-json\/wp\/v2\/pages\/324\/revisions"}],"predecessor-version":[{"id":1115,"href":"https:\/\/ehetovadnovenyeink.hu\/index.php\/wp-json\/wp\/v2\/pages\/324\/revisions\/1115"}],"wp:attachment":[{"href":"https:\/\/ehetovadnovenyeink.hu\/index.php\/wp-json\/wp\/v2\/media?parent=324"}],"curies":[{"name":"wp","href":"https:\/\/api.w.org\/{rel}","templated":true}]}}