{"id":318,"date":"2021-10-11T11:16:31","date_gmt":"2021-10-11T11:16:31","guid":{"rendered":"https:\/\/ehetovadnovenyeink.hu\/?page_id=318"},"modified":"2021-10-16T15:22:45","modified_gmt":"2021-10-16T15:22:45","slug":"prunus-fruticosa-csepleszmeggy","status":"publish","type":"page","link":"https:\/\/ehetovadnovenyeink.hu\/index.php\/prunus-fruticosa-csepleszmeggy\/","title":{"rendered":"Prunus fruticosa &#8211; csepleszmeggy"},"content":{"rendered":"<p>40. Prunus fruticosa &#8211; csepleszmeggy<\/p>\n<p>\u0150shonos, eur\u00e1zsiai faj, bokorerd\u0151k, m\u00e9szkedvel\u0151 t\u00f6lgyesek \u00e9s szeg\u00e9lyeik, l\u00f6sz\u00f6s talaj\u00fa mezsgy\u00e9k tarackol\u00f3 cserj\u00e9je, m\u00e9rete 0,3-1,5 m k\u00f6z\u00f6tti. Levelei legfeljebb 5 cm hossz\u00faak \u00e9s 3 cm sz\u00e9lesek, vissz\u00e1s-toj\u00e1sdad alak\u00faak, fon\u00e1kjuk kopasz, sz\u00edn\u00fck felt\u0171n\u0151en f\u00e9nyes z\u00f6ld. A vir\u00e1g \u00f6t szirma feh\u00e9r, a term\u00e9se \u00e9retten meggypiros majd feketed\u0151, 6-9 mm \u00e1tm\u00e9r\u0151j\u0171.<\/p>\n<p>Mikor gy\u0171jthet\u0151: j\u00fanius-j\u00falius<\/p>\n<p>&nbsp;<\/p>\n<p><img loading=\"lazy\" decoding=\"async\" class=\"alignnone size-full wp-image-875\" src=\"https:\/\/ehetovadnovenyeink.hu\/wp-content\/uploads\/2021\/10\/prunus_fruticosa-9_WEB0317.jpg\" alt=\"\" width=\"1200\" height=\"800\" srcset=\"https:\/\/ehetovadnovenyeink.hu\/wp-content\/uploads\/2021\/10\/prunus_fruticosa-9_WEB0317.jpg 1200w, https:\/\/ehetovadnovenyeink.hu\/wp-content\/uploads\/2021\/10\/prunus_fruticosa-9_WEB0317-300x200.jpg 300w, https:\/\/ehetovadnovenyeink.hu\/wp-content\/uploads\/2021\/10\/prunus_fruticosa-9_WEB0317-768x512.jpg 768w\" sizes=\"(max-width: 1200px) 100vw, 1200px\" \/> <img loading=\"lazy\" decoding=\"async\" class=\"alignnone size-full wp-image-876\" src=\"https:\/\/ehetovadnovenyeink.hu\/wp-content\/uploads\/2021\/10\/prunus_fruticosa-10_WEB0591.jpg\" alt=\"\" width=\"800\" height=\"1200\" srcset=\"https:\/\/ehetovadnovenyeink.hu\/wp-content\/uploads\/2021\/10\/prunus_fruticosa-10_WEB0591.jpg 800w, https:\/\/ehetovadnovenyeink.hu\/wp-content\/uploads\/2021\/10\/prunus_fruticosa-10_WEB0591-200x300.jpg 200w, https:\/\/ehetovadnovenyeink.hu\/wp-content\/uploads\/2021\/10\/prunus_fruticosa-10_WEB0591-768x1152.jpg 768w\" sizes=\"(max-width: 800px) 100vw, 800px\" \/> <img loading=\"lazy\" decoding=\"async\" class=\"alignnone size-full wp-image-877\" src=\"https:\/\/ehetovadnovenyeink.hu\/wp-content\/uploads\/2021\/10\/prunus_fruticosa-7_WEB0592.jpg\" alt=\"\" width=\"800\" height=\"1200\" srcset=\"https:\/\/ehetovadnovenyeink.hu\/wp-content\/uploads\/2021\/10\/prunus_fruticosa-7_WEB0592.jpg 800w, https:\/\/ehetovadnovenyeink.hu\/wp-content\/uploads\/2021\/10\/prunus_fruticosa-7_WEB0592-200x300.jpg 200w, https:\/\/ehetovadnovenyeink.hu\/wp-content\/uploads\/2021\/10\/prunus_fruticosa-7_WEB0592-768x1152.jpg 768w\" sizes=\"(max-width: 800px) 100vw, 800px\" \/><\/p>\n","protected":false},"excerpt":{"rendered":"<p>40. Prunus fruticosa &#8211; csepleszmeggy \u0150shonos, eur\u00e1zsiai faj, bokorerd\u0151k, m\u00e9szkedvel\u0151 t\u00f6lgyesek \u00e9s szeg\u00e9lyeik, l\u00f6sz\u00f6s talaj\u00fa mezsgy\u00e9k tarackol\u00f3 cserj\u00e9je, m\u00e9rete 0,3-1,5 m k\u00f6z\u00f6tti. Levelei legfeljebb 5 cm hossz\u00faak \u00e9s 3 cm sz\u00e9lesek, vissz\u00e1s-toj\u00e1sdad alak\u00faak, fon\u00e1kjuk kopasz, sz\u00edn\u00fck felt\u0171n\u0151en f\u00e9nyes z\u00f6ld. A vir\u00e1g \u00f6t szirma feh\u00e9r, a term\u00e9se \u00e9retten meggypiros majd feketed\u0151, 6-9 mm \u00e1tm\u00e9r\u0151j\u0171. Mikor gy\u0171jthet\u0151: [&hellip;]<\/p>\n","protected":false},"author":1,"featured_media":0,"parent":0,"menu_order":0,"comment_status":"closed","ping_status":"closed","template":"","meta":{"_monsterinsights_skip_tracking":false,"_monsterinsights_sitenote_active":false,"_monsterinsights_sitenote_note":"","_monsterinsights_sitenote_category":0,"footnotes":""},"_links":{"self":[{"href":"https:\/\/ehetovadnovenyeink.hu\/index.php\/wp-json\/wp\/v2\/pages\/318"}],"collection":[{"href":"https:\/\/ehetovadnovenyeink.hu\/index.php\/wp-json\/wp\/v2\/pages"}],"about":[{"href":"https:\/\/ehetovadnovenyeink.hu\/index.php\/wp-json\/wp\/v2\/types\/page"}],"author":[{"embeddable":true,"href":"https:\/\/ehetovadnovenyeink.hu\/index.php\/wp-json\/wp\/v2\/users\/1"}],"replies":[{"embeddable":true,"href":"https:\/\/ehetovadnovenyeink.hu\/index.php\/wp-json\/wp\/v2\/comments?post=318"}],"version-history":[{"count":3,"href":"https:\/\/ehetovadnovenyeink.hu\/index.php\/wp-json\/wp\/v2\/pages\/318\/revisions"}],"predecessor-version":[{"id":879,"href":"https:\/\/ehetovadnovenyeink.hu\/index.php\/wp-json\/wp\/v2\/pages\/318\/revisions\/879"}],"wp:attachment":[{"href":"https:\/\/ehetovadnovenyeink.hu\/index.php\/wp-json\/wp\/v2\/media?parent=318"}],"curies":[{"name":"wp","href":"https:\/\/api.w.org\/{rel}","templated":true}]}}