{"id":305,"date":"2021-10-11T11:08:06","date_gmt":"2021-10-11T11:08:06","guid":{"rendered":"https:\/\/ehetovadnovenyeink.hu\/?page_id=305"},"modified":"2021-10-17T11:53:02","modified_gmt":"2021-10-17T11:53:02","slug":"rubus-caesius-hamvas-szeder","status":"publish","type":"page","link":"https:\/\/ehetovadnovenyeink.hu\/index.php\/rubus-caesius-hamvas-szeder\/","title":{"rendered":"Rubus caesius &#8211; hamvas szeder"},"content":{"rendered":"<p>38. Rubus caesius &#8211; hamvas szeder<\/p>\n<p>\u0150shonos eur\u00e1zsiai faj, termete 0,2-1 m k\u00f6z\u00f6tti, k\u00fasz\u00f3, n\u00e9ha alacsonyan \u00edvelt. A vessz\u0151k hengeresek, hamvasak. A sarjak 3-5 mm \u00e1tm\u00e9r\u0151j\u0171ek, t\u0171 vagy sertesz\u0151r\u0171ek, 1-3 mm hossz\u00fa t\u00fcsk\u00e9kkel. A lev\u00e9l h\u00e1rmasan \u00f6sszetett, a v\u00e9g\u00e1ll\u00f3 lev\u00e9lke sz\u00e9les-toj\u00e1sdad (gyakran h\u00e1rom kar\u00e9j\u00fa), az oldals\u00f3k toj\u00e1sdadok, 3-6 cm hossz\u00faak. A lev\u00e9l z\u00f6ld, fon\u00e1ka l\u00e1gyan sz\u0151r\u00f6s, feh\u00e9res. A p\u00e1lhalevelek a l\u00e1ndzs\u00e1st\u00f3l a majdnem lomblev\u00e9lszer\u0171ig v\u00e1ltozhatnak. A szirmok hosszabbak, mint a cs\u00e9szelevelek, kerekdedek, feh\u00e9r sz\u00edn\u0171ek, sz\u00e9tter\u00fcl\u0151k, gy\u0171r\u00f6ttek. A csonth\u00e9jas term\u00e9scsoport 6-8 r\u00e9szterm\u00e9sb\u0151l \u00e1ll, ezek nagyok, egym\u00e1ssal laz\u00e1n \u00e9rintkeznek, savanyk\u00e1s \u00edz\u0171ek. \u00c9retten s\u00f6t\u00e9tk\u00e9k, a sz\u00e1rral egy\u00fctt hamvas sz\u00edn\u0171ek.<\/p>\n<p>Mikor gy\u0171jthet\u0151: augusztus, szeptember<\/p>\n<p>&nbsp;<\/p>\n<p><img loading=\"lazy\" decoding=\"async\" class=\"alignnone size-full wp-image-911\" src=\"https:\/\/ehetovadnovenyeink.hu\/wp-content\/uploads\/2021\/10\/Rubus_caesius-24_WEB0394.jpg\" alt=\"\" width=\"1200\" height=\"800\" srcset=\"https:\/\/ehetovadnovenyeink.hu\/wp-content\/uploads\/2021\/10\/Rubus_caesius-24_WEB0394.jpg 1200w, https:\/\/ehetovadnovenyeink.hu\/wp-content\/uploads\/2021\/10\/Rubus_caesius-24_WEB0394-300x200.jpg 300w, https:\/\/ehetovadnovenyeink.hu\/wp-content\/uploads\/2021\/10\/Rubus_caesius-24_WEB0394-768x512.jpg 768w\" sizes=\"(max-width: 1200px) 100vw, 1200px\" \/> <img loading=\"lazy\" decoding=\"async\" class=\"alignnone size-full wp-image-912\" src=\"https:\/\/ehetovadnovenyeink.hu\/wp-content\/uploads\/2021\/10\/Rubus_caesius-19_WEB0389.jpg\" alt=\"\" width=\"1200\" height=\"800\" srcset=\"https:\/\/ehetovadnovenyeink.hu\/wp-content\/uploads\/2021\/10\/Rubus_caesius-19_WEB0389.jpg 1200w, https:\/\/ehetovadnovenyeink.hu\/wp-content\/uploads\/2021\/10\/Rubus_caesius-19_WEB0389-300x200.jpg 300w, https:\/\/ehetovadnovenyeink.hu\/wp-content\/uploads\/2021\/10\/Rubus_caesius-19_WEB0389-768x512.jpg 768w\" sizes=\"(max-width: 1200px) 100vw, 1200px\" \/> <img loading=\"lazy\" decoding=\"async\" class=\"alignnone size-full wp-image-913\" src=\"https:\/\/ehetovadnovenyeink.hu\/wp-content\/uploads\/2021\/10\/Rubus_caesius-22_WEB0392.jpg\" alt=\"\" width=\"1200\" height=\"800\" srcset=\"https:\/\/ehetovadnovenyeink.hu\/wp-content\/uploads\/2021\/10\/Rubus_caesius-22_WEB0392.jpg 1200w, https:\/\/ehetovadnovenyeink.hu\/wp-content\/uploads\/2021\/10\/Rubus_caesius-22_WEB0392-300x200.jpg 300w, https:\/\/ehetovadnovenyeink.hu\/wp-content\/uploads\/2021\/10\/Rubus_caesius-22_WEB0392-768x512.jpg 768w\" sizes=\"(max-width: 1200px) 100vw, 1200px\" \/><\/p>\n<figure id=\"attachment_914\" aria-describedby=\"caption-attachment-914\" style=\"width: 759px\" class=\"wp-caption alignnone\"><img loading=\"lazy\" decoding=\"async\" class=\"wp-image-914 size-large\" src=\"https:\/\/ehetovadnovenyeink.hu\/wp-content\/uploads\/2021\/10\/rubus_caesius-759x1200.jpg\" alt=\"\" width=\"759\" height=\"1200\" srcset=\"https:\/\/ehetovadnovenyeink.hu\/wp-content\/uploads\/2021\/10\/rubus_caesius-759x1200.jpg 759w, https:\/\/ehetovadnovenyeink.hu\/wp-content\/uploads\/2021\/10\/rubus_caesius-190x300.jpg 190w, https:\/\/ehetovadnovenyeink.hu\/wp-content\/uploads\/2021\/10\/rubus_caesius-768x1215.jpg 768w, https:\/\/ehetovadnovenyeink.hu\/wp-content\/uploads\/2021\/10\/rubus_caesius-971x1536.jpg 971w, https:\/\/ehetovadnovenyeink.hu\/wp-content\/uploads\/2021\/10\/rubus_caesius-1295x2048.jpg 1295w, https:\/\/ehetovadnovenyeink.hu\/wp-content\/uploads\/2021\/10\/rubus_caesius-scaled.jpg 1619w\" sizes=\"(max-width: 759px) 100vw, 759px\" \/><figcaption id=\"caption-attachment-914\" class=\"wp-caption-text\">Atlas de poche des plantes des champs, des prairies et des bois<br \/>Paris :P. Klincksieck,[1894]<br \/><a href=\"http:\/\/www.biodiversitylibrary.org\/item\/41454\">http:\/\/www.biodiversitylibrary.org\/item\/41454<\/a><\/figcaption><\/figure>\n","protected":false},"excerpt":{"rendered":"<p>38. Rubus caesius &#8211; hamvas szeder \u0150shonos eur\u00e1zsiai faj, termete 0,2-1 m k\u00f6z\u00f6tti, k\u00fasz\u00f3, n\u00e9ha alacsonyan \u00edvelt. A vessz\u0151k hengeresek, hamvasak. A sarjak 3-5 mm \u00e1tm\u00e9r\u0151j\u0171ek, t\u0171 vagy sertesz\u0151r\u0171ek, 1-3 mm hossz\u00fa t\u00fcsk\u00e9kkel. A lev\u00e9l h\u00e1rmasan \u00f6sszetett, a v\u00e9g\u00e1ll\u00f3 lev\u00e9lke sz\u00e9les-toj\u00e1sdad (gyakran h\u00e1rom kar\u00e9j\u00fa), az oldals\u00f3k toj\u00e1sdadok, 3-6 cm hossz\u00faak. A lev\u00e9l z\u00f6ld, fon\u00e1ka l\u00e1gyan [&hellip;]<\/p>\n","protected":false},"author":1,"featured_media":0,"parent":0,"menu_order":0,"comment_status":"closed","ping_status":"closed","template":"","meta":{"_monsterinsights_skip_tracking":false,"_monsterinsights_sitenote_active":false,"_monsterinsights_sitenote_note":"","_monsterinsights_sitenote_category":0,"footnotes":""},"_links":{"self":[{"href":"https:\/\/ehetovadnovenyeink.hu\/index.php\/wp-json\/wp\/v2\/pages\/305"}],"collection":[{"href":"https:\/\/ehetovadnovenyeink.hu\/index.php\/wp-json\/wp\/v2\/pages"}],"about":[{"href":"https:\/\/ehetovadnovenyeink.hu\/index.php\/wp-json\/wp\/v2\/types\/page"}],"author":[{"embeddable":true,"href":"https:\/\/ehetovadnovenyeink.hu\/index.php\/wp-json\/wp\/v2\/users\/1"}],"replies":[{"embeddable":true,"href":"https:\/\/ehetovadnovenyeink.hu\/index.php\/wp-json\/wp\/v2\/comments?post=305"}],"version-history":[{"count":3,"href":"https:\/\/ehetovadnovenyeink.hu\/index.php\/wp-json\/wp\/v2\/pages\/305\/revisions"}],"predecessor-version":[{"id":915,"href":"https:\/\/ehetovadnovenyeink.hu\/index.php\/wp-json\/wp\/v2\/pages\/305\/revisions\/915"}],"wp:attachment":[{"href":"https:\/\/ehetovadnovenyeink.hu\/index.php\/wp-json\/wp\/v2\/media?parent=305"}],"curies":[{"name":"wp","href":"https:\/\/api.w.org\/{rel}","templated":true}]}}