{"id":293,"date":"2021-10-11T11:00:39","date_gmt":"2021-10-11T11:00:39","guid":{"rendered":"https:\/\/ehetovadnovenyeink.hu\/?page_id=293"},"modified":"2021-10-17T11:38:25","modified_gmt":"2021-10-17T11:38:25","slug":"pyrus-pyraster-vadkorte","status":"publish","type":"page","link":"https:\/\/ehetovadnovenyeink.hu\/index.php\/pyrus-pyraster-vadkorte\/","title":{"rendered":"Pyrus pyraster &#8211; vadk\u00f6rte"},"content":{"rendered":"<p>36. Pyrus pyraster &#8211; vadk\u00f6rte, vackor<\/p>\n<p>\u0150shonos eur\u00f3pai faj, termete 5-20 m k\u00f6z\u00f6tti, sz\u00e1raz t\u00f6lgyesek, erd\u0151ssztyepp erd\u0151k, legel\u0151k f\u00e1ja. Hajt\u00e1sa \u00e1ltal\u00e1ban t\u00f6vises. A levelek 2-7 cm hossz\u00faak, kiss\u00e9 b\u0151rszer\u0171ek, sz\u00e9l\u00fck finoman f\u0171r\u00e9szes, sz\u00edn\u00fck s\u00f6t\u00e9tz\u00f6ld, f\u00e9nyes, a fon\u00e1ki oldal vil\u00e1gosz\u00f6ld, viaszos bevonat\u00fa, legfeljebb az ereken gyenge sz\u0151r\u0171. A lev\u00e9lny\u00e9l legal\u00e1bb olyan hossz\u00fa, mint a lemez. A lev\u00e9l legfeljebb 1,5x olyan hossz\u00fa, mint sz\u00e9les. Vir\u00e1gai feh\u00e9rek, sok porz\u00f3val, a kocs\u00e1ny kopasz, a vacok \u00e9s a cs\u00e9sze sz\u0151r\u00f6s. Term\u00e9se 1,5-3,5 cm \u00e1tm\u00e9r\u0151j\u0171 szotyosod\u00f3 alma (\u00e1lterm\u00e9s), hossz\u00fa kocs\u00e1nnyal.<\/p>\n<p>Mikor gy\u0171jthet\u0151: \u0151sszel<\/p>\n<p>&nbsp;<\/p>\n<p><img loading=\"lazy\" decoding=\"async\" class=\"alignnone size-full wp-image-888\" src=\"https:\/\/ehetovadnovenyeink.hu\/wp-content\/uploads\/2021\/10\/Pyrus_pyraster-9_WEB0337.jpg\" alt=\"\" width=\"1200\" height=\"800\" srcset=\"https:\/\/ehetovadnovenyeink.hu\/wp-content\/uploads\/2021\/10\/Pyrus_pyraster-9_WEB0337.jpg 1200w, https:\/\/ehetovadnovenyeink.hu\/wp-content\/uploads\/2021\/10\/Pyrus_pyraster-9_WEB0337-300x200.jpg 300w, https:\/\/ehetovadnovenyeink.hu\/wp-content\/uploads\/2021\/10\/Pyrus_pyraster-9_WEB0337-768x512.jpg 768w\" sizes=\"(max-width: 1200px) 100vw, 1200px\" \/> <img loading=\"lazy\" decoding=\"async\" class=\"alignnone size-full wp-image-889\" src=\"https:\/\/ehetovadnovenyeink.hu\/wp-content\/uploads\/2021\/10\/Pyrus_pyraster-2_WEB0594.jpg\" alt=\"\" width=\"800\" height=\"1200\" srcset=\"https:\/\/ehetovadnovenyeink.hu\/wp-content\/uploads\/2021\/10\/Pyrus_pyraster-2_WEB0594.jpg 800w, https:\/\/ehetovadnovenyeink.hu\/wp-content\/uploads\/2021\/10\/Pyrus_pyraster-2_WEB0594-200x300.jpg 200w, https:\/\/ehetovadnovenyeink.hu\/wp-content\/uploads\/2021\/10\/Pyrus_pyraster-2_WEB0594-768x1152.jpg 768w\" sizes=\"(max-width: 800px) 100vw, 800px\" \/> <img loading=\"lazy\" decoding=\"async\" class=\"alignnone size-full wp-image-890\" src=\"https:\/\/ehetovadnovenyeink.hu\/wp-content\/uploads\/2021\/10\/Pyrus_pyraster-4_WEB0335.jpg\" alt=\"\" width=\"1200\" height=\"800\" srcset=\"https:\/\/ehetovadnovenyeink.hu\/wp-content\/uploads\/2021\/10\/Pyrus_pyraster-4_WEB0335.jpg 1200w, https:\/\/ehetovadnovenyeink.hu\/wp-content\/uploads\/2021\/10\/Pyrus_pyraster-4_WEB0335-300x200.jpg 300w, https:\/\/ehetovadnovenyeink.hu\/wp-content\/uploads\/2021\/10\/Pyrus_pyraster-4_WEB0335-768x512.jpg 768w\" sizes=\"(max-width: 1200px) 100vw, 1200px\" \/><\/p>\n","protected":false},"excerpt":{"rendered":"<p>36. Pyrus pyraster &#8211; vadk\u00f6rte, vackor \u0150shonos eur\u00f3pai faj, termete 5-20 m k\u00f6z\u00f6tti, sz\u00e1raz t\u00f6lgyesek, erd\u0151ssztyepp erd\u0151k, legel\u0151k f\u00e1ja. Hajt\u00e1sa \u00e1ltal\u00e1ban t\u00f6vises. A levelek 2-7 cm hossz\u00faak, kiss\u00e9 b\u0151rszer\u0171ek, sz\u00e9l\u00fck finoman f\u0171r\u00e9szes, sz\u00edn\u00fck s\u00f6t\u00e9tz\u00f6ld, f\u00e9nyes, a fon\u00e1ki oldal vil\u00e1gosz\u00f6ld, viaszos bevonat\u00fa, legfeljebb az ereken gyenge sz\u0151r\u0171. A lev\u00e9lny\u00e9l legal\u00e1bb olyan hossz\u00fa, mint a lemez. A [&hellip;]<\/p>\n","protected":false},"author":1,"featured_media":0,"parent":0,"menu_order":0,"comment_status":"closed","ping_status":"closed","template":"","meta":{"_monsterinsights_skip_tracking":false,"_monsterinsights_sitenote_active":false,"_monsterinsights_sitenote_note":"","_monsterinsights_sitenote_category":0,"footnotes":""},"_links":{"self":[{"href":"https:\/\/ehetovadnovenyeink.hu\/index.php\/wp-json\/wp\/v2\/pages\/293"}],"collection":[{"href":"https:\/\/ehetovadnovenyeink.hu\/index.php\/wp-json\/wp\/v2\/pages"}],"about":[{"href":"https:\/\/ehetovadnovenyeink.hu\/index.php\/wp-json\/wp\/v2\/types\/page"}],"author":[{"embeddable":true,"href":"https:\/\/ehetovadnovenyeink.hu\/index.php\/wp-json\/wp\/v2\/users\/1"}],"replies":[{"embeddable":true,"href":"https:\/\/ehetovadnovenyeink.hu\/index.php\/wp-json\/wp\/v2\/comments?post=293"}],"version-history":[{"count":2,"href":"https:\/\/ehetovadnovenyeink.hu\/index.php\/wp-json\/wp\/v2\/pages\/293\/revisions"}],"predecessor-version":[{"id":891,"href":"https:\/\/ehetovadnovenyeink.hu\/index.php\/wp-json\/wp\/v2\/pages\/293\/revisions\/891"}],"wp:attachment":[{"href":"https:\/\/ehetovadnovenyeink.hu\/index.php\/wp-json\/wp\/v2\/media?parent=293"}],"curies":[{"name":"wp","href":"https:\/\/api.w.org\/{rel}","templated":true}]}}