{"id":286,"date":"2021-10-11T10:58:00","date_gmt":"2021-10-11T10:58:00","guid":{"rendered":"https:\/\/ehetovadnovenyeink.hu\/?page_id=286"},"modified":"2021-10-23T14:06:55","modified_gmt":"2021-10-23T14:06:55","slug":"cotoneaster-spp-madarbirs-fajok","status":"publish","type":"page","link":"https:\/\/ehetovadnovenyeink.hu\/index.php\/cotoneaster-spp-madarbirs-fajok\/","title":{"rendered":"Cotoneaster spp. \u2013 mad\u00e1rbirs fajok"},"content":{"rendered":"<p>35. Cotoneaster spp. \u2013 mad\u00e1rbirs fajok<\/p>\n<p>A v\u00e1rosokban el\u0151szeretettel \u00fcltetett mad\u00e1rbirs fajok nem \u00f6sszet\u00e9vesztend\u0151k az egybib\u00e9s galagony\u00e1val. Morfol\u00f3giai k\u00fcl\u00f6nbs\u00e9g, hogy a mad\u00e1rbirs levele kerekded ellent\u00e9tben a galagonya tagolt level\u00e9vel, illetve term\u00e9se \u00e1ltal\u00e1ban 3 magv\u00fa ellent\u00e9tben az 1 magv\u00fa egybib\u00e9s galagony\u00e1val!<\/p>\n<p>Mikor gy\u0171jthet\u0151: nem gy\u0171jthet\u0151, nagyobb mennyis\u00e9gben m\u00e9rgez\u00e9st okoz! Galagony\u00e1val \u00f6sszet\u00e9veszthet\u0151<\/p>\n<p>&nbsp;<\/p>\n<p><img loading=\"lazy\" decoding=\"async\" class=\"alignnone wp-image-287 size-full\" src=\"https:\/\/ehetovadnovenyeink.hu\/wp-content\/uploads\/2021\/10\/mergezo_piktogram.png\" alt=\"\" width=\"131\" height=\"130\" \/><\/p>\n<p>&nbsp;<\/p>\n<p><img loading=\"lazy\" decoding=\"async\" class=\"alignnone size-full wp-image-702\" src=\"https:\/\/ehetovadnovenyeink.hu\/wp-content\/uploads\/2021\/10\/Cotoneaster-7_WEB0100.jpg\" alt=\"\" width=\"1200\" height=\"800\" srcset=\"https:\/\/ehetovadnovenyeink.hu\/wp-content\/uploads\/2021\/10\/Cotoneaster-7_WEB0100.jpg 1200w, https:\/\/ehetovadnovenyeink.hu\/wp-content\/uploads\/2021\/10\/Cotoneaster-7_WEB0100-300x200.jpg 300w, https:\/\/ehetovadnovenyeink.hu\/wp-content\/uploads\/2021\/10\/Cotoneaster-7_WEB0100-768x512.jpg 768w\" sizes=\"(max-width: 1200px) 100vw, 1200px\" \/><\/p>\n<p><img loading=\"lazy\" decoding=\"async\" class=\"alignnone size-full wp-image-1094\" src=\"https:\/\/ehetovadnovenyeink.hu\/wp-content\/uploads\/2021\/10\/Cotoneaster_spp-2_WEB.jpg\" alt=\"\" width=\"1200\" height=\"800\" srcset=\"https:\/\/ehetovadnovenyeink.hu\/wp-content\/uploads\/2021\/10\/Cotoneaster_spp-2_WEB.jpg 1200w, https:\/\/ehetovadnovenyeink.hu\/wp-content\/uploads\/2021\/10\/Cotoneaster_spp-2_WEB-300x200.jpg 300w, https:\/\/ehetovadnovenyeink.hu\/wp-content\/uploads\/2021\/10\/Cotoneaster_spp-2_WEB-768x512.jpg 768w\" sizes=\"(max-width: 1200px) 100vw, 1200px\" \/><\/p>\n<p><img loading=\"lazy\" decoding=\"async\" class=\"alignnone wp-image-1093 size-full\" src=\"https:\/\/ehetovadnovenyeink.hu\/wp-content\/uploads\/2021\/10\/cotoneaster_WEB.jpg\" alt=\"\" width=\"1200\" height=\"900\" srcset=\"https:\/\/ehetovadnovenyeink.hu\/wp-content\/uploads\/2021\/10\/cotoneaster_WEB.jpg 1200w, https:\/\/ehetovadnovenyeink.hu\/wp-content\/uploads\/2021\/10\/cotoneaster_WEB-300x225.jpg 300w, https:\/\/ehetovadnovenyeink.hu\/wp-content\/uploads\/2021\/10\/cotoneaster_WEB-768x576.jpg 768w\" sizes=\"(max-width: 1200px) 100vw, 1200px\" \/><\/p>\n<p>&nbsp;<\/p>\n","protected":false},"excerpt":{"rendered":"<p>35. Cotoneaster spp. \u2013 mad\u00e1rbirs fajok A v\u00e1rosokban el\u0151szeretettel \u00fcltetett mad\u00e1rbirs fajok nem \u00f6sszet\u00e9vesztend\u0151k az egybib\u00e9s galagony\u00e1val. Morfol\u00f3giai k\u00fcl\u00f6nbs\u00e9g, hogy a mad\u00e1rbirs levele kerekded ellent\u00e9tben a galagonya tagolt level\u00e9vel, illetve term\u00e9se \u00e1ltal\u00e1ban 3 magv\u00fa ellent\u00e9tben az 1 magv\u00fa egybib\u00e9s galagony\u00e1val! Mikor gy\u0171jthet\u0151: nem gy\u0171jthet\u0151, nagyobb mennyis\u00e9gben m\u00e9rgez\u00e9st okoz! Galagony\u00e1val \u00f6sszet\u00e9veszthet\u0151 &nbsp; &nbsp; &nbsp;<\/p>\n","protected":false},"author":1,"featured_media":0,"parent":0,"menu_order":0,"comment_status":"closed","ping_status":"closed","template":"","meta":{"_monsterinsights_skip_tracking":false,"_monsterinsights_sitenote_active":false,"_monsterinsights_sitenote_note":"","_monsterinsights_sitenote_category":0,"footnotes":""},"_links":{"self":[{"href":"https:\/\/ehetovadnovenyeink.hu\/index.php\/wp-json\/wp\/v2\/pages\/286"}],"collection":[{"href":"https:\/\/ehetovadnovenyeink.hu\/index.php\/wp-json\/wp\/v2\/pages"}],"about":[{"href":"https:\/\/ehetovadnovenyeink.hu\/index.php\/wp-json\/wp\/v2\/types\/page"}],"author":[{"embeddable":true,"href":"https:\/\/ehetovadnovenyeink.hu\/index.php\/wp-json\/wp\/v2\/users\/1"}],"replies":[{"embeddable":true,"href":"https:\/\/ehetovadnovenyeink.hu\/index.php\/wp-json\/wp\/v2\/comments?post=286"}],"version-history":[{"count":4,"href":"https:\/\/ehetovadnovenyeink.hu\/index.php\/wp-json\/wp\/v2\/pages\/286\/revisions"}],"predecessor-version":[{"id":1095,"href":"https:\/\/ehetovadnovenyeink.hu\/index.php\/wp-json\/wp\/v2\/pages\/286\/revisions\/1095"}],"wp:attachment":[{"href":"https:\/\/ehetovadnovenyeink.hu\/index.php\/wp-json\/wp\/v2\/media?parent=286"}],"curies":[{"name":"wp","href":"https:\/\/api.w.org\/{rel}","templated":true}]}}