{"id":282,"date":"2021-10-11T10:55:44","date_gmt":"2021-10-11T10:55:44","guid":{"rendered":"https:\/\/ehetovadnovenyeink.hu\/?page_id=282"},"modified":"2021-10-14T19:58:15","modified_gmt":"2021-10-14T19:58:15","slug":"betula-pendula-kozonseges-nyir","status":"publish","type":"page","link":"https:\/\/ehetovadnovenyeink.hu\/index.php\/betula-pendula-kozonseges-nyir\/","title":{"rendered":"Betula pendula &#8211; k\u00f6z\u00f6ns\u00e9ges ny\u00edr"},"content":{"rendered":"<p>34. Betula pendula &#8211; k\u00f6z\u00f6ns\u00e9ges ny\u00edr<\/p>\n<p>\u0150shonos, eur\u00e1zsiai elterjed\u00e9s\u0171, pion\u00edr faj, az \u00e9szaki tajgaerd\u0151k tipikus 10-25 m magasra n\u00f6v\u0151, lombhullat\u00f3 f\u00e1ja. T\u00f6rzs\u00e9nek feh\u00e9res h\u00e9jk\u00e9rge v\u00edzszintesen lev\u00e1l\u00f3, \u00e1gai lecs\u00fcng\u0151k, a vessz\u0151k kopaszak, viasztermel\u0151 mirigyekt\u0151l s\u0171r\u0171n bibircses. A levelek h\u00e1romsz\u00f6g vagy rombusz alak\u00faak 3-6 cm hossz\u00faak, a lev\u00e9lv\u00e1ll lev\u00e1gott vagy \u00e9k alak\u00fa, a lev\u00e9llemez kopasz, sz\u00e9le 2x f\u0171r\u00e9szes, cs\u00facsa hosszan kihegyesed\u0151, a lev\u00e9lny\u00e9l 2-3 cm hossz\u00fa. A porz\u00f3s \u00e9s n\u0151i barkavir\u00e1gzatok ugyanazon egyeden fejl\u0151dnek (egylaki), murvapikkelyei kopaszak. A makk term\u00e9sek apr\u00f3k, sz\u00e1rnyai 2-3x sz\u00e9lesebbek a term\u00e9sekn\u00e9l. F\u00e1ja tavasszal megl\u00e9kelve \u00e9rt\u00e9kes nedvet ad, mely csapolhat\u00f3 \u00e9s fogyaszthat\u00f3. Immuner\u0151s\u00edt\u0151 szomjolt\u00f3 hat\u00e1s\u00fa, xilitolt tartalmaz.<\/p>\n<p>Mikor gy\u0171jthet\u0151: tavasszal a f\u00e1ban a nedvkering\u00e9s elindul\u00e1sakor csapolhat\u00f3<\/p>\n<p>&nbsp;<\/p>\n<p><img loading=\"lazy\" decoding=\"async\" class=\"alignnone wp-image-640 size-full\" src=\"https:\/\/ehetovadnovenyeink.hu\/wp-content\/uploads\/2021\/10\/Betula_pendula-14_WEB0507.jpg\" alt=\"\" width=\"800\" height=\"1200\" srcset=\"https:\/\/ehetovadnovenyeink.hu\/wp-content\/uploads\/2021\/10\/Betula_pendula-14_WEB0507.jpg 800w, https:\/\/ehetovadnovenyeink.hu\/wp-content\/uploads\/2021\/10\/Betula_pendula-14_WEB0507-200x300.jpg 200w, https:\/\/ehetovadnovenyeink.hu\/wp-content\/uploads\/2021\/10\/Betula_pendula-14_WEB0507-768x1152.jpg 768w\" sizes=\"(max-width: 800px) 100vw, 800px\" \/><\/p>\n<p><img loading=\"lazy\" decoding=\"async\" class=\"alignnone wp-image-635 size-full\" src=\"https:\/\/ehetovadnovenyeink.hu\/wp-content\/uploads\/2021\/10\/Betula_pendula-11_WEB0504.jpg\" alt=\"\" width=\"800\" height=\"1200\" srcset=\"https:\/\/ehetovadnovenyeink.hu\/wp-content\/uploads\/2021\/10\/Betula_pendula-11_WEB0504.jpg 800w, https:\/\/ehetovadnovenyeink.hu\/wp-content\/uploads\/2021\/10\/Betula_pendula-11_WEB0504-200x300.jpg 200w, https:\/\/ehetovadnovenyeink.hu\/wp-content\/uploads\/2021\/10\/Betula_pendula-11_WEB0504-768x1152.jpg 768w\" sizes=\"(max-width: 800px) 100vw, 800px\" \/> <img loading=\"lazy\" decoding=\"async\" class=\"alignnone size-full wp-image-636\" src=\"https:\/\/ehetovadnovenyeink.hu\/wp-content\/uploads\/2021\/10\/Betula_pendula-1_WEB0022.jpg\" alt=\"\" width=\"1200\" height=\"800\" srcset=\"https:\/\/ehetovadnovenyeink.hu\/wp-content\/uploads\/2021\/10\/Betula_pendula-1_WEB0022.jpg 1200w, https:\/\/ehetovadnovenyeink.hu\/wp-content\/uploads\/2021\/10\/Betula_pendula-1_WEB0022-300x200.jpg 300w, https:\/\/ehetovadnovenyeink.hu\/wp-content\/uploads\/2021\/10\/Betula_pendula-1_WEB0022-768x512.jpg 768w\" sizes=\"(max-width: 1200px) 100vw, 1200px\" \/> <img loading=\"lazy\" decoding=\"async\" class=\"alignnone size-full wp-image-637\" src=\"https:\/\/ehetovadnovenyeink.hu\/wp-content\/uploads\/2021\/10\/Betula_pendula-3_WEB0024.jpg\" alt=\"\" width=\"1200\" height=\"800\" srcset=\"https:\/\/ehetovadnovenyeink.hu\/wp-content\/uploads\/2021\/10\/Betula_pendula-3_WEB0024.jpg 1200w, https:\/\/ehetovadnovenyeink.hu\/wp-content\/uploads\/2021\/10\/Betula_pendula-3_WEB0024-300x200.jpg 300w, https:\/\/ehetovadnovenyeink.hu\/wp-content\/uploads\/2021\/10\/Betula_pendula-3_WEB0024-768x512.jpg 768w\" sizes=\"(max-width: 1200px) 100vw, 1200px\" \/> <img loading=\"lazy\" decoding=\"async\" class=\"alignnone size-full wp-image-638\" src=\"https:\/\/ehetovadnovenyeink.hu\/wp-content\/uploads\/2021\/10\/Betula_pendula-8_WEB0509.jpg\" alt=\"\" width=\"800\" height=\"1200\" srcset=\"https:\/\/ehetovadnovenyeink.hu\/wp-content\/uploads\/2021\/10\/Betula_pendula-8_WEB0509.jpg 800w, https:\/\/ehetovadnovenyeink.hu\/wp-content\/uploads\/2021\/10\/Betula_pendula-8_WEB0509-200x300.jpg 200w, https:\/\/ehetovadnovenyeink.hu\/wp-content\/uploads\/2021\/10\/Betula_pendula-8_WEB0509-768x1152.jpg 768w\" sizes=\"(max-width: 800px) 100vw, 800px\" \/> <img loading=\"lazy\" decoding=\"async\" class=\"alignnone size-full wp-image-639\" src=\"https:\/\/ehetovadnovenyeink.hu\/wp-content\/uploads\/2021\/10\/Betula_pendula-10_WEB0503.jpg\" alt=\"\" width=\"800\" height=\"1200\" srcset=\"https:\/\/ehetovadnovenyeink.hu\/wp-content\/uploads\/2021\/10\/Betula_pendula-10_WEB0503.jpg 800w, https:\/\/ehetovadnovenyeink.hu\/wp-content\/uploads\/2021\/10\/Betula_pendula-10_WEB0503-200x300.jpg 200w, https:\/\/ehetovadnovenyeink.hu\/wp-content\/uploads\/2021\/10\/Betula_pendula-10_WEB0503-768x1152.jpg 768w\" sizes=\"(max-width: 800px) 100vw, 800px\" \/><\/p>\n","protected":false},"excerpt":{"rendered":"<p>34. Betula pendula &#8211; k\u00f6z\u00f6ns\u00e9ges ny\u00edr \u0150shonos, eur\u00e1zsiai elterjed\u00e9s\u0171, pion\u00edr faj, az \u00e9szaki tajgaerd\u0151k tipikus 10-25 m magasra n\u00f6v\u0151, lombhullat\u00f3 f\u00e1ja. T\u00f6rzs\u00e9nek feh\u00e9res h\u00e9jk\u00e9rge v\u00edzszintesen lev\u00e1l\u00f3, \u00e1gai lecs\u00fcng\u0151k, a vessz\u0151k kopaszak, viasztermel\u0151 mirigyekt\u0151l s\u0171r\u0171n bibircses. A levelek h\u00e1romsz\u00f6g vagy rombusz alak\u00faak 3-6 cm hossz\u00faak, a lev\u00e9lv\u00e1ll lev\u00e1gott vagy \u00e9k alak\u00fa, a lev\u00e9llemez kopasz, sz\u00e9le 2x [&hellip;]<\/p>\n","protected":false},"author":1,"featured_media":0,"parent":0,"menu_order":0,"comment_status":"closed","ping_status":"closed","template":"","meta":{"_monsterinsights_skip_tracking":false,"_monsterinsights_sitenote_active":false,"_monsterinsights_sitenote_note":"","_monsterinsights_sitenote_category":0,"footnotes":""},"_links":{"self":[{"href":"https:\/\/ehetovadnovenyeink.hu\/index.php\/wp-json\/wp\/v2\/pages\/282"}],"collection":[{"href":"https:\/\/ehetovadnovenyeink.hu\/index.php\/wp-json\/wp\/v2\/pages"}],"about":[{"href":"https:\/\/ehetovadnovenyeink.hu\/index.php\/wp-json\/wp\/v2\/types\/page"}],"author":[{"embeddable":true,"href":"https:\/\/ehetovadnovenyeink.hu\/index.php\/wp-json\/wp\/v2\/users\/1"}],"replies":[{"embeddable":true,"href":"https:\/\/ehetovadnovenyeink.hu\/index.php\/wp-json\/wp\/v2\/comments?post=282"}],"version-history":[{"count":3,"href":"https:\/\/ehetovadnovenyeink.hu\/index.php\/wp-json\/wp\/v2\/pages\/282\/revisions"}],"predecessor-version":[{"id":641,"href":"https:\/\/ehetovadnovenyeink.hu\/index.php\/wp-json\/wp\/v2\/pages\/282\/revisions\/641"}],"wp:attachment":[{"href":"https:\/\/ehetovadnovenyeink.hu\/index.php\/wp-json\/wp\/v2\/media?parent=282"}],"curies":[{"name":"wp","href":"https:\/\/api.w.org\/{rel}","templated":true}]}}