{"id":276,"date":"2021-10-11T10:53:38","date_gmt":"2021-10-11T10:53:38","guid":{"rendered":"https:\/\/ehetovadnovenyeink.hu\/?page_id=276"},"modified":"2021-10-17T11:42:06","modified_gmt":"2021-10-17T11:42:06","slug":"pyrus-ussuriensis-kinai-korte","status":"publish","type":"page","link":"https:\/\/ehetovadnovenyeink.hu\/index.php\/pyrus-ussuriensis-kinai-korte\/","title":{"rendered":"Pyrus ussuriensis &#8211; k\u00ednai k\u00f6rte"},"content":{"rendered":"<p>33. Pyrus ussuriensis &#8211; k\u00ednai k\u00f6rte<\/p>\n<p>Napos, meleg term\u0151helyeken \u00e9l\u0151, 15 m magasra is megn\u00f6v\u0151 fa, n\u00e1lunk \u00fcltetett. Fiatal hajt\u00e1sai s\u00e1rg\u00e1s-barn\u00e1sak, kopaszok. Kerekded vagy ov\u00e1lis levelei kihegyezettek, lekerek\u00edtett vagy sz\u00edves v\u00e1ll\u00faak, 5-10 cm hossz\u00faak, a lev\u00e9lsz\u00e9l er\u0151sen f\u0171r\u00e9szes. Vir\u00e1gzata 6-9, feh\u00e9r sz\u00edn\u0171 vir\u00e1gb\u00f3l \u00e1ll, melyek 3 cm m\u00e9ret\u0171ek. Term\u00e9sei g\u00f6mb\u00f6lydedek, s\u00e1rg\u00e1s-z\u00f6ld sz\u00edn\u0171ek, 3-4 cm hossz\u00fa, vastag ny\u00e9llel. A P. ussuriensis var. ovoidea term\u00e9se \u00edzletesebb. Fogyasztani a m\u00e1r barnul\u00f3f\u00e9lben l\u00e9v\u0151 \u00e9desebb \u00edz\u0171 term\u00e9seket \u00e9rdemes.<\/p>\n<p>Mikor gy\u0171jthet\u0151: \u0151sszel<\/p>\n<p>&nbsp;<\/p>\n<p><img loading=\"lazy\" decoding=\"async\" class=\"alignnone size-full wp-image-894\" src=\"https:\/\/ehetovadnovenyeink.hu\/wp-content\/uploads\/2021\/10\/Pyrus_ussuriensis-2_WEB0348.jpg\" alt=\"\" width=\"1200\" height=\"800\" srcset=\"https:\/\/ehetovadnovenyeink.hu\/wp-content\/uploads\/2021\/10\/Pyrus_ussuriensis-2_WEB0348.jpg 1200w, https:\/\/ehetovadnovenyeink.hu\/wp-content\/uploads\/2021\/10\/Pyrus_ussuriensis-2_WEB0348-300x200.jpg 300w, https:\/\/ehetovadnovenyeink.hu\/wp-content\/uploads\/2021\/10\/Pyrus_ussuriensis-2_WEB0348-768x512.jpg 768w\" sizes=\"(max-width: 1200px) 100vw, 1200px\" \/> <img loading=\"lazy\" decoding=\"async\" class=\"alignnone size-full wp-image-895\" src=\"https:\/\/ehetovadnovenyeink.hu\/wp-content\/uploads\/2021\/10\/Pyrus_ussuriensis-5_WEB0601.jpg\" alt=\"\" width=\"800\" height=\"1200\" srcset=\"https:\/\/ehetovadnovenyeink.hu\/wp-content\/uploads\/2021\/10\/Pyrus_ussuriensis-5_WEB0601.jpg 800w, https:\/\/ehetovadnovenyeink.hu\/wp-content\/uploads\/2021\/10\/Pyrus_ussuriensis-5_WEB0601-200x300.jpg 200w, https:\/\/ehetovadnovenyeink.hu\/wp-content\/uploads\/2021\/10\/Pyrus_ussuriensis-5_WEB0601-768x1152.jpg 768w\" sizes=\"(max-width: 800px) 100vw, 800px\" \/> <img loading=\"lazy\" decoding=\"async\" class=\"alignnone size-full wp-image-896\" src=\"https:\/\/ehetovadnovenyeink.hu\/wp-content\/uploads\/2021\/10\/Pyrus_ussuriensis-11_WEB0339.jpg\" alt=\"\" width=\"1200\" height=\"800\" srcset=\"https:\/\/ehetovadnovenyeink.hu\/wp-content\/uploads\/2021\/10\/Pyrus_ussuriensis-11_WEB0339.jpg 1200w, https:\/\/ehetovadnovenyeink.hu\/wp-content\/uploads\/2021\/10\/Pyrus_ussuriensis-11_WEB0339-300x200.jpg 300w, https:\/\/ehetovadnovenyeink.hu\/wp-content\/uploads\/2021\/10\/Pyrus_ussuriensis-11_WEB0339-768x512.jpg 768w\" sizes=\"(max-width: 1200px) 100vw, 1200px\" \/> <img loading=\"lazy\" decoding=\"async\" class=\"alignnone size-full wp-image-893\" src=\"https:\/\/ehetovadnovenyeink.hu\/wp-content\/uploads\/2021\/10\/pyrus_ussuriensis-22_WEB0351.jpg\" alt=\"\" width=\"1200\" height=\"800\" srcset=\"https:\/\/ehetovadnovenyeink.hu\/wp-content\/uploads\/2021\/10\/pyrus_ussuriensis-22_WEB0351.jpg 1200w, https:\/\/ehetovadnovenyeink.hu\/wp-content\/uploads\/2021\/10\/pyrus_ussuriensis-22_WEB0351-300x200.jpg 300w, https:\/\/ehetovadnovenyeink.hu\/wp-content\/uploads\/2021\/10\/pyrus_ussuriensis-22_WEB0351-768x512.jpg 768w\" sizes=\"(max-width: 1200px) 100vw, 1200px\" \/><\/p>\n","protected":false},"excerpt":{"rendered":"<p>33. Pyrus ussuriensis &#8211; k\u00ednai k\u00f6rte Napos, meleg term\u0151helyeken \u00e9l\u0151, 15 m magasra is megn\u00f6v\u0151 fa, n\u00e1lunk \u00fcltetett. Fiatal hajt\u00e1sai s\u00e1rg\u00e1s-barn\u00e1sak, kopaszok. Kerekded vagy ov\u00e1lis levelei kihegyezettek, lekerek\u00edtett vagy sz\u00edves v\u00e1ll\u00faak, 5-10 cm hossz\u00faak, a lev\u00e9lsz\u00e9l er\u0151sen f\u0171r\u00e9szes. Vir\u00e1gzata 6-9, feh\u00e9r sz\u00edn\u0171 vir\u00e1gb\u00f3l \u00e1ll, melyek 3 cm m\u00e9ret\u0171ek. Term\u00e9sei g\u00f6mb\u00f6lydedek, s\u00e1rg\u00e1s-z\u00f6ld sz\u00edn\u0171ek, 3-4 cm hossz\u00fa, [&hellip;]<\/p>\n","protected":false},"author":1,"featured_media":0,"parent":0,"menu_order":0,"comment_status":"closed","ping_status":"closed","template":"","meta":{"_monsterinsights_skip_tracking":false,"_monsterinsights_sitenote_active":false,"_monsterinsights_sitenote_note":"","_monsterinsights_sitenote_category":0,"footnotes":""},"_links":{"self":[{"href":"https:\/\/ehetovadnovenyeink.hu\/index.php\/wp-json\/wp\/v2\/pages\/276"}],"collection":[{"href":"https:\/\/ehetovadnovenyeink.hu\/index.php\/wp-json\/wp\/v2\/pages"}],"about":[{"href":"https:\/\/ehetovadnovenyeink.hu\/index.php\/wp-json\/wp\/v2\/types\/page"}],"author":[{"embeddable":true,"href":"https:\/\/ehetovadnovenyeink.hu\/index.php\/wp-json\/wp\/v2\/users\/1"}],"replies":[{"embeddable":true,"href":"https:\/\/ehetovadnovenyeink.hu\/index.php\/wp-json\/wp\/v2\/comments?post=276"}],"version-history":[{"count":3,"href":"https:\/\/ehetovadnovenyeink.hu\/index.php\/wp-json\/wp\/v2\/pages\/276\/revisions"}],"predecessor-version":[{"id":897,"href":"https:\/\/ehetovadnovenyeink.hu\/index.php\/wp-json\/wp\/v2\/pages\/276\/revisions\/897"}],"wp:attachment":[{"href":"https:\/\/ehetovadnovenyeink.hu\/index.php\/wp-json\/wp\/v2\/media?parent=276"}],"curies":[{"name":"wp","href":"https:\/\/api.w.org\/{rel}","templated":true}]}}