{"id":270,"date":"2021-10-11T10:51:39","date_gmt":"2021-10-11T10:51:39","guid":{"rendered":"https:\/\/ehetovadnovenyeink.hu\/?page_id=270"},"modified":"2021-10-14T20:24:55","modified_gmt":"2021-10-14T20:24:55","slug":"crataegus-crus-galli-sarkantyus-galagonya","status":"publish","type":"page","link":"https:\/\/ehetovadnovenyeink.hu\/index.php\/crataegus-crus-galli-sarkantyus-galagonya\/","title":{"rendered":"Crataegus crus-galli &#8211; sarkanty\u00fas galagonya"},"content":{"rendered":"<p>32. Crataegus crus-galli &#8211; sarkanty\u00fas galagonya<\/p>\n<p>\u00c9szak-Amerik\u00e1b\u00f3l sz\u00e1rmaz\u00f3 kisfa. Magass\u00e1ga 10m, koron\u00e1ja sz\u00e9tter\u00fcl\u0151, id\u0151korban ellaposod\u00f3. Hajt\u00e1sai t\u00f6visesek, a t\u00f6visek egyenesek, ak\u00e1r 8cm hossz\u00faak is lehetnek. Levelei ov\u00e1lisak, \u00e9kv\u00e1ll\u00faak a lev\u00e9lcs\u00facs lekerek\u00edtett enyh\u00e9n b\u0151rnem\u0171. Lombsz\u00ednez\u0151d\u00e9s sor\u00e1n a levelek \u00e9l\u00e9nk narancssz\u00edn\u0171ekk\u00e9 v\u00e1lnak vagy pirosod\u00f3k. Vir\u00e1gainak m\u00e9rete 1,5 cm, m\u00e1jusban vir\u00e1gzik. Csont\u00e1ralm\u00e1i v\u00f6r\u00f6sesek, nemf\u00e9nyesek. \u00cdze az egybib\u00e9s galagony\u00e1hoz k\u00e9pes savanyk\u00e1sabb. T\u00f6bb fajt\u00e1j\u00e1t \u00fcltetik.<\/p>\n<p>Mikor gy\u0171jthet\u0151: \u0151sszel<\/p>\n<p>&nbsp;<\/p>\n<p><img loading=\"lazy\" decoding=\"async\" class=\"alignnone size-full wp-image-675\" src=\"https:\/\/ehetovadnovenyeink.hu\/wp-content\/uploads\/2021\/10\/crataegus_crus_gali-5_WEB0112.jpg\" alt=\"\" width=\"1200\" height=\"800\" srcset=\"https:\/\/ehetovadnovenyeink.hu\/wp-content\/uploads\/2021\/10\/crataegus_crus_gali-5_WEB0112.jpg 1200w, https:\/\/ehetovadnovenyeink.hu\/wp-content\/uploads\/2021\/10\/crataegus_crus_gali-5_WEB0112-300x200.jpg 300w, https:\/\/ehetovadnovenyeink.hu\/wp-content\/uploads\/2021\/10\/crataegus_crus_gali-5_WEB0112-768x512.jpg 768w\" sizes=\"(max-width: 1200px) 100vw, 1200px\" \/> <img loading=\"lazy\" decoding=\"async\" class=\"alignnone size-full wp-image-676\" src=\"https:\/\/ehetovadnovenyeink.hu\/wp-content\/uploads\/2021\/10\/crataegus_crus_gali-8_WEB0115.jpg\" alt=\"\" width=\"1200\" height=\"800\" srcset=\"https:\/\/ehetovadnovenyeink.hu\/wp-content\/uploads\/2021\/10\/crataegus_crus_gali-8_WEB0115.jpg 1200w, https:\/\/ehetovadnovenyeink.hu\/wp-content\/uploads\/2021\/10\/crataegus_crus_gali-8_WEB0115-300x200.jpg 300w, https:\/\/ehetovadnovenyeink.hu\/wp-content\/uploads\/2021\/10\/crataegus_crus_gali-8_WEB0115-768x512.jpg 768w\" sizes=\"(max-width: 1200px) 100vw, 1200px\" \/> <img loading=\"lazy\" decoding=\"async\" class=\"alignnone size-full wp-image-677\" src=\"https:\/\/ehetovadnovenyeink.hu\/wp-content\/uploads\/2021\/10\/crataegus_crus-gali-6_WEB0106.jpg\" alt=\"\" width=\"1200\" height=\"800\" srcset=\"https:\/\/ehetovadnovenyeink.hu\/wp-content\/uploads\/2021\/10\/crataegus_crus-gali-6_WEB0106.jpg 1200w, https:\/\/ehetovadnovenyeink.hu\/wp-content\/uploads\/2021\/10\/crataegus_crus-gali-6_WEB0106-300x200.jpg 300w, https:\/\/ehetovadnovenyeink.hu\/wp-content\/uploads\/2021\/10\/crataegus_crus-gali-6_WEB0106-768x512.jpg 768w\" sizes=\"(max-width: 1200px) 100vw, 1200px\" \/> <img loading=\"lazy\" decoding=\"async\" class=\"alignnone size-full wp-image-678\" src=\"https:\/\/ehetovadnovenyeink.hu\/wp-content\/uploads\/2021\/10\/crataegus_crus_gali-1_WEB0108.jpg\" alt=\"\" width=\"1200\" height=\"800\" srcset=\"https:\/\/ehetovadnovenyeink.hu\/wp-content\/uploads\/2021\/10\/crataegus_crus_gali-1_WEB0108.jpg 1200w, https:\/\/ehetovadnovenyeink.hu\/wp-content\/uploads\/2021\/10\/crataegus_crus_gali-1_WEB0108-300x200.jpg 300w, https:\/\/ehetovadnovenyeink.hu\/wp-content\/uploads\/2021\/10\/crataegus_crus_gali-1_WEB0108-768x512.jpg 768w\" sizes=\"(max-width: 1200px) 100vw, 1200px\" \/> <img loading=\"lazy\" decoding=\"async\" class=\"alignnone size-full wp-image-679\" src=\"https:\/\/ehetovadnovenyeink.hu\/wp-content\/uploads\/2021\/10\/crataegus_crus_gali-2_WEB0109.jpg\" alt=\"\" width=\"1200\" height=\"800\" srcset=\"https:\/\/ehetovadnovenyeink.hu\/wp-content\/uploads\/2021\/10\/crataegus_crus_gali-2_WEB0109.jpg 1200w, https:\/\/ehetovadnovenyeink.hu\/wp-content\/uploads\/2021\/10\/crataegus_crus_gali-2_WEB0109-300x200.jpg 300w, https:\/\/ehetovadnovenyeink.hu\/wp-content\/uploads\/2021\/10\/crataegus_crus_gali-2_WEB0109-768x512.jpg 768w\" sizes=\"(max-width: 1200px) 100vw, 1200px\" \/><\/p>\n","protected":false},"excerpt":{"rendered":"<p>32. Crataegus crus-galli &#8211; sarkanty\u00fas galagonya \u00c9szak-Amerik\u00e1b\u00f3l sz\u00e1rmaz\u00f3 kisfa. Magass\u00e1ga 10m, koron\u00e1ja sz\u00e9tter\u00fcl\u0151, id\u0151korban ellaposod\u00f3. Hajt\u00e1sai t\u00f6visesek, a t\u00f6visek egyenesek, ak\u00e1r 8cm hossz\u00faak is lehetnek. Levelei ov\u00e1lisak, \u00e9kv\u00e1ll\u00faak a lev\u00e9lcs\u00facs lekerek\u00edtett enyh\u00e9n b\u0151rnem\u0171. Lombsz\u00ednez\u0151d\u00e9s sor\u00e1n a levelek \u00e9l\u00e9nk narancssz\u00edn\u0171ekk\u00e9 v\u00e1lnak vagy pirosod\u00f3k. Vir\u00e1gainak m\u00e9rete 1,5 cm, m\u00e1jusban vir\u00e1gzik. Csont\u00e1ralm\u00e1i v\u00f6r\u00f6sesek, nemf\u00e9nyesek. \u00cdze az egybib\u00e9s galagony\u00e1hoz [&hellip;]<\/p>\n","protected":false},"author":1,"featured_media":0,"parent":0,"menu_order":0,"comment_status":"closed","ping_status":"closed","template":"","meta":{"_monsterinsights_skip_tracking":false,"_monsterinsights_sitenote_active":false,"_monsterinsights_sitenote_note":"","_monsterinsights_sitenote_category":0,"footnotes":""},"_links":{"self":[{"href":"https:\/\/ehetovadnovenyeink.hu\/index.php\/wp-json\/wp\/v2\/pages\/270"}],"collection":[{"href":"https:\/\/ehetovadnovenyeink.hu\/index.php\/wp-json\/wp\/v2\/pages"}],"about":[{"href":"https:\/\/ehetovadnovenyeink.hu\/index.php\/wp-json\/wp\/v2\/types\/page"}],"author":[{"embeddable":true,"href":"https:\/\/ehetovadnovenyeink.hu\/index.php\/wp-json\/wp\/v2\/users\/1"}],"replies":[{"embeddable":true,"href":"https:\/\/ehetovadnovenyeink.hu\/index.php\/wp-json\/wp\/v2\/comments?post=270"}],"version-history":[{"count":3,"href":"https:\/\/ehetovadnovenyeink.hu\/index.php\/wp-json\/wp\/v2\/pages\/270\/revisions"}],"predecessor-version":[{"id":680,"href":"https:\/\/ehetovadnovenyeink.hu\/index.php\/wp-json\/wp\/v2\/pages\/270\/revisions\/680"}],"wp:attachment":[{"href":"https:\/\/ehetovadnovenyeink.hu\/index.php\/wp-json\/wp\/v2\/media?parent=270"}],"curies":[{"name":"wp","href":"https:\/\/api.w.org\/{rel}","templated":true}]}}