{"id":247,"date":"2021-10-11T10:41:16","date_gmt":"2021-10-11T10:41:16","guid":{"rendered":"https:\/\/ehetovadnovenyeink.hu\/?page_id=247"},"modified":"2021-10-14T20:54:59","modified_gmt":"2021-10-14T20:54:59","slug":"crataegus-nigra-fekete-galagonya","status":"publish","type":"page","link":"https:\/\/ehetovadnovenyeink.hu\/index.php\/crataegus-nigra-fekete-galagonya\/","title":{"rendered":"Crataegus nigra &#8211; fekete galagonya"},"content":{"rendered":"<p>29. Crataegus nigra &#8211; fekete galagonya<\/p>\n<p>\u0150shonos kisebb f\u00e1v\u00e1 n\u00f6v\u0151 fokozottan v\u00e9dett faj. Dunamenti puhaf\u00e1s f\u00fczesek \u00e9s kem\u00e9nyf\u00e1s k\u0151ris-szil ligetek kisebb f\u00e1ja, termete 1-6 m k\u00f6z\u00f6tti. Hajt\u00e1sa vastagon sz\u00fcrk\u00e9sfeh\u00e9ren molyhos, levelei h\u00e1romsz\u00f6g-toj\u00e1sdad alak\u00faak, 5-8 cm hossz\u00faak, 4-5,5 cm sz\u00e9lesek, hegyes kar\u00e9jokkal. A p\u00e1lha sz\u00e9les, sarl\u00f3s-toj\u00e1sdad alak\u00fa. A lev\u00e9lfon\u00e1k, a lev\u00e9lny\u00e9l, a vir\u00e1gkocs\u00e1ny \u00e9s a vacok maradand\u00f3an sz\u00fcrk\u00e9sfeh\u00e9ren gyapjas. A vir\u00e1gban 5 bibesz\u00e1l van, a szirmok feh\u00e9rek, a term\u00e9s g\u00f6mb\u00f6ly\u0171, fekete, 4-5 csont\u00e1ralm\u00e1val. Magyarorsz\u00e1g ter\u00fclet\u00e9n ritka, fokozottan v\u00e9dett n\u00f6v\u00e9nyfaj, term\u00e9szetv\u00e9delmi \u00e9rt\u00e9ke 100.000 Ft.<\/p>\n<p>Haz\u00e1nkban nem gy\u0171jthet\u0151, v\u00e9dett n\u00f6v\u00e9nyfaj! K\u00f6nnyen hibridiz\u00e1l m\u00e1s galagonya fajokkal, ezek a taxonok m\u00e1r gy\u0171jthet\u0151k.<\/p>\n<p>&nbsp;<\/p>\n<p><img loading=\"lazy\" decoding=\"async\" class=\"alignnone wp-image-253\" src=\"https:\/\/ehetovadnovenyeink.hu\/wp-content\/uploads\/2021\/10\/termved-cimer_kicsi-300x291.png\" alt=\"\" width=\"206\" height=\"200\" srcset=\"https:\/\/ehetovadnovenyeink.hu\/wp-content\/uploads\/2021\/10\/termved-cimer_kicsi-300x291.png 300w, https:\/\/ehetovadnovenyeink.hu\/wp-content\/uploads\/2021\/10\/termved-cimer_kicsi.png 432w\" sizes=\"(max-width: 206px) 100vw, 206px\" \/><\/p>\n<p>&nbsp;<\/p>\n<p><img loading=\"lazy\" decoding=\"async\" class=\"alignnone size-full wp-image-716\" src=\"https:\/\/ehetovadnovenyeink.hu\/wp-content\/uploads\/2021\/10\/Crataegus_nigra-9_WEB0154.jpg\" alt=\"\" width=\"1200\" height=\"800\" srcset=\"https:\/\/ehetovadnovenyeink.hu\/wp-content\/uploads\/2021\/10\/Crataegus_nigra-9_WEB0154.jpg 1200w, https:\/\/ehetovadnovenyeink.hu\/wp-content\/uploads\/2021\/10\/Crataegus_nigra-9_WEB0154-300x200.jpg 300w, https:\/\/ehetovadnovenyeink.hu\/wp-content\/uploads\/2021\/10\/Crataegus_nigra-9_WEB0154-768x512.jpg 768w\" sizes=\"(max-width: 1200px) 100vw, 1200px\" \/> <img loading=\"lazy\" decoding=\"async\" class=\"alignnone size-full wp-image-717\" src=\"https:\/\/ehetovadnovenyeink.hu\/wp-content\/uploads\/2021\/10\/Crataegus_nigra-10_WEB0145.jpg\" alt=\"\" width=\"1200\" height=\"800\" srcset=\"https:\/\/ehetovadnovenyeink.hu\/wp-content\/uploads\/2021\/10\/Crataegus_nigra-10_WEB0145.jpg 1200w, https:\/\/ehetovadnovenyeink.hu\/wp-content\/uploads\/2021\/10\/Crataegus_nigra-10_WEB0145-300x200.jpg 300w, https:\/\/ehetovadnovenyeink.hu\/wp-content\/uploads\/2021\/10\/Crataegus_nigra-10_WEB0145-768x512.jpg 768w\" sizes=\"(max-width: 1200px) 100vw, 1200px\" \/> <img loading=\"lazy\" decoding=\"async\" class=\"alignnone size-full wp-image-718\" src=\"https:\/\/ehetovadnovenyeink.hu\/wp-content\/uploads\/2021\/10\/Crataegus_nigra-11_WEB0146.jpg\" alt=\"\" width=\"1200\" height=\"800\" srcset=\"https:\/\/ehetovadnovenyeink.hu\/wp-content\/uploads\/2021\/10\/Crataegus_nigra-11_WEB0146.jpg 1200w, https:\/\/ehetovadnovenyeink.hu\/wp-content\/uploads\/2021\/10\/Crataegus_nigra-11_WEB0146-300x200.jpg 300w, https:\/\/ehetovadnovenyeink.hu\/wp-content\/uploads\/2021\/10\/Crataegus_nigra-11_WEB0146-768x512.jpg 768w\" sizes=\"(max-width: 1200px) 100vw, 1200px\" \/> <img loading=\"lazy\" decoding=\"async\" class=\"alignnone size-full wp-image-719\" src=\"https:\/\/ehetovadnovenyeink.hu\/wp-content\/uploads\/2021\/10\/Crataegus_nigra-4_WEB0149.jpg\" alt=\"\" width=\"1200\" height=\"800\" srcset=\"https:\/\/ehetovadnovenyeink.hu\/wp-content\/uploads\/2021\/10\/Crataegus_nigra-4_WEB0149.jpg 1200w, https:\/\/ehetovadnovenyeink.hu\/wp-content\/uploads\/2021\/10\/Crataegus_nigra-4_WEB0149-300x200.jpg 300w, https:\/\/ehetovadnovenyeink.hu\/wp-content\/uploads\/2021\/10\/Crataegus_nigra-4_WEB0149-768x512.jpg 768w\" sizes=\"(max-width: 1200px) 100vw, 1200px\" \/> <img loading=\"lazy\" decoding=\"async\" class=\"alignnone size-full wp-image-720\" src=\"https:\/\/ehetovadnovenyeink.hu\/wp-content\/uploads\/2021\/10\/Crataegus_nigra-7_WEB0152.jpg\" alt=\"\" width=\"1200\" height=\"800\" srcset=\"https:\/\/ehetovadnovenyeink.hu\/wp-content\/uploads\/2021\/10\/Crataegus_nigra-7_WEB0152.jpg 1200w, https:\/\/ehetovadnovenyeink.hu\/wp-content\/uploads\/2021\/10\/Crataegus_nigra-7_WEB0152-300x200.jpg 300w, https:\/\/ehetovadnovenyeink.hu\/wp-content\/uploads\/2021\/10\/Crataegus_nigra-7_WEB0152-768x512.jpg 768w\" sizes=\"(max-width: 1200px) 100vw, 1200px\" \/><\/p>\n","protected":false},"excerpt":{"rendered":"<p>29. Crataegus nigra &#8211; fekete galagonya \u0150shonos kisebb f\u00e1v\u00e1 n\u00f6v\u0151 fokozottan v\u00e9dett faj. Dunamenti puhaf\u00e1s f\u00fczesek \u00e9s kem\u00e9nyf\u00e1s k\u0151ris-szil ligetek kisebb f\u00e1ja, termete 1-6 m k\u00f6z\u00f6tti. Hajt\u00e1sa vastagon sz\u00fcrk\u00e9sfeh\u00e9ren molyhos, levelei h\u00e1romsz\u00f6g-toj\u00e1sdad alak\u00faak, 5-8 cm hossz\u00faak, 4-5,5 cm sz\u00e9lesek, hegyes kar\u00e9jokkal. A p\u00e1lha sz\u00e9les, sarl\u00f3s-toj\u00e1sdad alak\u00fa. A lev\u00e9lfon\u00e1k, a lev\u00e9lny\u00e9l, a vir\u00e1gkocs\u00e1ny \u00e9s a vacok [&hellip;]<\/p>\n","protected":false},"author":1,"featured_media":0,"parent":0,"menu_order":0,"comment_status":"closed","ping_status":"closed","template":"","meta":{"_monsterinsights_skip_tracking":false,"_monsterinsights_sitenote_active":false,"_monsterinsights_sitenote_note":"","_monsterinsights_sitenote_category":0,"footnotes":""},"_links":{"self":[{"href":"https:\/\/ehetovadnovenyeink.hu\/index.php\/wp-json\/wp\/v2\/pages\/247"}],"collection":[{"href":"https:\/\/ehetovadnovenyeink.hu\/index.php\/wp-json\/wp\/v2\/pages"}],"about":[{"href":"https:\/\/ehetovadnovenyeink.hu\/index.php\/wp-json\/wp\/v2\/types\/page"}],"author":[{"embeddable":true,"href":"https:\/\/ehetovadnovenyeink.hu\/index.php\/wp-json\/wp\/v2\/users\/1"}],"replies":[{"embeddable":true,"href":"https:\/\/ehetovadnovenyeink.hu\/index.php\/wp-json\/wp\/v2\/comments?post=247"}],"version-history":[{"count":7,"href":"https:\/\/ehetovadnovenyeink.hu\/index.php\/wp-json\/wp\/v2\/pages\/247\/revisions"}],"predecessor-version":[{"id":721,"href":"https:\/\/ehetovadnovenyeink.hu\/index.php\/wp-json\/wp\/v2\/pages\/247\/revisions\/721"}],"wp:attachment":[{"href":"https:\/\/ehetovadnovenyeink.hu\/index.php\/wp-json\/wp\/v2\/media?parent=247"}],"curies":[{"name":"wp","href":"https:\/\/api.w.org\/{rel}","templated":true}]}}