{"id":244,"date":"2021-10-11T10:40:34","date_gmt":"2021-10-11T10:40:34","guid":{"rendered":"https:\/\/ehetovadnovenyeink.hu\/?page_id=244"},"modified":"2021-10-16T15:01:28","modified_gmt":"2021-10-16T15:01:28","slug":"panicum-miliaceum-termesztett-koles","status":"publish","type":"page","link":"https:\/\/ehetovadnovenyeink.hu\/index.php\/panicum-miliaceum-termesztett-koles\/","title":{"rendered":"Panicum miliaceum &#8211; termesztett k\u00f6les"},"content":{"rendered":"<p>28. Panicum miliaceum &#8211; termesztett k\u00f6les<\/p>\n<p>K\u00f6z\u00e9p-\u00e1zsiai eredet\u0171 ritk\u00e1bban kivadul\u00f3 advent\u00edv, a Poaceae &#8211; p\u00e1zsitf\u00fcvek csal\u00e1dj\u00e1ba tartoz\u00f3 faj. \u0150si t\u00e1pl\u00e1l\u00e9k \u00e9s takarm\u00e1nyn\u00f6v\u00e9ny. Termete 50-100 cm k\u00f6z\u00f6tti, levelei 15-40 cm hossz\u00faak, 10-20 mm sz\u00e9lesek, A lev\u00e9lh\u00fcvely el\u00e1ll\u00f3, bozontos sz\u0151r\u0171. \u00d6sszetett vir\u00e1gzata buga, a term\u00e9ses buga\u00e1gak b\u00f3kol\u00f3k, t\u00f6m\u00f6ttek, 10-30 cm hossz\u00faak. A p\u00e1zsitf\u00fcvekre jellemz\u0151 r\u00e9szvir\u00e1gzata, a f\u00fcz\u00e9rke 4-5 mm hossz\u00fa. A term\u00e9sek egyszerre \u00e9rnek, nem hullanak ki a f\u00fcz\u00e9rk\u00e9b\u0151l.<\/p>\n<p>Mikor gy\u0171jthet\u0151: j\u00fanius- j\u00falius<\/p>\n<p>&nbsp;<\/p>\n<p><img loading=\"lazy\" decoding=\"async\" class=\"alignnone size-full wp-image-855\" src=\"https:\/\/ehetovadnovenyeink.hu\/wp-content\/uploads\/2021\/10\/Panicum_miliaceum-13_WEB0282.jpg\" alt=\"\" width=\"1200\" height=\"800\" srcset=\"https:\/\/ehetovadnovenyeink.hu\/wp-content\/uploads\/2021\/10\/Panicum_miliaceum-13_WEB0282.jpg 1200w, https:\/\/ehetovadnovenyeink.hu\/wp-content\/uploads\/2021\/10\/Panicum_miliaceum-13_WEB0282-300x200.jpg 300w, https:\/\/ehetovadnovenyeink.hu\/wp-content\/uploads\/2021\/10\/Panicum_miliaceum-13_WEB0282-768x512.jpg 768w\" sizes=\"(max-width: 1200px) 100vw, 1200px\" \/><\/p>\n<p><img loading=\"lazy\" decoding=\"async\" class=\"alignnone size-full wp-image-852\" src=\"https:\/\/ehetovadnovenyeink.hu\/wp-content\/uploads\/2021\/10\/Panicum_miliaceum-17_WEB0285.jpg\" alt=\"\" width=\"1200\" height=\"800\" srcset=\"https:\/\/ehetovadnovenyeink.hu\/wp-content\/uploads\/2021\/10\/Panicum_miliaceum-17_WEB0285.jpg 1200w, https:\/\/ehetovadnovenyeink.hu\/wp-content\/uploads\/2021\/10\/Panicum_miliaceum-17_WEB0285-300x200.jpg 300w, https:\/\/ehetovadnovenyeink.hu\/wp-content\/uploads\/2021\/10\/Panicum_miliaceum-17_WEB0285-768x512.jpg 768w\" sizes=\"(max-width: 1200px) 100vw, 1200px\" \/> <img loading=\"lazy\" decoding=\"async\" class=\"alignnone size-full wp-image-853\" src=\"https:\/\/ehetovadnovenyeink.hu\/wp-content\/uploads\/2021\/10\/Panicum_miliaceum-3_WEB0286.jpg\" alt=\"\" width=\"1200\" height=\"800\" srcset=\"https:\/\/ehetovadnovenyeink.hu\/wp-content\/uploads\/2021\/10\/Panicum_miliaceum-3_WEB0286.jpg 1200w, https:\/\/ehetovadnovenyeink.hu\/wp-content\/uploads\/2021\/10\/Panicum_miliaceum-3_WEB0286-300x200.jpg 300w, https:\/\/ehetovadnovenyeink.hu\/wp-content\/uploads\/2021\/10\/Panicum_miliaceum-3_WEB0286-768x512.jpg 768w\" sizes=\"(max-width: 1200px) 100vw, 1200px\" \/> <img loading=\"lazy\" decoding=\"async\" class=\"alignnone size-full wp-image-854\" src=\"https:\/\/ehetovadnovenyeink.hu\/wp-content\/uploads\/2021\/10\/Panicum_miliaceum-6_WEB0289.jpg\" alt=\"\" width=\"1200\" height=\"800\" srcset=\"https:\/\/ehetovadnovenyeink.hu\/wp-content\/uploads\/2021\/10\/Panicum_miliaceum-6_WEB0289.jpg 1200w, https:\/\/ehetovadnovenyeink.hu\/wp-content\/uploads\/2021\/10\/Panicum_miliaceum-6_WEB0289-300x200.jpg 300w, https:\/\/ehetovadnovenyeink.hu\/wp-content\/uploads\/2021\/10\/Panicum_miliaceum-6_WEB0289-768x512.jpg 768w\" sizes=\"(max-width: 1200px) 100vw, 1200px\" \/><\/p>\n","protected":false},"excerpt":{"rendered":"<p>28. Panicum miliaceum &#8211; termesztett k\u00f6les K\u00f6z\u00e9p-\u00e1zsiai eredet\u0171 ritk\u00e1bban kivadul\u00f3 advent\u00edv, a Poaceae &#8211; p\u00e1zsitf\u00fcvek csal\u00e1dj\u00e1ba tartoz\u00f3 faj. \u0150si t\u00e1pl\u00e1l\u00e9k \u00e9s takarm\u00e1nyn\u00f6v\u00e9ny. Termete 50-100 cm k\u00f6z\u00f6tti, levelei 15-40 cm hossz\u00faak, 10-20 mm sz\u00e9lesek, A lev\u00e9lh\u00fcvely el\u00e1ll\u00f3, bozontos sz\u0151r\u0171. \u00d6sszetett vir\u00e1gzata buga, a term\u00e9ses buga\u00e1gak b\u00f3kol\u00f3k, t\u00f6m\u00f6ttek, 10-30 cm hossz\u00faak. A p\u00e1zsitf\u00fcvekre jellemz\u0151 r\u00e9szvir\u00e1gzata, a f\u00fcz\u00e9rke [&hellip;]<\/p>\n","protected":false},"author":1,"featured_media":0,"parent":0,"menu_order":0,"comment_status":"closed","ping_status":"closed","template":"","meta":{"_monsterinsights_skip_tracking":false,"_monsterinsights_sitenote_active":false,"_monsterinsights_sitenote_note":"","_monsterinsights_sitenote_category":0,"footnotes":""},"_links":{"self":[{"href":"https:\/\/ehetovadnovenyeink.hu\/index.php\/wp-json\/wp\/v2\/pages\/244"}],"collection":[{"href":"https:\/\/ehetovadnovenyeink.hu\/index.php\/wp-json\/wp\/v2\/pages"}],"about":[{"href":"https:\/\/ehetovadnovenyeink.hu\/index.php\/wp-json\/wp\/v2\/types\/page"}],"author":[{"embeddable":true,"href":"https:\/\/ehetovadnovenyeink.hu\/index.php\/wp-json\/wp\/v2\/users\/1"}],"replies":[{"embeddable":true,"href":"https:\/\/ehetovadnovenyeink.hu\/index.php\/wp-json\/wp\/v2\/comments?post=244"}],"version-history":[{"count":3,"href":"https:\/\/ehetovadnovenyeink.hu\/index.php\/wp-json\/wp\/v2\/pages\/244\/revisions"}],"predecessor-version":[{"id":856,"href":"https:\/\/ehetovadnovenyeink.hu\/index.php\/wp-json\/wp\/v2\/pages\/244\/revisions\/856"}],"wp:attachment":[{"href":"https:\/\/ehetovadnovenyeink.hu\/index.php\/wp-json\/wp\/v2\/media?parent=244"}],"curies":[{"name":"wp","href":"https:\/\/api.w.org\/{rel}","templated":true}]}}