{"id":241,"date":"2021-10-11T10:39:36","date_gmt":"2021-10-11T10:39:36","guid":{"rendered":"https:\/\/ehetovadnovenyeink.hu\/?page_id=241"},"modified":"2021-10-14T20:00:41","modified_gmt":"2021-10-14T20:00:41","slug":"carum-carvi-komeny","status":"publish","type":"page","link":"https:\/\/ehetovadnovenyeink.hu\/index.php\/carum-carvi-komeny\/","title":{"rendered":"Carum carvi \u2013 k\u00f6m\u00e9ny"},"content":{"rendered":"<p>27. Carum carvi \u2013 k\u00f6m\u00e9ny<\/p>\n<p>\u0150shonos, az erny\u0151s\u00f6k csal\u00e1dj\u00e1ba tartoz\u00f3, f\u0171szern\u00f6v\u00e9nyk\u00e9nt termesztett k\u00e9t\u00e9ves n\u00f6v\u00e9ny. Vadon \u00fcde kasz\u00e1l\u00f3kon, mocs\u00e1r- \u00e9s l\u00e1pr\u00e9teken, valamint hegyi r\u00e9teken fordul el\u0151. Termete 20-80 cm k\u00f6z\u00f6tti, fejlett kar\u00f3gy\u00f6kere van. Levelei 2-3x sz\u00e1rnyasak, a lev\u00e9lk\u00e9k sz\u00e1lk\u00e1san kihegyezettek, sz\u00e1lasak vagy l\u00e1ndzs\u00e1sak, a legals\u00f3 sz\u00e1rny a t\u0151lev\u00e9len a t\u00f6bbit\u0151l kiss\u00e9 nagyobb t\u00e1vols\u00e1gra van. Feh\u00e9r sz\u00edn\u0171, \u00e1prilist\u00f3l j\u00faniusig ny\u00edl\u00f3 \u00f6sszetett erny\u0151 vir\u00e1gzat\u00e1n nincsenek gall\u00e9r levelek, a gall\u00e9rka, ha van 1-8 lehull\u00f3 level\u0171. Ikerkaszat term\u00e9se 3-3,5 mm hossz\u00fak\u00e1s, kopasz, a kocs\u00e1nyok \u00e9s kocs\u00e1nyk\u00e1k fel\u00e1ll\u00f3k. Term\u00e9se haszn\u00e1lhat\u00f3 f\u0171szerk\u00e9nt, fogyaszthat\u00f3 teak\u00e9nt.<\/p>\n<p>Mikor gy\u0171jthet\u0151: j\u00falius-augusztus<\/p>\n<p>&nbsp;<\/p>\n<figure id=\"attachment_642\" aria-describedby=\"caption-attachment-642\" style=\"width: 737px\" class=\"wp-caption alignnone\"><img loading=\"lazy\" decoding=\"async\" class=\"wp-image-642 size-large\" src=\"https:\/\/ehetovadnovenyeink.hu\/wp-content\/uploads\/2021\/10\/carum_carvi-737x1200.jpg\" alt=\"\" width=\"737\" height=\"1200\" srcset=\"https:\/\/ehetovadnovenyeink.hu\/wp-content\/uploads\/2021\/10\/carum_carvi-737x1200.jpg 737w, https:\/\/ehetovadnovenyeink.hu\/wp-content\/uploads\/2021\/10\/carum_carvi-184x300.jpg 184w, https:\/\/ehetovadnovenyeink.hu\/wp-content\/uploads\/2021\/10\/carum_carvi-768x1251.jpg 768w, https:\/\/ehetovadnovenyeink.hu\/wp-content\/uploads\/2021\/10\/carum_carvi-943x1536.jpg 943w, https:\/\/ehetovadnovenyeink.hu\/wp-content\/uploads\/2021\/10\/carum_carvi.jpg 1074w\" sizes=\"(max-width: 737px) 100vw, 737px\" \/><figcaption id=\"caption-attachment-642\" class=\"wp-caption-text\">Billeder af nordens flora. v.1<br \/>K\u00f8benhavn,G.E.C. Gad&#8217;s forlag,1917-1927.<br \/><a href=\"http:\/\/biodiversitylibrary.org\/item\/39907\">http:\/\/biodiversitylibrary.org\/item\/39907<\/a><\/figcaption><\/figure>\n","protected":false},"excerpt":{"rendered":"<p>27. Carum carvi \u2013 k\u00f6m\u00e9ny \u0150shonos, az erny\u0151s\u00f6k csal\u00e1dj\u00e1ba tartoz\u00f3, f\u0171szern\u00f6v\u00e9nyk\u00e9nt termesztett k\u00e9t\u00e9ves n\u00f6v\u00e9ny. Vadon \u00fcde kasz\u00e1l\u00f3kon, mocs\u00e1r- \u00e9s l\u00e1pr\u00e9teken, valamint hegyi r\u00e9teken fordul el\u0151. Termete 20-80 cm k\u00f6z\u00f6tti, fejlett kar\u00f3gy\u00f6kere van. Levelei 2-3x sz\u00e1rnyasak, a lev\u00e9lk\u00e9k sz\u00e1lk\u00e1san kihegyezettek, sz\u00e1lasak vagy l\u00e1ndzs\u00e1sak, a legals\u00f3 sz\u00e1rny a t\u0151lev\u00e9len a t\u00f6bbit\u0151l kiss\u00e9 nagyobb t\u00e1vols\u00e1gra van. Feh\u00e9r sz\u00edn\u0171, [&hellip;]<\/p>\n","protected":false},"author":1,"featured_media":0,"parent":0,"menu_order":0,"comment_status":"closed","ping_status":"closed","template":"","meta":{"_monsterinsights_skip_tracking":false,"_monsterinsights_sitenote_active":false,"_monsterinsights_sitenote_note":"","_monsterinsights_sitenote_category":0,"footnotes":""},"_links":{"self":[{"href":"https:\/\/ehetovadnovenyeink.hu\/index.php\/wp-json\/wp\/v2\/pages\/241"}],"collection":[{"href":"https:\/\/ehetovadnovenyeink.hu\/index.php\/wp-json\/wp\/v2\/pages"}],"about":[{"href":"https:\/\/ehetovadnovenyeink.hu\/index.php\/wp-json\/wp\/v2\/types\/page"}],"author":[{"embeddable":true,"href":"https:\/\/ehetovadnovenyeink.hu\/index.php\/wp-json\/wp\/v2\/users\/1"}],"replies":[{"embeddable":true,"href":"https:\/\/ehetovadnovenyeink.hu\/index.php\/wp-json\/wp\/v2\/comments?post=241"}],"version-history":[{"count":3,"href":"https:\/\/ehetovadnovenyeink.hu\/index.php\/wp-json\/wp\/v2\/pages\/241\/revisions"}],"predecessor-version":[{"id":644,"href":"https:\/\/ehetovadnovenyeink.hu\/index.php\/wp-json\/wp\/v2\/pages\/241\/revisions\/644"}],"wp:attachment":[{"href":"https:\/\/ehetovadnovenyeink.hu\/index.php\/wp-json\/wp\/v2\/media?parent=241"}],"curies":[{"name":"wp","href":"https:\/\/api.w.org\/{rel}","templated":true}]}}