{"id":238,"date":"2021-10-11T10:38:29","date_gmt":"2021-10-11T10:38:29","guid":{"rendered":"https:\/\/ehetovadnovenyeink.hu\/?page_id=238"},"modified":"2021-10-23T08:56:56","modified_gmt":"2021-10-23T08:56:56","slug":"triticum-monococcum-egyszemu-buza","status":"publish","type":"page","link":"https:\/\/ehetovadnovenyeink.hu\/index.php\/triticum-monococcum-egyszemu-buza\/","title":{"rendered":"Triticum monococcum &#8211; egyszem\u0171 b\u00faza"},"content":{"rendered":"<p>26. Triticum monococcum &#8211; egyszem\u0171 b\u00faza, alakor<\/p>\n<p>A p\u00e1zsitf\u00fcvek csal\u00e1dj\u00e1ba tartoz\u00f3 \u0151si b\u00fazafaj, melyet helyenk\u00e9nt ma is termesztenek. Termete 30-100 cm k\u00f6z\u00f6tti, sz\u00e1ra kev\u00e9sb\u00e9 t\u00f6r\u00e9keny, hajt\u00e1sa csak a csom\u00f3in sz\u0151r\u00f6s. Levelei keskenyek, legfeljebb 10 mm sz\u00e9lesek, a lev\u00e9lalapb\u00f3l k\u00e9pz\u0151d\u00f6tt hossz\u00fa lev\u00e9lh\u00fcvely k\u00f6r\u00fcl\u00f6leli a sz\u00e1rat. A vir\u00e1gok a t\u00f6m\u00f6tt kal\u00e1szban- f\u00fcz\u00e9rk\u00e9ket alkotnak. A f\u00fcz\u00e9rke 1-3 vir\u00e1g\u00fa, melyb\u0151l csak egy \u00e9rlel szemterm\u00e9st. A kal\u00e1sz t\u00f6m\u00f6tt, oldalr\u00f3l lap\u00edtott, 4-10 cm hossz\u00fa, a kal\u00e1szors\u00f3 t\u00f6r\u00e9keny, \u00e9r\u00e9skor sz\u00e9tes\u0151. A bels\u0151 tokl\u00e1sz \u00e9r\u00e9skor sz\u00e9thasad, a szem a tokl\u00e1szok k\u00f6z\u00f6tt marad, a k\u00fcls\u0151 er\u0151sen \u00f6sszenyomott, cs\u00facs\u00e1n 3-8 cm hossz\u00fa, egyenes sz\u00e1lk\u00e1val. A pelyv\u00e1k orm\u00f3sak, k\u00e9tfog\u00faak, a cs\u00facsuk k\u00f6zel\u00e9ben \u00e9l\u00fck s\u0171r\u0171n pill\u00e1s.<\/p>\n<p>Mikor gy\u0171jthet\u0151: j\u00faliust\u00f3l<\/p>\n<p>&nbsp;<\/p>\n<p><img loading=\"lazy\" decoding=\"async\" class=\"alignnone size-full wp-image-1076\" src=\"https:\/\/ehetovadnovenyeink.hu\/wp-content\/uploads\/2021\/10\/triticu_monococcum-5_WEB0621.jpg\" alt=\"\" width=\"800\" height=\"1200\" srcset=\"https:\/\/ehetovadnovenyeink.hu\/wp-content\/uploads\/2021\/10\/triticu_monococcum-5_WEB0621.jpg 800w, https:\/\/ehetovadnovenyeink.hu\/wp-content\/uploads\/2021\/10\/triticu_monococcum-5_WEB0621-200x300.jpg 200w, https:\/\/ehetovadnovenyeink.hu\/wp-content\/uploads\/2021\/10\/triticu_monococcum-5_WEB0621-768x1152.jpg 768w\" sizes=\"(max-width: 800px) 100vw, 800px\" \/><\/p>\n<p>Triticum monococcum &#8211; alakor cs\u00edran\u00f6v\u00e9ny<\/p>\n","protected":false},"excerpt":{"rendered":"<p>26. Triticum monococcum &#8211; egyszem\u0171 b\u00faza, alakor A p\u00e1zsitf\u00fcvek csal\u00e1dj\u00e1ba tartoz\u00f3 \u0151si b\u00fazafaj, melyet helyenk\u00e9nt ma is termesztenek. Termete 30-100 cm k\u00f6z\u00f6tti, sz\u00e1ra kev\u00e9sb\u00e9 t\u00f6r\u00e9keny, hajt\u00e1sa csak a csom\u00f3in sz\u0151r\u00f6s. Levelei keskenyek, legfeljebb 10 mm sz\u00e9lesek, a lev\u00e9lalapb\u00f3l k\u00e9pz\u0151d\u00f6tt hossz\u00fa lev\u00e9lh\u00fcvely k\u00f6r\u00fcl\u00f6leli a sz\u00e1rat. A vir\u00e1gok a t\u00f6m\u00f6tt kal\u00e1szban- f\u00fcz\u00e9rk\u00e9ket alkotnak. A f\u00fcz\u00e9rke 1-3 vir\u00e1g\u00fa, [&hellip;]<\/p>\n","protected":false},"author":1,"featured_media":0,"parent":0,"menu_order":0,"comment_status":"closed","ping_status":"closed","template":"","meta":{"_monsterinsights_skip_tracking":false,"_monsterinsights_sitenote_active":false,"_monsterinsights_sitenote_note":"","_monsterinsights_sitenote_category":0,"footnotes":""},"_links":{"self":[{"href":"https:\/\/ehetovadnovenyeink.hu\/index.php\/wp-json\/wp\/v2\/pages\/238"}],"collection":[{"href":"https:\/\/ehetovadnovenyeink.hu\/index.php\/wp-json\/wp\/v2\/pages"}],"about":[{"href":"https:\/\/ehetovadnovenyeink.hu\/index.php\/wp-json\/wp\/v2\/types\/page"}],"author":[{"embeddable":true,"href":"https:\/\/ehetovadnovenyeink.hu\/index.php\/wp-json\/wp\/v2\/users\/1"}],"replies":[{"embeddable":true,"href":"https:\/\/ehetovadnovenyeink.hu\/index.php\/wp-json\/wp\/v2\/comments?post=238"}],"version-history":[{"count":2,"href":"https:\/\/ehetovadnovenyeink.hu\/index.php\/wp-json\/wp\/v2\/pages\/238\/revisions"}],"predecessor-version":[{"id":1077,"href":"https:\/\/ehetovadnovenyeink.hu\/index.php\/wp-json\/wp\/v2\/pages\/238\/revisions\/1077"}],"wp:attachment":[{"href":"https:\/\/ehetovadnovenyeink.hu\/index.php\/wp-json\/wp\/v2\/media?parent=238"}],"curies":[{"name":"wp","href":"https:\/\/api.w.org\/{rel}","templated":true}]}}