{"id":235,"date":"2021-10-11T10:37:32","date_gmt":"2021-10-11T10:37:32","guid":{"rendered":"https:\/\/ehetovadnovenyeink.hu\/?page_id=235"},"modified":"2021-10-16T15:16:16","modified_gmt":"2021-10-16T15:16:16","slug":"pisum-elatius-magas-borso","status":"publish","type":"page","link":"https:\/\/ehetovadnovenyeink.hu\/index.php\/pisum-elatius-magas-borso\/","title":{"rendered":"Pisum elatius &#8211; magas bors\u00f3"},"content":{"rendered":"<p>25. Pisum elatius &#8211; magas bors\u00f3<\/p>\n<p>D\u00e9l-eur\u00f3pai eredet\u0171, haz\u00e1nkban ritk\u00e1n el\u0151fordul\u00f3 v\u00e9dett n\u00f6v\u00e9ny, val\u00f3sz\u00edn\u0171leg a kult\u00farbors\u00f3k \u0151se. Sziklagyepek, sztyeppr\u00e9tek, sz\u00e1nt\u00f3f\u00f6ldi gyomt\u00e1rsul\u00e1sok egy\u00e9ves n\u00f6v\u00e9nye. Termete 50-100 cm k\u00f6z\u00f6tti, sz\u00e1ra el\u00e1gaz\u00f3, gyakran elfekv\u0151. Lev\u00e9lk\u00e9i elliptikusak, p\u00e1rosan sz\u00e1rnyaltak, sz\u00e9l\u00fck \u00e9p, a lev\u00e9lgerinc kacsban v\u00e9gz\u0151dik. A p\u00e1lhalevelek 4-4,5 cm hossz\u00faak. A n\u00f6v\u00e9ny a h\u00fcvelyesek csal\u00e1dj\u00e1ba, azon bel\u00fcl is a pillang\u00f3svir\u00e1g\u00faak alcsal\u00e1dj\u00e1ba tartozik. A nagym\u00e9ret\u0171 (4-5 cm) pillang\u00f3s vir\u00e1g fels\u0151, megnagyobbodott sziromlevele k\u00e9pzi a lil\u00e1s-r\u00f3zsasz\u00edn\u0171 vitorl\u00e1t, a k\u00e9t oldals\u00f3 keskenyebb s\u00f6t\u00e9t b\u00edborsz\u00edn\u0171 szirmot nevezz\u00fck evez\u0151nek, \u00e9s a k\u00e9t als\u00f3 sziromlev\u00e9l alkotja a s\u00e1rg\u00e1sfeh\u00e9r sz\u00edn\u0171 cs\u00f3nakot, amit a vitorla \u00e9s az evez\u0151k eltakarnak. Term\u00e9se h\u00fcvelyterm\u00e9s, amely kisebb a termesztett bors\u00f3\u00e9n\u00e1l, j\u00fanius-j\u00faliusban vir\u00e1gzik \u00e9s augusztus-szeptemberben \u00e9rik term\u00e9se.<\/p>\n<p>Mikor gy\u0171jthet\u0151: vadon nem gy\u0171jthet\u0151, de d\u00e9li, mediterr\u00e1n el\u0151fordul\u00e1s\u00e1b\u00f3l sz\u00e1rmaz\u00f3 magjaib\u00f3l kertben nevelhet\u0151.<\/p>\n<p>&nbsp;<\/p>\n<p><img loading=\"lazy\" decoding=\"async\" class=\"alignnone size-full wp-image-870\" src=\"https:\/\/ehetovadnovenyeink.hu\/wp-content\/uploads\/2021\/10\/Pisum_sativum_subsp.elatius-28_WEB0583.jpg\" alt=\"\" width=\"800\" height=\"1067\" srcset=\"https:\/\/ehetovadnovenyeink.hu\/wp-content\/uploads\/2021\/10\/Pisum_sativum_subsp.elatius-28_WEB0583.jpg 800w, https:\/\/ehetovadnovenyeink.hu\/wp-content\/uploads\/2021\/10\/Pisum_sativum_subsp.elatius-28_WEB0583-225x300.jpg 225w, https:\/\/ehetovadnovenyeink.hu\/wp-content\/uploads\/2021\/10\/Pisum_sativum_subsp.elatius-28_WEB0583-768x1024.jpg 768w\" sizes=\"(max-width: 800px) 100vw, 800px\" \/><\/p>\n<p><img loading=\"lazy\" decoding=\"async\" class=\"alignnone size-full wp-image-869\" src=\"https:\/\/ehetovadnovenyeink.hu\/wp-content\/uploads\/2021\/10\/Pisum_sativum_subsp.elatius-27_WEB0302.jpg\" alt=\"\" width=\"1200\" height=\"900\" srcset=\"https:\/\/ehetovadnovenyeink.hu\/wp-content\/uploads\/2021\/10\/Pisum_sativum_subsp.elatius-27_WEB0302.jpg 1200w, https:\/\/ehetovadnovenyeink.hu\/wp-content\/uploads\/2021\/10\/Pisum_sativum_subsp.elatius-27_WEB0302-300x225.jpg 300w, https:\/\/ehetovadnovenyeink.hu\/wp-content\/uploads\/2021\/10\/Pisum_sativum_subsp.elatius-27_WEB0302-768x576.jpg 768w\" sizes=\"(max-width: 1200px) 100vw, 1200px\" \/> <img loading=\"lazy\" decoding=\"async\" class=\"alignnone size-full wp-image-871\" src=\"https:\/\/ehetovadnovenyeink.hu\/wp-content\/uploads\/2021\/10\/Pisum_sativum_subsp.elatius-30_WEB0586.jpg\" alt=\"\" width=\"800\" height=\"1067\" srcset=\"https:\/\/ehetovadnovenyeink.hu\/wp-content\/uploads\/2021\/10\/Pisum_sativum_subsp.elatius-30_WEB0586.jpg 800w, https:\/\/ehetovadnovenyeink.hu\/wp-content\/uploads\/2021\/10\/Pisum_sativum_subsp.elatius-30_WEB0586-225x300.jpg 225w, https:\/\/ehetovadnovenyeink.hu\/wp-content\/uploads\/2021\/10\/Pisum_sativum_subsp.elatius-30_WEB0586-768x1024.jpg 768w\" sizes=\"(max-width: 800px) 100vw, 800px\" \/> <img loading=\"lazy\" decoding=\"async\" class=\"alignnone size-full wp-image-872\" src=\"https:\/\/ehetovadnovenyeink.hu\/wp-content\/uploads\/2021\/10\/Pisum_sativum_subsp.elatius-5_WEB0589.jpg\" alt=\"\" width=\"800\" height=\"1067\" srcset=\"https:\/\/ehetovadnovenyeink.hu\/wp-content\/uploads\/2021\/10\/Pisum_sativum_subsp.elatius-5_WEB0589.jpg 800w, https:\/\/ehetovadnovenyeink.hu\/wp-content\/uploads\/2021\/10\/Pisum_sativum_subsp.elatius-5_WEB0589-225x300.jpg 225w, https:\/\/ehetovadnovenyeink.hu\/wp-content\/uploads\/2021\/10\/Pisum_sativum_subsp.elatius-5_WEB0589-768x1024.jpg 768w\" sizes=\"(max-width: 800px) 100vw, 800px\" \/> <img loading=\"lazy\" decoding=\"async\" class=\"alignnone size-full wp-image-873\" src=\"https:\/\/ehetovadnovenyeink.hu\/wp-content\/uploads\/2021\/10\/Pisum_sativum_subsp.elatius-19_WEB0576.jpg\" alt=\"\" width=\"800\" height=\"1067\" srcset=\"https:\/\/ehetovadnovenyeink.hu\/wp-content\/uploads\/2021\/10\/Pisum_sativum_subsp.elatius-19_WEB0576.jpg 800w, https:\/\/ehetovadnovenyeink.hu\/wp-content\/uploads\/2021\/10\/Pisum_sativum_subsp.elatius-19_WEB0576-225x300.jpg 225w, https:\/\/ehetovadnovenyeink.hu\/wp-content\/uploads\/2021\/10\/Pisum_sativum_subsp.elatius-19_WEB0576-768x1024.jpg 768w\" sizes=\"(max-width: 800px) 100vw, 800px\" \/><\/p>\n","protected":false},"excerpt":{"rendered":"<p>25. Pisum elatius &#8211; magas bors\u00f3 D\u00e9l-eur\u00f3pai eredet\u0171, haz\u00e1nkban ritk\u00e1n el\u0151fordul\u00f3 v\u00e9dett n\u00f6v\u00e9ny, val\u00f3sz\u00edn\u0171leg a kult\u00farbors\u00f3k \u0151se. Sziklagyepek, sztyeppr\u00e9tek, sz\u00e1nt\u00f3f\u00f6ldi gyomt\u00e1rsul\u00e1sok egy\u00e9ves n\u00f6v\u00e9nye. Termete 50-100 cm k\u00f6z\u00f6tti, sz\u00e1ra el\u00e1gaz\u00f3, gyakran elfekv\u0151. Lev\u00e9lk\u00e9i elliptikusak, p\u00e1rosan sz\u00e1rnyaltak, sz\u00e9l\u00fck \u00e9p, a lev\u00e9lgerinc kacsban v\u00e9gz\u0151dik. A p\u00e1lhalevelek 4-4,5 cm hossz\u00faak. A n\u00f6v\u00e9ny a h\u00fcvelyesek csal\u00e1dj\u00e1ba, azon bel\u00fcl is a [&hellip;]<\/p>\n","protected":false},"author":1,"featured_media":0,"parent":0,"menu_order":0,"comment_status":"closed","ping_status":"closed","template":"","meta":{"_monsterinsights_skip_tracking":false,"_monsterinsights_sitenote_active":false,"_monsterinsights_sitenote_note":"","_monsterinsights_sitenote_category":0,"footnotes":""},"_links":{"self":[{"href":"https:\/\/ehetovadnovenyeink.hu\/index.php\/wp-json\/wp\/v2\/pages\/235"}],"collection":[{"href":"https:\/\/ehetovadnovenyeink.hu\/index.php\/wp-json\/wp\/v2\/pages"}],"about":[{"href":"https:\/\/ehetovadnovenyeink.hu\/index.php\/wp-json\/wp\/v2\/types\/page"}],"author":[{"embeddable":true,"href":"https:\/\/ehetovadnovenyeink.hu\/index.php\/wp-json\/wp\/v2\/users\/1"}],"replies":[{"embeddable":true,"href":"https:\/\/ehetovadnovenyeink.hu\/index.php\/wp-json\/wp\/v2\/comments?post=235"}],"version-history":[{"count":3,"href":"https:\/\/ehetovadnovenyeink.hu\/index.php\/wp-json\/wp\/v2\/pages\/235\/revisions"}],"predecessor-version":[{"id":874,"href":"https:\/\/ehetovadnovenyeink.hu\/index.php\/wp-json\/wp\/v2\/pages\/235\/revisions\/874"}],"wp:attachment":[{"href":"https:\/\/ehetovadnovenyeink.hu\/index.php\/wp-json\/wp\/v2\/media?parent=235"}],"curies":[{"name":"wp","href":"https:\/\/api.w.org\/{rel}","templated":true}]}}