{"id":229,"date":"2021-10-11T10:35:33","date_gmt":"2021-10-11T10:35:33","guid":{"rendered":"https:\/\/ehetovadnovenyeink.hu\/?page_id=229"},"modified":"2021-10-16T14:57:17","modified_gmt":"2021-10-16T14:57:17","slug":"origanum-vulgare-szurokfu","status":"publish","type":"page","link":"https:\/\/ehetovadnovenyeink.hu\/index.php\/origanum-vulgare-szurokfu\/","title":{"rendered":"Origanum vulgare &#8211; szurokf\u0171"},"content":{"rendered":"<p>23. Origanum vulgare &#8211; szurokf\u0171<\/p>\n<p>\u0150shonos faj, napos sz\u00e1raz oldalak, erd\u0151szeg\u00e9lyek, sztyepplejt\u0151k magas termet\u0171 l\u00e1gysz\u00e1r\u00fa faja. Termete 20-60cm k\u00f6z\u00f6tti. Sz\u00e1ra n\u00e9gy\u00e9l\u0171, levelei keresztben \u00e1tellenesen \u00e1llnak, toj\u00e1sdadok, \u00e9p vagy alig fogas sz\u00e9l\u0171ek, 1-4 cm hossz\u00faak, sz\u00f3rtan sz\u0151r\u00f6sek. Vir\u00e1gzata t\u00f6bbsz\u00f6r\u00f6sen \u00f6sszetett \u00e1lf\u00fcz\u00e9r, a hajt\u00e1sok v\u00e9g\u00e9n sz\u00e9tter\u00fcl\u0151, t\u00f6m\u00f6tt bug\u00e1kb\u00f3l \u00e1ll. A vir\u00e1gok ajakos p\u00e1rt\u00e1ja bord\u00f3 vagy r\u00f3zsasz\u00edn. Levelei \u00e9s eg\u00e9sz hajt\u00e1sa ill\u00f3olajat termel\u0151 mirigysz\u0151r\u00f6kkel fedett. F\u0171szerk\u00e9nt, valamint te\u00e1nak alkalmazhat\u00f3. A n\u00e9pi gy\u00f3gy\u00e1szatban r\u00e9g\u00f3ta alkalmazott, \u00e9vel\u0151 faj.<\/p>\n<p>Mikor gy\u0171jthet\u0151: j\u00faniust\u00f3l<\/p>\n<p>&nbsp;<\/p>\n<p><img loading=\"lazy\" decoding=\"async\" class=\"alignnone size-full wp-image-845\" src=\"https:\/\/ehetovadnovenyeink.hu\/wp-content\/uploads\/2021\/10\/origanum_vulgare-3_WEB0273.jpg\" alt=\"\" width=\"1200\" height=\"800\" srcset=\"https:\/\/ehetovadnovenyeink.hu\/wp-content\/uploads\/2021\/10\/origanum_vulgare-3_WEB0273.jpg 1200w, https:\/\/ehetovadnovenyeink.hu\/wp-content\/uploads\/2021\/10\/origanum_vulgare-3_WEB0273-300x200.jpg 300w, https:\/\/ehetovadnovenyeink.hu\/wp-content\/uploads\/2021\/10\/origanum_vulgare-3_WEB0273-768x512.jpg 768w\" sizes=\"(max-width: 1200px) 100vw, 1200px\" \/> <img loading=\"lazy\" decoding=\"async\" class=\"alignnone size-full wp-image-846\" src=\"https:\/\/ehetovadnovenyeink.hu\/wp-content\/uploads\/2021\/10\/origanum_vulgare-5_WEB0275.jpg\" alt=\"\" width=\"1200\" height=\"800\" srcset=\"https:\/\/ehetovadnovenyeink.hu\/wp-content\/uploads\/2021\/10\/origanum_vulgare-5_WEB0275.jpg 1200w, https:\/\/ehetovadnovenyeink.hu\/wp-content\/uploads\/2021\/10\/origanum_vulgare-5_WEB0275-300x200.jpg 300w, https:\/\/ehetovadnovenyeink.hu\/wp-content\/uploads\/2021\/10\/origanum_vulgare-5_WEB0275-768x512.jpg 768w\" sizes=\"(max-width: 1200px) 100vw, 1200px\" \/> <img loading=\"lazy\" decoding=\"async\" class=\"alignnone size-full wp-image-847\" src=\"https:\/\/ehetovadnovenyeink.hu\/wp-content\/uploads\/2021\/10\/origanum_vulgare-7_WEB0277.jpg\" alt=\"\" width=\"1200\" height=\"800\" srcset=\"https:\/\/ehetovadnovenyeink.hu\/wp-content\/uploads\/2021\/10\/origanum_vulgare-7_WEB0277.jpg 1200w, https:\/\/ehetovadnovenyeink.hu\/wp-content\/uploads\/2021\/10\/origanum_vulgare-7_WEB0277-300x200.jpg 300w, https:\/\/ehetovadnovenyeink.hu\/wp-content\/uploads\/2021\/10\/origanum_vulgare-7_WEB0277-768x512.jpg 768w\" sizes=\"(max-width: 1200px) 100vw, 1200px\" \/><\/p>\n<p><img loading=\"lazy\" decoding=\"async\" class=\"alignnone size-full wp-image-848\" src=\"https:\/\/ehetovadnovenyeink.hu\/wp-content\/uploads\/2021\/10\/origanum_vulgare-12_WEB0267.jpg\" alt=\"\" width=\"1200\" height=\"800\" srcset=\"https:\/\/ehetovadnovenyeink.hu\/wp-content\/uploads\/2021\/10\/origanum_vulgare-12_WEB0267.jpg 1200w, https:\/\/ehetovadnovenyeink.hu\/wp-content\/uploads\/2021\/10\/origanum_vulgare-12_WEB0267-300x200.jpg 300w, https:\/\/ehetovadnovenyeink.hu\/wp-content\/uploads\/2021\/10\/origanum_vulgare-12_WEB0267-768x512.jpg 768w\" sizes=\"(max-width: 1200px) 100vw, 1200px\" \/><\/p>\n","protected":false},"excerpt":{"rendered":"<p>23. Origanum vulgare &#8211; szurokf\u0171 \u0150shonos faj, napos sz\u00e1raz oldalak, erd\u0151szeg\u00e9lyek, sztyepplejt\u0151k magas termet\u0171 l\u00e1gysz\u00e1r\u00fa faja. Termete 20-60cm k\u00f6z\u00f6tti. Sz\u00e1ra n\u00e9gy\u00e9l\u0171, levelei keresztben \u00e1tellenesen \u00e1llnak, toj\u00e1sdadok, \u00e9p vagy alig fogas sz\u00e9l\u0171ek, 1-4 cm hossz\u00faak, sz\u00f3rtan sz\u0151r\u00f6sek. Vir\u00e1gzata t\u00f6bbsz\u00f6r\u00f6sen \u00f6sszetett \u00e1lf\u00fcz\u00e9r, a hajt\u00e1sok v\u00e9g\u00e9n sz\u00e9tter\u00fcl\u0151, t\u00f6m\u00f6tt bug\u00e1kb\u00f3l \u00e1ll. A vir\u00e1gok ajakos p\u00e1rt\u00e1ja bord\u00f3 vagy r\u00f3zsasz\u00edn. Levelei [&hellip;]<\/p>\n","protected":false},"author":1,"featured_media":0,"parent":0,"menu_order":0,"comment_status":"closed","ping_status":"closed","template":"","meta":{"_monsterinsights_skip_tracking":false,"_monsterinsights_sitenote_active":false,"_monsterinsights_sitenote_note":"","_monsterinsights_sitenote_category":0,"footnotes":""},"_links":{"self":[{"href":"https:\/\/ehetovadnovenyeink.hu\/index.php\/wp-json\/wp\/v2\/pages\/229"}],"collection":[{"href":"https:\/\/ehetovadnovenyeink.hu\/index.php\/wp-json\/wp\/v2\/pages"}],"about":[{"href":"https:\/\/ehetovadnovenyeink.hu\/index.php\/wp-json\/wp\/v2\/types\/page"}],"author":[{"embeddable":true,"href":"https:\/\/ehetovadnovenyeink.hu\/index.php\/wp-json\/wp\/v2\/users\/1"}],"replies":[{"embeddable":true,"href":"https:\/\/ehetovadnovenyeink.hu\/index.php\/wp-json\/wp\/v2\/comments?post=229"}],"version-history":[{"count":3,"href":"https:\/\/ehetovadnovenyeink.hu\/index.php\/wp-json\/wp\/v2\/pages\/229\/revisions"}],"predecessor-version":[{"id":850,"href":"https:\/\/ehetovadnovenyeink.hu\/index.php\/wp-json\/wp\/v2\/pages\/229\/revisions\/850"}],"wp:attachment":[{"href":"https:\/\/ehetovadnovenyeink.hu\/index.php\/wp-json\/wp\/v2\/media?parent=229"}],"curies":[{"name":"wp","href":"https:\/\/api.w.org\/{rel}","templated":true}]}}