{"id":223,"date":"2021-10-11T10:33:42","date_gmt":"2021-10-11T10:33:42","guid":{"rendered":"https:\/\/ehetovadnovenyeink.hu\/?page_id=223"},"modified":"2021-10-20T18:26:56","modified_gmt":"2021-10-20T18:26:56","slug":"tragopogon-orientalis-kozonseges-bakszakall","status":"publish","type":"page","link":"https:\/\/ehetovadnovenyeink.hu\/index.php\/tragopogon-orientalis-kozonseges-bakszakall\/","title":{"rendered":"Tragopogon orientalis \u2013 k\u00f6z\u00f6ns\u00e9ges bakszak\u00e1ll"},"content":{"rendered":"<p>21. Tragopogon orientalis \u2013 k\u00f6z\u00f6ns\u00e9ges bakszak\u00e1ll<\/p>\n<p>Magyarorsz\u00e1g eg\u00e9sz ter\u00fclet\u00e9n gyakori, a f\u00e9szekvir\u00e1gzat\u00faak csal\u00e1dj\u00e1ba tartoz\u00f3 \u00e9vel\u0151 n\u00f6v\u00e9ny, mely fellelhet\u0151 \u00fcde kasz\u00e1l\u00f3r\u00e9teken, sz\u00e1raz gyepekben, \u00fatsz\u00e9li gyomt\u00e1rsul\u00e1sokban. Termete 30-70 cm k\u00f6z\u00f6tti, sz\u00e1ra egy vagy kev\u00e9s f\u00e9szekvir\u00e1gzatot tart, \u00e1ltal\u00e1ban 8 f\u00e9szekpikkely tal\u00e1lhat\u00f3 a vir\u00e1gon, melyek egy k\u00f6rben helyezkednek el. Levelei hosszan kihegyesed\u0151k, lehajl\u00f3k, cs\u00facsuk fonalas, fel\u00fclet\u00fck kopasz, csak a v\u00e1lln\u00e1l p\u00f3kh\u00e1l\u00f3s. A term\u00e9s kaszat, melynek cs\u0151re akkora, mint maga a term\u00e9s. Fiatal levelei sal\u00e1ta alapanyagk\u00e9nt szolg\u00e1lhatnak, illetve sz\u00e1ra \u00e9s bimb\u00f3i sp\u00e1rga m\u00f3dj\u00e1ra elk\u00e9sz\u00edthet\u0151k, valamint leves vagy f\u0151zel\u00e9k is k\u00e9sz\u00fclhet bel\u0151le.<\/p>\n<p>Mikor gy\u0171jthet\u0151: a fiatal levelek \u00e9s bimb\u00f3k tavasszal finomak<\/p>\n<p>&nbsp;<\/p>\n<p><img loading=\"lazy\" decoding=\"async\" class=\"alignnone size-full wp-image-1065\" src=\"https:\/\/ehetovadnovenyeink.hu\/wp-content\/uploads\/2021\/10\/tragopogon_orientalis-9_web.jpg\" alt=\"\" width=\"1200\" height=\"800\" srcset=\"https:\/\/ehetovadnovenyeink.hu\/wp-content\/uploads\/2021\/10\/tragopogon_orientalis-9_web.jpg 1200w, https:\/\/ehetovadnovenyeink.hu\/wp-content\/uploads\/2021\/10\/tragopogon_orientalis-9_web-300x200.jpg 300w, https:\/\/ehetovadnovenyeink.hu\/wp-content\/uploads\/2021\/10\/tragopogon_orientalis-9_web-768x512.jpg 768w\" sizes=\"(max-width: 1200px) 100vw, 1200px\" \/> <img loading=\"lazy\" decoding=\"async\" class=\"alignnone size-full wp-image-1066\" src=\"https:\/\/ehetovadnovenyeink.hu\/wp-content\/uploads\/2021\/10\/tragopogon_orientalis-2_web.jpg\" alt=\"\" width=\"1200\" height=\"800\" srcset=\"https:\/\/ehetovadnovenyeink.hu\/wp-content\/uploads\/2021\/10\/tragopogon_orientalis-2_web.jpg 1200w, https:\/\/ehetovadnovenyeink.hu\/wp-content\/uploads\/2021\/10\/tragopogon_orientalis-2_web-300x200.jpg 300w, https:\/\/ehetovadnovenyeink.hu\/wp-content\/uploads\/2021\/10\/tragopogon_orientalis-2_web-768x512.jpg 768w\" sizes=\"(max-width: 1200px) 100vw, 1200px\" \/> <img loading=\"lazy\" decoding=\"async\" class=\"alignnone size-full wp-image-1067\" src=\"https:\/\/ehetovadnovenyeink.hu\/wp-content\/uploads\/2021\/10\/tragopogon_orientalis-8_web.jpg\" alt=\"\" width=\"800\" height=\"1200\" srcset=\"https:\/\/ehetovadnovenyeink.hu\/wp-content\/uploads\/2021\/10\/tragopogon_orientalis-8_web.jpg 800w, https:\/\/ehetovadnovenyeink.hu\/wp-content\/uploads\/2021\/10\/tragopogon_orientalis-8_web-200x300.jpg 200w, https:\/\/ehetovadnovenyeink.hu\/wp-content\/uploads\/2021\/10\/tragopogon_orientalis-8_web-768x1152.jpg 768w\" sizes=\"(max-width: 800px) 100vw, 800px\" \/> <img loading=\"lazy\" decoding=\"async\" class=\"alignnone size-full wp-image-1068\" src=\"https:\/\/ehetovadnovenyeink.hu\/wp-content\/uploads\/2021\/10\/tragopogon_orientalis-7_web.jpg\" alt=\"\" width=\"1200\" height=\"800\" srcset=\"https:\/\/ehetovadnovenyeink.hu\/wp-content\/uploads\/2021\/10\/tragopogon_orientalis-7_web.jpg 1200w, https:\/\/ehetovadnovenyeink.hu\/wp-content\/uploads\/2021\/10\/tragopogon_orientalis-7_web-300x200.jpg 300w, https:\/\/ehetovadnovenyeink.hu\/wp-content\/uploads\/2021\/10\/tragopogon_orientalis-7_web-768x512.jpg 768w\" sizes=\"(max-width: 1200px) 100vw, 1200px\" \/><\/p>\n","protected":false},"excerpt":{"rendered":"<p>21. Tragopogon orientalis \u2013 k\u00f6z\u00f6ns\u00e9ges bakszak\u00e1ll Magyarorsz\u00e1g eg\u00e9sz ter\u00fclet\u00e9n gyakori, a f\u00e9szekvir\u00e1gzat\u00faak csal\u00e1dj\u00e1ba tartoz\u00f3 \u00e9vel\u0151 n\u00f6v\u00e9ny, mely fellelhet\u0151 \u00fcde kasz\u00e1l\u00f3r\u00e9teken, sz\u00e1raz gyepekben, \u00fatsz\u00e9li gyomt\u00e1rsul\u00e1sokban. Termete 30-70 cm k\u00f6z\u00f6tti, sz\u00e1ra egy vagy kev\u00e9s f\u00e9szekvir\u00e1gzatot tart, \u00e1ltal\u00e1ban 8 f\u00e9szekpikkely tal\u00e1lhat\u00f3 a vir\u00e1gon, melyek egy k\u00f6rben helyezkednek el. Levelei hosszan kihegyesed\u0151k, lehajl\u00f3k, cs\u00facsuk fonalas, fel\u00fclet\u00fck kopasz, csak a [&hellip;]<\/p>\n","protected":false},"author":1,"featured_media":0,"parent":0,"menu_order":0,"comment_status":"closed","ping_status":"closed","template":"","meta":{"_monsterinsights_skip_tracking":false,"_monsterinsights_sitenote_active":false,"_monsterinsights_sitenote_note":"","_monsterinsights_sitenote_category":0,"footnotes":""},"_links":{"self":[{"href":"https:\/\/ehetovadnovenyeink.hu\/index.php\/wp-json\/wp\/v2\/pages\/223"}],"collection":[{"href":"https:\/\/ehetovadnovenyeink.hu\/index.php\/wp-json\/wp\/v2\/pages"}],"about":[{"href":"https:\/\/ehetovadnovenyeink.hu\/index.php\/wp-json\/wp\/v2\/types\/page"}],"author":[{"embeddable":true,"href":"https:\/\/ehetovadnovenyeink.hu\/index.php\/wp-json\/wp\/v2\/users\/1"}],"replies":[{"embeddable":true,"href":"https:\/\/ehetovadnovenyeink.hu\/index.php\/wp-json\/wp\/v2\/comments?post=223"}],"version-history":[{"count":3,"href":"https:\/\/ehetovadnovenyeink.hu\/index.php\/wp-json\/wp\/v2\/pages\/223\/revisions"}],"predecessor-version":[{"id":1069,"href":"https:\/\/ehetovadnovenyeink.hu\/index.php\/wp-json\/wp\/v2\/pages\/223\/revisions\/1069"}],"wp:attachment":[{"href":"https:\/\/ehetovadnovenyeink.hu\/index.php\/wp-json\/wp\/v2\/media?parent=223"}],"curies":[{"name":"wp","href":"https:\/\/api.w.org\/{rel}","templated":true}]}}