{"id":220,"date":"2021-10-11T10:32:44","date_gmt":"2021-10-11T10:32:44","guid":{"rendered":"https:\/\/ehetovadnovenyeink.hu\/?page_id=220"},"modified":"2021-10-23T14:10:22","modified_gmt":"2021-10-23T14:10:22","slug":"galium-verum-tejolto-galaj","status":"publish","type":"page","link":"https:\/\/ehetovadnovenyeink.hu\/index.php\/galium-verum-tejolto-galaj\/","title":{"rendered":"Galium verum &#8211; tejolt\u00f3 galaj"},"content":{"rendered":"<p>20. Galium verum &#8211; tejolt\u00f3 galaj<\/p>\n<p>\u0150shonos \u00e9vel\u0151, sz\u00e1raz \u00e9s f\u00e9lsz\u00e1raz gyepek, gyomt\u00e1rsul\u00e1sok n\u00f6v\u00e9nye. Termete 30-120 cm k\u00f6z\u00f6tti. Sz\u00e1ra bord\u00e1tlan, hengeres, \u00e9rdes-molyhos. Levelei sz\u00e1lasak, 10-15x hosszabbak, mint amilyen sz\u00e9lesek, 0,5-3mm sz\u00e9lesek. A levelek sz\u00e9le beg\u00f6ngy\u00f6lt, cs\u00facsa kihegyezett vagy sz\u00e1lk\u00e1s, 5-8 tag\u00fa \u00f6rv\u00f6kben helyezkednek el a sz\u00e1ron. A vir\u00e1g p\u00e1rt\u00e1ja s\u00e1rga, cimp\u00e1i kihegyezettek, 4 sziromlev\u00e9l \u00e9s 4 porz\u00f3 alkotja. R\u00e9gen, ahogy neve is mutatja, f\u00f6ld feletti r\u00e9szeit vir\u00e1gz\u00e1skor tejolt\u00e1sra haszn\u00e1lt\u00e1k. \u00c9l\u00e9nks\u00e1rga vir\u00e1gai \u00e9telfest\u00e9knek alkalmasak, term\u00e9sei p\u00f6rk\u00f6lve fogyaszthat\u00f3k.<\/p>\n<p>Mikor gy\u0171jthet\u0151: j\u00fanius-augusztus<\/p>\n<p>&nbsp;<\/p>\n<p><img loading=\"lazy\" decoding=\"async\" class=\"alignnone size-full wp-image-1046\" src=\"https:\/\/ehetovadnovenyeink.hu\/wp-content\/uploads\/2021\/10\/galium_verum-3_web.jpg\" alt=\"\" width=\"1200\" height=\"800\" srcset=\"https:\/\/ehetovadnovenyeink.hu\/wp-content\/uploads\/2021\/10\/galium_verum-3_web.jpg 1200w, https:\/\/ehetovadnovenyeink.hu\/wp-content\/uploads\/2021\/10\/galium_verum-3_web-300x200.jpg 300w, https:\/\/ehetovadnovenyeink.hu\/wp-content\/uploads\/2021\/10\/galium_verum-3_web-768x512.jpg 768w\" sizes=\"(max-width: 1200px) 100vw, 1200px\" \/> <img loading=\"lazy\" decoding=\"async\" class=\"alignnone size-full wp-image-1047\" src=\"https:\/\/ehetovadnovenyeink.hu\/wp-content\/uploads\/2021\/10\/galium_verum-4_web.jpg\" alt=\"\" width=\"1200\" height=\"800\" srcset=\"https:\/\/ehetovadnovenyeink.hu\/wp-content\/uploads\/2021\/10\/galium_verum-4_web.jpg 1200w, https:\/\/ehetovadnovenyeink.hu\/wp-content\/uploads\/2021\/10\/galium_verum-4_web-300x200.jpg 300w, https:\/\/ehetovadnovenyeink.hu\/wp-content\/uploads\/2021\/10\/galium_verum-4_web-768x512.jpg 768w\" sizes=\"(max-width: 1200px) 100vw, 1200px\" \/> <img loading=\"lazy\" decoding=\"async\" class=\"alignnone size-full wp-image-1048\" src=\"https:\/\/ehetovadnovenyeink.hu\/wp-content\/uploads\/2021\/10\/galium_verum-1_web.jpg\" alt=\"\" width=\"1200\" height=\"800\" srcset=\"https:\/\/ehetovadnovenyeink.hu\/wp-content\/uploads\/2021\/10\/galium_verum-1_web.jpg 1200w, https:\/\/ehetovadnovenyeink.hu\/wp-content\/uploads\/2021\/10\/galium_verum-1_web-300x200.jpg 300w, https:\/\/ehetovadnovenyeink.hu\/wp-content\/uploads\/2021\/10\/galium_verum-1_web-768x512.jpg 768w\" sizes=\"(max-width: 1200px) 100vw, 1200px\" \/><\/p>\n<p><img loading=\"lazy\" decoding=\"async\" class=\"alignnone size-full wp-image-1103\" src=\"https:\/\/ehetovadnovenyeink.hu\/wp-content\/uploads\/2021\/10\/galium_verum_WEB.jpg\" alt=\"\" width=\"1200\" height=\"900\" srcset=\"https:\/\/ehetovadnovenyeink.hu\/wp-content\/uploads\/2021\/10\/galium_verum_WEB.jpg 1200w, https:\/\/ehetovadnovenyeink.hu\/wp-content\/uploads\/2021\/10\/galium_verum_WEB-300x225.jpg 300w, https:\/\/ehetovadnovenyeink.hu\/wp-content\/uploads\/2021\/10\/galium_verum_WEB-768x576.jpg 768w\" sizes=\"(max-width: 1200px) 100vw, 1200px\" \/><\/p>\n<figure id=\"attachment_763\" aria-describedby=\"caption-attachment-763\" style=\"width: 737px\" class=\"wp-caption alignnone\"><img loading=\"lazy\" decoding=\"async\" class=\"wp-image-763 size-large\" src=\"https:\/\/ehetovadnovenyeink.hu\/wp-content\/uploads\/2021\/10\/galium_verum-737x1200.jpg\" alt=\"\" width=\"737\" height=\"1200\" srcset=\"https:\/\/ehetovadnovenyeink.hu\/wp-content\/uploads\/2021\/10\/galium_verum-737x1200.jpg 737w, https:\/\/ehetovadnovenyeink.hu\/wp-content\/uploads\/2021\/10\/galium_verum-184x300.jpg 184w, https:\/\/ehetovadnovenyeink.hu\/wp-content\/uploads\/2021\/10\/galium_verum-768x1251.jpg 768w, https:\/\/ehetovadnovenyeink.hu\/wp-content\/uploads\/2021\/10\/galium_verum-943x1536.jpg 943w, https:\/\/ehetovadnovenyeink.hu\/wp-content\/uploads\/2021\/10\/galium_verum-1257x2048.jpg 1257w, https:\/\/ehetovadnovenyeink.hu\/wp-content\/uploads\/2021\/10\/galium_verum-scaled.jpg 1571w\" sizes=\"(max-width: 737px) 100vw, 737px\" \/><figcaption id=\"caption-attachment-763\" class=\"wp-caption-text\">Billeder af nordens flora. v.1<br \/>K\u00f8benhavn,G.E.C. Gad&#8217;s forlag,1917-1927.<br \/><a href=\"http:\/\/biodiversitylibrary.org\/item\/39907\">http:\/\/biodiversitylibrary.org\/item\/39907<\/a><\/figcaption><\/figure>\n","protected":false},"excerpt":{"rendered":"<p>20. Galium verum &#8211; tejolt\u00f3 galaj \u0150shonos \u00e9vel\u0151, sz\u00e1raz \u00e9s f\u00e9lsz\u00e1raz gyepek, gyomt\u00e1rsul\u00e1sok n\u00f6v\u00e9nye. Termete 30-120 cm k\u00f6z\u00f6tti. Sz\u00e1ra bord\u00e1tlan, hengeres, \u00e9rdes-molyhos. Levelei sz\u00e1lasak, 10-15x hosszabbak, mint amilyen sz\u00e9lesek, 0,5-3mm sz\u00e9lesek. A levelek sz\u00e9le beg\u00f6ngy\u00f6lt, cs\u00facsa kihegyezett vagy sz\u00e1lk\u00e1s, 5-8 tag\u00fa \u00f6rv\u00f6kben helyezkednek el a sz\u00e1ron. A vir\u00e1g p\u00e1rt\u00e1ja s\u00e1rga, cimp\u00e1i kihegyezettek, 4 sziromlev\u00e9l \u00e9s [&hellip;]<\/p>\n","protected":false},"author":1,"featured_media":0,"parent":0,"menu_order":0,"comment_status":"closed","ping_status":"closed","template":"","meta":{"_monsterinsights_skip_tracking":false,"_monsterinsights_sitenote_active":false,"_monsterinsights_sitenote_note":"","_monsterinsights_sitenote_category":0,"footnotes":""},"_links":{"self":[{"href":"https:\/\/ehetovadnovenyeink.hu\/index.php\/wp-json\/wp\/v2\/pages\/220"}],"collection":[{"href":"https:\/\/ehetovadnovenyeink.hu\/index.php\/wp-json\/wp\/v2\/pages"}],"about":[{"href":"https:\/\/ehetovadnovenyeink.hu\/index.php\/wp-json\/wp\/v2\/types\/page"}],"author":[{"embeddable":true,"href":"https:\/\/ehetovadnovenyeink.hu\/index.php\/wp-json\/wp\/v2\/users\/1"}],"replies":[{"embeddable":true,"href":"https:\/\/ehetovadnovenyeink.hu\/index.php\/wp-json\/wp\/v2\/comments?post=220"}],"version-history":[{"count":5,"href":"https:\/\/ehetovadnovenyeink.hu\/index.php\/wp-json\/wp\/v2\/pages\/220\/revisions"}],"predecessor-version":[{"id":1105,"href":"https:\/\/ehetovadnovenyeink.hu\/index.php\/wp-json\/wp\/v2\/pages\/220\/revisions\/1105"}],"wp:attachment":[{"href":"https:\/\/ehetovadnovenyeink.hu\/index.php\/wp-json\/wp\/v2\/media?parent=220"}],"curies":[{"name":"wp","href":"https:\/\/api.w.org\/{rel}","templated":true}]}}