{"id":190,"date":"2021-10-11T10:21:48","date_gmt":"2021-10-11T10:21:48","guid":{"rendered":"https:\/\/ehetovadnovenyeink.hu\/?page_id=190"},"modified":"2021-10-20T18:18:43","modified_gmt":"2021-10-20T18:18:43","slug":"pastinaca-sativa-pasztinak","status":"publish","type":"page","link":"https:\/\/ehetovadnovenyeink.hu\/index.php\/pastinaca-sativa-pasztinak\/","title":{"rendered":"Pastinaca sativa \u2013 pasztin\u00e1k"},"content":{"rendered":"<p>14. Pastinaca sativa \u2013 pasztin\u00e1k, pasztern\u00e1k<\/p>\n<p>R\u00e9teken kasz\u00e1l\u00f3kon gyakran el\u0151fordul\u00f3 nagytermet\u0171 l\u00e1gysz\u00e1r\u00fa faj. Sz\u00e1ra \u00e9lesen bord\u00e1s, a lev\u00e9lny\u00e9llel \u00e9s az erny\u0151 sugaraival egy\u00fctt ritk\u00e1n sz\u0151r\u00f6z\u00f6tt. T\u0151levelei egyszeresen sz\u00e1rnyasan \u00f6sszetettek, a lev\u00e9lk\u00e9k toj\u00e1sdadok vagy l\u00e1ndzs\u00e1sak, fogasak, kar\u00e9josak vagy hasogatottak. Sz\u00edn\u00fck kopasz, fon\u00e1kjuk pelyhes. A s\u00e1rg\u00e1s vir\u00e1gokb\u00f3l kialakul\u00f3 erny\u0151vir\u00e1gzatokb\u00f3l hasad\u00f3 ikerkaszat term\u00e9sek fejl\u0151dnek. Fogyaszthat\u00f3 r\u00e9sze a megvastagod\u00f3, feh\u00e9r r\u00e9p\u00e1hoz hasonl\u00f3 kar\u00f3gy\u00f6kere.<\/p>\n<p>Mikor gy\u0171jthet\u0151: \u0151sszel<\/p>\n<p>&nbsp;<\/p>\n<p><img loading=\"lazy\" decoding=\"async\" class=\"alignnone size-full wp-image-1053\" src=\"https:\/\/ehetovadnovenyeink.hu\/wp-content\/uploads\/2021\/10\/pastinaca_sativa-1_web.jpg\" alt=\"\" width=\"1200\" height=\"800\" srcset=\"https:\/\/ehetovadnovenyeink.hu\/wp-content\/uploads\/2021\/10\/pastinaca_sativa-1_web.jpg 1200w, https:\/\/ehetovadnovenyeink.hu\/wp-content\/uploads\/2021\/10\/pastinaca_sativa-1_web-300x200.jpg 300w, https:\/\/ehetovadnovenyeink.hu\/wp-content\/uploads\/2021\/10\/pastinaca_sativa-1_web-768x512.jpg 768w\" sizes=\"(max-width: 1200px) 100vw, 1200px\" \/> <img loading=\"lazy\" decoding=\"async\" class=\"alignnone size-full wp-image-1054\" src=\"https:\/\/ehetovadnovenyeink.hu\/wp-content\/uploads\/2021\/10\/pastinaca_sativa-2_web.jpg\" alt=\"\" width=\"1200\" height=\"800\" srcset=\"https:\/\/ehetovadnovenyeink.hu\/wp-content\/uploads\/2021\/10\/pastinaca_sativa-2_web.jpg 1200w, https:\/\/ehetovadnovenyeink.hu\/wp-content\/uploads\/2021\/10\/pastinaca_sativa-2_web-300x200.jpg 300w, https:\/\/ehetovadnovenyeink.hu\/wp-content\/uploads\/2021\/10\/pastinaca_sativa-2_web-768x512.jpg 768w\" sizes=\"(max-width: 1200px) 100vw, 1200px\" \/><\/p>\n<p><img loading=\"lazy\" decoding=\"async\" class=\"alignnone size-full wp-image-857\" src=\"https:\/\/ehetovadnovenyeink.hu\/wp-content\/uploads\/2021\/10\/pastinaca_sativa-4_WEB0296.jpg\" alt=\"\" width=\"1200\" height=\"800\" srcset=\"https:\/\/ehetovadnovenyeink.hu\/wp-content\/uploads\/2021\/10\/pastinaca_sativa-4_WEB0296.jpg 1200w, https:\/\/ehetovadnovenyeink.hu\/wp-content\/uploads\/2021\/10\/pastinaca_sativa-4_WEB0296-300x200.jpg 300w, https:\/\/ehetovadnovenyeink.hu\/wp-content\/uploads\/2021\/10\/pastinaca_sativa-4_WEB0296-768x512.jpg 768w\" sizes=\"(max-width: 1200px) 100vw, 1200px\" \/> <img loading=\"lazy\" decoding=\"async\" class=\"alignnone size-full wp-image-859\" src=\"https:\/\/ehetovadnovenyeink.hu\/wp-content\/uploads\/2021\/10\/pastinaca_sativa-3_WEB0295.jpg\" alt=\"\" width=\"1200\" height=\"800\" srcset=\"https:\/\/ehetovadnovenyeink.hu\/wp-content\/uploads\/2021\/10\/pastinaca_sativa-3_WEB0295.jpg 1200w, https:\/\/ehetovadnovenyeink.hu\/wp-content\/uploads\/2021\/10\/pastinaca_sativa-3_WEB0295-300x200.jpg 300w, https:\/\/ehetovadnovenyeink.hu\/wp-content\/uploads\/2021\/10\/pastinaca_sativa-3_WEB0295-768x512.jpg 768w\" sizes=\"(max-width: 1200px) 100vw, 1200px\" \/><\/p>\n<p><img loading=\"lazy\" decoding=\"async\" class=\"alignnone wp-image-858 size-large\" src=\"https:\/\/ehetovadnovenyeink.hu\/wp-content\/uploads\/2021\/10\/pastinaca_sativa-890x1200.jpg\" alt=\"\" width=\"890\" height=\"1200\" srcset=\"https:\/\/ehetovadnovenyeink.hu\/wp-content\/uploads\/2021\/10\/pastinaca_sativa-890x1200.jpg 890w, https:\/\/ehetovadnovenyeink.hu\/wp-content\/uploads\/2021\/10\/pastinaca_sativa-222x300.jpg 222w, https:\/\/ehetovadnovenyeink.hu\/wp-content\/uploads\/2021\/10\/pastinaca_sativa-768x1036.jpg 768w, https:\/\/ehetovadnovenyeink.hu\/wp-content\/uploads\/2021\/10\/pastinaca_sativa-1139x1536.jpg 1139w, https:\/\/ehetovadnovenyeink.hu\/wp-content\/uploads\/2021\/10\/pastinaca_sativa-1519x2048.jpg 1519w, https:\/\/ehetovadnovenyeink.hu\/wp-content\/uploads\/2021\/10\/pastinaca_sativa-scaled.jpg 1898w\" sizes=\"(max-width: 890px) 100vw, 890px\" \/><\/p>\n<p><a href=\"https:\/\/www.flickr.com\/photos\/biodivlibrary\/6025407941\/in\/photolist-abrMRP-owi1n7-TXzAsQ-xBMMg3-wXoD2q-t76EHc-xhZgvK-oy8VFP-Kh6yJk-oePJAT-wXtSYT-tBrbnt-yepEh3-x3ERJq-ydY7WY-xBK87w-xLXait-wXtFTX-spnyq6-wR9riy-odY7XM-xx4xJw-ouugCs-x3YkWh-x3YmzS-tDtFRJ-oeMnR9-odw4Vg-xPinDi-xcYEVt-xWkhVL-wXGd7t-w7pubm-qrWjkk-xcZaq8-x4XKp5-xV1U2R-xXP9pp-odvJ81-xpkKvd-xhNdMg-xBreet-xG9N69-wZ6r8C-xzD3pK-xi82QZ-ouofSJ-x3drk5-xTuS5G-xjYyiC\">Pastinaca sativa<\/a> &#8211; pasztin\u00e1k<\/p>\n","protected":false},"excerpt":{"rendered":"<p>14. Pastinaca sativa \u2013 pasztin\u00e1k, pasztern\u00e1k R\u00e9teken kasz\u00e1l\u00f3kon gyakran el\u0151fordul\u00f3 nagytermet\u0171 l\u00e1gysz\u00e1r\u00fa faj. Sz\u00e1ra \u00e9lesen bord\u00e1s, a lev\u00e9lny\u00e9llel \u00e9s az erny\u0151 sugaraival egy\u00fctt ritk\u00e1n sz\u0151r\u00f6z\u00f6tt. T\u0151levelei egyszeresen sz\u00e1rnyasan \u00f6sszetettek, a lev\u00e9lk\u00e9k toj\u00e1sdadok vagy l\u00e1ndzs\u00e1sak, fogasak, kar\u00e9josak vagy hasogatottak. Sz\u00edn\u00fck kopasz, fon\u00e1kjuk pelyhes. A s\u00e1rg\u00e1s vir\u00e1gokb\u00f3l kialakul\u00f3 erny\u0151vir\u00e1gzatokb\u00f3l hasad\u00f3 ikerkaszat term\u00e9sek fejl\u0151dnek. Fogyaszthat\u00f3 r\u00e9sze a megvastagod\u00f3, [&hellip;]<\/p>\n","protected":false},"author":1,"featured_media":0,"parent":0,"menu_order":0,"comment_status":"closed","ping_status":"closed","template":"","meta":{"_monsterinsights_skip_tracking":false,"_monsterinsights_sitenote_active":false,"_monsterinsights_sitenote_note":"","_monsterinsights_sitenote_category":0,"footnotes":""},"_links":{"self":[{"href":"https:\/\/ehetovadnovenyeink.hu\/index.php\/wp-json\/wp\/v2\/pages\/190"}],"collection":[{"href":"https:\/\/ehetovadnovenyeink.hu\/index.php\/wp-json\/wp\/v2\/pages"}],"about":[{"href":"https:\/\/ehetovadnovenyeink.hu\/index.php\/wp-json\/wp\/v2\/types\/page"}],"author":[{"embeddable":true,"href":"https:\/\/ehetovadnovenyeink.hu\/index.php\/wp-json\/wp\/v2\/users\/1"}],"replies":[{"embeddable":true,"href":"https:\/\/ehetovadnovenyeink.hu\/index.php\/wp-json\/wp\/v2\/comments?post=190"}],"version-history":[{"count":4,"href":"https:\/\/ehetovadnovenyeink.hu\/index.php\/wp-json\/wp\/v2\/pages\/190\/revisions"}],"predecessor-version":[{"id":1055,"href":"https:\/\/ehetovadnovenyeink.hu\/index.php\/wp-json\/wp\/v2\/pages\/190\/revisions\/1055"}],"wp:attachment":[{"href":"https:\/\/ehetovadnovenyeink.hu\/index.php\/wp-json\/wp\/v2\/media?parent=190"}],"curies":[{"name":"wp","href":"https:\/\/api.w.org\/{rel}","templated":true}]}}