{"id":183,"date":"2021-10-11T10:18:29","date_gmt":"2021-10-11T10:18:29","guid":{"rendered":"https:\/\/ehetovadnovenyeink.hu\/?page_id=183"},"modified":"2021-10-14T20:52:27","modified_gmt":"2021-10-14T20:52:27","slug":"crataegus-monogyna-egybibes-galagonya","status":"publish","type":"page","link":"https:\/\/ehetovadnovenyeink.hu\/index.php\/crataegus-monogyna-egybibes-galagonya\/","title":{"rendered":"Crataegus monogyna &#8211; egybib\u00e9s galagonya"},"content":{"rendered":"<p>13. Crataegus monogyna &#8211; egybib\u00e9s galagonya<\/p>\n<p>\u0150shonos, eur\u00e1zsiai faj. A f\u00e1s hajt\u00e1sok \u00e1gt\u00f6visesek, a levelek 2,5-6 cm hossz\u00faak, sz\u00e9les- vagy rombos- toj\u00e1sdad alak\u00faak, 3-7 tagol\u00e1ssal, az \u00f6bl\u00f6k \u00e9p sz\u00e9l\u0171ek a lev\u00e9llemez 1\/2-3\/4-\u00e9ig \u00e9rnek, a tagol\u00e1sok cs\u00facsain kev\u00e9s durva fog tal\u00e1lhat\u00f3. A p\u00e1lhalevelek fejlettek. Apr\u00f3 feh\u00e9r vir\u00e1gai bogerny\u0151 vir\u00e1gzatban ny\u00edlnak, kellemetlen illat\u00faak, a portokok v\u00f6r\u00f6sek. Term\u00e9se 7-9 mm g\u00f6mb\u00f6lyded, piros csont\u00e1ralma, benne egy k\u0151maggal. Term\u00e9se fogyaszthat\u00f3, vir\u00e1gos hajt\u00e1s\u00e1b\u00f3l tea k\u00e9sz\u00edthet\u0151, mely \u00e9rrendszeri betegs\u00e9gekre j\u00f3t\u00e9kony hat\u00e1s\u00fa.<br \/>\nFontos, hogy term\u00e9se nem \u00f6sszekeverend\u0151 a v\u00e1rosokban is gyakran d\u00edszn\u00f6v\u00e9nyk\u00e9nt \u00fcltetett, mad\u00e1rbirs fajokkal (Cotoneaster spp.), melyek alacsony termet\u0171, apr\u00f3, kereklevel\u0171, f\u00e9lig \u00f6r\u00f6kz\u00f6ld d\u00edszcserj\u00e9k. Term\u00e9se kisebb, mint a galagony\u00e1\u00e9 \u00e9s \u00e1ltal\u00e1ban 3 magv\u00fa ellent\u00e9tben az 1 magv\u00fa egybib\u00e9s galagony\u00e1val.<\/p>\n<p>Mikor gy\u0171jthet\u0151: vir\u00e1gai \u00e1prilisban, term\u00e9se szeptembert\u0151l<\/p>\n<p>&nbsp;<\/p>\n<p><img loading=\"lazy\" decoding=\"async\" class=\"alignnone size-full wp-image-709\" src=\"https:\/\/ehetovadnovenyeink.hu\/wp-content\/uploads\/2021\/10\/crataegus_mono-5.jpg\" alt=\"\" width=\"1200\" height=\"800\" srcset=\"https:\/\/ehetovadnovenyeink.hu\/wp-content\/uploads\/2021\/10\/crataegus_mono-5.jpg 1200w, https:\/\/ehetovadnovenyeink.hu\/wp-content\/uploads\/2021\/10\/crataegus_mono-5-300x200.jpg 300w, https:\/\/ehetovadnovenyeink.hu\/wp-content\/uploads\/2021\/10\/crataegus_mono-5-768x512.jpg 768w\" sizes=\"(max-width: 1200px) 100vw, 1200px\" \/><\/p>\n<p><img loading=\"lazy\" decoding=\"async\" class=\"alignnone size-full wp-image-707\" src=\"https:\/\/ehetovadnovenyeink.hu\/wp-content\/uploads\/2021\/10\/Crataegus_monogyna-16_WEB0123.jpg\" alt=\"\" width=\"1200\" height=\"800\" srcset=\"https:\/\/ehetovadnovenyeink.hu\/wp-content\/uploads\/2021\/10\/Crataegus_monogyna-16_WEB0123.jpg 1200w, https:\/\/ehetovadnovenyeink.hu\/wp-content\/uploads\/2021\/10\/Crataegus_monogyna-16_WEB0123-300x200.jpg 300w, https:\/\/ehetovadnovenyeink.hu\/wp-content\/uploads\/2021\/10\/Crataegus_monogyna-16_WEB0123-768x512.jpg 768w\" sizes=\"(max-width: 1200px) 100vw, 1200px\" \/><\/p>\n<p><img loading=\"lazy\" decoding=\"async\" class=\"alignnone size-full wp-image-713\" src=\"https:\/\/ehetovadnovenyeink.hu\/wp-content\/uploads\/2021\/10\/Crataegus_monogyna-15_WEB0122.jpg\" alt=\"\" width=\"1200\" height=\"800\" srcset=\"https:\/\/ehetovadnovenyeink.hu\/wp-content\/uploads\/2021\/10\/Crataegus_monogyna-15_WEB0122.jpg 1200w, https:\/\/ehetovadnovenyeink.hu\/wp-content\/uploads\/2021\/10\/Crataegus_monogyna-15_WEB0122-300x200.jpg 300w, https:\/\/ehetovadnovenyeink.hu\/wp-content\/uploads\/2021\/10\/Crataegus_monogyna-15_WEB0122-768x512.jpg 768w\" sizes=\"(max-width: 1200px) 100vw, 1200px\" \/><\/p>\n<p><img loading=\"lazy\" decoding=\"async\" class=\"alignnone size-full wp-image-708\" src=\"https:\/\/ehetovadnovenyeink.hu\/wp-content\/uploads\/2021\/10\/Crataegus_monogyna-17_WEB0124.jpg\" alt=\"\" width=\"1200\" height=\"800\" srcset=\"https:\/\/ehetovadnovenyeink.hu\/wp-content\/uploads\/2021\/10\/Crataegus_monogyna-17_WEB0124.jpg 1200w, https:\/\/ehetovadnovenyeink.hu\/wp-content\/uploads\/2021\/10\/Crataegus_monogyna-17_WEB0124-300x200.jpg 300w, https:\/\/ehetovadnovenyeink.hu\/wp-content\/uploads\/2021\/10\/Crataegus_monogyna-17_WEB0124-768x512.jpg 768w\" sizes=\"(max-width: 1200px) 100vw, 1200px\" \/> <img loading=\"lazy\" decoding=\"async\" class=\"alignnone size-full wp-image-710\" src=\"https:\/\/ehetovadnovenyeink.hu\/wp-content\/uploads\/2021\/10\/Crataegus_monogyna-1_WEB0116.jpg\" alt=\"\" width=\"1200\" height=\"800\" srcset=\"https:\/\/ehetovadnovenyeink.hu\/wp-content\/uploads\/2021\/10\/Crataegus_monogyna-1_WEB0116.jpg 1200w, https:\/\/ehetovadnovenyeink.hu\/wp-content\/uploads\/2021\/10\/Crataegus_monogyna-1_WEB0116-300x200.jpg 300w, https:\/\/ehetovadnovenyeink.hu\/wp-content\/uploads\/2021\/10\/Crataegus_monogyna-1_WEB0116-768x512.jpg 768w\" sizes=\"(max-width: 1200px) 100vw, 1200px\" \/> <img loading=\"lazy\" decoding=\"async\" class=\"alignnone size-full wp-image-711\" src=\"https:\/\/ehetovadnovenyeink.hu\/wp-content\/uploads\/2021\/10\/Crataegus_monogyna-3_WEB0127.jpg\" alt=\"\" width=\"1200\" height=\"800\" srcset=\"https:\/\/ehetovadnovenyeink.hu\/wp-content\/uploads\/2021\/10\/Crataegus_monogyna-3_WEB0127.jpg 1200w, https:\/\/ehetovadnovenyeink.hu\/wp-content\/uploads\/2021\/10\/Crataegus_monogyna-3_WEB0127-300x200.jpg 300w, https:\/\/ehetovadnovenyeink.hu\/wp-content\/uploads\/2021\/10\/Crataegus_monogyna-3_WEB0127-768x512.jpg 768w\" sizes=\"(max-width: 1200px) 100vw, 1200px\" \/> <img loading=\"lazy\" decoding=\"async\" class=\"alignnone size-full wp-image-712\" src=\"https:\/\/ehetovadnovenyeink.hu\/wp-content\/uploads\/2021\/10\/Crataegus_monogyna-5_WEB0532.jpg\" alt=\"\" width=\"800\" height=\"1200\" srcset=\"https:\/\/ehetovadnovenyeink.hu\/wp-content\/uploads\/2021\/10\/Crataegus_monogyna-5_WEB0532.jpg 800w, https:\/\/ehetovadnovenyeink.hu\/wp-content\/uploads\/2021\/10\/Crataegus_monogyna-5_WEB0532-200x300.jpg 200w, https:\/\/ehetovadnovenyeink.hu\/wp-content\/uploads\/2021\/10\/Crataegus_monogyna-5_WEB0532-768x1152.jpg 768w\" sizes=\"(max-width: 800px) 100vw, 800px\" \/><\/p>\n","protected":false},"excerpt":{"rendered":"<p>13. Crataegus monogyna &#8211; egybib\u00e9s galagonya \u0150shonos, eur\u00e1zsiai faj. A f\u00e1s hajt\u00e1sok \u00e1gt\u00f6visesek, a levelek 2,5-6 cm hossz\u00faak, sz\u00e9les- vagy rombos- toj\u00e1sdad alak\u00faak, 3-7 tagol\u00e1ssal, az \u00f6bl\u00f6k \u00e9p sz\u00e9l\u0171ek a lev\u00e9llemez 1\/2-3\/4-\u00e9ig \u00e9rnek, a tagol\u00e1sok cs\u00facsain kev\u00e9s durva fog tal\u00e1lhat\u00f3. A p\u00e1lhalevelek fejlettek. Apr\u00f3 feh\u00e9r vir\u00e1gai bogerny\u0151 vir\u00e1gzatban ny\u00edlnak, kellemetlen illat\u00faak, a portokok v\u00f6r\u00f6sek. Term\u00e9se [&hellip;]<\/p>\n","protected":false},"author":1,"featured_media":0,"parent":0,"menu_order":0,"comment_status":"closed","ping_status":"closed","template":"","meta":{"_monsterinsights_skip_tracking":false,"_monsterinsights_sitenote_active":false,"_monsterinsights_sitenote_note":"","_monsterinsights_sitenote_category":0,"footnotes":""},"_links":{"self":[{"href":"https:\/\/ehetovadnovenyeink.hu\/index.php\/wp-json\/wp\/v2\/pages\/183"}],"collection":[{"href":"https:\/\/ehetovadnovenyeink.hu\/index.php\/wp-json\/wp\/v2\/pages"}],"about":[{"href":"https:\/\/ehetovadnovenyeink.hu\/index.php\/wp-json\/wp\/v2\/types\/page"}],"author":[{"embeddable":true,"href":"https:\/\/ehetovadnovenyeink.hu\/index.php\/wp-json\/wp\/v2\/users\/1"}],"replies":[{"embeddable":true,"href":"https:\/\/ehetovadnovenyeink.hu\/index.php\/wp-json\/wp\/v2\/comments?post=183"}],"version-history":[{"count":3,"href":"https:\/\/ehetovadnovenyeink.hu\/index.php\/wp-json\/wp\/v2\/pages\/183\/revisions"}],"predecessor-version":[{"id":715,"href":"https:\/\/ehetovadnovenyeink.hu\/index.php\/wp-json\/wp\/v2\/pages\/183\/revisions\/715"}],"wp:attachment":[{"href":"https:\/\/ehetovadnovenyeink.hu\/index.php\/wp-json\/wp\/v2\/media?parent=183"}],"curies":[{"name":"wp","href":"https:\/\/api.w.org\/{rel}","templated":true}]}}