{"id":177,"date":"2021-10-11T09:57:38","date_gmt":"2021-10-11T09:57:38","guid":{"rendered":"https:\/\/ehetovadnovenyeink.hu\/?page_id=177"},"modified":"2021-10-23T14:15:54","modified_gmt":"2021-10-23T14:15:54","slug":"stellaria-media-kozonseges-tyukhur","status":"publish","type":"page","link":"https:\/\/ehetovadnovenyeink.hu\/index.php\/stellaria-media-kozonseges-tyukhur\/","title":{"rendered":"Stellaria media &#8211; k\u00f6z\u00f6ns\u00e9ges ty\u00fakh\u00far"},"content":{"rendered":"<p>12. Stellaria media &#8211; k\u00f6z\u00f6ns\u00e9ges ty\u00fakh\u00far<\/p>\n<p>Magyarorsz\u00e1gon gyakran el\u0151fordul\u00f3 egy\u00e9ves apr\u00f3 termet\u0171 (30-40cm) n\u00f6v\u00e9ny. Gyakori faj kertekben, bolygatott ter\u00fcleteken, gyomt\u00e1rsul\u00e1sokban. Rendszerint \u0151sszel nagy t\u00f6megben cs\u00edr\u00e1zik. Sz\u00e1ra hever\u0151, d\u00fasan el\u00e1gaz\u00f3, az als\u00f3 r\u00e9sz\u00e9n legy\u00f6kerez\u0151. Levelei toj\u00e1sdad alak\u00faak, a cs\u00facson kihegyesed\u0151k, az als\u00f3k nyelesek. Apr\u00f3 feh\u00e9r vir\u00e1gszirmai nem hosszabbak a cs\u00e9szelevelekn\u00e9l (3-5 mm), melyek sz\u00e9les-l\u00e1ndzs\u00e1s alak\u00faak. Fiatal levelei enyh\u00e9bb teleken is, de szinte eg\u00e9sz \u00e9vben gy\u0171jthet\u0151k.<\/p>\n<p>Mikor gy\u0171jthet\u0151: Kora tavaszt\u00f3l k\u00e9s\u0151 \u0151szig, es\u0151s id\u0151szakhoz k\u00f6thet\u0151 \u00fcde talajokon<\/p>\n<p>&nbsp;<\/p>\n<p><img loading=\"lazy\" decoding=\"async\" class=\"alignnone size-full wp-image-1061\" src=\"https:\/\/ehetovadnovenyeink.hu\/wp-content\/uploads\/2021\/10\/stellaria_media_web.jpg\" alt=\"\" width=\"1200\" height=\"800\" srcset=\"https:\/\/ehetovadnovenyeink.hu\/wp-content\/uploads\/2021\/10\/stellaria_media_web.jpg 1200w, https:\/\/ehetovadnovenyeink.hu\/wp-content\/uploads\/2021\/10\/stellaria_media_web-300x200.jpg 300w, https:\/\/ehetovadnovenyeink.hu\/wp-content\/uploads\/2021\/10\/stellaria_media_web-768x512.jpg 768w\" sizes=\"(max-width: 1200px) 100vw, 1200px\" \/><\/p>\n<p><img loading=\"lazy\" decoding=\"async\" class=\"alignnone size-full wp-image-978\" src=\"https:\/\/ehetovadnovenyeink.hu\/wp-content\/uploads\/2021\/10\/tyukhur0268.jpg\" alt=\"\" width=\"1200\" height=\"900\" srcset=\"https:\/\/ehetovadnovenyeink.hu\/wp-content\/uploads\/2021\/10\/tyukhur0268.jpg 1200w, https:\/\/ehetovadnovenyeink.hu\/wp-content\/uploads\/2021\/10\/tyukhur0268-300x225.jpg 300w, https:\/\/ehetovadnovenyeink.hu\/wp-content\/uploads\/2021\/10\/tyukhur0268-768x576.jpg 768w\" sizes=\"(max-width: 1200px) 100vw, 1200px\" \/><\/p>\n<p><img loading=\"lazy\" decoding=\"async\" class=\"alignnone size-full wp-image-1120\" src=\"https:\/\/ehetovadnovenyeink.hu\/wp-content\/uploads\/2021\/10\/tyukhur_WEB.jpg\" alt=\"\" width=\"1200\" height=\"900\" srcset=\"https:\/\/ehetovadnovenyeink.hu\/wp-content\/uploads\/2021\/10\/tyukhur_WEB.jpg 1200w, https:\/\/ehetovadnovenyeink.hu\/wp-content\/uploads\/2021\/10\/tyukhur_WEB-300x225.jpg 300w, https:\/\/ehetovadnovenyeink.hu\/wp-content\/uploads\/2021\/10\/tyukhur_WEB-768x576.jpg 768w\" sizes=\"(max-width: 1200px) 100vw, 1200px\" \/><\/p>\n","protected":false},"excerpt":{"rendered":"<p>12. Stellaria media &#8211; k\u00f6z\u00f6ns\u00e9ges ty\u00fakh\u00far Magyarorsz\u00e1gon gyakran el\u0151fordul\u00f3 egy\u00e9ves apr\u00f3 termet\u0171 (30-40cm) n\u00f6v\u00e9ny. Gyakori faj kertekben, bolygatott ter\u00fcleteken, gyomt\u00e1rsul\u00e1sokban. Rendszerint \u0151sszel nagy t\u00f6megben cs\u00edr\u00e1zik. Sz\u00e1ra hever\u0151, d\u00fasan el\u00e1gaz\u00f3, az als\u00f3 r\u00e9sz\u00e9n legy\u00f6kerez\u0151. Levelei toj\u00e1sdad alak\u00faak, a cs\u00facson kihegyesed\u0151k, az als\u00f3k nyelesek. Apr\u00f3 feh\u00e9r vir\u00e1gszirmai nem hosszabbak a cs\u00e9szelevelekn\u00e9l (3-5 mm), melyek sz\u00e9les-l\u00e1ndzs\u00e1s alak\u00faak. Fiatal [&hellip;]<\/p>\n","protected":false},"author":1,"featured_media":0,"parent":0,"menu_order":0,"comment_status":"closed","ping_status":"closed","template":"","meta":{"_monsterinsights_skip_tracking":false,"_monsterinsights_sitenote_active":false,"_monsterinsights_sitenote_note":"","_monsterinsights_sitenote_category":0,"footnotes":""},"_links":{"self":[{"href":"https:\/\/ehetovadnovenyeink.hu\/index.php\/wp-json\/wp\/v2\/pages\/177"}],"collection":[{"href":"https:\/\/ehetovadnovenyeink.hu\/index.php\/wp-json\/wp\/v2\/pages"}],"about":[{"href":"https:\/\/ehetovadnovenyeink.hu\/index.php\/wp-json\/wp\/v2\/types\/page"}],"author":[{"embeddable":true,"href":"https:\/\/ehetovadnovenyeink.hu\/index.php\/wp-json\/wp\/v2\/users\/1"}],"replies":[{"embeddable":true,"href":"https:\/\/ehetovadnovenyeink.hu\/index.php\/wp-json\/wp\/v2\/comments?post=177"}],"version-history":[{"count":6,"href":"https:\/\/ehetovadnovenyeink.hu\/index.php\/wp-json\/wp\/v2\/pages\/177\/revisions"}],"predecessor-version":[{"id":1121,"href":"https:\/\/ehetovadnovenyeink.hu\/index.php\/wp-json\/wp\/v2\/pages\/177\/revisions\/1121"}],"wp:attachment":[{"href":"https:\/\/ehetovadnovenyeink.hu\/index.php\/wp-json\/wp\/v2\/media?parent=177"}],"curies":[{"name":"wp","href":"https:\/\/api.w.org\/{rel}","templated":true}]}}