{"id":171,"date":"2021-10-11T09:55:22","date_gmt":"2021-10-11T09:55:22","guid":{"rendered":"https:\/\/ehetovadnovenyeink.hu\/?page_id=171"},"modified":"2021-10-23T14:09:28","modified_gmt":"2021-10-23T14:09:28","slug":"diplotaxis-tenuifolia-utszeli-kanyazsazsa","status":"publish","type":"page","link":"https:\/\/ehetovadnovenyeink.hu\/index.php\/diplotaxis-tenuifolia-utszeli-kanyazsazsa\/","title":{"rendered":"Diplotaxis tenuifolia &#8211; \u00fatsz\u00e9li k\u00e1nyazs\u00e1zsa"},"content":{"rendered":"<p>10. Diplotaxis tenuifolia &#8211; vadrukkola, \u00fatsz\u00e9li k\u00e1nyazs\u00e1zsa<\/p>\n<p>\u0150shonos, a k\u00e1posztaf\u00e9l\u00e9k csal\u00e1dj\u00e1ba tartoz\u00f3 faj. Sz\u00e1raz gyomt\u00e1rsul\u00e1sok, kap\u00e1sok \u00e9s parlagok n\u00f6v\u00e9nye. Termete 20-80 cm k\u00f6z\u00f6tti, levelei lehetnek ak\u00e1r t\u00f6vig tagoltak- rukkol\u00e1ra eml\u00e9keztet\u0151k, de \u00e9pek is. Vir\u00e1ga biszimmetrikus, jellegzetes keresztes vir\u00e1g, szirmai s\u00e1rga sz\u00edn\u0171ek, a term\u00e9s bec\u0151, ami 20-60 mm hossz\u00fa. A bec\u0151n, a kocs\u00e1ny \u00e9s a term\u00e9s tal\u00e1lkoz\u00e1s\u00e1n\u00e1l 0,5-1,5 mm-es term\u0151tart\u00f3 figyelhet\u0151 meg. A bec\u0151 hossza j\u00f3val meghaladja a term\u00e9s kocs\u00e1ny\u00e9t. Levelei tiszta helyr\u0151l gy\u0171jtve fogyaszthat\u00f3k sal\u00e1t\u00e1kba, szendvicsbe, \u201erukkola\u201d \u00edz\u0171ek.<\/p>\n<p>Mikor gy\u0171jthet\u0151: ny\u00e1r v\u00e9g\u00e9n az els\u0151 fagyokig<\/p>\n<p>&nbsp;<\/p>\n<p><img loading=\"lazy\" decoding=\"async\" class=\"alignnone size-full wp-image-1098\" src=\"https:\/\/ehetovadnovenyeink.hu\/wp-content\/uploads\/2021\/10\/diplotaxis_tenuifolia-9_WEB.jpg\" alt=\"\" width=\"1200\" height=\"800\" srcset=\"https:\/\/ehetovadnovenyeink.hu\/wp-content\/uploads\/2021\/10\/diplotaxis_tenuifolia-9_WEB.jpg 1200w, https:\/\/ehetovadnovenyeink.hu\/wp-content\/uploads\/2021\/10\/diplotaxis_tenuifolia-9_WEB-300x200.jpg 300w, https:\/\/ehetovadnovenyeink.hu\/wp-content\/uploads\/2021\/10\/diplotaxis_tenuifolia-9_WEB-768x512.jpg 768w\" sizes=\"(max-width: 1200px) 100vw, 1200px\" \/> <img loading=\"lazy\" decoding=\"async\" class=\"alignnone size-full wp-image-1099\" src=\"https:\/\/ehetovadnovenyeink.hu\/wp-content\/uploads\/2021\/10\/diplotaxis_tenuifolia._WEB.jpg\" alt=\"\" width=\"1200\" height=\"870\" srcset=\"https:\/\/ehetovadnovenyeink.hu\/wp-content\/uploads\/2021\/10\/diplotaxis_tenuifolia._WEB.jpg 1200w, https:\/\/ehetovadnovenyeink.hu\/wp-content\/uploads\/2021\/10\/diplotaxis_tenuifolia._WEB-300x218.jpg 300w, https:\/\/ehetovadnovenyeink.hu\/wp-content\/uploads\/2021\/10\/diplotaxis_tenuifolia._WEB-768x557.jpg 768w\" sizes=\"(max-width: 1200px) 100vw, 1200px\" \/> <img loading=\"lazy\" decoding=\"async\" class=\"alignnone size-full wp-image-1100\" src=\"https:\/\/ehetovadnovenyeink.hu\/wp-content\/uploads\/2021\/10\/diplotaxis_tenuifolia-4_WEB.jpg\" alt=\"\" width=\"1200\" height=\"800\" srcset=\"https:\/\/ehetovadnovenyeink.hu\/wp-content\/uploads\/2021\/10\/diplotaxis_tenuifolia-4_WEB.jpg 1200w, https:\/\/ehetovadnovenyeink.hu\/wp-content\/uploads\/2021\/10\/diplotaxis_tenuifolia-4_WEB-300x200.jpg 300w, https:\/\/ehetovadnovenyeink.hu\/wp-content\/uploads\/2021\/10\/diplotaxis_tenuifolia-4_WEB-768x512.jpg 768w\" sizes=\"(max-width: 1200px) 100vw, 1200px\" \/> <img loading=\"lazy\" decoding=\"async\" class=\"alignnone size-full wp-image-1101\" src=\"https:\/\/ehetovadnovenyeink.hu\/wp-content\/uploads\/2021\/10\/diplotaxis_tenuifolia-7_WEB.jpg\" alt=\"\" width=\"1200\" height=\"800\" srcset=\"https:\/\/ehetovadnovenyeink.hu\/wp-content\/uploads\/2021\/10\/diplotaxis_tenuifolia-7_WEB.jpg 1200w, https:\/\/ehetovadnovenyeink.hu\/wp-content\/uploads\/2021\/10\/diplotaxis_tenuifolia-7_WEB-300x200.jpg 300w, https:\/\/ehetovadnovenyeink.hu\/wp-content\/uploads\/2021\/10\/diplotaxis_tenuifolia-7_WEB-768x512.jpg 768w\" sizes=\"(max-width: 1200px) 100vw, 1200px\" \/><\/p>\n<p><img loading=\"lazy\" decoding=\"async\" class=\"alignnone wp-image-733 size-large\" src=\"https:\/\/ehetovadnovenyeink.hu\/wp-content\/uploads\/2021\/10\/diplotaxis_tenuifolia-780x1200.jpg\" alt=\"\" width=\"780\" height=\"1200\" srcset=\"https:\/\/ehetovadnovenyeink.hu\/wp-content\/uploads\/2021\/10\/diplotaxis_tenuifolia-780x1200.jpg 780w, https:\/\/ehetovadnovenyeink.hu\/wp-content\/uploads\/2021\/10\/diplotaxis_tenuifolia-195x300.jpg 195w, https:\/\/ehetovadnovenyeink.hu\/wp-content\/uploads\/2021\/10\/diplotaxis_tenuifolia-768x1182.jpg 768w, https:\/\/ehetovadnovenyeink.hu\/wp-content\/uploads\/2021\/10\/diplotaxis_tenuifolia-998x1536.jpg 998w, https:\/\/ehetovadnovenyeink.hu\/wp-content\/uploads\/2021\/10\/diplotaxis_tenuifolia-1331x2048.jpg 1331w, https:\/\/ehetovadnovenyeink.hu\/wp-content\/uploads\/2021\/10\/diplotaxis_tenuifolia-scaled.jpg 1664w\" sizes=\"(max-width: 780px) 100vw, 780px\" \/><\/p>\n<p><a href=\"https:\/\/www.flickr.com\/photos\/biodivlibrary\/29910429182\/in\/photolist-Mz5LwS-2j6RZVV-2j6RZHA-BHqzQb-BB3xG2-BHqCzQ-BZYcEw-BdaLXt-Q97yQg-tkDviv-xXa1Yq-u3x9U7-u5Uh5K-xS5TcQ-w99Nda-qsxAxR-x7nLRH-xu1Ybo-vvhASn-t7iZeX-wZ7HYb-wMUnEc-y9YgZe-oeAFDM-xS67Ju-oeChCS-tJozix-x5ZVb2-w6iHfA-owidPw-wWEyUv-wQx7Jp-wHtTq5-xhQ4wQ-xFnEJm-xmTATL-xTwyUP-xo7YCf-vuJrgQ-xCEbKu-xpks6o-ow4CFA-xDv47P-vdNW7m-xcQdAE-xFWUTF-2dPTn8E-2cNwmjJ-xvpzQj-xv3aFD\">Diplotaxis tenuifolia<\/a> &#8211; \u00fatsz\u00e9li k\u00e1nyazs\u00e1zsa<\/p>\n","protected":false},"excerpt":{"rendered":"<p>10. Diplotaxis tenuifolia &#8211; vadrukkola, \u00fatsz\u00e9li k\u00e1nyazs\u00e1zsa \u0150shonos, a k\u00e1posztaf\u00e9l\u00e9k csal\u00e1dj\u00e1ba tartoz\u00f3 faj. Sz\u00e1raz gyomt\u00e1rsul\u00e1sok, kap\u00e1sok \u00e9s parlagok n\u00f6v\u00e9nye. Termete 20-80 cm k\u00f6z\u00f6tti, levelei lehetnek ak\u00e1r t\u00f6vig tagoltak- rukkol\u00e1ra eml\u00e9keztet\u0151k, de \u00e9pek is. Vir\u00e1ga biszimmetrikus, jellegzetes keresztes vir\u00e1g, szirmai s\u00e1rga sz\u00edn\u0171ek, a term\u00e9s bec\u0151, ami 20-60 mm hossz\u00fa. A bec\u0151n, a kocs\u00e1ny \u00e9s a term\u00e9s [&hellip;]<\/p>\n","protected":false},"author":1,"featured_media":0,"parent":0,"menu_order":0,"comment_status":"closed","ping_status":"closed","template":"","meta":{"_monsterinsights_skip_tracking":false,"_monsterinsights_sitenote_active":false,"_monsterinsights_sitenote_note":"","_monsterinsights_sitenote_category":0,"footnotes":""},"_links":{"self":[{"href":"https:\/\/ehetovadnovenyeink.hu\/index.php\/wp-json\/wp\/v2\/pages\/171"}],"collection":[{"href":"https:\/\/ehetovadnovenyeink.hu\/index.php\/wp-json\/wp\/v2\/pages"}],"about":[{"href":"https:\/\/ehetovadnovenyeink.hu\/index.php\/wp-json\/wp\/v2\/types\/page"}],"author":[{"embeddable":true,"href":"https:\/\/ehetovadnovenyeink.hu\/index.php\/wp-json\/wp\/v2\/users\/1"}],"replies":[{"embeddable":true,"href":"https:\/\/ehetovadnovenyeink.hu\/index.php\/wp-json\/wp\/v2\/comments?post=171"}],"version-history":[{"count":4,"href":"https:\/\/ehetovadnovenyeink.hu\/index.php\/wp-json\/wp\/v2\/pages\/171\/revisions"}],"predecessor-version":[{"id":1102,"href":"https:\/\/ehetovadnovenyeink.hu\/index.php\/wp-json\/wp\/v2\/pages\/171\/revisions\/1102"}],"wp:attachment":[{"href":"https:\/\/ehetovadnovenyeink.hu\/index.php\/wp-json\/wp\/v2\/media?parent=171"}],"curies":[{"name":"wp","href":"https:\/\/api.w.org\/{rel}","templated":true}]}}