{"id":168,"date":"2021-10-11T09:53:52","date_gmt":"2021-10-11T09:53:52","guid":{"rendered":"https:\/\/ehetovadnovenyeink.hu\/?page_id=168"},"modified":"2021-10-18T14:33:22","modified_gmt":"2021-10-18T14:33:22","slug":"portulaca-oleracea-kover-porcsin","status":"publish","type":"page","link":"https:\/\/ehetovadnovenyeink.hu\/index.php\/portulaca-oleracea-kover-porcsin\/","title":{"rendered":"Portulaca oleracea &#8211; k\u00f6v\u00e9r porcsin"},"content":{"rendered":"<p>9. Portulaca oleracea &#8211; k\u00f6v\u00e9r porcsin<\/p>\n<p>\u00c9szak-amerikai eredet\u0171 kozmopolita faj. Pozsg\u00e1s, hever\u0151 hajt\u00e1s\u00fa egy\u00e9ves n\u00f6v\u00e9ny, levelei \u00fcl\u0151k, lap\u00e1t alak\u00faak \u00e9s \u00e9kv\u00e1ll\u00faak. Vir\u00e1gai apr\u00f3k, s\u00e1rg\u00e1k, a lev\u00e9lh\u00f3naljban \u00fclnek. Term\u00e9se egy\u00fcreg\u0171 csalmatok, magja \u00edns\u00e9gt\u00e1pl\u00e1l\u00e9k volt. Magyarorsz\u00e1g eg\u00e9sz ter\u00fclet\u00e9n gyakori a laza talaj\u00fa gyomt\u00e1rsul\u00e1sokban, kap\u00e1skult\u00far\u00e1kban. Savanyk\u00e1s levelei sal\u00e1t\u00e1nak fogyaszthat\u00f3k.<\/p>\n<p>Mikor gy\u0171jthet\u0151: ny\u00e1r elej\u00e9t\u0151l<\/p>\n<p>&nbsp;<\/p>\n<p><img loading=\"lazy\" decoding=\"async\" class=\"alignnone size-full wp-image-964\" src=\"https:\/\/ehetovadnovenyeink.hu\/wp-content\/uploads\/2021\/10\/koverporcsin.jpg\" alt=\"\" width=\"1200\" height=\"800\" srcset=\"https:\/\/ehetovadnovenyeink.hu\/wp-content\/uploads\/2021\/10\/koverporcsin.jpg 1200w, https:\/\/ehetovadnovenyeink.hu\/wp-content\/uploads\/2021\/10\/koverporcsin-300x200.jpg 300w, https:\/\/ehetovadnovenyeink.hu\/wp-content\/uploads\/2021\/10\/koverporcsin-768x512.jpg 768w\" sizes=\"(max-width: 1200px) 100vw, 1200px\" \/> <img loading=\"lazy\" decoding=\"async\" class=\"alignnone size-full wp-image-966\" src=\"https:\/\/ehetovadnovenyeink.hu\/wp-content\/uploads\/2021\/10\/porcsin.jpg\" alt=\"\" width=\"1200\" height=\"777\" srcset=\"https:\/\/ehetovadnovenyeink.hu\/wp-content\/uploads\/2021\/10\/porcsin.jpg 1200w, https:\/\/ehetovadnovenyeink.hu\/wp-content\/uploads\/2021\/10\/porcsin-300x194.jpg 300w, https:\/\/ehetovadnovenyeink.hu\/wp-content\/uploads\/2021\/10\/porcsin-768x497.jpg 768w\" sizes=\"(max-width: 1200px) 100vw, 1200px\" \/><\/p>\n","protected":false},"excerpt":{"rendered":"<p>9. Portulaca oleracea &#8211; k\u00f6v\u00e9r porcsin \u00c9szak-amerikai eredet\u0171 kozmopolita faj. Pozsg\u00e1s, hever\u0151 hajt\u00e1s\u00fa egy\u00e9ves n\u00f6v\u00e9ny, levelei \u00fcl\u0151k, lap\u00e1t alak\u00faak \u00e9s \u00e9kv\u00e1ll\u00faak. Vir\u00e1gai apr\u00f3k, s\u00e1rg\u00e1k, a lev\u00e9lh\u00f3naljban \u00fclnek. Term\u00e9se egy\u00fcreg\u0171 csalmatok, magja \u00edns\u00e9gt\u00e1pl\u00e1l\u00e9k volt. Magyarorsz\u00e1g eg\u00e9sz ter\u00fclet\u00e9n gyakori a laza talaj\u00fa gyomt\u00e1rsul\u00e1sokban, kap\u00e1skult\u00far\u00e1kban. Savanyk\u00e1s levelei sal\u00e1t\u00e1nak fogyaszthat\u00f3k. Mikor gy\u0171jthet\u0151: ny\u00e1r elej\u00e9t\u0151l &nbsp;<\/p>\n","protected":false},"author":1,"featured_media":0,"parent":0,"menu_order":0,"comment_status":"closed","ping_status":"closed","template":"","meta":{"_monsterinsights_skip_tracking":false,"_monsterinsights_sitenote_active":false,"_monsterinsights_sitenote_note":"","_monsterinsights_sitenote_category":0,"footnotes":""},"_links":{"self":[{"href":"https:\/\/ehetovadnovenyeink.hu\/index.php\/wp-json\/wp\/v2\/pages\/168"}],"collection":[{"href":"https:\/\/ehetovadnovenyeink.hu\/index.php\/wp-json\/wp\/v2\/pages"}],"about":[{"href":"https:\/\/ehetovadnovenyeink.hu\/index.php\/wp-json\/wp\/v2\/types\/page"}],"author":[{"embeddable":true,"href":"https:\/\/ehetovadnovenyeink.hu\/index.php\/wp-json\/wp\/v2\/users\/1"}],"replies":[{"embeddable":true,"href":"https:\/\/ehetovadnovenyeink.hu\/index.php\/wp-json\/wp\/v2\/comments?post=168"}],"version-history":[{"count":3,"href":"https:\/\/ehetovadnovenyeink.hu\/index.php\/wp-json\/wp\/v2\/pages\/168\/revisions"}],"predecessor-version":[{"id":999,"href":"https:\/\/ehetovadnovenyeink.hu\/index.php\/wp-json\/wp\/v2\/pages\/168\/revisions\/999"}],"wp:attachment":[{"href":"https:\/\/ehetovadnovenyeink.hu\/index.php\/wp-json\/wp\/v2\/media?parent=168"}],"curies":[{"name":"wp","href":"https:\/\/api.w.org\/{rel}","templated":true}]}}