{"id":158,"date":"2021-10-11T09:46:40","date_gmt":"2021-10-11T09:46:40","guid":{"rendered":"https:\/\/ehetovadnovenyeink.hu\/?page_id=158"},"modified":"2021-10-16T13:42:50","modified_gmt":"2021-10-16T13:42:50","slug":"juniperus-communis-kozonseges-boroka","status":"publish","type":"page","link":"https:\/\/ehetovadnovenyeink.hu\/index.php\/juniperus-communis-kozonseges-boroka\/","title":{"rendered":"Juniperus communis &#8211; k\u00f6z\u00f6ns\u00e9ges bor\u00f3ka"},"content":{"rendered":"<p>7. Juniperus communis &#8211; k\u00f6z\u00f6ns\u00e9ges bor\u00f3ka<\/p>\n<p>A K\u00e1rp\u00e1t-medenc\u00e9ben \u0151shonos, \u00e9szaki m\u00e9rs\u00e9kelt \u00e9g\u00f6vi faj. A Duna-Tisza k\u00f6z\u00e9n gyakori, de Magyarorsz\u00e1g eg\u00e9sz ter\u00fclet\u00e9n sz\u00f3rv\u00e1nyosan el\u0151fordulhat. K\u00e9tlaki \u00f6r\u00f6kz\u00f6ld fa, hegyes t\u0171levelei h\u00e1rmas \u00f6rv\u00f6kben \u00e1llnak, sz\u00fcrk\u00e9sz\u00f6ldek, 8-20 mm hossz\u00faak. A magok 5-8 mm \u00e1tm\u00e9r\u0151j\u0171 feket\u00e9sk\u00e9k, hamvas fel\u00fclet\u0171 tobozbogy\u00f3kban k\u00e9pz\u0151dnek, 2 \u00e9v alatt \u00e9rnek meg. \u00c9lelmiszeripari alapanyag, f\u0171szer. Italok \u00edzes\u00edt\u00e9s\u00e9re haszn\u00e1lj\u00e1k (gin, borovicska).<\/p>\n<p>Mikor gy\u0171jthet\u0151: ny\u00e1r v\u00e9g\u00e9t\u0151l<\/p>\n<p>&nbsp;<\/p>\n<p><img loading=\"lazy\" decoding=\"async\" class=\"alignnone size-full wp-image-795\" src=\"https:\/\/ehetovadnovenyeink.hu\/wp-content\/uploads\/2021\/10\/Juniperus_communis-2_WEB0212.jpg\" alt=\"\" width=\"1200\" height=\"800\" srcset=\"https:\/\/ehetovadnovenyeink.hu\/wp-content\/uploads\/2021\/10\/Juniperus_communis-2_WEB0212.jpg 1200w, https:\/\/ehetovadnovenyeink.hu\/wp-content\/uploads\/2021\/10\/Juniperus_communis-2_WEB0212-300x200.jpg 300w, https:\/\/ehetovadnovenyeink.hu\/wp-content\/uploads\/2021\/10\/Juniperus_communis-2_WEB0212-768x512.jpg 768w\" sizes=\"(max-width: 1200px) 100vw, 1200px\" \/> <img loading=\"lazy\" decoding=\"async\" class=\"alignnone size-full wp-image-797\" src=\"https:\/\/ehetovadnovenyeink.hu\/wp-content\/uploads\/2021\/10\/Juniperus_communis-4_WEB0214.jpg\" alt=\"\" width=\"1200\" height=\"800\" srcset=\"https:\/\/ehetovadnovenyeink.hu\/wp-content\/uploads\/2021\/10\/Juniperus_communis-4_WEB0214.jpg 1200w, https:\/\/ehetovadnovenyeink.hu\/wp-content\/uploads\/2021\/10\/Juniperus_communis-4_WEB0214-300x200.jpg 300w, https:\/\/ehetovadnovenyeink.hu\/wp-content\/uploads\/2021\/10\/Juniperus_communis-4_WEB0214-768x512.jpg 768w\" sizes=\"(max-width: 1200px) 100vw, 1200px\" \/><\/p>\n<p><img loading=\"lazy\" decoding=\"async\" class=\"alignnone size-full wp-image-794\" src=\"https:\/\/ehetovadnovenyeink.hu\/wp-content\/uploads\/2021\/10\/DSCF7982.jpg\" alt=\"\" width=\"1200\" height=\"900\" srcset=\"https:\/\/ehetovadnovenyeink.hu\/wp-content\/uploads\/2021\/10\/DSCF7982.jpg 1200w, https:\/\/ehetovadnovenyeink.hu\/wp-content\/uploads\/2021\/10\/DSCF7982-300x225.jpg 300w, https:\/\/ehetovadnovenyeink.hu\/wp-content\/uploads\/2021\/10\/DSCF7982-768x576.jpg 768w\" sizes=\"(max-width: 1200px) 100vw, 1200px\" \/> <img loading=\"lazy\" decoding=\"async\" class=\"alignnone wp-image-798 size-large\" src=\"https:\/\/ehetovadnovenyeink.hu\/wp-content\/uploads\/2021\/10\/juniperus_communis-775x1200.jpg\" alt=\"\" width=\"775\" height=\"1200\" srcset=\"https:\/\/ehetovadnovenyeink.hu\/wp-content\/uploads\/2021\/10\/juniperus_communis-775x1200.jpg 775w, https:\/\/ehetovadnovenyeink.hu\/wp-content\/uploads\/2021\/10\/juniperus_communis-194x300.jpg 194w, https:\/\/ehetovadnovenyeink.hu\/wp-content\/uploads\/2021\/10\/juniperus_communis-768x1190.jpg 768w, https:\/\/ehetovadnovenyeink.hu\/wp-content\/uploads\/2021\/10\/juniperus_communis-992x1536.jpg 992w, https:\/\/ehetovadnovenyeink.hu\/wp-content\/uploads\/2021\/10\/juniperus_communis-1322x2048.jpg 1322w, https:\/\/ehetovadnovenyeink.hu\/wp-content\/uploads\/2021\/10\/juniperus_communis-scaled.jpg 1653w\" sizes=\"(max-width: 775px) 100vw, 775px\" \/><\/p>\n<p><a href=\"https:\/\/www.flickr.com\/photos\/biodivlibrary\/7845263260\/in\/photolist-cXg2rE-wYRUpf-bV3f6H-owxFxH-wMdkJJ-Pgqn2t-qe6SC4-219zJcw-SkYhxb-2jGwMg5-MdSmHr-yr6nuj-KiBP11-8SGTxo-ek1HdG-haB7Yv-2afBhUH-dRsDE7-nWnMQZ-c7GYxm-avNxvG-qpexb2-2hg7N2x-t4xeuD-dWZeq4-BY6heZ-xm62R8-xj3Wpo-xJEQ6L-2h2Tmez-2hg7P78-xgxes2-c7GZfJ-2hFrDBj-xwDPhH-tmzwbj-2jj4DPT-xrRz4t-23Frnax-GCvgTS-otuDfo-xhpUUy-abuNQq-2iVqoMD-dzXRn2-abcmu7-aYNupv-k5SQFp-2gbnmR5-xh9s6P\">Juniperus communis<\/a> &#8211; k\u00f6z\u00f6ns\u00e9ges bor\u00f3ka<\/p>\n","protected":false},"excerpt":{"rendered":"<p>7. Juniperus communis &#8211; k\u00f6z\u00f6ns\u00e9ges bor\u00f3ka A K\u00e1rp\u00e1t-medenc\u00e9ben \u0151shonos, \u00e9szaki m\u00e9rs\u00e9kelt \u00e9g\u00f6vi faj. A Duna-Tisza k\u00f6z\u00e9n gyakori, de Magyarorsz\u00e1g eg\u00e9sz ter\u00fclet\u00e9n sz\u00f3rv\u00e1nyosan el\u0151fordulhat. K\u00e9tlaki \u00f6r\u00f6kz\u00f6ld fa, hegyes t\u0171levelei h\u00e1rmas \u00f6rv\u00f6kben \u00e1llnak, sz\u00fcrk\u00e9sz\u00f6ldek, 8-20 mm hossz\u00faak. A magok 5-8 mm \u00e1tm\u00e9r\u0151j\u0171 feket\u00e9sk\u00e9k, hamvas fel\u00fclet\u0171 tobozbogy\u00f3kban k\u00e9pz\u0151dnek, 2 \u00e9v alatt \u00e9rnek meg. \u00c9lelmiszeripari alapanyag, f\u0171szer. Italok \u00edzes\u00edt\u00e9s\u00e9re [&hellip;]<\/p>\n","protected":false},"author":1,"featured_media":0,"parent":0,"menu_order":0,"comment_status":"closed","ping_status":"closed","template":"","meta":{"_monsterinsights_skip_tracking":false,"_monsterinsights_sitenote_active":false,"_monsterinsights_sitenote_note":"","_monsterinsights_sitenote_category":0,"footnotes":""},"_links":{"self":[{"href":"https:\/\/ehetovadnovenyeink.hu\/index.php\/wp-json\/wp\/v2\/pages\/158"}],"collection":[{"href":"https:\/\/ehetovadnovenyeink.hu\/index.php\/wp-json\/wp\/v2\/pages"}],"about":[{"href":"https:\/\/ehetovadnovenyeink.hu\/index.php\/wp-json\/wp\/v2\/types\/page"}],"author":[{"embeddable":true,"href":"https:\/\/ehetovadnovenyeink.hu\/index.php\/wp-json\/wp\/v2\/users\/1"}],"replies":[{"embeddable":true,"href":"https:\/\/ehetovadnovenyeink.hu\/index.php\/wp-json\/wp\/v2\/comments?post=158"}],"version-history":[{"count":4,"href":"https:\/\/ehetovadnovenyeink.hu\/index.php\/wp-json\/wp\/v2\/pages\/158\/revisions"}],"predecessor-version":[{"id":800,"href":"https:\/\/ehetovadnovenyeink.hu\/index.php\/wp-json\/wp\/v2\/pages\/158\/revisions\/800"}],"wp:attachment":[{"href":"https:\/\/ehetovadnovenyeink.hu\/index.php\/wp-json\/wp\/v2\/media?parent=158"}],"curies":[{"name":"wp","href":"https:\/\/api.w.org\/{rel}","templated":true}]}}