{"id":155,"date":"2021-10-11T09:45:24","date_gmt":"2021-10-11T09:45:24","guid":{"rendered":"https:\/\/ehetovadnovenyeink.hu\/?page_id=155"},"modified":"2021-10-14T19:53:59","modified_gmt":"2021-10-14T19:53:59","slug":"berberis-vulgaris-soskaborbolya","status":"publish","type":"page","link":"https:\/\/ehetovadnovenyeink.hu\/index.php\/berberis-vulgaris-soskaborbolya\/","title":{"rendered":"Berberis vulgaris &#8211; s\u00f3skaborbolya"},"content":{"rendered":"<p>6. Berberis vulgaris &#8211; s\u00f3skaborbolya<\/p>\n<p>\u0150shonos eur\u00f3pai cserje. F\u00e1s sz\u00e1r\u00e1nak fateste s\u00e1rg\u00e1s, a vessz\u0151k fel\u00fcl egyszer\u0171, alul 3-7 \u00e1g\u00fa lev\u00e9lt\u00f6visekkel fedettek. Levelei vissz\u00e1s-toj\u00e1sdadok, sz\u00e1lk\u00e1san-fogazott sz\u00e9l\u0171ek, \u00e9kv\u00e1ll\u00faak. A tavasszal ny\u00edl\u00f3 s\u00e1rga vir\u00e1gjai cs\u00fcng\u0151 lev\u00e9lh\u00f3nalji f\u00fcrt\u00f6kben ny\u00edlnak. A porz\u00f3 t\u00f6v\u00e9nek \u00e9rint\u00e9s\u00e9re a bib\u00e9re hajlik (tigmonasztia). Az \u0151sszel \u00e9r\u0151 bogy\u00f3k 10-12mm hossz\u00faak, megny\u00faltak, b\u00edborpirosak. Term\u00e9se ox\u00e1lsavt\u00f3l savany\u00fa, fogyaszt\u00e1sa berberidin tartalma miatt csak m\u00e9rt\u00e9kkel aj\u00e1nlott. Szomjolt\u00f3 tulajdons\u00e1ggal rendelkezik.<\/p>\n<p>Mikor gy\u0171jthet\u0151: \u0151szt\u0151l<\/p>\n<p>&nbsp;<\/p>\n<p><img loading=\"lazy\" decoding=\"async\" class=\"alignnone size-full wp-image-627\" src=\"https:\/\/ehetovadnovenyeink.hu\/wp-content\/uploads\/2021\/10\/Berberis_vulgaris-6_WEB0500.jpg\" alt=\"\" width=\"800\" height=\"1200\" srcset=\"https:\/\/ehetovadnovenyeink.hu\/wp-content\/uploads\/2021\/10\/Berberis_vulgaris-6_WEB0500.jpg 800w, https:\/\/ehetovadnovenyeink.hu\/wp-content\/uploads\/2021\/10\/Berberis_vulgaris-6_WEB0500-200x300.jpg 200w, https:\/\/ehetovadnovenyeink.hu\/wp-content\/uploads\/2021\/10\/Berberis_vulgaris-6_WEB0500-768x1152.jpg 768w\" sizes=\"(max-width: 800px) 100vw, 800px\" \/> <img loading=\"lazy\" decoding=\"async\" class=\"alignnone size-full wp-image-628\" src=\"https:\/\/ehetovadnovenyeink.hu\/wp-content\/uploads\/2021\/10\/Berberis_vulgaris-8_WEB0021.jpg\" alt=\"\" width=\"1200\" height=\"800\" srcset=\"https:\/\/ehetovadnovenyeink.hu\/wp-content\/uploads\/2021\/10\/Berberis_vulgaris-8_WEB0021.jpg 1200w, https:\/\/ehetovadnovenyeink.hu\/wp-content\/uploads\/2021\/10\/Berberis_vulgaris-8_WEB0021-300x200.jpg 300w, https:\/\/ehetovadnovenyeink.hu\/wp-content\/uploads\/2021\/10\/Berberis_vulgaris-8_WEB0021-768x512.jpg 768w\" sizes=\"(max-width: 1200px) 100vw, 1200px\" \/> <img loading=\"lazy\" decoding=\"async\" class=\"alignnone size-full wp-image-629\" src=\"https:\/\/ehetovadnovenyeink.hu\/wp-content\/uploads\/2021\/10\/Berberis_vulgaris-9_WEB0502.jpg\" alt=\"\" width=\"800\" height=\"1200\" srcset=\"https:\/\/ehetovadnovenyeink.hu\/wp-content\/uploads\/2021\/10\/Berberis_vulgaris-9_WEB0502.jpg 800w, https:\/\/ehetovadnovenyeink.hu\/wp-content\/uploads\/2021\/10\/Berberis_vulgaris-9_WEB0502-200x300.jpg 200w, https:\/\/ehetovadnovenyeink.hu\/wp-content\/uploads\/2021\/10\/Berberis_vulgaris-9_WEB0502-768x1152.jpg 768w\" sizes=\"(max-width: 800px) 100vw, 800px\" \/> <img loading=\"lazy\" decoding=\"async\" class=\"alignnone size-full wp-image-630\" src=\"https:\/\/ehetovadnovenyeink.hu\/wp-content\/uploads\/2021\/10\/Berberis_vulgaris-2_WEB0019.jpg\" alt=\"\" width=\"1200\" height=\"800\" srcset=\"https:\/\/ehetovadnovenyeink.hu\/wp-content\/uploads\/2021\/10\/Berberis_vulgaris-2_WEB0019.jpg 1200w, https:\/\/ehetovadnovenyeink.hu\/wp-content\/uploads\/2021\/10\/Berberis_vulgaris-2_WEB0019-300x200.jpg 300w, https:\/\/ehetovadnovenyeink.hu\/wp-content\/uploads\/2021\/10\/Berberis_vulgaris-2_WEB0019-768x512.jpg 768w\" sizes=\"(max-width: 1200px) 100vw, 1200px\" \/><\/p>\n<figure id=\"attachment_631\" aria-describedby=\"caption-attachment-631\" style=\"width: 1790px\" class=\"wp-caption alignnone\"><img loading=\"lazy\" decoding=\"async\" class=\"size-full wp-image-631\" src=\"https:\/\/ehetovadnovenyeink.hu\/wp-content\/uploads\/2021\/10\/berberis_vulgaris_-scaled.jpg\" alt=\"\" width=\"1790\" height=\"2560\" srcset=\"https:\/\/ehetovadnovenyeink.hu\/wp-content\/uploads\/2021\/10\/berberis_vulgaris_-scaled.jpg 1790w, https:\/\/ehetovadnovenyeink.hu\/wp-content\/uploads\/2021\/10\/berberis_vulgaris_-210x300.jpg 210w, https:\/\/ehetovadnovenyeink.hu\/wp-content\/uploads\/2021\/10\/berberis_vulgaris_-839x1200.jpg 839w, https:\/\/ehetovadnovenyeink.hu\/wp-content\/uploads\/2021\/10\/berberis_vulgaris_-768x1098.jpg 768w, https:\/\/ehetovadnovenyeink.hu\/wp-content\/uploads\/2021\/10\/berberis_vulgaris_-1074x1536.jpg 1074w, https:\/\/ehetovadnovenyeink.hu\/wp-content\/uploads\/2021\/10\/berberis_vulgaris_-1432x2048.jpg 1432w\" sizes=\"(max-width: 1790px) 100vw, 1790px\" \/><figcaption id=\"caption-attachment-631\" class=\"wp-caption-text\">American medicinal plants<br \/>New York,Boericke &amp; Tafel,c1887.<br \/><a href=\"http:\/\/www.biodiversitylibrary.org\/item\/84253\">http:\/\/www.biodiversitylibrary.org\/item\/84253<\/a><\/figcaption><\/figure>\n<figure id=\"attachment_632\" aria-describedby=\"caption-attachment-632\" style=\"width: 1571px\" class=\"wp-caption alignnone\"><img loading=\"lazy\" decoding=\"async\" class=\"size-full wp-image-632\" src=\"https:\/\/ehetovadnovenyeink.hu\/wp-content\/uploads\/2021\/10\/berberis_vulgaris-scaled.jpg\" alt=\"\" width=\"1571\" height=\"2560\" srcset=\"https:\/\/ehetovadnovenyeink.hu\/wp-content\/uploads\/2021\/10\/berberis_vulgaris-scaled.jpg 1571w, https:\/\/ehetovadnovenyeink.hu\/wp-content\/uploads\/2021\/10\/berberis_vulgaris-184x300.jpg 184w, https:\/\/ehetovadnovenyeink.hu\/wp-content\/uploads\/2021\/10\/berberis_vulgaris-737x1200.jpg 737w, https:\/\/ehetovadnovenyeink.hu\/wp-content\/uploads\/2021\/10\/berberis_vulgaris-768x1251.jpg 768w, https:\/\/ehetovadnovenyeink.hu\/wp-content\/uploads\/2021\/10\/berberis_vulgaris-943x1536.jpg 943w, https:\/\/ehetovadnovenyeink.hu\/wp-content\/uploads\/2021\/10\/berberis_vulgaris-1257x2048.jpg 1257w\" sizes=\"(max-width: 1571px) 100vw, 1571px\" \/><figcaption id=\"caption-attachment-632\" class=\"wp-caption-text\">Billeder af nordens flora. v.1<br \/>K\u00f8benhavn,G.E.C. Gad&#8217;s forlag,1917-1927.<br \/><a href=\"http:\/\/biodiversitylibrary.org\/item\/39907\">http:\/\/biodiversitylibrary.org\/item\/39907<\/a><\/figcaption><\/figure>\n","protected":false},"excerpt":{"rendered":"<p>6. Berberis vulgaris &#8211; s\u00f3skaborbolya \u0150shonos eur\u00f3pai cserje. F\u00e1s sz\u00e1r\u00e1nak fateste s\u00e1rg\u00e1s, a vessz\u0151k fel\u00fcl egyszer\u0171, alul 3-7 \u00e1g\u00fa lev\u00e9lt\u00f6visekkel fedettek. Levelei vissz\u00e1s-toj\u00e1sdadok, sz\u00e1lk\u00e1san-fogazott sz\u00e9l\u0171ek, \u00e9kv\u00e1ll\u00faak. A tavasszal ny\u00edl\u00f3 s\u00e1rga vir\u00e1gjai cs\u00fcng\u0151 lev\u00e9lh\u00f3nalji f\u00fcrt\u00f6kben ny\u00edlnak. A porz\u00f3 t\u00f6v\u00e9nek \u00e9rint\u00e9s\u00e9re a bib\u00e9re hajlik (tigmonasztia). Az \u0151sszel \u00e9r\u0151 bogy\u00f3k 10-12mm hossz\u00faak, megny\u00faltak, b\u00edborpirosak. Term\u00e9se ox\u00e1lsavt\u00f3l savany\u00fa, fogyaszt\u00e1sa [&hellip;]<\/p>\n","protected":false},"author":1,"featured_media":0,"parent":0,"menu_order":0,"comment_status":"closed","ping_status":"closed","template":"","meta":{"_monsterinsights_skip_tracking":false,"_monsterinsights_sitenote_active":false,"_monsterinsights_sitenote_note":"","_monsterinsights_sitenote_category":0,"footnotes":""},"_links":{"self":[{"href":"https:\/\/ehetovadnovenyeink.hu\/index.php\/wp-json\/wp\/v2\/pages\/155"}],"collection":[{"href":"https:\/\/ehetovadnovenyeink.hu\/index.php\/wp-json\/wp\/v2\/pages"}],"about":[{"href":"https:\/\/ehetovadnovenyeink.hu\/index.php\/wp-json\/wp\/v2\/types\/page"}],"author":[{"embeddable":true,"href":"https:\/\/ehetovadnovenyeink.hu\/index.php\/wp-json\/wp\/v2\/users\/1"}],"replies":[{"embeddable":true,"href":"https:\/\/ehetovadnovenyeink.hu\/index.php\/wp-json\/wp\/v2\/comments?post=155"}],"version-history":[{"count":3,"href":"https:\/\/ehetovadnovenyeink.hu\/index.php\/wp-json\/wp\/v2\/pages\/155\/revisions"}],"predecessor-version":[{"id":633,"href":"https:\/\/ehetovadnovenyeink.hu\/index.php\/wp-json\/wp\/v2\/pages\/155\/revisions\/633"}],"wp:attachment":[{"href":"https:\/\/ehetovadnovenyeink.hu\/index.php\/wp-json\/wp\/v2\/media?parent=155"}],"curies":[{"name":"wp","href":"https:\/\/api.w.org\/{rel}","templated":true}]}}