{"id":152,"date":"2021-10-11T09:40:50","date_gmt":"2021-10-11T09:40:50","guid":{"rendered":"https:\/\/ehetovadnovenyeink.hu\/?page_id=152"},"modified":"2021-11-02T09:25:14","modified_gmt":"2021-11-02T09:25:14","slug":"morus-alba-feher-eperfa","status":"publish","type":"page","link":"https:\/\/ehetovadnovenyeink.hu\/index.php\/morus-alba-feher-eperfa\/","title":{"rendered":"Morus alba &#8211; feh\u00e9r eperfa"},"content":{"rendered":"<p>5. Morus alba &#8211; feh\u00e9r eperfa<\/p>\n<p>K\u00edn\u00e1b\u00f3l sz\u00e1rmaz\u00f3 10-15 m magasra n\u00f6v\u0151 fa. Kor\u00e1bban a selyemherny\u00f3 teny\u00e9szt\u00e9s legf\u0151bb t\u00e1pn\u00f6v\u00e9nyek\u00e9nt terjedt el. Levele vil\u00e1gosz\u00f6ld, f\u00e9nyes, fon\u00e1ka csak az erek ment\u00e9n sz\u0151r\u00f6s. A lev\u00e9lv\u00e1ll lekerek\u00edtett vagy sz\u00edves. Jellemz\u0151 a v\u00e1ltozatos lev\u00e9lalak, \u00fan. heterofilia- felem\u00e1slevel\u0171s\u00e9g-, a lev\u00e9l lehet kar\u00e9jos, hasadt vagy osztott. A h\u00fasos term\u00e9se a leples makkterm\u00e9s\u00e1gazat \u00e9des \u00edz\u0171, szederre hasonl\u00edt\u00f3 form\u00e1j\u00fa, lehet feh\u00e9r, pirosl\u00f3 vagy fekete sz\u00edn\u0171. T\u00f6bb orsz\u00e1gban a term\u00e9st aszalj\u00e1k.<\/p>\n<p>Mikor gy\u0171jthet\u0151: j\u00fanius-j\u00faliust\u00f3l<\/p>\n<p>&nbsp;<\/p>\n<p><img loading=\"lazy\" decoding=\"async\" class=\"alignnone size-full wp-image-1152\" src=\"https:\/\/ehetovadnovenyeink.hu\/wp-content\/uploads\/2021\/11\/Morus-alba.jpg\" alt=\"\" width=\"1200\" height=\"791\" srcset=\"https:\/\/ehetovadnovenyeink.hu\/wp-content\/uploads\/2021\/11\/Morus-alba.jpg 1200w, https:\/\/ehetovadnovenyeink.hu\/wp-content\/uploads\/2021\/11\/Morus-alba-300x198.jpg 300w, https:\/\/ehetovadnovenyeink.hu\/wp-content\/uploads\/2021\/11\/Morus-alba-768x506.jpg 768w\" sizes=\"(max-width: 1200px) 100vw, 1200px\" \/><\/p>\n<p><img loading=\"lazy\" decoding=\"async\" class=\"alignnone size-full wp-image-828\" src=\"https:\/\/ehetovadnovenyeink.hu\/wp-content\/uploads\/2021\/10\/Morus_alba-3_WEB0253.jpg\" alt=\"\" width=\"1200\" height=\"800\" srcset=\"https:\/\/ehetovadnovenyeink.hu\/wp-content\/uploads\/2021\/10\/Morus_alba-3_WEB0253.jpg 1200w, https:\/\/ehetovadnovenyeink.hu\/wp-content\/uploads\/2021\/10\/Morus_alba-3_WEB0253-300x200.jpg 300w, https:\/\/ehetovadnovenyeink.hu\/wp-content\/uploads\/2021\/10\/Morus_alba-3_WEB0253-768x512.jpg 768w\" sizes=\"(max-width: 1200px) 100vw, 1200px\" \/> <img loading=\"lazy\" decoding=\"async\" class=\"alignnone size-full wp-image-829\" src=\"https:\/\/ehetovadnovenyeink.hu\/wp-content\/uploads\/2021\/10\/Morus_alba-1_WEB0251.jpg\" alt=\"\" width=\"1200\" height=\"800\" srcset=\"https:\/\/ehetovadnovenyeink.hu\/wp-content\/uploads\/2021\/10\/Morus_alba-1_WEB0251.jpg 1200w, https:\/\/ehetovadnovenyeink.hu\/wp-content\/uploads\/2021\/10\/Morus_alba-1_WEB0251-300x200.jpg 300w, https:\/\/ehetovadnovenyeink.hu\/wp-content\/uploads\/2021\/10\/Morus_alba-1_WEB0251-768x512.jpg 768w\" sizes=\"(max-width: 1200px) 100vw, 1200px\" \/> <img loading=\"lazy\" decoding=\"async\" class=\"alignnone size-full wp-image-830\" src=\"https:\/\/ehetovadnovenyeink.hu\/wp-content\/uploads\/2021\/10\/Morus_alba-2_WEB0252.jpg\" alt=\"\" width=\"1200\" height=\"800\" srcset=\"https:\/\/ehetovadnovenyeink.hu\/wp-content\/uploads\/2021\/10\/Morus_alba-2_WEB0252.jpg 1200w, https:\/\/ehetovadnovenyeink.hu\/wp-content\/uploads\/2021\/10\/Morus_alba-2_WEB0252-300x200.jpg 300w, https:\/\/ehetovadnovenyeink.hu\/wp-content\/uploads\/2021\/10\/Morus_alba-2_WEB0252-768x512.jpg 768w\" sizes=\"(max-width: 1200px) 100vw, 1200px\" \/><\/p>\n","protected":false},"excerpt":{"rendered":"<p>5. Morus alba &#8211; feh\u00e9r eperfa K\u00edn\u00e1b\u00f3l sz\u00e1rmaz\u00f3 10-15 m magasra n\u00f6v\u0151 fa. Kor\u00e1bban a selyemherny\u00f3 teny\u00e9szt\u00e9s legf\u0151bb t\u00e1pn\u00f6v\u00e9nyek\u00e9nt terjedt el. Levele vil\u00e1gosz\u00f6ld, f\u00e9nyes, fon\u00e1ka csak az erek ment\u00e9n sz\u0151r\u00f6s. A lev\u00e9lv\u00e1ll lekerek\u00edtett vagy sz\u00edves. Jellemz\u0151 a v\u00e1ltozatos lev\u00e9lalak, \u00fan. heterofilia- felem\u00e1slevel\u0171s\u00e9g-, a lev\u00e9l lehet kar\u00e9jos, hasadt vagy osztott. A h\u00fasos term\u00e9se a leples makkterm\u00e9s\u00e1gazat [&hellip;]<\/p>\n","protected":false},"author":1,"featured_media":0,"parent":0,"menu_order":0,"comment_status":"closed","ping_status":"closed","template":"","meta":{"_monsterinsights_skip_tracking":false,"_monsterinsights_sitenote_active":false,"_monsterinsights_sitenote_note":"","_monsterinsights_sitenote_category":0,"footnotes":""},"_links":{"self":[{"href":"https:\/\/ehetovadnovenyeink.hu\/index.php\/wp-json\/wp\/v2\/pages\/152"}],"collection":[{"href":"https:\/\/ehetovadnovenyeink.hu\/index.php\/wp-json\/wp\/v2\/pages"}],"about":[{"href":"https:\/\/ehetovadnovenyeink.hu\/index.php\/wp-json\/wp\/v2\/types\/page"}],"author":[{"embeddable":true,"href":"https:\/\/ehetovadnovenyeink.hu\/index.php\/wp-json\/wp\/v2\/users\/1"}],"replies":[{"embeddable":true,"href":"https:\/\/ehetovadnovenyeink.hu\/index.php\/wp-json\/wp\/v2\/comments?post=152"}],"version-history":[{"count":5,"href":"https:\/\/ehetovadnovenyeink.hu\/index.php\/wp-json\/wp\/v2\/pages\/152\/revisions"}],"predecessor-version":[{"id":1153,"href":"https:\/\/ehetovadnovenyeink.hu\/index.php\/wp-json\/wp\/v2\/pages\/152\/revisions\/1153"}],"wp:attachment":[{"href":"https:\/\/ehetovadnovenyeink.hu\/index.php\/wp-json\/wp\/v2\/media?parent=152"}],"curies":[{"name":"wp","href":"https:\/\/api.w.org\/{rel}","templated":true}]}}