{"id":141,"date":"2021-10-11T09:29:12","date_gmt":"2021-10-11T09:29:12","guid":{"rendered":"https:\/\/ehetovadnovenyeink.hu\/?page_id=141"},"modified":"2021-10-16T14:50:17","modified_gmt":"2021-10-16T14:50:17","slug":"opuntia-humifusa","status":"publish","type":"page","link":"https:\/\/ehetovadnovenyeink.hu\/index.php\/opuntia-humifusa\/","title":{"rendered":"Opuntia humifusa &#8211;  hever\u0151 medvetalpkaktusz"},"content":{"rendered":"<p>4. Opuntia humifusa \u2013 hever\u0151 medvetalpkaktusz<\/p>\n<p>\u00c9szak-amerikai eredet\u0171 sz\u00e1rszukkulens faj, a Cactaceae-kaktuszf\u00e9l\u00e9k csal\u00e1dj\u00e1ba tartozik, az Opuntia phaeacantha- kolor\u00e1d\u00f3i medvetalpkaktusszal egy\u00fctt. Mindk\u00e9t faj sz\u00e1raz gyepeken fordul el\u0151, jellegzetes morfol\u00f3giai k\u00fcl\u00f6nbs\u00e9g, hogy a kolor\u00e1d\u00f3i medvetalpkaktusz hajt\u00e1sa fel\u00e1ll\u00f3, az Opuntia humifusa hajt\u00e1sa hever\u0151, sz\u00e1rtagjai a talajra fekv\u0151k lehetnek. Tov\u00e1bbi k\u00fcl\u00f6nbs\u00e9g a k\u00e9t faj termet\u00e9ben l\u00e1that\u00f3, a hever\u0151 medvetalp kaktusz kisebb 15-30 cm magas n\u00f6v\u00e9ny. Az Oputia humifusa klad\u00f3diumai \u00e1ltal\u00e1ban nem t\u00f6visesek, esetleg n\u00e9h\u00e1ny t\u00f6visr\u00fcgyp\u00e1rn\u00e1n tal\u00e1lhat\u00f3 1-4 t\u00f6vis. Term\u00e9se fogyaszthat\u00f3, a kolor\u00e1d\u00f3i medvetalp kaktusz\u00e9n\u00e1l valamivel kisebb, 3,5-5 cm. A kl\u00edmav\u00e1ltoz\u00e1s hat\u00e1s\u00e1ra a faj terjed\u00e9sre hajlamos, gyomos\u00edthat!<\/p>\n<p>Mikor gy\u0171jthet\u0151: \u0151szt\u0151l<\/p>\n<p>&nbsp;<\/p>\n<p><img loading=\"lazy\" decoding=\"async\" class=\"alignnone size-full wp-image-834\" src=\"https:\/\/ehetovadnovenyeink.hu\/wp-content\/uploads\/2021\/10\/Opuntia_humifusa-8_WEB0260.jpg\" alt=\"\" width=\"1200\" height=\"800\" srcset=\"https:\/\/ehetovadnovenyeink.hu\/wp-content\/uploads\/2021\/10\/Opuntia_humifusa-8_WEB0260.jpg 1200w, https:\/\/ehetovadnovenyeink.hu\/wp-content\/uploads\/2021\/10\/Opuntia_humifusa-8_WEB0260-300x200.jpg 300w, https:\/\/ehetovadnovenyeink.hu\/wp-content\/uploads\/2021\/10\/Opuntia_humifusa-8_WEB0260-768x512.jpg 768w\" sizes=\"(max-width: 1200px) 100vw, 1200px\" \/> <img loading=\"lazy\" decoding=\"async\" class=\"alignnone size-full wp-image-835\" src=\"https:\/\/ehetovadnovenyeink.hu\/wp-content\/uploads\/2021\/10\/Opuntia_humifusa-2_WEB0254.jpg\" alt=\"\" width=\"1200\" height=\"800\" srcset=\"https:\/\/ehetovadnovenyeink.hu\/wp-content\/uploads\/2021\/10\/Opuntia_humifusa-2_WEB0254.jpg 1200w, https:\/\/ehetovadnovenyeink.hu\/wp-content\/uploads\/2021\/10\/Opuntia_humifusa-2_WEB0254-300x200.jpg 300w, https:\/\/ehetovadnovenyeink.hu\/wp-content\/uploads\/2021\/10\/Opuntia_humifusa-2_WEB0254-768x512.jpg 768w\" sizes=\"(max-width: 1200px) 100vw, 1200px\" \/> <img loading=\"lazy\" decoding=\"async\" class=\"alignnone size-full wp-image-836\" src=\"https:\/\/ehetovadnovenyeink.hu\/wp-content\/uploads\/2021\/10\/Opuntia_humifusa-5_WEB0257.jpg\" alt=\"\" width=\"1200\" height=\"800\" srcset=\"https:\/\/ehetovadnovenyeink.hu\/wp-content\/uploads\/2021\/10\/Opuntia_humifusa-5_WEB0257.jpg 1200w, https:\/\/ehetovadnovenyeink.hu\/wp-content\/uploads\/2021\/10\/Opuntia_humifusa-5_WEB0257-300x200.jpg 300w, https:\/\/ehetovadnovenyeink.hu\/wp-content\/uploads\/2021\/10\/Opuntia_humifusa-5_WEB0257-768x512.jpg 768w\" sizes=\"(max-width: 1200px) 100vw, 1200px\" \/> <img loading=\"lazy\" decoding=\"async\" class=\"alignnone size-full wp-image-837\" src=\"https:\/\/ehetovadnovenyeink.hu\/wp-content\/uploads\/2021\/10\/Opuntia_humifusa-7_WEB0259.jpg\" alt=\"\" width=\"1200\" height=\"800\" srcset=\"https:\/\/ehetovadnovenyeink.hu\/wp-content\/uploads\/2021\/10\/Opuntia_humifusa-7_WEB0259.jpg 1200w, https:\/\/ehetovadnovenyeink.hu\/wp-content\/uploads\/2021\/10\/Opuntia_humifusa-7_WEB0259-300x200.jpg 300w, https:\/\/ehetovadnovenyeink.hu\/wp-content\/uploads\/2021\/10\/Opuntia_humifusa-7_WEB0259-768x512.jpg 768w\" sizes=\"(max-width: 1200px) 100vw, 1200px\" \/><\/p>\n","protected":false},"excerpt":{"rendered":"<p>4. Opuntia humifusa \u2013 hever\u0151 medvetalpkaktusz \u00c9szak-amerikai eredet\u0171 sz\u00e1rszukkulens faj, a Cactaceae-kaktuszf\u00e9l\u00e9k csal\u00e1dj\u00e1ba tartozik, az Opuntia phaeacantha- kolor\u00e1d\u00f3i medvetalpkaktusszal egy\u00fctt. Mindk\u00e9t faj sz\u00e1raz gyepeken fordul el\u0151, jellegzetes morfol\u00f3giai k\u00fcl\u00f6nbs\u00e9g, hogy a kolor\u00e1d\u00f3i medvetalpkaktusz hajt\u00e1sa fel\u00e1ll\u00f3, az Opuntia humifusa hajt\u00e1sa hever\u0151, sz\u00e1rtagjai a talajra fekv\u0151k lehetnek. Tov\u00e1bbi k\u00fcl\u00f6nbs\u00e9g a k\u00e9t faj termet\u00e9ben l\u00e1that\u00f3, a hever\u0151 medvetalp [&hellip;]<\/p>\n","protected":false},"author":1,"featured_media":0,"parent":0,"menu_order":0,"comment_status":"closed","ping_status":"closed","template":"","meta":{"_monsterinsights_skip_tracking":false,"_monsterinsights_sitenote_active":false,"_monsterinsights_sitenote_note":"","_monsterinsights_sitenote_category":0,"footnotes":""},"_links":{"self":[{"href":"https:\/\/ehetovadnovenyeink.hu\/index.php\/wp-json\/wp\/v2\/pages\/141"}],"collection":[{"href":"https:\/\/ehetovadnovenyeink.hu\/index.php\/wp-json\/wp\/v2\/pages"}],"about":[{"href":"https:\/\/ehetovadnovenyeink.hu\/index.php\/wp-json\/wp\/v2\/types\/page"}],"author":[{"embeddable":true,"href":"https:\/\/ehetovadnovenyeink.hu\/index.php\/wp-json\/wp\/v2\/users\/1"}],"replies":[{"embeddable":true,"href":"https:\/\/ehetovadnovenyeink.hu\/index.php\/wp-json\/wp\/v2\/comments?post=141"}],"version-history":[{"count":4,"href":"https:\/\/ehetovadnovenyeink.hu\/index.php\/wp-json\/wp\/v2\/pages\/141\/revisions"}],"predecessor-version":[{"id":838,"href":"https:\/\/ehetovadnovenyeink.hu\/index.php\/wp-json\/wp\/v2\/pages\/141\/revisions\/838"}],"wp:attachment":[{"href":"https:\/\/ehetovadnovenyeink.hu\/index.php\/wp-json\/wp\/v2\/media?parent=141"}],"curies":[{"name":"wp","href":"https:\/\/api.w.org\/{rel}","templated":true}]}}